{"id":2130,"date":"2018-12-21T12:36:39","date_gmt":"2018-12-21T11:36:39","guid":{"rendered":"http:\/\/agora.xtec.cat\/iesblume\/?page_id=2130"},"modified":"2026-01-16T16:03:33","modified_gmt":"2026-01-16T15:03:33","slug":"projecte-linguistic-de-centre-plc","status":"publish","type":"page","link":"https:\/\/agora.xtec.cat\/iesblume\/projecte-educatiu\/projecte-linguistic-de-centre-plc\/","title":{"rendered":"Projecte Ling\u00fc\u00edstic de Centre (PLC)"},"content":{"rendered":"<p>En aquesta secci\u00f3 el centre descriu els seus diferents projectes d&#8217;acord amb la <a title=\"Article 91 LEC\" href=\"http:\/\/www20.gencat.cat\/portal\/site\/portaljuridic\/menuitem.d15a4e5dfb99396dc366ec10b0c0e1a0\/?vgnextoid=b85297b5a87d6210VgnVCM1000000b0c1e0aRCRD&amp;vgnextchannel=b85297b5a87d6210VgnVCM1000000b0c1e0aRCRD&amp;vgnextfmt=default&amp;action=fitxa&amp;portalId=1&amp;documentId=480169&amp;newLang=ca_ES#fragment-1182442\" target=\"_blank\" rel=\"noopener noreferrer\">Llei d&#8217;Educaci\u00f3 de Catalunya<\/a>.<\/p>\n<h6 style=\"text-align: left;\">\u2192<span style=\"color: #800000;\"><a style=\"color: #800000;\" href=\"https:\/\/agora.xtec.cat\/iesblume\/wp-content\/uploads\/usu1242\/2018\/12\/PLC_20_12_18.pdf\" target=\"_blank\" rel=\"noopener noreferrer\"> <strong><em>Projecte Ling\u00fc\u00edstic de Centre (PLC)<\/em><\/strong><\/a><\/span><\/h6>\n<h6><span style=\"color: #000000;\"><strong>Text sencer aprovat pel Claustre del professorat i el Consell Escolar el 20 de desembre de 2018.<\/strong><\/span><\/h6>\n<p><span style=\"color: #0000ff;\"><em><strong>Document en proc\u00e9s de revisi\u00f3. Curs 2025-26.<\/strong><\/em><\/span><\/p>\n","protected":false},"excerpt":{"rendered":"<p>En aquesta secci\u00f3 el centre descriu els seus diferents projectes d&#8217;acord amb la Llei d&#8217;Educaci\u00f3 de Catalunya. \u2192 Projecte Ling\u00fc\u00edstic de Centre (PLC) Text sencer aprovat pel Claustre del professorat i el Consell Escolar el 20 de desembre de 2018. Document en proc\u00e9s de revisi\u00f3. Curs 2025-26.<\/p>\n","protected":false},"author":1,"featured_media":0,"parent":57,"menu_order":20,"comment_status":"closed","ping_status":"closed","template":"","meta":{"_bbp_topic_count":0,"_bbp_reply_count":0,"_bbp_total_topic_count":0,"_bbp_total_reply_count":0,"_bbp_voice_count":0,"_bbp_anonymous_reply_count":0,"_bbp_topic_count_hidden":0,"_bbp_reply_count_hidden":0,"_bbp_forum_subforum_count":0,"site-sidebar-layout":"default","site-content-layout":"","ast-site-content-layout":"default","site-content-style":"default","site-sidebar-style":"default","ast-global-header-display":"","ast-banner-title-visibility":"","ast-main-header-display":"","ast-hfb-above-header-display":"","ast-hfb-below-header-display":"","ast-hfb-mobile-header-display":"","site-post-title":"","ast-breadcrumbs-content":"","ast-featured-img":"","footer-sml-layout":"","theme-transparent-header-meta":"default","adv-header-id-meta":"","stick-header-meta":"","header-above-stick-meta":"","header-main-stick-meta":"","header-below-stick-meta":"","astra-migrate-meta-layouts":"set","ast-page-background-enabled":"default","ast-page-background-meta":{"desktop":{"background-color":"var(--ast-global-color-4)","background-image":"","background-repeat":"repeat","background-position":"center center","background-size":"auto","background-attachment":"scroll","background-type":"","background-media":"","overlay-type":"","overlay-color":"","overlay-opacity":"","overlay-gradient":""},"tablet":{"background-color":"","background-image":"","background-repeat":"repeat","background-position":"center center","background-size":"auto","background-attachment":"scroll","background-type":"","background-media":"","overlay-type":"","overlay-color":"","overlay-opacity":"","overlay-gradient":""},"mobile":{"background-color":"","background-image":"","background-repeat":"repeat","background-position":"center center","background-size":"auto","background-attachment":"scroll","background-type":"","background-media":"","overlay-type":"","overlay-color":"","overlay-opacity":"","overlay-gradient":""}},"ast-content-background-meta":{"desktop":{"background-color":"var(--ast-global-color-5)","background-image":"","background-repeat":"repeat","background-position":"center center","background-size":"auto","background-attachment":"scroll","background-type":"","background-media":"","overlay-type":"","overlay-color":"","overlay-opacity":"","overlay-gradient":""},"tablet":{"background-color":"var(--ast-global-color-5)","background-image":"","background-repeat":"repeat","background-position":"center center","background-size":"auto","background-attachment":"scroll","background-type":"","background-media":"","overlay-type":"","overlay-color":"","overlay-opacity":"","overlay-gradient":""},"mobile":{"background-color":"var(--ast-global-color-5)","background-image":"","background-repeat":"repeat","background-position":"center center","background-size":"auto","background-attachment":"scroll","background-type":"","background-media":"","overlay-type":"","overlay-color":"","overlay-opacity":"","overlay-gradient":""}},"footnotes":""},"class_list":["post-2130","page","type-page","status-publish","hentry"],"post_mailing_queue_ids":[],"_links":{"self":[{"href":"https:\/\/agora.xtec.cat\/iesblume\/wp-json\/wp\/v2\/pages\/2130","targetHints":{"allow":["GET"]}}],"collection":[{"href":"https:\/\/agora.xtec.cat\/iesblume\/wp-json\/wp\/v2\/pages"}],"about":[{"href":"https:\/\/agora.xtec.cat\/iesblume\/wp-json\/wp\/v2\/types\/page"}],"author":[{"embeddable":true,"href":"https:\/\/agora.xtec.cat\/iesblume\/wp-json\/wp\/v2\/users\/1"}],"replies":[{"embeddable":true,"href":"https:\/\/agora.xtec.cat\/iesblume\/wp-json\/wp\/v2\/comments?post=2130"}],"version-history":[{"count":6,"href":"https:\/\/agora.xtec.cat\/iesblume\/wp-json\/wp\/v2\/pages\/2130\/revisions"}],"predecessor-version":[{"id":7723,"href":"https:\/\/agora.xtec.cat\/iesblume\/wp-json\/wp\/v2\/pages\/2130\/revisions\/7723"}],"up":[{"embeddable":true,"href":"https:\/\/agora.xtec.cat\/iesblume\/wp-json\/wp\/v2\/pages\/57"}],"wp:attachment":[{"href":"https:\/\/agora.xtec.cat\/iesblume\/wp-json\/wp\/v2\/media?parent=2130"}],"curies":[{"name":"wp","href":"https:\/\/api.w.org\/{rel}","templated":true}]}}