{"id":19,"date":"2014-09-17T14:56:56","date_gmt":"2014-09-17T14:56:56","guid":{"rendered":"http:\/\/agora.xtec.cat\/iesblume\/?page_id=19"},"modified":"2020-05-06T13:01:43","modified_gmt":"2020-05-06T11:01:43","slug":"linstitut","status":"publish","type":"page","link":"https:\/\/agora.xtec.cat\/iesblume\/linstitut\/","title":{"rendered":"L&#8217;Institut"},"content":{"rendered":"<p align=\"justify\">L\u2019INS Joaquim Blume \u00e9s un centre de la xarxa p\u00fablica del Departament d\u2019Ensenyament de la Generalitat de Catalunya, creat el curs 1991\/92 per tal de facilitar la compatibilitat de l\u2019activitat acad\u00e8mica amb la tecnificaci\u00f3 esportiva dels nois i noies en edat escolar. Est\u00e0 ubicat en el complex del Consell Catal\u00e0 de l\u2019Esport a Esplugues de Llobregat.<\/p>\n<p align=\"justify\">Actualment ofereix els estudis del segon cicle de l\u2019<strong>Educaci\u00f3 Secund\u00e0ria Obligat\u00f2ria<\/strong> (3r i 4t d\u2019ESO) i els de <strong>Batxillerat<\/strong> de totes les modalitats (exceptuant l\u2019art\u00edstica). La major part de l\u2019alumnat de l\u2019Institut que cursa aquests estudis gaudeix, al mateix temps, d\u2019una beca del Pla de Tecnificaci\u00f3 Esportiva de Catalunya. S\u00f3n nois i noies procedents de diverses comarques catalanes i de la resta del territori de l\u2019Estat.<\/p>\n<p align=\"justify\">A m\u00e9s, el centre ofereix el <span style=\"color: #000000;\"><strong>Cicle Formatiu de Grau Superior<\/strong> (<\/span>CFGS) d&#8217;Ensenyament i Animaci\u00f3 Socioesportiva de dos cursos acad\u00e8mics de durada. La inscripci\u00f3 en aquest cicle \u00e9s lliure, \u00e9s a dir, els alumnes que el cursen no estan, en general, becats pel Pla de Tecnificaci\u00f3.<\/p>\n<p style=\"color: #444444;\">\n","protected":false},"excerpt":{"rendered":"<p>L\u2019INS Joaquim Blume \u00e9s un centre de la xarxa p\u00fablica del Departament d\u2019Ensenyament de la Generalitat de Catalunya, creat el curs 1991\/92 per tal de facilitar la compatibilitat de l\u2019activitat acad\u00e8mica amb la tecnificaci\u00f3 esportiva dels nois i noies en edat escolar. Est\u00e0 ubicat en el complex del Consell Catal\u00e0 de l\u2019Esport a Esplugues de [&hellip;]<\/p>\n","protected":false},"author":1,"featured_media":0,"parent":0,"menu_order":0,"comment_status":"closed","ping_status":"closed","template":"page-templates\/side-menu.php","meta":{"_bbp_topic_count":0,"_bbp_reply_count":0,"_bbp_total_topic_count":0,"_bbp_total_reply_count":0,"_bbp_voice_count":0,"_bbp_anonymous_reply_count":0,"_bbp_topic_count_hidden":0,"_bbp_reply_count_hidden":0,"_bbp_forum_subforum_count":0,"site-sidebar-layout":"default","site-content-layout":"","ast-site-content-layout":"","site-content-style":"default","site-sidebar-style":"default","ast-global-header-display":"","ast-banner-title-visibility":"","ast-main-header-display":"","ast-hfb-above-header-display":"","ast-hfb-below-header-display":"","ast-hfb-mobile-header-display":"","site-post-title":"","ast-breadcrumbs-content":"","ast-featured-img":"","footer-sml-layout":"","theme-transparent-header-meta":"","adv-header-id-meta":"","stick-header-meta":"","header-above-stick-meta":"","header-main-stick-meta":"","header-below-stick-meta":"","astra-migrate-meta-layouts":"default","ast-page-background-enabled":"default","ast-page-background-meta":{"desktop":{"background-color":"var(--ast-global-color-4)","background-image":"","background-repeat":"repeat","background-position":"center center","background-size":"auto","background-attachment":"scroll","background-type":"","background-media":"","overlay-type":"","overlay-color":"","overlay-opacity":"","overlay-gradient":""},"tablet":{"background-color":"","background-image":"","background-repeat":"repeat","background-position":"center center","background-size":"auto","background-attachment":"scroll","background-type":"","background-media":"","overlay-type":"","overlay-color":"","overlay-opacity":"","overlay-gradient":""},"mobile":{"background-color":"","background-image":"","background-repeat":"repeat","background-position":"center center","background-size":"auto","background-attachment":"scroll","background-type":"","background-media":"","overlay-type":"","overlay-color":"","overlay-opacity":"","overlay-gradient":""}},"ast-content-background-meta":{"desktop":{"background-color":"var(--ast-global-color-5)","background-image":"","background-repeat":"repeat","background-position":"center center","background-size":"auto","background-attachment":"scroll","background-type":"","background-media":"","overlay-type":"","overlay-color":"","overlay-opacity":"","overlay-gradient":""},"tablet":{"background-color":"var(--ast-global-color-5)","background-image":"","background-repeat":"repeat","background-position":"center center","background-size":"auto","background-attachment":"scroll","background-type":"","background-media":"","overlay-type":"","overlay-color":"","overlay-opacity":"","overlay-gradient":""},"mobile":{"background-color":"var(--ast-global-color-5)","background-image":"","background-repeat":"repeat","background-position":"center center","background-size":"auto","background-attachment":"scroll","background-type":"","background-media":"","overlay-type":"","overlay-color":"","overlay-opacity":"","overlay-gradient":""}},"footnotes":""},"class_list":["post-19","page","type-page","status-publish","hentry"],"post_mailing_queue_ids":[],"_links":{"self":[{"href":"https:\/\/agora.xtec.cat\/iesblume\/wp-json\/wp\/v2\/pages\/19","targetHints":{"allow":["GET"]}}],"collection":[{"href":"https:\/\/agora.xtec.cat\/iesblume\/wp-json\/wp\/v2\/pages"}],"about":[{"href":"https:\/\/agora.xtec.cat\/iesblume\/wp-json\/wp\/v2\/types\/page"}],"author":[{"embeddable":true,"href":"https:\/\/agora.xtec.cat\/iesblume\/wp-json\/wp\/v2\/users\/1"}],"replies":[{"embeddable":true,"href":"https:\/\/agora.xtec.cat\/iesblume\/wp-json\/wp\/v2\/comments?post=19"}],"version-history":[{"count":3,"href":"https:\/\/agora.xtec.cat\/iesblume\/wp-json\/wp\/v2\/pages\/19\/revisions"}],"predecessor-version":[{"id":2883,"href":"https:\/\/agora.xtec.cat\/iesblume\/wp-json\/wp\/v2\/pages\/19\/revisions\/2883"}],"wp:attachment":[{"href":"https:\/\/agora.xtec.cat\/iesblume\/wp-json\/wp\/v2\/media?parent=19"}],"curies":[{"name":"wp","href":"https:\/\/api.w.org\/{rel}","templated":true}]}}