{"id":1317,"date":"2017-06-26T09:40:50","date_gmt":"2017-06-26T07:40:50","guid":{"rendered":"http:\/\/agora.xtec.cat\/iesblume\/?page_id=1317"},"modified":"2024-05-22T11:13:31","modified_gmt":"2024-05-22T09:13:31","slug":"tramits","status":"publish","type":"page","link":"https:\/\/agora.xtec.cat\/iesblume\/secretaria\/tramits\/","title":{"rendered":"Petici\u00f3 de Certificats"},"content":{"rendered":"<p>Enviant un correu electr\u00f2nic a la secretaria de l&#8217;institut (administracio.secretaria@insjoaquimblume.cat) adjuntant la seg\u00fcent informaci\u00f3 de l&#8217;alumne\/a: amb <strong>\u00a0petici\u00f3 espec\u00edfica del certificat:<\/strong><\/p>\n<ol style=\"text-align: justify;\">\n<li>Nom i Cognoms<\/li>\n<li>DNI<\/li>\n<li>Els anys d&#8217;escolaritzaci\u00f3 al centre<\/li>\n<li><strong>Tipus de certificat sol\u00b7licitat<\/strong><\/li>\n<\/ol>\n<p>El certificat em\u00e8s s&#8217;enviar\u00e0 al mateix correu electr\u00f2nic de la sol\u00b7licitud.<\/p>\n","protected":false},"excerpt":{"rendered":"<p>Enviant un correu electr\u00f2nic a la secretaria de l&#8217;institut (administracio.secretaria@insjoaquimblume.cat) adjuntant la seg\u00fcent informaci\u00f3 de l&#8217;alumne\/a: amb \u00a0petici\u00f3 espec\u00edfica del certificat: Nom i Cognoms DNI Els anys d&#8217;escolaritzaci\u00f3 al centre Tipus de certificat sol\u00b7licitat El certificat em\u00e8s s&#8217;enviar\u00e0 al mateix correu electr\u00f2nic de la sol\u00b7licitud.<\/p>\n","protected":false},"author":6,"featured_media":0,"parent":81,"menu_order":20,"comment_status":"closed","ping_status":"closed","template":"page-templates\/side-menu.php","meta":{"_bbp_topic_count":0,"_bbp_reply_count":0,"_bbp_total_topic_count":0,"_bbp_total_reply_count":0,"_bbp_voice_count":0,"_bbp_anonymous_reply_count":0,"_bbp_topic_count_hidden":0,"_bbp_reply_count_hidden":0,"_bbp_forum_subforum_count":0,"site-sidebar-layout":"default","site-content-layout":"","ast-site-content-layout":"","site-content-style":"default","site-sidebar-style":"default","ast-global-header-display":"","ast-banner-title-visibility":"","ast-main-header-display":"","ast-hfb-above-header-display":"","ast-hfb-below-header-display":"","ast-hfb-mobile-header-display":"","site-post-title":"","ast-breadcrumbs-content":"","ast-featured-img":"","footer-sml-layout":"","theme-transparent-header-meta":"","adv-header-id-meta":"","stick-header-meta":"","header-above-stick-meta":"","header-main-stick-meta":"","header-below-stick-meta":"","astra-migrate-meta-layouts":"default","ast-page-background-enabled":"default","ast-page-background-meta":{"desktop":{"background-color":"var(--ast-global-color-4)","background-image":"","background-repeat":"repeat","background-position":"center center","background-size":"auto","background-attachment":"scroll","background-type":"","background-media":"","overlay-type":"","overlay-color":"","overlay-opacity":"","overlay-gradient":""},"tablet":{"background-color":"","background-image":"","background-repeat":"repeat","background-position":"center center","background-size":"auto","background-attachment":"scroll","background-type":"","background-media":"","overlay-type":"","overlay-color":"","overlay-opacity":"","overlay-gradient":""},"mobile":{"background-color":"","background-image":"","background-repeat":"repeat","background-position":"center center","background-size":"auto","background-attachment":"scroll","background-type":"","background-media":"","overlay-type":"","overlay-color":"","overlay-opacity":"","overlay-gradient":""}},"ast-content-background-meta":{"desktop":{"background-color":"var(--ast-global-color-5)","background-image":"","background-repeat":"repeat","background-position":"center center","background-size":"auto","background-attachment":"scroll","background-type":"","background-media":"","overlay-type":"","overlay-color":"","overlay-opacity":"","overlay-gradient":""},"tablet":{"background-color":"var(--ast-global-color-5)","background-image":"","background-repeat":"repeat","background-position":"center center","background-size":"auto","background-attachment":"scroll","background-type":"","background-media":"","overlay-type":"","overlay-color":"","overlay-opacity":"","overlay-gradient":""},"mobile":{"background-color":"var(--ast-global-color-5)","background-image":"","background-repeat":"repeat","background-position":"center center","background-size":"auto","background-attachment":"scroll","background-type":"","background-media":"","overlay-type":"","overlay-color":"","overlay-opacity":"","overlay-gradient":""}},"footnotes":""},"class_list":["post-1317","page","type-page","status-publish","hentry"],"post_mailing_queue_ids":[],"_links":{"self":[{"href":"https:\/\/agora.xtec.cat\/iesblume\/wp-json\/wp\/v2\/pages\/1317","targetHints":{"allow":["GET"]}}],"collection":[{"href":"https:\/\/agora.xtec.cat\/iesblume\/wp-json\/wp\/v2\/pages"}],"about":[{"href":"https:\/\/agora.xtec.cat\/iesblume\/wp-json\/wp\/v2\/types\/page"}],"author":[{"embeddable":true,"href":"https:\/\/agora.xtec.cat\/iesblume\/wp-json\/wp\/v2\/users\/6"}],"replies":[{"embeddable":true,"href":"https:\/\/agora.xtec.cat\/iesblume\/wp-json\/wp\/v2\/comments?post=1317"}],"version-history":[{"count":6,"href":"https:\/\/agora.xtec.cat\/iesblume\/wp-json\/wp\/v2\/pages\/1317\/revisions"}],"predecessor-version":[{"id":6507,"href":"https:\/\/agora.xtec.cat\/iesblume\/wp-json\/wp\/v2\/pages\/1317\/revisions\/6507"}],"up":[{"embeddable":true,"href":"https:\/\/agora.xtec.cat\/iesblume\/wp-json\/wp\/v2\/pages\/81"}],"wp:attachment":[{"href":"https:\/\/agora.xtec.cat\/iesblume\/wp-json\/wp\/v2\/media?parent=1317"}],"curies":[{"name":"wp","href":"https:\/\/api.w.org\/{rel}","templated":true}]}}