{"id":1082,"date":"2017-06-23T11:06:01","date_gmt":"2017-06-23T09:06:01","guid":{"rendered":"http:\/\/agora.xtec.cat\/iesblume\/?page_id=1082"},"modified":"2017-06-24T07:14:37","modified_gmt":"2017-06-24T05:14:37","slug":"tecnologia","status":"publish","type":"page","link":"https:\/\/agora.xtec.cat\/iesblume\/estudis\/tecnologia\/","title":{"rendered":"Tecnologia"},"content":{"rendered":"<p style=\"text-align: center;\"><span style=\"text-decoration: underline;\"><strong>Benvinguts a la p\u00e0gina de Tecnologia<\/strong><\/span><\/p>\n<p>L&#8217;institut ofereix aquesta especialitat a 3r d&#8217;ESO com a mat\u00e8ria comuna en sessions de 2 h setmanals, a 4t d&#8217;ESO com a\u00a0 mat\u00e8ria optativa en sessions de 3 h setmanals i durant el curs 2017-18, com a novetat, oferir\u00e0 la modalitat del Batxillerat Tecnol\u00f2gic amb la introducci\u00f3 de la mat\u00e8ria de Tecnologia Industrial.<\/p>\n<p><span style=\"text-decoration: underline;\">Continguts Tecnologia 3er ESO:<\/span><img decoding=\"async\" class=\"alignright\" src=\"http:\/\/recursostic.educacion.es\/\/bancoimagenes\/ArchivosImagenes\/DVD29\/CD03\/197234_m_1.jpg\" alt=\"&quot;Transmisi\u00f3n por poleas y correa&quot;\" \/><\/p>\n<ul>\n<li>El proc\u00e9s tecnol\u00f2gic (contingut com\u00fa a tots els blocs)<\/li>\n<li>Estructures<\/li>\n<li>\n<div data-canvas-width=\"453.5599999999997\">M\u00e0quines i mecanismes<\/div>\n<\/li>\n<li>Les comunicacions<\/li>\n<li>Programaci\u00f3 d\u2019aplicacions<\/li>\n<\/ul>\n<p><span style=\"text-decoration: underline;\">Continguts Tecnologia 4t ESO:<\/span><\/p>\n<ul>\n<li>L\u2019habitatge<\/li>\n<li>Comunicacions<img decoding=\"async\" class=\"alignright\" src=\"http:\/\/recursostic.educacion.es\/\/bancoimagenes\/ArchivosImagenes\/DVD03\/CD06\/1901__10_m_1.jpg\" alt=\"&quot;transistor Darlington&quot;\" \/><\/li>\n<li>Electr\u00f2nica, pneum\u00e0tica i hidr\u00e0ulica<\/li>\n<li>Control i automatitzaci\u00f3<\/li>\n<\/ul>\n<p><span style=\"text-decoration: underline;\">Continguts Tecnologia Industrial I 1er batxillerat:<\/span><\/p>\n<ul>\n<li>El proc\u00e9s tecnol\u00f2gic i la producci\u00f3 industrial<\/li>\n<li>Materials<\/li>\n<li>Sistemes energ\u00e8tic<\/li>\n<li>M\u00e0quines i sistemes<\/li>\n<li>Processos de fabricaci\u00f3<\/li>\n<\/ul>\n","protected":false},"excerpt":{"rendered":"<p>Benvinguts a la p\u00e0gina de Tecnologia L&#8217;institut ofereix aquesta especialitat a 3r d&#8217;ESO com a mat\u00e8ria comuna en sessions de 2 h setmanals, a 4t d&#8217;ESO com a\u00a0 mat\u00e8ria optativa en sessions de 3 h setmanals i durant el curs 2017-18, com a novetat, oferir\u00e0 la modalitat del Batxillerat Tecnol\u00f2gic amb la introducci\u00f3 de la [&hellip;]<\/p>\n","protected":false},"author":19,"featured_media":0,"parent":195,"menu_order":0,"comment_status":"closed","ping_status":"closed","template":"","meta":{"_bbp_topic_count":0,"_bbp_reply_count":0,"_bbp_total_topic_count":0,"_bbp_total_reply_count":0,"_bbp_voice_count":0,"_bbp_anonymous_reply_count":0,"_bbp_topic_count_hidden":0,"_bbp_reply_count_hidden":0,"_bbp_forum_subforum_count":0,"site-sidebar-layout":"default","site-content-layout":"","ast-site-content-layout":"","site-content-style":"default","site-sidebar-style":"default","ast-global-header-display":"","ast-banner-title-visibility":"","ast-main-header-display":"","ast-hfb-above-header-display":"","ast-hfb-below-header-display":"","ast-hfb-mobile-header-display":"","site-post-title":"","ast-breadcrumbs-content":"","ast-featured-img":"","footer-sml-layout":"","theme-transparent-header-meta":"","adv-header-id-meta":"","stick-header-meta":"","header-above-stick-meta":"","header-main-stick-meta":"","header-below-stick-meta":"","astra-migrate-meta-layouts":"default","ast-page-background-enabled":"default","ast-page-background-meta":{"desktop":{"background-color":"var(--ast-global-color-4)","background-image":"","background-repeat":"repeat","background-position":"center center","background-size":"auto","background-attachment":"scroll","background-type":"","background-media":"","overlay-type":"","overlay-color":"","overlay-opacity":"","overlay-gradient":""},"tablet":{"background-color":"","background-image":"","background-repeat":"repeat","background-position":"center center","background-size":"auto","background-attachment":"scroll","background-type":"","background-media":"","overlay-type":"","overlay-color":"","overlay-opacity":"","overlay-gradient":""},"mobile":{"background-color":"","background-image":"","background-repeat":"repeat","background-position":"center center","background-size":"auto","background-attachment":"scroll","background-type":"","background-media":"","overlay-type":"","overlay-color":"","overlay-opacity":"","overlay-gradient":""}},"ast-content-background-meta":{"desktop":{"background-color":"var(--ast-global-color-5)","background-image":"","background-repeat":"repeat","background-position":"center center","background-size":"auto","background-attachment":"scroll","background-type":"","background-media":"","overlay-type":"","overlay-color":"","overlay-opacity":"","overlay-gradient":""},"tablet":{"background-color":"var(--ast-global-color-5)","background-image":"","background-repeat":"repeat","background-position":"center center","background-size":"auto","background-attachment":"scroll","background-type":"","background-media":"","overlay-type":"","overlay-color":"","overlay-opacity":"","overlay-gradient":""},"mobile":{"background-color":"var(--ast-global-color-5)","background-image":"","background-repeat":"repeat","background-position":"center center","background-size":"auto","background-attachment":"scroll","background-type":"","background-media":"","overlay-type":"","overlay-color":"","overlay-opacity":"","overlay-gradient":""}},"footnotes":""},"class_list":["post-1082","page","type-page","status-publish","hentry"],"post_mailing_queue_ids":[],"_links":{"self":[{"href":"https:\/\/agora.xtec.cat\/iesblume\/wp-json\/wp\/v2\/pages\/1082","targetHints":{"allow":["GET"]}}],"collection":[{"href":"https:\/\/agora.xtec.cat\/iesblume\/wp-json\/wp\/v2\/pages"}],"about":[{"href":"https:\/\/agora.xtec.cat\/iesblume\/wp-json\/wp\/v2\/types\/page"}],"author":[{"embeddable":true,"href":"https:\/\/agora.xtec.cat\/iesblume\/wp-json\/wp\/v2\/users\/19"}],"replies":[{"embeddable":true,"href":"https:\/\/agora.xtec.cat\/iesblume\/wp-json\/wp\/v2\/comments?post=1082"}],"version-history":[{"count":2,"href":"https:\/\/agora.xtec.cat\/iesblume\/wp-json\/wp\/v2\/pages\/1082\/revisions"}],"predecessor-version":[{"id":1195,"href":"https:\/\/agora.xtec.cat\/iesblume\/wp-json\/wp\/v2\/pages\/1082\/revisions\/1195"}],"up":[{"embeddable":true,"href":"https:\/\/agora.xtec.cat\/iesblume\/wp-json\/wp\/v2\/pages\/195"}],"wp:attachment":[{"href":"https:\/\/agora.xtec.cat\/iesblume\/wp-json\/wp\/v2\/media?parent=1082"}],"curies":[{"name":"wp","href":"https:\/\/api.w.org\/{rel}","templated":true}]}}