{"id":9629,"date":"2023-07-12T13:10:14","date_gmt":"2023-07-12T11:10:14","guid":{"rendered":"https:\/\/agora.xtec.cat\/iesbernatmetge\/?page_id=9629"},"modified":"2025-06-24T20:19:52","modified_gmt":"2025-06-24T18:19:52","slug":"projecte-compra-llibres-proximitat","status":"publish","type":"page","link":"https:\/\/agora.xtec.cat\/iesbernatmetge\/projecte-compra-llibres-proximitat\/","title":{"rendered":"Projecte compra llibres proximitat"},"content":{"rendered":"<p>Com es habitual, el centre us ofereix l&#8217;oportunitat de compra de llibres nous amb condicions avantatjoses en comer\u00e7os de proximitat.\u00a0 Creiem que \u00e9s una bona oportunitat de fomentar l&#8217;economia de barri, aix\u00ed com crear xarxes de relaci\u00f3 amb l&#8217;entorn que envolta el centre.<\/p>\n<h2><span style=\"color: #800000;\"><a href=\"https:\/\/agora.xtec.cat\/iesbernatmetge\/wp-content\/uploads\/usu327\/2025\/06\/LLISTAT-LLIBRES-CURS-2025-26-1-1.pdf\" rel=\"attachment wp-att-10367\">Llibres Bernat Metge 2025 -2026<\/a><\/span><\/h2>\n<p><strong>\u00das del val escolar SILMAR:<\/strong><\/p>\n<p><a href=\"https:\/\/agora.xtec.cat\/iesbernatmetge\/projecte-compra-llibres-proximitat\/attachment\/capturaval-silmar1\/\" rel=\"attachment wp-att-10377\"><img loading=\"lazy\" decoding=\"async\" class=\"aligncenter wp-image-10377\" src=\"https:\/\/agora.xtec.cat\/iesbernatmetge\/wp-content\/uploads\/usu327\/2024\/06\/Capturaval-silmar1-300x80.png\" alt=\"\" width=\"544\" height=\"145\" srcset=\"https:\/\/agora.xtec.cat\/iesbernatmetge\/wp-content\/uploads\/usu327\/2024\/06\/Capturaval-silmar1-300x80.png 300w, https:\/\/agora.xtec.cat\/iesbernatmetge\/wp-content\/uploads\/usu327\/2024\/06\/Capturaval-silmar1-1024x274.png 1024w, https:\/\/agora.xtec.cat\/iesbernatmetge\/wp-content\/uploads\/usu327\/2024\/06\/Capturaval-silmar1-768x205.png 768w, https:\/\/agora.xtec.cat\/iesbernatmetge\/wp-content\/uploads\/usu327\/2024\/06\/Capturaval-silmar1-1536x411.png 1536w, https:\/\/agora.xtec.cat\/iesbernatmetge\/wp-content\/uploads\/usu327\/2024\/06\/Capturaval-silmar1.png 1867w\" sizes=\"auto, (max-width: 544px) 100vw, 544px\" \/><\/a><\/p>\n<div class=\"left data\">\n<div class=\"right info\">\n<div class=\"botiga-logo-figure-block \">\n<div class=\"botiga-logo-figure\"><img decoding=\"async\" class=\" logotipo\" title=\"Llibreria Silmar\" src=\"https:\/\/www.santmartieix.com\/media\/santmarti\/image\/socios\/554_Logo.1569072549.jpg\" alt=\"Llibreria Silmar\" \/><\/div>\n<\/div>\n<p>c\/ Tor\u00e0, 4<br \/>\n08020 Barcelona<br \/>\nTel. 93 313 85 95<a class=\"url-mail\" href=\"mailto:silmarpapeleria@hotmail.com\">silmarpapeleria@hotmail.com<\/a><\/p>\n<\/div>\n<div class=\"left media\">\n<div class=\"foto foto-princ-3264\"><a title=\"Llibreria Silmar\" href=\"https:\/\/www.santmartieix.com\/media\/santmarti\/image\/fotos\/\/3264_Foto.1619452711.jpg\"><img decoding=\"async\" title=\"Llibreria Silmar\" src=\"https:\/\/www.santmartieix.com\/media\/santmarti\/image\/fotos\/thumbs\/3264_Foto.1619452711.jpg\" alt=\"Llibreria Silmar\" \/><\/a><\/div>\n<\/div>\n<\/div>\n<div class=\"desc right\">\n<p>&nbsp;<\/p>\n<p>A la Llibreria Silmar trobar\u00e0s tota mena de productes de papereria, articles de regal, llibres de text, de lectura, gran varietat de material escolar i material d&#8217;oficina, treballs de plastificaci\u00f3 i enquadernaci\u00f3, serveis d&#8217;impremta, fotoc\u00f2pies, i servei de correu i fax.<\/p>\n<p>Dins dels nostres serveis, tamb\u00e9 estem actualitzats en els \u00faltims <em>best-sellers<\/em>, encarreguem qualsevol llibre que se&#8217;ns sol\u00b7liciti, fem segells de goma i targetes de visita.<\/p>\n<p>Els nostres llibres s\u00f3n de car\u00e0cter infantil, juvenil i narratius. I els nostres objectes de regal s\u00f3n perfectes per a aniversaris, comunions i aniversaris.<\/p>\n<p>No dubtis a consultar sobre qualsevol obra \/ exemplar perqu\u00e8 nosaltres t&#8217;ho aconseguim.<\/p>\n<p>Horari:<br \/>\nDilluns a divendres, de 9.30 a 14.00 h \/ 17.00 a 20.00 h<br \/>\nDissabtes, de 10.00 a 14.00 h<\/p>\n<p>&nbsp;<\/p>\n<\/div>\n<p>&nbsp;<\/p>\n<p>&nbsp;<\/p>\n","protected":false},"excerpt":{"rendered":"<p>Com es habitual, el centre us ofereix l&#8217;oportunitat de compra de llibres nous amb condicions avantatjoses en comer\u00e7os de proximitat.\u00a0 Creiem que \u00e9s una bona oportunitat de fomentar l&#8217;economia de barri, aix\u00ed com crear xarxes de relaci\u00f3 amb l&#8217;entorn que envolta el centre.<br \/>\n<a href=\"https:\/\/agora.xtec.cat\/iesbernatmetge\/wp-content\/uploads\/usu327\/2025\/06\/LLISTAT-LLIBRES-CURS-2025-26-1-1.pdf\" rel=\"attachment&hellip;  <a href=\"https:\/\/agora.xtec.cat\/iesbernatmetge\/projecte-compra-llibres-proximitat\/\" title=\"Read Projecte compra llibres proximitat\">Llegeix m\u00e9s\u00bb<\/a><\/p>\n","protected":false},"author":1,"featured_media":0,"parent":0,"menu_order":0,"comment_status":"closed","ping_status":"closed","template":"","meta":{"_bbp_topic_count":0,"_bbp_reply_count":0,"_bbp_total_topic_count":0,"_bbp_total_reply_count":0,"_bbp_voice_count":0,"_bbp_anonymous_reply_count":0,"_bbp_topic_count_hidden":0,"_bbp_reply_count_hidden":0,"_bbp_forum_subforum_count":0,"footnotes":""},"class_list":["post-9629","page","type-page","status-publish","hentry"],"post_mailing_queue_ids":[],"_links":{"self":[{"href":"https:\/\/agora.xtec.cat\/iesbernatmetge\/wp-json\/wp\/v2\/pages\/9629","targetHints":{"allow":["GET"]}}],"collection":[{"href":"https:\/\/agora.xtec.cat\/iesbernatmetge\/wp-json\/wp\/v2\/pages"}],"about":[{"href":"https:\/\/agora.xtec.cat\/iesbernatmetge\/wp-json\/wp\/v2\/types\/page"}],"author":[{"embeddable":true,"href":"https:\/\/agora.xtec.cat\/iesbernatmetge\/wp-json\/wp\/v2\/users\/1"}],"replies":[{"embeddable":true,"href":"https:\/\/agora.xtec.cat\/iesbernatmetge\/wp-json\/wp\/v2\/comments?post=9629"}],"version-history":[{"count":6,"href":"https:\/\/agora.xtec.cat\/iesbernatmetge\/wp-json\/wp\/v2\/pages\/9629\/revisions"}],"predecessor-version":[{"id":11642,"href":"https:\/\/agora.xtec.cat\/iesbernatmetge\/wp-json\/wp\/v2\/pages\/9629\/revisions\/11642"}],"wp:attachment":[{"href":"https:\/\/agora.xtec.cat\/iesbernatmetge\/wp-json\/wp\/v2\/media?parent=9629"}],"curies":[{"name":"wp","href":"https:\/\/api.w.org\/{rel}","templated":true}]}}