{"id":9604,"date":"2023-06-29T17:13:34","date_gmt":"2023-06-29T15:13:34","guid":{"rendered":"https:\/\/agora.xtec.cat\/iesbernatmetge\/?page_id=9604"},"modified":"2025-06-24T20:24:08","modified_gmt":"2025-06-24T18:24:08","slug":"projecte-de-reutilitzacio-de-llibres-iddink","status":"publish","type":"page","link":"https:\/\/agora.xtec.cat\/iesbernatmetge\/projecte-de-reutilitzacio-de-llibres-iddink\/","title":{"rendered":"Projecte de reutilitzaci\u00f3 de llibres (Iddink)"},"content":{"rendered":"<p><a href=\"https:\/\/spain.iddink.es\/ca\/nova-comanda\/\"><img loading=\"lazy\" decoding=\"async\" class=\"aligncenter\" src=\"https:\/\/agora.xtec.cat\/iesfredericmarti\/wp-content\/uploads\/usu920\/2019\/06\/logoiddink.png\" width=\"231\" height=\"82\" \/><\/a><\/p>\n<p>El centre del centre juntament amb l&#8217;AFA, ha acordat contractar els serveis de l\u2019empresa <a href=\"https:\/\/spain.iddink.es\/ca\/nova-comanda\/\" target=\"_blank\" rel=\"noopener\">Iddink<\/a>, per tal de gestionar\u00a0 la reutilitzaci\u00f3 de llibres de text de l&#8217;alumnat dels cursos de l&#8217;ESO i Batxillerat. Aquesta decisi\u00f3 s&#8217;ha pres atenent criteris econ\u00f2mics i de sostenibilitat, ja que \u00e9s una opci\u00f3 que abarateix els costos dels llibres*, alhora que \u00e9s molt m\u00e9s respectuosa amb el medi ambient.<\/p>\n<p>La proposta de l\u2019empresa Iddink ofereix:<\/p>\n<ol style=\"list-style-type: lower-alpha;\">\n<li>Lloguer de llibres reutilitzables, (ecoBooks), amb un estalvi* del 55% del cost PVP.<\/li>\n<\/ol>\n<p style=\"text-align: left;\">El sistema que ens ofereix <a href=\"https:\/\/spain.iddink.es\/ca\/nova-comanda\/\">l\u2019empresa Iddink<\/a> \u00e9s molt flexible, i ens permet escollir, llibre a llibre i fins i tot comprar material o llic\u00e8ncies digitals<\/p>\n<h2><a href=\"https:\/\/agora.xtec.cat\/iesbernatmetge\/wp-content\/uploads\/usu327\/2025\/06\/596_Bernat-Metge_provisional_v3_25_26.pdf\" rel=\"attachment wp-att-10369\">Llistat Llibres Bernat Metge 25 &#8211; 26<\/a><\/h2>\n<p>Xifres i fets IDDINK a l&#8217;INSTITUT BERNAT METGE a 31 d&#8217;Octubre del 2024&#8211;&gt; <a href=\"https:\/\/agora.xtec.cat\/iesbernatmetge\/projecte-de-reutilitzacio-de-llibres-iddink\/attachment\/596_informe_xifres-i-fets_2024\/\" rel=\"attachment wp-att-11245\">596_Informe_Xifres i Fets_2024<\/a><\/p>\n<h4>\u00das del VAL ESCOLAR Iddink: <a href=\"https:\/\/agora.xtec.cat\/iesbernatmetge\/projecte-de-reutilitzacio-de-llibres-iddink\/attachment\/2024-val-escolar-comunicacio\/\" rel=\"attachment wp-att-10372\">VAL ESCOLAR IDDINK<\/a><\/h4>\n<p>&nbsp;<\/p>\n\n\t\t<style type=\"text\/css\">\n\t\t\t#gallery-1 {\n\t\t\t\tmargin: auto;\n\t\t\t}\n\t\t\t#gallery-1 .gallery-item {\n\t\t\t\tfloat: left;\n\t\t\t\tmargin-top: 10px;\n\t\t\t\ttext-align: center;\n\t\t\t\twidth: 100%;\n\t\t\t}\n\t\t\t#gallery-1 img {\n\t\t\t\tborder: 2px solid #cfcfcf;\n\t\t\t}\n\t\t\t#gallery-1 .gallery-caption {\n\t\t\t\tmargin-left: 0;\n\t\t\t}\n\t\t\t\/* see gallery_shortcode() in wp-includes\/media.php *\/\n\t\t<\/style>\n\t\t<div id='gallery-1' class='gallery galleryid-9604 gallery-columns-1 gallery-size-large'><dl class='gallery-item'>\n\t\t\t<dt class='gallery-icon landscape'>\n\t\t\t\t<a href='https:\/\/agora.xtec.cat\/iesbernatmetge\/projecte-de-reutilitzacio-de-llibres-iddink\/attachment\/01_iddink\/'><img loading=\"lazy\" decoding=\"async\" width=\"1024\" height=\"711\" src=\"https:\/\/agora.xtec.cat\/iesbernatmetge\/wp-content\/uploads\/usu327\/2024\/06\/01_iddink-1024x711.jpg\" class=\"attachment-large size-large\" alt=\"\" srcset=\"https:\/\/agora.xtec.cat\/iesbernatmetge\/wp-content\/uploads\/usu327\/2024\/06\/01_iddink-1024x711.jpg 1024w, https:\/\/agora.xtec.cat\/iesbernatmetge\/wp-content\/uploads\/usu327\/2024\/06\/01_iddink-300x208.jpg 300w, https:\/\/agora.xtec.cat\/iesbernatmetge\/wp-content\/uploads\/usu327\/2024\/06\/01_iddink-768x533.jpg 768w, https:\/\/agora.xtec.cat\/iesbernatmetge\/wp-content\/uploads\/usu327\/2024\/06\/01_iddink.jpg 1175w\" sizes=\"auto, (max-width: 1024px) 100vw, 1024px\" \/><\/a>\n\t\t\t<\/dt><\/dl><br style=\"clear: both\" \/><dl class='gallery-item'>\n\t\t\t<dt class='gallery-icon landscape'>\n\t\t\t\t<a href='https:\/\/agora.xtec.cat\/iesbernatmetge\/projecte-de-reutilitzacio-de-llibres-iddink\/attachment\/02_iddink\/'><img loading=\"lazy\" decoding=\"async\" width=\"1024\" height=\"706\" src=\"https:\/\/agora.xtec.cat\/iesbernatmetge\/wp-content\/uploads\/usu327\/2024\/06\/02_iddink-1024x706.jpg\" class=\"attachment-large size-large\" alt=\"\" srcset=\"https:\/\/agora.xtec.cat\/iesbernatmetge\/wp-content\/uploads\/usu327\/2024\/06\/02_iddink-1024x706.jpg 1024w, https:\/\/agora.xtec.cat\/iesbernatmetge\/wp-content\/uploads\/usu327\/2024\/06\/02_iddink-300x207.jpg 300w, https:\/\/agora.xtec.cat\/iesbernatmetge\/wp-content\/uploads\/usu327\/2024\/06\/02_iddink-768x529.jpg 768w, https:\/\/agora.xtec.cat\/iesbernatmetge\/wp-content\/uploads\/usu327\/2024\/06\/02_iddink.jpg 1174w\" sizes=\"auto, (max-width: 1024px) 100vw, 1024px\" \/><\/a>\n\t\t\t<\/dt><\/dl><br style=\"clear: both\" \/>\n\t\t<\/div>\n\n<p>&nbsp;<\/p>\n<p style=\"text-align: center;\"><iframe loading=\"lazy\" src=\"https:\/\/player.vimeo.com\/video\/420992016?h=b345e22130\" width=\"640\" height=\"360\" frameborder=\"0\" allowfullscreen=\"allowfullscreen\"><\/iframe><\/p>\n<p>&nbsp;<\/p>\n<p><a href=\"https:\/\/agora.xtec.cat\/iesbernatmetge\/reutilitzacio-llibres\/projecte-de-reutilitzacio-de-llibres-iddink\/attachment\/captura-de-pantalla-2024-02-08-a-las-20-48-07\/\" rel=\"attachment wp-att-9899\"><img loading=\"lazy\" decoding=\"async\" class=\"aligncenter size-large wp-image-9899\" src=\"https:\/\/agora.xtec.cat\/iesbernatmetge\/wp-content\/uploads\/usu327\/2024\/02\/Captura-de-pantalla-2024-02-08-a-las-20.48.07-721x1024.png\" alt=\"\" width=\"721\" height=\"1024\" srcset=\"https:\/\/agora.xtec.cat\/iesbernatmetge\/wp-content\/uploads\/usu327\/2024\/02\/Captura-de-pantalla-2024-02-08-a-las-20.48.07-721x1024.png 721w, https:\/\/agora.xtec.cat\/iesbernatmetge\/wp-content\/uploads\/usu327\/2024\/02\/Captura-de-pantalla-2024-02-08-a-las-20.48.07-211x300.png 211w, https:\/\/agora.xtec.cat\/iesbernatmetge\/wp-content\/uploads\/usu327\/2024\/02\/Captura-de-pantalla-2024-02-08-a-las-20.48.07-768x1091.png 768w, https:\/\/agora.xtec.cat\/iesbernatmetge\/wp-content\/uploads\/usu327\/2024\/02\/Captura-de-pantalla-2024-02-08-a-las-20.48.07.png 904w\" sizes=\"auto, (max-width: 721px) 100vw, 721px\" \/><\/a><\/p>\n","protected":false},"excerpt":{"rendered":"<p><a href=\"https:\/\/spain.iddink.es\/ca\/nova-comanda\/\"><\/a><br \/>\nEl centre del centre juntament amb l&#8217;AFA, ha acordat contractar els serveis de l\u2019empresa <a href=\"https:\/\/spain.iddink.es\/ca\/nova-comanda\/\" target=\"_blank\" rel=\"noopener\">Iddink<\/a>, per tal de gestionar\u00a0 la reutilitzaci\u00f3 de llibres de text de l&#8217;alumnat dels cursos de l&#8217;ESO i Batxillerat. Aquesta decisi\u00f3 s&#8217;ha pres atenent criteris econ\u00f2mics i&hellip;  <a href=\"https:\/\/agora.xtec.cat\/iesbernatmetge\/projecte-de-reutilitzacio-de-llibres-iddink\/\" title=\"Read Projecte de reutilitzaci\u00f3 de llibres (Iddink)\">Llegeix m\u00e9s\u00bb<\/a><\/p>\n","protected":false},"author":130,"featured_media":0,"parent":0,"menu_order":0,"comment_status":"closed","ping_status":"closed","template":"","meta":{"_bbp_topic_count":0,"_bbp_reply_count":0,"_bbp_total_topic_count":0,"_bbp_total_reply_count":0,"_bbp_voice_count":0,"_bbp_anonymous_reply_count":0,"_bbp_topic_count_hidden":0,"_bbp_reply_count_hidden":0,"_bbp_forum_subforum_count":0,"footnotes":""},"class_list":["post-9604","page","type-page","status-publish","hentry"],"post_mailing_queue_ids":[],"_links":{"self":[{"href":"https:\/\/agora.xtec.cat\/iesbernatmetge\/wp-json\/wp\/v2\/pages\/9604","targetHints":{"allow":["GET"]}}],"collection":[{"href":"https:\/\/agora.xtec.cat\/iesbernatmetge\/wp-json\/wp\/v2\/pages"}],"about":[{"href":"https:\/\/agora.xtec.cat\/iesbernatmetge\/wp-json\/wp\/v2\/types\/page"}],"author":[{"embeddable":true,"href":"https:\/\/agora.xtec.cat\/iesbernatmetge\/wp-json\/wp\/v2\/users\/130"}],"replies":[{"embeddable":true,"href":"https:\/\/agora.xtec.cat\/iesbernatmetge\/wp-json\/wp\/v2\/comments?post=9604"}],"version-history":[{"count":6,"href":"https:\/\/agora.xtec.cat\/iesbernatmetge\/wp-json\/wp\/v2\/pages\/9604\/revisions"}],"predecessor-version":[{"id":11645,"href":"https:\/\/agora.xtec.cat\/iesbernatmetge\/wp-json\/wp\/v2\/pages\/9604\/revisions\/11645"}],"wp:attachment":[{"href":"https:\/\/agora.xtec.cat\/iesbernatmetge\/wp-json\/wp\/v2\/media?parent=9604"}],"curies":[{"name":"wp","href":"https:\/\/api.w.org\/{rel}","templated":true}]}}