{"id":81,"date":"2014-09-18T10:38:05","date_gmt":"2014-09-18T10:38:05","guid":{"rendered":"http:\/\/agora.xtec.cat\/iesbernatmetge\/?page_id=81"},"modified":"2025-06-25T08:54:28","modified_gmt":"2025-06-25T06:54:28","slug":"secretaria","status":"publish","type":"page","link":"https:\/\/agora.xtec.cat\/iesbernatmetge\/estructura-de-govern\/secretaria\/","title":{"rendered":"Secretaria"},"content":{"rendered":"<h4 class=\"entry-title\">Gesti\u00f3 administrativa<\/h4>\n<header class=\"entry-header\"><\/header>\n<p>Recordeu que disposeu d&#8217;una b\u00fastia (<a href=\"mailto:administracio@institutbernatmetge.cat\" target=\"_blank\" rel=\"noopener\">administracio@institutbernatmetge.cat<\/a>),Sol\u00b7licituds ajuts per contactar amb la secretaria del centre per efectuar totes les gestions relacionades amb temes administratius. En aquesta adre\u00e7a de correu podeu obtenir informaci\u00f3 o agilitzar les gestions relacionades amb l&#8217;obtenci\u00f3 de certificats, expedients, llistats, etc, i en general tot tipus de gestions que es derivin de l&#8217;activitat de la secretaria del centre<\/p>\n<p>Pel que fa a les faltes d&#8217;assist\u00e8ncia de l&#8217;alumnat, cal enviar el justificant a la persona responsable de tutoria del grup, o al correu de consergeria: <a href=\"mailto:consergeria@institutbernatmetge.cat\" target=\"_blank\" rel=\"noopener\">consergeria@institutbernatmetge.cat<\/a>.<\/p>\n<hr \/>\n<h3>Tr\u00e0mits destacats<\/h3>\n<h4><\/h4>\n<h4 class=\"entry-title\"><span style=\"text-decoration: underline;\">Ajuts menjador<\/span><\/h4>\n<header class=\"entry-header\"><\/header>\n<div class=\"entry-content\">\n<p>Sol\u00b7licituds ajuts menjador. <a href=\"https:\/\/www.edubcn.cat\/ca\/alumnat_i_familia\/ajuts_beques_i_subvencions\/ajuts_de_menjador_escolar\">Enlla\u00e7<\/a><\/p>\n<p align=\"justify\">La sol\u00b7licitud d\u2019ajut requereix tenir ID-CAT m\u00f3bil. <a href=\"https:\/\/www.edubcn.cat\/ca\/alumnat_i_familia\/ajuts_beques_i_subvencions\/ajuts_de_menjador_escolar\/video_pas_a_pas\">Enlla\u00e7<\/a><\/p>\n<p align=\"justify\">Per qualsevol consulta, aclariment o si necessiteu suport per a tramitar l\u2019ajut, no dubteu en contactar amb nosaltres a trav\u00e9s del tel\u00e8fon 93 314 96 11 o al correu electr\u00f2nic\u00a0<a href=\"mailto:administracio@institutbernatmetge.cat\">administracio@institutbernatmetge.cat<\/a><\/p>\n<\/div>\n<h4><\/h4>\n<h4><span style=\"text-decoration: underline;\">Sol\u00b7licitud de t\u00edtols d&#8217;ESO i Batxillerat<\/span><\/h4>\n<p>En relaci\u00f3 amb la sol\u00b7licitud de t\u00edtols acad\u00e8mics no universitaris, us comuniquem el seg\u00fcent:<\/p>\n<h5>ESO<\/h5>\n<p>L&#8217;alumne\/a pot passar a recollir el resguard directament.<\/p>\n<h5>BATXILLERAT<\/h5>\n<ol>\n<li>\n<ol data-pm-slice=\"3 1 []\">\n<li>Tr\u00e0mit &#8220;<a href=\"https:\/\/web.gencat.cat\/ca\/tramits\/tramits-temes\/titols-academics-no-universitaris?category=742b7874-a82c-11e3-a972-000c29052e2c\" target=\"_blank\" rel=\"noreferrer noopener\">Petici\u00f3 electr\u00f2nica<\/a>&#8220;<\/li>\n<li>Obtenci\u00f3 resguard sol\u00b7licitud t\u00edtol i carta pagament taxa.<\/li>\n<li>Un cop realitzat el pagament de la taxa, tornar a accedir al tr\u00e0mit &#8220;<a href=\"https:\/\/web.gencat.cat\/ca\/tramits\/tramits-temes\/titols-academics-no-universitaris?category=742b7874-a82c-11e3-a972-000c29052e2c\" target=\"_blank\" rel=\"noreferrer noopener\">Petici\u00f3 electr\u00f2nica<\/a>&#8221; anterior i baixar-se el resguard del t\u00edtol oficial de batxillerat, ( el sistema t\u00e9 2 dies per validar el pagament).<\/li>\n<li><strong>Presentar el resguard del t\u00edtol oficial de batxillerat i carta de pagament taxa realitzada, a secretaria de l&#8217;INSTITUT BERNAT METGE.<\/strong><\/li>\n<li>Secretaria de l&#8217;INSTITUT BERNAT METGE, retorna el resguard del t\u00edtol oficial de batxillerat v\u00e0lidament segellat i amb validesa legal mentres no arriba el t\u00edtol oficial de batxillerat ( aproximadament 2 anys).<\/li>\n<\/ol>\n<p><a href=\"https:\/\/web.gencat.cat\/ca\/tramits\/tramits-temes\/titols-academics-no-universitaris?category=742b7874-a82c-11e3-a972-000c29052e2c\" target=\"_blank\" rel=\"noreferrer noopener\">https:\/\/web.gencat.cat\/ca\/tramits\/tramits-temes\/titols-academics-no-universitaris?category=742b7874-a82c-11e3-a972-000c29052e2c<\/a><\/p>\n<p data-auto=\"1\">\n<\/li>\n<\/ol>\n<h4><u>Proves per obtenir el Graduat en l&#8217;<span class=\"il\">ESO <\/span>(alumnes que no l&#8217;han obtingut en finalitzar l&#8217;etapa)<\/u><\/h4>\n<p>Els alumnes que no obtenen el t\u00edtol de graduat en educaci\u00f3 secund\u00e0ria obligat\u00f2ria (ESO) en finalitzar l&#8217;etapa es poden presentar a les proves que el mes de mar\u00e7 de cada any organitzen els centres educatius; a cada centre es constitueix una junta d&#8217;avaluaci\u00f3 formada per professorat de quart d&#8217;ESO i presidida pel cap d&#8217;estudis.<\/p>\n<p>En aquesta p\u00e0gina disposeu dels criteris d&#8217;avaluaci\u00f3 de les diverses mat\u00e8ries i material de suport per preparar les proves: <a href=\"https:\/\/educacio.gencat.cat\/ca\/serveis-tramits\/proves\/proves-lliures-obtencio-titols\/obtencio-geso-mes-18-anys\/index.html\" target=\"_blank\" rel=\"noopener\">Informaci\u00f3 proves GESO<\/a>.<\/p>\n","protected":false},"excerpt":{"rendered":"<p>Gesti\u00f3 administrativa<\/p>\n<p>Recordeu que disposeu d&#8217;una b\u00fastia (<a href=\"mailto:administracio@institutbernatmetge.cat\" target=\"_blank\" rel=\"noopener\">administracio@institutbernatmetge.cat<\/a>),Sol\u00b7licituds ajuts per contactar amb la secretaria del centre per efectuar totes les gestions relacionades amb temes administratius. En aquesta adre\u00e7a de correu podeu obtenir informaci\u00f3 o agilitzar les gestions relacionades amb l&#8217;obtenci\u00f3 de certificats, expedients,&hellip;  <a href=\"https:\/\/agora.xtec.cat\/iesbernatmetge\/estructura-de-govern\/secretaria\/\" title=\"Read Secretaria\">Llegeix m\u00e9s\u00bb<\/a><\/p>\n","protected":false},"author":1,"featured_media":0,"parent":2883,"menu_order":3,"comment_status":"closed","ping_status":"closed","template":"page-templates\/side-menu.php","meta":{"_bbp_topic_count":0,"_bbp_reply_count":0,"_bbp_total_topic_count":0,"_bbp_total_reply_count":0,"_bbp_voice_count":0,"_bbp_anonymous_reply_count":0,"_bbp_topic_count_hidden":0,"_bbp_reply_count_hidden":0,"_bbp_forum_subforum_count":0,"footnotes":""},"class_list":["post-81","page","type-page","status-publish","hentry"],"post_mailing_queue_ids":[],"_links":{"self":[{"href":"https:\/\/agora.xtec.cat\/iesbernatmetge\/wp-json\/wp\/v2\/pages\/81","targetHints":{"allow":["GET"]}}],"collection":[{"href":"https:\/\/agora.xtec.cat\/iesbernatmetge\/wp-json\/wp\/v2\/pages"}],"about":[{"href":"https:\/\/agora.xtec.cat\/iesbernatmetge\/wp-json\/wp\/v2\/types\/page"}],"author":[{"embeddable":true,"href":"https:\/\/agora.xtec.cat\/iesbernatmetge\/wp-json\/wp\/v2\/users\/1"}],"replies":[{"embeddable":true,"href":"https:\/\/agora.xtec.cat\/iesbernatmetge\/wp-json\/wp\/v2\/comments?post=81"}],"version-history":[{"count":7,"href":"https:\/\/agora.xtec.cat\/iesbernatmetge\/wp-json\/wp\/v2\/pages\/81\/revisions"}],"predecessor-version":[{"id":11649,"href":"https:\/\/agora.xtec.cat\/iesbernatmetge\/wp-json\/wp\/v2\/pages\/81\/revisions\/11649"}],"up":[{"embeddable":true,"href":"https:\/\/agora.xtec.cat\/iesbernatmetge\/wp-json\/wp\/v2\/pages\/2883"}],"wp:attachment":[{"href":"https:\/\/agora.xtec.cat\/iesbernatmetge\/wp-json\/wp\/v2\/media?parent=81"}],"curies":[{"name":"wp","href":"https:\/\/api.w.org\/{rel}","templated":true}]}}