{"id":7586,"date":"2021-07-19T08:56:59","date_gmt":"2021-07-19T06:56:59","guid":{"rendered":"https:\/\/agora.xtec.cat\/iesbernatmetge\/?page_id=7586"},"modified":"2025-06-25T08:44:40","modified_gmt":"2025-06-25T06:44:40","slug":"menjador","status":"publish","type":"page","link":"https:\/\/agora.xtec.cat\/iesbernatmetge\/menjador\/","title":{"rendered":"Menjador escolar"},"content":{"rendered":"<h2 style=\"text-align: left;\"><span style=\"color: #99cc00;\"><strong>Curs 2025 &#8211; 2026<\/strong><\/span><\/h2>\n<p>Aquest <strong>curs 2025 \u2013 2026<\/strong>\u00a0el centre tamb\u00e9 ofereix servei de menjador escolar a les instal\u00b7lacions de l\u2019institut.<\/p>\n<p><img loading=\"lazy\" decoding=\"async\" class=\"aligncenter wp-image-7481\" src=\"https:\/\/agora.xtec.cat\/iesbernatmetge\/wp-content\/uploads\/usu327\/2021\/05\/E35zwrPXEAEkPho-e1623823563867-1024x612.jpg\" alt=\"\" width=\"462\" height=\"276\" srcset=\"https:\/\/agora.xtec.cat\/iesbernatmetge\/wp-content\/uploads\/usu327\/2021\/05\/E35zwrPXEAEkPho-e1623823563867-1024x612.jpg 1024w, https:\/\/agora.xtec.cat\/iesbernatmetge\/wp-content\/uploads\/usu327\/2021\/05\/E35zwrPXEAEkPho-e1623823563867-300x179.jpg 300w, https:\/\/agora.xtec.cat\/iesbernatmetge\/wp-content\/uploads\/usu327\/2021\/05\/E35zwrPXEAEkPho-e1623823563867-768x459.jpg 768w, https:\/\/agora.xtec.cat\/iesbernatmetge\/wp-content\/uploads\/usu327\/2021\/05\/E35zwrPXEAEkPho-e1623823563867.jpg 2048w\" sizes=\"auto, (max-width: 462px) 100vw, 462px\" \/><\/p>\n<p>La gesti\u00f3 d&#8217;aquests serveis pel curs 2025 &#8211; 2026 s&#8217;ha contractat amb l&#8217;empresa <a href=\"https:\/\/comacasamenjadors.cat\/\" target=\"_blank\" rel=\"noopener noreferrer\">&#8220;Com a casa&#8221;<\/a>.<\/p>\n<h3>Inscripci\u00f3<\/h3>\n<p>Totes les fam\u00edlies que vulguin que els seus fills\/es es quedin a dinar al menjador han de fer inscripci\u00f3 <strong>ONLINE<\/strong>.<\/p>\n<p>Per accedir a l\u2019inscripci\u00f3 online o veure els men\u00fas mensuals ho heu de fer a trav\u00e9s del seg\u00fcent enlla\u00e7:<\/p>\n<h3><a href=\"https:\/\/www.edugestio.com\/app_comacasa_comunicapp\/form_inscripcio.php\">https:\/\/www.edugestio.com\/app_comacasa_comunicapp\/form_inscripcio.php<\/a><\/h3>\n<h3>Men\u00fas<\/h3>\n<p>L&#8217;empresa gestora subministrar\u00e0 els men\u00fas necessaris pel servei de menjador escolar, tant per l&#8217;alumnat com pel professorat i la resta de personal del centre, amb un men\u00fa elaborat per una dietista interna pr\u00f2pia de l&#8217;empresa i d&#8217;acord a les normes aliment\u00e0ries i diet\u00e8tiques determinades per la Generalitat de Catalunya.<\/p>\n<p>El men\u00fa constar\u00e0 de:<\/p>\n<p>\u2022 Primer Plat (amb opci\u00f3 a r\u00e8gim o dieta especial)<br \/>\n\u2022 Segon plat (amb opci\u00f3 a r\u00e8gim o dieta especial)<br \/>\n\u2022 Pa i postres (fruita o l\u00e0ctics)<\/p>\n<p>&nbsp;<\/p>\n<h3>Horaris<\/h3>\n<p>El servei de menjador escolar estar\u00e0 en funcionament a partir de les 13:30 h els dilluns, dimarts, dimecres i divendres, i de les 14:30 h els dijous.<\/p>\n<h3>Preus<\/h3>\n<p>El preu del servei de menjador ser\u00e0 de:<\/p>\n<p>\u2022 7,13 \u20ac\/dia: FIX<br \/>\n\u2022 7,19 \u20ac\/dia: ESPOR\u00c0DIC<\/p>\n<p>Es considera fix a partir de 3 dies a la setmana, sempre que sigui la mateixa rutina (els mateixos dies fixos).<\/p>\n<h3><\/h3>\n<h3>Informaci\u00f3 rellevant<\/h3>\n<p>&#8211; El pagament dels usuaris fixos i espor\u00e0dics es far\u00e0 a <span class=\"hiddenGrammarError\">mes<\/span> ven\u00e7ut de l&#8217;1 al 5 de cada mes (excepte el mes de juny que ser\u00e0 el dia 24), a trav\u00e9s de domiciliaci\u00f3 banc\u00e0ria. <strong>No s&#8217;acceptar\u00e0 cap pagament en efectiu.<\/strong><\/p>\n<p>&#8211; Els dies d&#8217;excursi\u00f3, nom\u00e9s comptaran amb p\u00edcnic els usuaris fixos que hagin marcat S\u00cd a la inscripci\u00f3. Per avisar puntualment que no es vol, haur\u00e0 de fer-se amb <span class=\"hiddenGreenError\">5<\/span> dies d&#8217;antelaci\u00f3.<\/p>\n<p><strong>&#8211; Abs\u00e8ncia:<\/strong> en cas que un dia el vostre fill o filla no assisteixi al servei, haureu de notificar-ho al coordinador del menjador amb dos (2) dies d&#8217;antelaci\u00f3. En aquest cas, i amb previ av\u00eds, no es cobrar\u00e0 l&#8217;import diari d&#8217;aquell dia.<\/p>\n<p>&#8211; Cal avisar via tel\u00e8fon amb tres (3) dies d&#8217;antelaci\u00f3 al coordinador: en cas de necessitar el servei de menjador de forma espor\u00e0dica <span class=\"hiddenGreenError\">i\/o<\/span> en cas de necessitar una dieta especial.<\/p>\n<p>&#8211; Els usuaris amb necessitat de men\u00fa especial hauran d&#8217;informar <span class=\"hiddenGrammarError\">als coordinadors<\/span> i presentar un informe m\u00e8dic en cas que el nen\/a pateixi alguna al\u00b7l\u00e8rgia o intoler\u00e0ncia.<\/p>\n<p>&#8211; En el cas que hi hagi un rebut pendent s&#8217;haur\u00e0 de posar al corrent de pagament abans de la data indicada al comunicat que us arribar\u00e0 <span class=\"hiddenGrammarError\">pel Duma<\/span>, en cas contrari, es donar\u00e0 de baixa autom\u00e0ticament del servei.<\/p>\n<p>&#8211; Els rebuts retornats o els pagaments fora de termini tindran un rec\u00e0rrec de <span class=\"hiddenGrammarError\">6\u20ac<\/span>.<\/p>\n<p>&#8211; En el cas de convocat\u00f2ria d&#8217;una vaga, les fam\u00edlies que no facin \u00fas del servei de menjador es comptar\u00e0 com una falta avisada, llevat que avisin amb tres (3) dies d&#8217;antelaci\u00f3 que no far\u00e0 \u00fas del servei (el 50% de l&#8217;import diari).<\/p>\n<p>&#8211; Les baixes del servei s&#8217;hauran de comunicar amb quinze (<span class=\"hiddenGreenError\">15)<\/span> dies d&#8217;antelaci\u00f3.<\/p>\n<p>&nbsp;<\/p>\n<h3>Comunicaci\u00f3 amb la coordinadora<\/h3>\n<table style=\"border-collapse: collapse; width: 56.2708%; height: 127px;\">\n<tbody>\n<tr>\n<td style=\"width: 50%;\">Nom de la coordinadora<\/td>\n<td style=\"width: 50%;\">\u00c8lia Poveda<\/td>\n<\/tr>\n<tr>\n<td style=\"width: 50%;\">Tel\u00e8fon de l&#8217;espai del migdia<\/td>\n<td style=\"width: 50%;\">653 94 40 37<\/td>\n<\/tr>\n<tr>\n<td style=\"width: 50%;\">Correu electr\u00f2nic<\/td>\n<td style=\"width: 50%;\">eliapoveda15@gmail.com<\/td>\n<\/tr>\n<tr>\n<td style=\"width: 50%;\">Horari d&#8217;atenci\u00f3 a les fam\u00edlies<\/td>\n<td style=\"width: 50%;\">de 9 a 10h via tel\u00e8fon<\/td>\n<\/tr>\n<\/tbody>\n<\/table>\n<p>&nbsp;<\/p>\n<h3><\/h3>\n<p>&nbsp;<\/p>\n<p>&nbsp;<\/p>\n","protected":false},"excerpt":{"rendered":"<p>Curs 2025 &#8211; 2026<br \/>\nAquest curs 2025 \u2013 2026\u00a0el centre tamb\u00e9 ofereix servei de menjador escolar a les instal\u00b7lacions de l\u2019institut.<\/p>\n<p>La gesti\u00f3 d&#8217;aquests serveis pel curs 2025 &#8211; 2026 s&#8217;ha contractat amb l&#8217;empresa <a href=\"https:\/\/comacasamenjadors.cat\/\" target=\"_blank\" rel=\"noopener noreferrer\">&#8220;Com a casa&#8221;<\/a>.<br \/>\nInscripci\u00f3<br \/>\nTotes les fam\u00edlies que vulguin que els&hellip;  <a href=\"https:\/\/agora.xtec.cat\/iesbernatmetge\/menjador\/\" title=\"Read Menjador escolar\">Llegeix m\u00e9s\u00bb<\/a><\/p>\n","protected":false},"author":130,"featured_media":0,"parent":0,"menu_order":0,"comment_status":"closed","ping_status":"closed","template":"page-templates\/side-menu.php","meta":{"_bbp_topic_count":0,"_bbp_reply_count":0,"_bbp_total_topic_count":0,"_bbp_total_reply_count":0,"_bbp_voice_count":0,"_bbp_anonymous_reply_count":0,"_bbp_topic_count_hidden":0,"_bbp_reply_count_hidden":0,"_bbp_forum_subforum_count":0,"footnotes":""},"class_list":["post-7586","page","type-page","status-publish","hentry"],"post_mailing_queue_ids":[],"_links":{"self":[{"href":"https:\/\/agora.xtec.cat\/iesbernatmetge\/wp-json\/wp\/v2\/pages\/7586","targetHints":{"allow":["GET"]}}],"collection":[{"href":"https:\/\/agora.xtec.cat\/iesbernatmetge\/wp-json\/wp\/v2\/pages"}],"about":[{"href":"https:\/\/agora.xtec.cat\/iesbernatmetge\/wp-json\/wp\/v2\/types\/page"}],"author":[{"embeddable":true,"href":"https:\/\/agora.xtec.cat\/iesbernatmetge\/wp-json\/wp\/v2\/users\/130"}],"replies":[{"embeddable":true,"href":"https:\/\/agora.xtec.cat\/iesbernatmetge\/wp-json\/wp\/v2\/comments?post=7586"}],"version-history":[{"count":7,"href":"https:\/\/agora.xtec.cat\/iesbernatmetge\/wp-json\/wp\/v2\/pages\/7586\/revisions"}],"predecessor-version":[{"id":11647,"href":"https:\/\/agora.xtec.cat\/iesbernatmetge\/wp-json\/wp\/v2\/pages\/7586\/revisions\/11647"}],"wp:attachment":[{"href":"https:\/\/agora.xtec.cat\/iesbernatmetge\/wp-json\/wp\/v2\/media?parent=7586"}],"curies":[{"name":"wp","href":"https:\/\/api.w.org\/{rel}","templated":true}]}}