{"id":19,"date":"2014-09-17T14:56:56","date_gmt":"2014-09-17T14:56:56","guid":{"rendered":"http:\/\/agora.xtec.cat\/iesbernatmetge\/?page_id=19"},"modified":"2025-01-30T17:44:44","modified_gmt":"2025-01-30T16:44:44","slug":"linstitut","status":"publish","type":"page","link":"https:\/\/agora.xtec.cat\/iesbernatmetge\/linstitut\/","title":{"rendered":"L&#8217;institut"},"content":{"rendered":"<p style=\"padding-left: 160px;\"><iframe loading=\"lazy\" title=\"YouTube video player\" src=\"https:\/\/www.youtube.com\/embed\/ByXXj_ZkfX0?si=f6xC6QXpx3wJswMC&amp;autoplay=1&amp;mute=1\" width=\"560\" height=\"315\" frameborder=\"0\" allowfullscreen=\"allowfullscreen\"><\/iframe><\/p>\n<p><span style=\"font-weight: 400;\">Som un centre proper i obert al nostre barri, la <strong>Verneda<\/strong>. Ens comprometem amb els joves i les fam\u00edlies que acollim al nostre centre perqu\u00e8 l\u2019alumnat pugui gaudir d\u2019aquesta etapa de creixement i, sobretot, per poder-li garantir l\u2019acc\u00e9s a totes les oportunitats educatives del nostre entorn i de la ciutat de Barcelona.<\/span><\/p>\n<p><span style=\"font-weight: 400;\">I aix\u00f2 ho fem possible amb un equip de professionals comprom\u00e8s i un <\/span><b>projecte educatiu transformador i millora constant.<\/b><\/p>\n<p><span style=\"font-weight: 400;\">Per aix\u00f2 treballem fent equip amb les fam\u00edlies per <\/span><b>acompanyar cada jove de manera personalitzada<\/b><span style=\"font-weight: 400;\"> en aquest per\u00edode de l\u2019adolesc\u00e8ncia amb un projecte educatiu ric, ple de propostes i d\u2019experi\u00e8ncies dins i fora del centre (sortides, col\u00f2nies, activitats, tallers\u2026) que l\u2019estimulin i <\/span><b>preparin per a l\u2019etapa postoblig\u00e0toria.<\/b><\/p>\n<h3><b>Eixos destacats<\/b><\/h3>\n<ul>\n<li style=\"font-weight: 400;\" aria-level=\"1\"><b>Acollida a l\u2019ESO<\/b><span style=\"font-weight: 400;\">: considerem que \u00e9s un moment clau i de continu\u00eftat per als joves, i per aix\u00f2 treballem de manera sostinguda en el temps i en\u00a0 xarxa amb les escoles.<\/span><\/li>\n<li style=\"font-weight: 400;\" aria-level=\"1\"><b>Una mirada global i inclusiva<\/b><span style=\"font-weight: 400;\">: prestem atenci\u00f3 educativa a l\u2019alumnat de de tots els \u00e0mbits del coneixement, i amb una perspectiva acad\u00e8mica, personal i professional.<\/span><\/li>\n<li style=\"font-weight: 400;\" aria-level=\"1\"><b>El catal\u00e0 com a llengua vehicular<\/b><span style=\"font-weight: 400;\">: creiem que les compet\u00e8ncies ling\u00fc\u00edstiques s\u00f3n clau per garantir la igualtat d\u2019oportunitats dels joves a l\u2019entorn on viuen.<\/span><\/li>\n<li style=\"font-weight: 400;\" aria-level=\"1\"><b>Metodologies d\u2019aprenentatge diverses<\/b><span style=\"font-weight: 400;\">: recorrem al treball cooperatiu, el treball per projectes, la creativitat, l\u2019esperit cr\u00edtic i els reptes personals.<\/span><\/li>\n<li style=\"font-weight: 400;\" aria-level=\"1\"><b>La personalitzaci\u00f3 del est\u00edmul<\/b><span style=\"font-weight: 400;\">: afavorim un ritme d\u2019aprenentatge personalitzat treballant en grups classe redu\u00efts i flexibles, i estimulem l\u2019esfor\u00e7 i la capacitat de superaci\u00f3 per aconseguir l\u2019\u00e8xit educatiu de cadasc\u00fa\u00a0\u00a0<\/span><br \/>\n<h3><img loading=\"lazy\" decoding=\"async\" class=\"aligncenter size-full wp-image-10938\" src=\"https:\/\/agora.xtec.cat\/iesbernatmetge\/wp-content\/uploads\/usu327\/2025\/01\/IMG_20240611_113258.jpg\" alt=\"\" width=\"2005\" height=\"684\" srcset=\"https:\/\/agora.xtec.cat\/iesbernatmetge\/wp-content\/uploads\/usu327\/2025\/01\/IMG_20240611_113258.jpg 2005w, https:\/\/agora.xtec.cat\/iesbernatmetge\/wp-content\/uploads\/usu327\/2025\/01\/IMG_20240611_113258-300x102.jpg 300w, https:\/\/agora.xtec.cat\/iesbernatmetge\/wp-content\/uploads\/usu327\/2025\/01\/IMG_20240611_113258-1024x349.jpg 1024w, https:\/\/agora.xtec.cat\/iesbernatmetge\/wp-content\/uploads\/usu327\/2025\/01\/IMG_20240611_113258-768x262.jpg 768w, https:\/\/agora.xtec.cat\/iesbernatmetge\/wp-content\/uploads\/usu327\/2025\/01\/IMG_20240611_113258-1536x524.jpg 1536w\" sizes=\"auto, (max-width: 2005px) 100vw, 2005px\" \/><\/h3>\n<\/li>\n<\/ul>\n","protected":false},"excerpt":{"rendered":"<p>Som un centre proper i obert al nostre barri, la Verneda. Ens comprometem amb els joves i les fam\u00edlies que acollim al nostre centre perqu\u00e8 l\u2019alumnat pugui gaudir d\u2019aquesta etapa de creixement i, sobretot, per poder-li garantir l\u2019acc\u00e9s a totes les oportunitats educatives del nostre&hellip;  <a href=\"https:\/\/agora.xtec.cat\/iesbernatmetge\/linstitut\/\" title=\"Read L&#8217;institut\">Llegeix m\u00e9s\u00bb<\/a><\/p>\n","protected":false},"author":1,"featured_media":0,"parent":0,"menu_order":0,"comment_status":"closed","ping_status":"closed","template":"page-templates\/side-menu.php","meta":{"_bbp_topic_count":0,"_bbp_reply_count":0,"_bbp_total_topic_count":0,"_bbp_total_reply_count":0,"_bbp_voice_count":0,"_bbp_anonymous_reply_count":0,"_bbp_topic_count_hidden":0,"_bbp_reply_count_hidden":0,"_bbp_forum_subforum_count":0,"footnotes":""},"class_list":["post-19","page","type-page","status-publish","hentry"],"post_mailing_queue_ids":[],"_links":{"self":[{"href":"https:\/\/agora.xtec.cat\/iesbernatmetge\/wp-json\/wp\/v2\/pages\/19","targetHints":{"allow":["GET"]}}],"collection":[{"href":"https:\/\/agora.xtec.cat\/iesbernatmetge\/wp-json\/wp\/v2\/pages"}],"about":[{"href":"https:\/\/agora.xtec.cat\/iesbernatmetge\/wp-json\/wp\/v2\/types\/page"}],"author":[{"embeddable":true,"href":"https:\/\/agora.xtec.cat\/iesbernatmetge\/wp-json\/wp\/v2\/users\/1"}],"replies":[{"embeddable":true,"href":"https:\/\/agora.xtec.cat\/iesbernatmetge\/wp-json\/wp\/v2\/comments?post=19"}],"version-history":[{"count":7,"href":"https:\/\/agora.xtec.cat\/iesbernatmetge\/wp-json\/wp\/v2\/pages\/19\/revisions"}],"predecessor-version":[{"id":10951,"href":"https:\/\/agora.xtec.cat\/iesbernatmetge\/wp-json\/wp\/v2\/pages\/19\/revisions\/10951"}],"wp:attachment":[{"href":"https:\/\/agora.xtec.cat\/iesbernatmetge\/wp-json\/wp\/v2\/media?parent=19"}],"curies":[{"name":"wp","href":"https:\/\/api.w.org\/{rel}","templated":true}]}}