{"id":1870,"date":"2020-03-25T17:38:57","date_gmt":"2020-03-25T16:38:57","guid":{"rendered":"https:\/\/agora.xtec.cat\/iesbernatmetge\/?page_id=1870"},"modified":"2025-10-30T18:15:30","modified_gmt":"2025-10-30T17:15:30","slug":"departaments-2","status":"publish","type":"page","link":"https:\/\/agora.xtec.cat\/iesbernatmetge\/estructura-de-govern\/departaments-2\/","title":{"rendered":"\u00c0mbits"},"content":{"rendered":"<div class=\"postdesc\">\n<p>L&#8217;estructura del centre en \u00e0mbits i \u00e0rees, i les persones que l&#8217;integren, \u00e9s la seg\u00fcent:<\/p>\n<h2><span style=\"color: #000000;\">\u00c0MBIT <em>STEM<\/em> (Ci\u00e8ncies, Tecnologia i Matem\u00e0tiques)<\/span><\/h2>\n<h5><span style=\"color: #993300;\">\u00c0rea de <\/span><span style=\"color: #993300;\">F\u00edsica i Qu\u00edmica<\/span><\/h5>\n<p>Elena M. <span style=\"color: #999999;\"><em>[Cap d&#8217;\u00e0mbit, Tutora 2n ESO A]<\/em><\/span><\/p>\n<p>Cl\u00e0udia F. <span style=\"color: #999999;\"><em>[Tutora 3r ESO B]<\/em><\/span><\/p>\n<h5><span style=\"color: #993300;\">\u00c0rea de <\/span><span style=\"color: #993300;\">Biologia i Geologia<\/span><\/h5>\n<p>Enric D. <span style=\"color: #999999;\"><em style=\"color: #999999;\">[Tutor 3r ESO B i Coord. Florence]<\/em><\/span><\/p>\n<p>Pau N. <span style=\"color: #999999;\"><em style=\"color: #999999;\">[Tutor 1r ESO B]<\/em><\/span><\/p>\n<p>Gerard D.<\/p>\n<h5><span style=\"color: #993300;\">\u00c0rea de <\/span><span style=\"color: #993300;\">Tecnologia<\/span><\/h5>\n<p>Vanesa P. <span style=\"color: #999999;\"><em>[Coord. Riscos Laborals i tutora 1r ESO B]<\/em><\/span><\/p>\n<p>Anna A. <em><span style=\"color: #999999;\">[Coord. Pedag\u00f2gica]<\/span><\/em><\/p>\n<p>Montserrat G. <span style=\"color: #999999;\">[<em>Coord. Digital i <\/em>Tutora 2n ESO B]<\/span><\/p>\n<div>\n<h5><span style=\"color: #993300;\">\u00c0rea de <\/span><span style=\"color: #993300;\">Matem\u00e0tiques<\/span><\/h5>\n<\/div>\n<p>Eva S. <em><span style=\"color: #999999;\">[Tutora 4t ESO A]<\/span><\/em><\/p>\n<p>Jordi de M.<\/p>\n<div>\n<hr \/>\n<h2><span style=\"color: #000000;\">\u00c0MBIT LING\u00dc\u00cdSTIC<\/span><\/h2>\n<div>\n<h5><span style=\"color: #993300;\">\u00c0rea de Llengua Catalana i Literatura<\/span><\/h5>\n<p>Berta C. <span style=\"color: #999999;\"><em style=\"color: #999999;\">[Cap \u00c0mbit Ling\u00fc\u00edstic i tutora de 3r ESO B]<\/em><\/span><\/p>\n<p>Rosa Anna R. <span style=\"color: #999999;\"><em>[Coordinadora 1r Cicle ESO]<\/em><\/span><\/p>\n<p>Roser F. <span style=\"color: #999999;\"><em>[Tutora de 4t ESO B]<\/em><\/span><\/p>\n<h5><span style=\"color: #993300;\">\u00c0rea de Llengua Castellana i Literatura<\/span><\/h5>\n<div>\n<p>Sandra P. <span style=\"color: #999999;\"><em style=\"color: #999999;\">[Tutora 2n ESO A]<\/em><\/span><\/p>\n<p>Flo T. <span style=\"color: #999999;\"><em style=\"color: #999999;\">[Tutora 3r ESO A]<\/em><\/span><\/p>\n<h5><span style=\"color: #993300;\">\u00c0rea de Lleng\u00fces Estrangeres<\/span><\/h5>\n<p>Natalie P.\u00a0 <span style=\"color: #999999;\"><em>[Coordinadora 2n Cicle ESO]<\/em><\/span><\/p>\n<p>M\u00f2nica P. <span style=\"color: #999999;\"><em>[Tutora 2n ESO A]<\/em><\/span><\/p>\n<p>Katarina P.<span style=\"color: #999999;\"><em> [Tutora 1r Batxillerat]<\/em><\/span><\/p>\n<\/div>\n<\/div>\n<div>\n<div>\n<div>\n<h5><\/h5>\n<h5><span style=\"color: #993300;\">\u00c0rea de Lleng\u00fces Cl\u00e0ssiques<\/span><\/h5>\n<p>Laia T. <span style=\"color: #999999;\"><em style=\"color: #999999;\">[Tutora 1r ESO A i <em>Coord. Comunicaci\u00f3]<\/em><\/em><\/span><\/p>\n<\/div>\n<div>\n<hr \/>\n<h2><span style=\"color: #000000;\">\u00c0MBIT D&#8217;EXPRESSI\u00d3<\/span><\/h2>\n<h5><span style=\"color: #993300;\">\u00c0rea d&#8217;Educaci\u00f3 Visual i Pl\u00e0stica<\/span><\/h5>\n<p>Mertxe H. <span style=\"color: #999999;\"><em>[Coordinadora de Batxillerat]<\/em><\/span><\/p>\n<p>Blanca G.<\/p>\n<\/div>\n<div>\n<div>\n<h5><span style=\"color: #993300;\">\u00c0rea d&#8217;Educaci\u00f3 F\u00edsica<\/span><\/h5>\n<\/div>\n<p>Xavi P. <span style=\"color: #999999;\"><em>[Coord. sortida i activitats i tutor 1r ESO A]<\/em><\/span><\/p>\n<\/div>\n<div><\/div>\n<div>\n<p>Alejandro A.<\/p>\n<h5><span style=\"color: #993300;\">\u00c0rea de M\u00fasica<\/span><\/h5>\n<p>Imma S. <span style=\"color: #999999;\"><em>[Directora]<\/em><\/span><\/p>\n<p>Juan Manuel G. <span style=\"color: #999999;\"><em>[Coordinador d&#8217;\u00c0mbit d&#8217;Expressi\u00f3]<\/em><\/span><\/p>\n<\/div>\n<div>\n<hr \/>\n<\/div>\n<\/div>\n<h2><span style=\"color: #000000;\">\u00c0MBIT SOCIAL<\/span><\/h2>\n<h5><span style=\"color: #993300;\">\u00c0rea de Filosofia<\/span><\/h5>\n<p>David R. <span style=\"color: #999999;\"><em style=\"color: #999999;\">[Cap \u00c0mbit Social i tutor 2n de Batxillerat]<\/em><\/span><\/p>\n<h5><span style=\"color: #993300;\">\u00c0rea de Ci\u00e8ncies Socials<\/span><\/h5>\n<p>Sara L. <span style=\"color: #999999;\"><em>[Cap d&#8217;estudis]<\/em><\/span><\/p>\n<p>Enric R. <em><span style=\"color: #999999;\">[Tutor 4t ESO A]<\/span><\/em><\/p>\n<h5><span style=\"color: #993300;\">\u00c0rea d&#8217;Economia<\/span><\/h5>\n<p>Llu\u00eds A. <span style=\"color: #999999;\"><em>[Secretari]<\/em><\/span><\/p>\n<\/div>\n<\/div>\n<h5><span style=\"color: #993300;\">\u00c0rea de Religi\u00f3<\/span><\/h5>\n<p>Ver\u00f3nica Ll.<\/p>\n<div>\n<div>\n<hr \/>\n<h2><span style=\"color: #000000;\">\u00c0MBIT D&#8217;INCLUSI\u00d3<\/span><\/h2>\n<\/div>\n<h5><span style=\"color: #993300;\">\u00c0rea Psicopedag\u00f2gica<\/span><\/h5>\n<p>Erun S.\u00a0 <span style=\"color: #999999;\"><em>[Cap d&#8217;\u00c0mbit Orientaci\u00f3]\u00a0<\/em><\/span><\/p>\n<\/div>\n<\/div>\n<p>Ma. \u00c0ngels G. <span style=\"color: #999999;\"><em>[Tutora 4t ESO B]<\/em><\/span><\/p>\n<div class=\"postdesc\">\n<h5><span style=\"color: #993300;\">\u00c0rea Social<\/span><\/h5>\n<p>Cibel S. <span style=\"color: #999999;\"><em>[<\/em><\/span><span style=\"color: #999999;\"><em>Especialista en Acompanyament Emocional, EAE]<\/em><\/span><\/p>\n<p>Nagore I. <span style=\"color: #999999;\"><em>[Educacdora social]<\/em><\/span><\/p>\n<p>Ester L. <span style=\"color: #999999;\"><em style=\"color: #999999;\">[T\u00e8cnica en Integraci\u00f3 Social, TIS]<\/em><\/span><\/p>\n<p>Sergio S. <span style=\"color: #999999;\"><em>[Vetllador]<\/em><\/span><\/p>\n<\/div>\n","protected":false},"excerpt":{"rendered":"<p>L&#8217;estructura del centre en \u00e0mbits i \u00e0rees, i les persones que l&#8217;integren, \u00e9s la seg\u00fcent:<br \/>\n\u00c0MBIT STEM (Ci\u00e8ncies, Tecnologia i Matem\u00e0tiques)<br \/>\n\u00c0rea de F\u00edsica i Qu\u00edmica<br \/>\nElena M. [Cap d&#8217;\u00e0mbit, Tutora 2n ESO A]<br \/>\nCl\u00e0udia F. [Tutora 3r ESO B]<br \/>\n\u00c0rea de Biologia i Geologia<br \/>\nEnric D. [Tutor 3r ESO B&hellip;  <a href=\"https:\/\/agora.xtec.cat\/iesbernatmetge\/estructura-de-govern\/departaments-2\/\" title=\"Read \u00c0mbits\">Llegeix m\u00e9s\u00bb<\/a><\/p>\n","protected":false},"author":1,"featured_media":0,"parent":2883,"menu_order":2,"comment_status":"closed","ping_status":"closed","template":"page-templates\/side-menu.php","meta":{"_bbp_topic_count":0,"_bbp_reply_count":0,"_bbp_total_topic_count":0,"_bbp_total_reply_count":0,"_bbp_voice_count":0,"_bbp_anonymous_reply_count":0,"_bbp_topic_count_hidden":0,"_bbp_reply_count_hidden":0,"_bbp_forum_subforum_count":0,"footnotes":""},"class_list":["post-1870","page","type-page","status-publish","hentry"],"post_mailing_queue_ids":[],"_links":{"self":[{"href":"https:\/\/agora.xtec.cat\/iesbernatmetge\/wp-json\/wp\/v2\/pages\/1870","targetHints":{"allow":["GET"]}}],"collection":[{"href":"https:\/\/agora.xtec.cat\/iesbernatmetge\/wp-json\/wp\/v2\/pages"}],"about":[{"href":"https:\/\/agora.xtec.cat\/iesbernatmetge\/wp-json\/wp\/v2\/types\/page"}],"author":[{"embeddable":true,"href":"https:\/\/agora.xtec.cat\/iesbernatmetge\/wp-json\/wp\/v2\/users\/1"}],"replies":[{"embeddable":true,"href":"https:\/\/agora.xtec.cat\/iesbernatmetge\/wp-json\/wp\/v2\/comments?post=1870"}],"version-history":[{"count":8,"href":"https:\/\/agora.xtec.cat\/iesbernatmetge\/wp-json\/wp\/v2\/pages\/1870\/revisions"}],"predecessor-version":[{"id":11766,"href":"https:\/\/agora.xtec.cat\/iesbernatmetge\/wp-json\/wp\/v2\/pages\/1870\/revisions\/11766"}],"up":[{"embeddable":true,"href":"https:\/\/agora.xtec.cat\/iesbernatmetge\/wp-json\/wp\/v2\/pages\/2883"}],"wp:attachment":[{"href":"https:\/\/agora.xtec.cat\/iesbernatmetge\/wp-json\/wp\/v2\/media?parent=1870"}],"curies":[{"name":"wp","href":"https:\/\/api.w.org\/{rel}","templated":true}]}}