{"id":11716,"date":"2025-09-28T17:03:27","date_gmt":"2025-09-28T15:03:27","guid":{"rendered":"https:\/\/agora.xtec.cat\/iesbernatmetge\/?page_id=11716"},"modified":"2025-09-28T20:13:51","modified_gmt":"2025-09-28T18:13:51","slug":"lopd","status":"publish","type":"page","link":"https:\/\/agora.xtec.cat\/iesbernatmetge\/linstitut\/lopd\/","title":{"rendered":"LOPD"},"content":{"rendered":"<h1 id=\"main-title\" class=\"supra-title \">La protecci\u00f3 de dades personals al Consorci d\u2019Educaci\u00f3 de Barcelona i als centres i serveis educatius de la ciutat de Barcelona<\/h1>\n<p>El mes d\u2019abril de 2016 es va aprovar el Reglament (UE) 2016\/679 del Parlament i del Consell, de 27 d&#8217;abril de 2016, relatiu a la protecci\u00f3 de les persones f\u00edsiques pel que fa al tractament de dades personals i a la lliure circulaci\u00f3 d&#8217;aquestes dades, el qual va entrar en vigor el 25 de maig de 2018. En compliment d\u2019aquest reglament, es d\u00f3na publicitat en aquesta p\u00e0gina als elements d\u2019informaci\u00f3 que requereix el <a href=\"https:\/\/apdcat.gencat.cat\/ca\/drets_i_obligacions\/rgpd\/index.html\">Reglament<\/a>.<\/p>\n<p><a href=\"https:\/\/educacio.gencat.cat\/ca\/departament\/proteccio-dades\/informacio-addicional-tractaments\/llista-responsables\/#bloc1\" target=\"_blank\" rel=\"noopener\">Detall de les activitats de tractament realitzades als<strong> Centres educatius<\/strong> de l\u2019\u00e0mbit territorial del Consorci d\u2019Educaci\u00f3 de Barcelona<\/a><\/p>\n<h4>DENOMINACI\u00d3: Operacions o gestions en qu\u00e8 es tracten dades<\/h4>\n<p>\uf0a7Matriculaci\u00f3 i admissi\u00f3 d\u2019alumnes: publicitat i contacte amb persones interessades aincorporar-se al centre, proc\u00e9s de preinscripci\u00f3, matriculaci\u00f3.<br \/>\n\uf0a7Gesti\u00f3 acad\u00e8mica.<br \/>\n\uf0a7Necessitats educatives especials.<br \/>\n\uf0a7Serveis oferts pel centre educatiu a l\u2019alumnat i que en completen la finalitateducativa: menjador, transport escolar, activitats extraescolars, excursions i col\u00f2nies,uniformes, etc.<br \/>\n\uf0a7Gesti\u00f3 del personal docent, administratiu i de serveis.<br \/>\n\uf0a7Gesti\u00f3 de prove\u00efdors.<br \/>\n\uf0a7Sistemes de pagament.<br \/>\n\uf0a7Plataformes virtuals d\u2019ensenyament.<br \/>\n\uf0a7Sistemes de comunicaci\u00f3\/contacte.<br \/>\n\uf0a7Informaci\u00f3 m\u00e8dica.<br \/>\n\uf0a7Serveis a exalumnes.<br \/>\n\uf0a7Altres.<\/p>\n<h4><strong>Acc\u00e9s a les dades, rectificar-les, suprimir-les, oposar-se\u2019n al tractament i sol\u00b7licitar-ne la limitaci\u00f3.<\/strong><\/h4>\n<p>Drets i formulari:<\/p>\n<table style=\"border-collapse: collapse; width: 100%; height: 191px;\">\n<tbody>\n<tr style=\"height: 32px;\">\n<td style=\"width: 50%; height: 32px; text-align: center;\">Drets<\/td>\n<td style=\"width: 50%; height: 32px; text-align: center;\">Formulari<\/td>\n<\/tr>\n<tr style=\"height: 32px;\">\n<td style=\"width: 50%; height: 32px;\">Accedir a les vostres dades, a l\u2019\u00fas que se\u2019n fa i a tots els detalls del seu tractament.<\/td>\n<td style=\"width: 50%; height: 32px;\"><a href=\"https:\/\/forms.gle\/9NKBbegoKhst8rWK7\">https:\/\/forms.gle\/9NKBbegoKhst8rWK7<\/a><\/td>\n<\/tr>\n<tr style=\"height: 32px;\">\n<td style=\"width: 50%; height: 32px;\">Rectificar les vostres dades en cas que considereu que s\u00f3n err\u00f2nies<\/td>\n<td style=\"width: 50%; height: 32px;\"><a href=\"https:\/\/forms.gle\/9NKBbegoKhst8rWK7\">https:\/\/forms.gle\/9NKBbegoKhst8rWK7<\/a><\/td>\n<\/tr>\n<tr style=\"height: 63px;\">\n<td style=\"width: 50%; height: 63px;\">Cancel\u00b7lar o suprimir les vostres dades, llevat dels casos en qu\u00e8 afectin drets o responsabilitats que en requereixen la conservaci\u00f3 d\u2019acord amb els terminis legalment establerts.<\/td>\n<td style=\"width: 50%; height: 63px;\"><a href=\"https:\/\/forms.gle\/9NKBbegoKhst8rWK7\">https:\/\/forms.gle\/9NKBbegoKhst8rWK7<\/a><\/td>\n<\/tr>\n<tr style=\"height: 32px;\">\n<td style=\"width: 50%; height: 32px;\">Limitar temporalment l\u2019\u00fas de les dades mentre es verifica la seva exactitud o licitud.<\/td>\n<td style=\"width: 50%; height: 32px;\"><a href=\"https:\/\/forms.gle\/9NKBbegoKhst8rWK7\">https:\/\/forms.gle\/9NKBbegoKhst8rWK7<\/a><\/td>\n<\/tr>\n<tr>\n<td style=\"width: 50%;\">Oposar-se a que s\u2019utilitzi una dada per a una finalitat concreta, llevat de les excepcions establertes legalment.<\/td>\n<td style=\"width: 50%;\"><a href=\"https:\/\/forms.gle\/9NKBbegoKhst8rWK7\">https:\/\/forms.gle\/9NKBbegoKhst8rWK7<\/a><\/td>\n<\/tr>\n<\/tbody>\n<\/table>\n<p>El termini de conservaci\u00f3 de les dades ser\u00e0 aquell que permeti la identificaci\u00f3 de les persones interessades durant el temps estrictament necessari per als fins del tractament de dades personals. Les dades es conservaran durant per\u00edodes m\u00e9s llargs sempre que es tractin exclusivament amb fins d\u2019arxiu en inter\u00e8s p\u00fablic, ja sigui per a la recerca cient\u00edfica o hist\u00f2rica o per finalitats estad\u00edstiques, sens perjudici de l\u2019aplicaci\u00f3 de les mesures t\u00e8cniques i organitzatives adequades que imposa la normativa de protecci\u00f3 de dades amb la finalitat de protegir els drets i les llibertats de les persones interessades.<\/p>\n<hr \/>\n<h4>Delegat de Protecci\u00f3 de Dades del Consorci d\u2019Educaci\u00f3 de Barcelona<\/h4>\n<p>En cas que considereu que s\u2019ha vulnerat qualsevol dret o obligaci\u00f3 relacionada amb la protecci\u00f3 de les dades de car\u00e0cter personal, sigueu coneixedors d\u2019una vulneraci\u00f3 de la seguretat de les dades, o b\u00e9 voleu demanar assessorament en qualsevol aspecte del compliment del RGPD, poseu-vos en contacte amb el Delegat de Protecci\u00f3 de Dades d\u2019Educaci\u00f3 a trav\u00e9s del correu\u00a0<a href=\"mailto:dpd.educacio@gencat.cat\">dpd.educacio@gencat.cat<\/a>.<\/p>\n","protected":false},"excerpt":{"rendered":"<p>La protecci\u00f3 de dades personals al Consorci d\u2019Educaci\u00f3 de Barcelona i als centres i serveis educatius de la ciutat de Barcelona<br \/>\nEl mes d\u2019abril de 2016 es va aprovar el Reglament (UE) 2016\/679 del Parlament i del Consell, de 27 d&#8217;abril de 2016, relatiu a la&hellip;  <a href=\"https:\/\/agora.xtec.cat\/iesbernatmetge\/linstitut\/lopd\/\" title=\"Read LOPD\">Llegeix m\u00e9s\u00bb<\/a><\/p>\n","protected":false},"author":1,"featured_media":0,"parent":19,"menu_order":1,"comment_status":"closed","ping_status":"closed","template":"page-templates\/side-menu.php","meta":{"_bbp_topic_count":0,"_bbp_reply_count":0,"_bbp_total_topic_count":0,"_bbp_total_reply_count":0,"_bbp_voice_count":0,"_bbp_anonymous_reply_count":0,"_bbp_topic_count_hidden":0,"_bbp_reply_count_hidden":0,"_bbp_forum_subforum_count":0,"footnotes":""},"class_list":["post-11716","page","type-page","status-publish","hentry"],"post_mailing_queue_ids":[],"_links":{"self":[{"href":"https:\/\/agora.xtec.cat\/iesbernatmetge\/wp-json\/wp\/v2\/pages\/11716","targetHints":{"allow":["GET"]}}],"collection":[{"href":"https:\/\/agora.xtec.cat\/iesbernatmetge\/wp-json\/wp\/v2\/pages"}],"about":[{"href":"https:\/\/agora.xtec.cat\/iesbernatmetge\/wp-json\/wp\/v2\/types\/page"}],"author":[{"embeddable":true,"href":"https:\/\/agora.xtec.cat\/iesbernatmetge\/wp-json\/wp\/v2\/users\/1"}],"replies":[{"embeddable":true,"href":"https:\/\/agora.xtec.cat\/iesbernatmetge\/wp-json\/wp\/v2\/comments?post=11716"}],"version-history":[{"count":5,"href":"https:\/\/agora.xtec.cat\/iesbernatmetge\/wp-json\/wp\/v2\/pages\/11716\/revisions"}],"predecessor-version":[{"id":11724,"href":"https:\/\/agora.xtec.cat\/iesbernatmetge\/wp-json\/wp\/v2\/pages\/11716\/revisions\/11724"}],"up":[{"embeddable":true,"href":"https:\/\/agora.xtec.cat\/iesbernatmetge\/wp-json\/wp\/v2\/pages\/19"}],"wp:attachment":[{"href":"https:\/\/agora.xtec.cat\/iesbernatmetge\/wp-json\/wp\/v2\/media?parent=11716"}],"curies":[{"name":"wp","href":"https:\/\/api.w.org\/{rel}","templated":true}]}}