{"id":11048,"date":"2025-02-12T16:32:50","date_gmt":"2025-02-12T15:32:50","guid":{"rendered":"https:\/\/agora.xtec.cat\/iesbernatmetge\/?page_id=11048"},"modified":"2025-02-26T20:28:33","modified_gmt":"2025-02-26T19:28:33","slug":"espais-del-centre","status":"publish","type":"page","link":"https:\/\/agora.xtec.cat\/iesbernatmetge\/linstitut\/espais-del-centre\/","title":{"rendered":"Espais del centre"},"content":{"rendered":"<p><span style=\"font-weight: 400;\">L\u2019Institut Bernat Metge disposa d\u2019unes instal\u00b7lacions funcionals dissenyades per garantir un entorn d\u2019aprenentatge. El centre compta amb aules equipades amb tecnologia actualitzada, laboratoris cient\u00edfics, un taller tecnol\u00f2gic i espais espec\u00edfics per a l\u2019expressi\u00f3 art\u00edstica i musical.<\/span><\/p>\n<p><span style=\"font-weight: 400;\">A m\u00e9s, el centre ofereix una aula de teatre, una sala d\u2019escolta per a activitats individuals o grupals, i una aula audiovisual equipada amb els recursos necessaris per al treball multim\u00e8dia. Tamb\u00e9 disposem d\u2019una biblioteca escolar, un gimn\u00e0s polivalent, pistes esportives exteriors i una aula d\u2019acollida per a l\u2019alumnat nouvingut.<\/span><\/p>\n<p><span style=\"font-weight: 400;\">Els espais comuns estan pensats per fomentar la conviv\u00e8ncia i el treball col\u00b7laboratiu entre estudiants i professorat, garantint una oferta educativa de qualitat adaptada a les necessitats.<\/span><\/p>\n<div style=\"width: 480px;\" class=\"wp-video\"><!--[if lt IE 9]><script>document.createElement('video');<\/script><![endif]-->\n<video class=\"wp-video-shortcode\" id=\"video-11048-1\" width=\"480\" height=\"320\" autoplay=\"1\" preload=\"metadata\" controls=\"controls\"><source type=\"video\/mp4\" src=\"https:\/\/agora.xtec.cat\/iesbernatmetge\/wp-content\/uploads\/usu327\/2025\/02\/Installacions.mp4?_=1\" \/><a href=\"https:\/\/agora.xtec.cat\/iesbernatmetge\/wp-content\/uploads\/usu327\/2025\/02\/Installacions.mp4\">https:\/\/agora.xtec.cat\/iesbernatmetge\/wp-content\/uploads\/usu327\/2025\/02\/Installacions.mp4<\/a><\/video><\/div>\n<p>&nbsp;<\/p>\n<ul style=\"list-style-type: square;\">\n<li><span style=\"font-weight: 400;\">8 aules Educaci\u00f3 Secund\u00e0ria Obligat\u00f2ria.<\/span><\/li>\n<li style=\"font-weight: 400;\" aria-level=\"1\"><span style=\"font-weight: 400;\">4 aules Batxillerat.<\/span><\/li>\n<li><span style=\"font-weight: 400;\">5 espais d\u2019\u00e0mbits professorat (Inclusi\u00f3, STEM, Expressi\u00f3, Social i Linguistic)\u00a0<\/span><\/li>\n<li style=\"font-weight: 400;\" aria-level=\"1\"><span style=\"font-weight: 400;\">2 aules de Visual i Pl\u00e0stica.<\/span><\/li>\n<li style=\"font-weight: 400;\" aria-level=\"1\"><span style=\"font-weight: 400;\">2 aules digitals.<\/span><img loading=\"lazy\" decoding=\"async\" class=\"wp-image-11049 alignright\" src=\"https:\/\/agora.xtec.cat\/iesbernatmetge\/wp-content\/uploads\/usu327\/2025\/02\/IMG-20250212-WA0014-300x186.jpg\" alt=\"\" width=\"455\" height=\"282\" srcset=\"https:\/\/agora.xtec.cat\/iesbernatmetge\/wp-content\/uploads\/usu327\/2025\/02\/IMG-20250212-WA0014-300x186.jpg 300w, https:\/\/agora.xtec.cat\/iesbernatmetge\/wp-content\/uploads\/usu327\/2025\/02\/IMG-20250212-WA0014-1024x635.jpg 1024w, https:\/\/agora.xtec.cat\/iesbernatmetge\/wp-content\/uploads\/usu327\/2025\/02\/IMG-20250212-WA0014-768x476.jpg 768w, https:\/\/agora.xtec.cat\/iesbernatmetge\/wp-content\/uploads\/usu327\/2025\/02\/IMG-20250212-WA0014-1536x952.jpg 1536w, https:\/\/agora.xtec.cat\/iesbernatmetge\/wp-content\/uploads\/usu327\/2025\/02\/IMG-20250212-WA0014.jpg 1575w\" sizes=\"auto, (max-width: 455px) 100vw, 455px\" \/><\/li>\n<li style=\"font-weight: 400;\" aria-level=\"1\"><span style=\"font-weight: 400;\">Biblioteca<\/span><\/li>\n<li style=\"font-weight: 400;\" aria-level=\"1\"><span style=\"font-weight: 400;\">Aula de M\u00fasica.<\/span><\/li>\n<li style=\"font-weight: 400;\" aria-level=\"1\"><span style=\"font-weight: 400;\">Gimn\u00e0s.<\/span><\/li>\n<li style=\"font-weight: 400;\" aria-level=\"1\"><span style=\"font-weight: 400;\">Pati.<\/span><\/li>\n<li style=\"font-weight: 400;\" aria-level=\"1\"><span style=\"font-weight: 400;\">Menjador.<\/span><\/li>\n<li style=\"font-weight: 400;\" aria-level=\"1\"><span style=\"font-weight: 400;\">Sala d\u2019actes.<\/span><\/li>\n<li style=\"font-weight: 400;\" aria-level=\"1\"><span style=\"font-weight: 400;\">3 laboratoris (un de f\u00edsica, un de qu\u00edmica i un de ci\u00e8ncies naturals)<\/span><\/li>\n<li style=\"font-weight: 400;\" aria-level=\"1\"><span style=\"font-weight: 400;\">1 aula Cooperativa.<\/span><\/li>\n<li style=\"font-weight: 400;\" aria-level=\"1\"><span style=\"font-weight: 400;\">1 aula Teatre.<\/span><\/li>\n<li style=\"font-weight: 400;\" aria-level=\"1\"><span style=\"font-weight: 400;\">1 aula Tecnologia.<\/span><\/li>\n<li style=\"font-weight: 400;\" aria-level=\"1\"><span style=\"font-weight: 400;\">2 sales de tutories.<img loading=\"lazy\" decoding=\"async\" class=\"alignright wp-image-11051\" src=\"https:\/\/agora.xtec.cat\/iesbernatmetge\/wp-content\/uploads\/usu327\/2025\/02\/IMG20250120095844-300x225.jpg\" alt=\"\" width=\"453\" height=\"340\" srcset=\"https:\/\/agora.xtec.cat\/iesbernatmetge\/wp-content\/uploads\/usu327\/2025\/02\/IMG20250120095844-300x225.jpg 300w, https:\/\/agora.xtec.cat\/iesbernatmetge\/wp-content\/uploads\/usu327\/2025\/02\/IMG20250120095844-1024x768.jpg 1024w, https:\/\/agora.xtec.cat\/iesbernatmetge\/wp-content\/uploads\/usu327\/2025\/02\/IMG20250120095844-768x576.jpg 768w, https:\/\/agora.xtec.cat\/iesbernatmetge\/wp-content\/uploads\/usu327\/2025\/02\/IMG20250120095844-1536x1152.jpg 1536w, https:\/\/agora.xtec.cat\/iesbernatmetge\/wp-content\/uploads\/usu327\/2025\/02\/IMG20250120095844-2048x1536.jpg 2048w, https:\/\/agora.xtec.cat\/iesbernatmetge\/wp-content\/uploads\/usu327\/2025\/02\/IMG20250120095844-200x150.jpg 200w\" sizes=\"auto, (max-width: 453px) 100vw, 453px\" \/><\/span><\/li>\n<li style=\"font-weight: 400;\" aria-level=\"1\"><span style=\"font-weight: 400;\">Espai d\u2019escolta.<\/span><\/li>\n<li style=\"font-weight: 400;\" aria-level=\"1\"><span style=\"font-weight: 400;\">1 aula d\u2019inform\u00e0tica.<\/span><\/li>\n<li style=\"font-weight: 400;\" aria-level=\"1\"><span style=\"font-weight: 400;\">1 arxiu<\/span><\/li>\n<li style=\"font-weight: 400;\" aria-level=\"1\"><span style=\"font-weight: 400;\">1 despatx de direcci\u00f3.<\/span><\/li>\n<li style=\"font-weight: 400;\" aria-level=\"1\"><span style=\"font-weight: 400;\">1 espai d\u2019equip directiu.<\/span><\/li>\n<li style=\"font-weight: 400;\" aria-level=\"1\"><span style=\"font-weight: 400;\">Espai de manteniment.<\/span><\/li>\n<li style=\"font-weight: 400;\" aria-level=\"1\"><span style=\"font-weight: 400;\">Vestuaris.<\/span><\/li>\n<li style=\"font-weight: 400;\" aria-level=\"1\"><span style=\"font-weight: 400;\">1 Sala docents.<\/span><\/li>\n<li style=\"font-weight: 400;\" aria-level=\"1\"><span style=\"font-weight: 400;\">Espai verd Pati.<\/span><\/li>\n<li style=\"font-weight: 400;\" aria-level=\"1\"><span style=\"font-weight: 400;\">Hort.<\/span><\/li>\n<li><span style=\"font-weight: 400;\">1 aula comunicaci\u00f3 audiovisual.<\/span><\/li>\n<\/ul>\n<p>&nbsp;<\/p>\n<p>&nbsp;<\/p>\n","protected":false},"excerpt":{"rendered":"<p>L\u2019Institut Bernat Metge disposa d\u2019unes instal\u00b7lacions funcionals dissenyades per garantir un entorn d\u2019aprenentatge. El centre compta amb aules equipades amb tecnologia actualitzada, laboratoris cient\u00edfics, un taller tecnol\u00f2gic i espais espec\u00edfics per a l\u2019expressi\u00f3 art\u00edstica i musical.<br \/>\nA m\u00e9s, el centre ofereix una aula de teatre, una&hellip;  <a href=\"https:\/\/agora.xtec.cat\/iesbernatmetge\/linstitut\/espais-del-centre\/\" title=\"Read Espais del centre\">Llegeix m\u00e9s\u00bb<\/a><\/p>\n","protected":false},"author":1,"featured_media":0,"parent":19,"menu_order":5,"comment_status":"closed","ping_status":"closed","template":"","meta":{"_bbp_topic_count":0,"_bbp_reply_count":0,"_bbp_total_topic_count":0,"_bbp_total_reply_count":0,"_bbp_voice_count":0,"_bbp_anonymous_reply_count":0,"_bbp_topic_count_hidden":0,"_bbp_reply_count_hidden":0,"_bbp_forum_subforum_count":0,"footnotes":""},"class_list":["post-11048","page","type-page","status-publish","hentry"],"post_mailing_queue_ids":[],"_links":{"self":[{"href":"https:\/\/agora.xtec.cat\/iesbernatmetge\/wp-json\/wp\/v2\/pages\/11048","targetHints":{"allow":["GET"]}}],"collection":[{"href":"https:\/\/agora.xtec.cat\/iesbernatmetge\/wp-json\/wp\/v2\/pages"}],"about":[{"href":"https:\/\/agora.xtec.cat\/iesbernatmetge\/wp-json\/wp\/v2\/types\/page"}],"author":[{"embeddable":true,"href":"https:\/\/agora.xtec.cat\/iesbernatmetge\/wp-json\/wp\/v2\/users\/1"}],"replies":[{"embeddable":true,"href":"https:\/\/agora.xtec.cat\/iesbernatmetge\/wp-json\/wp\/v2\/comments?post=11048"}],"version-history":[{"count":6,"href":"https:\/\/agora.xtec.cat\/iesbernatmetge\/wp-json\/wp\/v2\/pages\/11048\/revisions"}],"predecessor-version":[{"id":11129,"href":"https:\/\/agora.xtec.cat\/iesbernatmetge\/wp-json\/wp\/v2\/pages\/11048\/revisions\/11129"}],"up":[{"embeddable":true,"href":"https:\/\/agora.xtec.cat\/iesbernatmetge\/wp-json\/wp\/v2\/pages\/19"}],"wp:attachment":[{"href":"https:\/\/agora.xtec.cat\/iesbernatmetge\/wp-json\/wp\/v2\/media?parent=11048"}],"curies":[{"name":"wp","href":"https:\/\/api.w.org\/{rel}","templated":true}]}}