{"id":10916,"date":"2025-01-24T10:59:49","date_gmt":"2025-01-24T09:59:49","guid":{"rendered":"https:\/\/agora.xtec.cat\/iesbernatmetge\/?page_id=10916"},"modified":"2025-01-30T16:51:35","modified_gmt":"2025-01-30T15:51:35","slug":"trets-didentitat","status":"publish","type":"page","link":"https:\/\/agora.xtec.cat\/iesbernatmetge\/linstitut\/trets-didentitat\/","title":{"rendered":"Trets d&#8217;identitat"},"content":{"rendered":"<h4><span style=\"color: #c41818;\">1. <\/span><span style=\"color: #000000;\"><b>Lleng\u00fces d\u2019aprenentatge:\u00a0<\/b><\/span><\/h4>\n<p><i><span style=\"font-weight: 400;\">El catal\u00e0 \u00e9s la llengua vehicular del centre, i treballem per garantir eL domini del catal\u00e0, castell\u00e0 i angl\u00e8s, afavorint la compet\u00e8ncia pluriling\u00fce.<\/span><\/i><\/p>\n<h4><span style=\"color: #c41818;\">2. <\/span><span style=\"color: #000000;\"><b><i>Atenci\u00f3 a les necessitats de l\u2019alumnat<\/i><\/b><i><span style=\"font-weight: 400;\">:\u00a0<\/span><\/i><\/span><\/h4>\n<p><i><span style=\"font-weight: 400;\">Centrem l\u2019acci\u00f3 educativa en les necessitats individuals de cada alumne, promovent la seva iniciativa i autonomia, i afavorint el seu creixement personal i consolidaci\u00f3 d\u2019h\u00e0bits de treball.<\/span><\/i><\/p>\n<h4><span style=\"color: #c41818;\">3. <\/span><span style=\"color: #000000;\"><b>Educaci\u00f3 emocional:\u00a0<\/b><\/span><\/h4>\n<p><span style=\"font-weight: 400;\">Proporcionem estrat\u00e8gies per al desenvolupament personal i la gesti\u00f3 emocional, fonamentals per al benestar i la conviv\u00e8ncia.<\/span><\/p>\n<h4><span style=\"color: #c41818;\">4. <\/span><span style=\"color: #000000;\"><b>Aprenentatge significatiu<\/b><span style=\"font-weight: 400;\">:\u00a0<\/span><\/span><\/h4>\n<p><span style=\"font-weight: 400;\">Ensenyem mitjan\u00e7ant l&#8217;aprenentatge significatiu, proporcionant experi\u00e8ncies educatives que connecten amb la vida real, despertant la curiositat i la motivaci\u00f3 dels alumnes.<\/span><\/p>\n<h4><span style=\"color: #c41818;\">5. <\/span><span style=\"color: #000000;\"><b>Relaci\u00f3 Institut-Escola-Entorn:\u00a0<\/b><\/span><\/h4>\n<p><i><span style=\"font-weight: 400;\">Fomentem la col\u00b7laboraci\u00f3 amb altres agents educatius i entitats del barri mitjan\u00e7ant projectes i activitats culturals i socials, amb un enfocament d\u2019aprenentatge i servei.<\/span><\/i><\/p>\n<h4><span style=\"color: #c41818;\">6. <\/span><span style=\"color: #000000;\"><b>Servei comunitari i aprenentatge servei:\u00a0<\/b><\/span><\/h4>\n<p><i><span style=\"font-weight: 400;\">Combinem l\u2019aprenentatge amb la millora del nostre entorn, connectant els estudiants amb necessitats reals de la comunitat.<\/span><\/i><\/p>\n<h4><span style=\"color: #c41818;\">7. <\/span><span style=\"color: #000000;\"><b>Educaci\u00f3 per la sostenibilitat:\u00a0<\/b><\/span><\/h4>\n<p><i><span style=\"font-weight: 400;\">Treballem dins del projecte Escoles Verdes per fomentar la consci\u00e8ncia ambiental i la sostenibilitat en el dia a dia de la comunitat educativa.<\/span><\/i><\/p>\n<h4><span style=\"color: #c41818;\">8. <\/span><span style=\"color: #000000;\"><b>Educaci\u00f3 art\u00edstica:\u00a0<\/b><\/span><\/h4>\n<p><i><span style=\"font-weight: 400;\">Valorem l\u2019art com a eina de sensibilitzaci\u00f3 i expressi\u00f3 creativa, oferint eines per desenvolupar la imaginaci\u00f3 i el gust cultural.\u00a0<\/span><\/i><\/p>\n<h4><span style=\"color: #c41818;\">9. <\/span><span style=\"color: #000000;\"><b>Educaci\u00f3 per la salut i l\u2019activitat f\u00edsica:<\/b><\/span><\/h4>\n<p><i><span style=\"font-weight: 400;\">Fomentem una actitud positiva envers l\u2019esport i uns h\u00e0bits saludables, integrant activitats f\u00edsiques en el projecte educatiu.<\/span><\/i><\/p>\n<h4><span style=\"color: #c41818;\">10. <\/span><span style=\"color: #000000;\"><b><i>Cohesi\u00f3 social i valors<\/i><\/b><i><span style=\"font-weight: 400;\">:\u00a0<\/span><\/i><\/span><\/h4>\n<p><i><span style=\"font-weight: 400;\">Fomentem el creixement personal i cooperatiu com a base per a la formaci\u00f3 de ciutadans responsables, treballant valors com el respecte, la solidaritat i la just\u00edcia.<\/span><\/i><\/p>\n<h4><span style=\"color: #c41818;\">11. <\/span><span style=\"color: #000000;\"><b><i>Creativitat i innovaci\u00f3<\/i><\/b><i><span style=\"font-weight: 400;\">:\u00a0<\/span><\/i><\/span><\/h4>\n<p><i><span style=\"font-weight: 400;\">Potenciem la creativitat com a eina per a la generaci\u00f3 d\u2019idees innovadores que transformin el m\u00f3n, encoratjant els alumnes a convertir-se en ciutadans compromesos.<\/span><\/i><\/p>\n<h4><span style=\"color: #c41818;\">12. <\/span><span style=\"color: #000000;\"><b><i>M\u00e8tode cient\u00edfic<\/i><\/b><i><span style=\"font-weight: 400;\">:\u00a0<\/span><\/i><\/span><\/h4>\n<p><i><span style=\"font-weight: 400;\">Ensenyem des del m\u00e8tode cient\u00edfic per resoldre problemes de manera estructurada i objectiva, ajudant a comprendre el m\u00f3n.<\/span><\/i><\/p>\n<h4><span style=\"color: #c41818;\">13. <\/span><span style=\"color: #000000;\"><b><i>Pluralitat i inclusi\u00f3<\/i><\/b><\/span><i><span style=\"font-weight: 400;\"><span style=\"color: #000000;\">:<\/span>\u00a0<\/span><\/i><\/h4>\n<p><i><span style=\"font-weight: 400;\">Valorem la diversitat d\u2019opinions, cultures i experi\u00e8ncies, creant un ambient inclusiu on tothom se senti respectat i escoltat.<\/span><\/i><\/p>\n<h4><span style=\"color: #c41818;\">14. <\/span><b><span style=\"color: #000000;\">\u00das de les tecnologies:<\/span>\u00a0<\/b><\/h4>\n<p><i><span style=\"font-weight: 400;\">Integrant tecnologies emergents en el pla d\u2019estudis, apostem per la formaci\u00f3 cont\u00ednua del professorat per promoure la compet\u00e8ncia digital.<\/span><\/i><\/p>\n<h4><span style=\"color: #c41818;\">15. <\/span><span style=\"color: #000000;\"><b><i>Pensament cr\u00edtic i di\u00e0leg<\/i><\/b><\/span><i><span style=\"font-weight: 400;\"><span style=\"color: #000000;\">:<\/span>\u00a0<\/span><\/i><\/h4>\n<p><i><span style=\"font-weight: 400;\">Fomentem el pensament cr\u00edtic, el di\u00e0leg respectu\u00f3s i la lliure expressi\u00f3 d\u2019idees, impulsant la reflexi\u00f3 i el respecte cap als altres.<\/span><\/i><\/p>\n<h4><span style=\"color: #c41818;\">16. <\/span><span style=\"color: #000000;\"><b>Treball cooperatiu:\u00a0<\/b><\/span><\/h4>\n<p><i><span style=\"font-weight: 400;\">Valorem el treball en equip per establir relacions d\u2019aprenentatge entre iguals i afavorir la interacci\u00f3 i l\u2019educaci\u00f3 m\u00fatua.<\/span><\/i><\/p>\n<h4><span style=\"color: #c41818;\">17. <\/span><b><span style=\"color: #000000;\">Enfocament globalitzat:<\/span>\u00a0<\/b><\/h4>\n<p><i><span style=\"font-weight: 400;\">Promovem el treball per projectes interdisciplinaris, estimulant l\u2019autonomia, la investigaci\u00f3 i la transfer\u00e8ncia de coneixements.<\/span><\/i><\/p>\n<h4><span style=\"color: #c41818;\">18. <\/span><b><span style=\"color: #000000;\">Projecte ling\u00fc\u00edstic:<\/span>\u00a0<\/b><\/h4>\n<p><i><span style=\"font-weight: 400;\">Treballem el tractament de les lleng\u00fces d\u2019acord amb el marc legal i les necessitats espec\u00edfiques del centre, amb l\u2019objectiu de potenciar la compet\u00e8ncia pluriling\u00fce dels alumnes.<\/span><\/i><\/p>\n<p><img loading=\"lazy\" decoding=\"async\" class=\"aligncenter size-full wp-image-10954\" src=\"https:\/\/agora.xtec.cat\/iesbernatmetge\/wp-content\/uploads\/usu327\/2025\/01\/4184f681-32db-4be8-9292-558e47866d9d.jpg\" alt=\"\" width=\"1009\" height=\"286\" srcset=\"https:\/\/agora.xtec.cat\/iesbernatmetge\/wp-content\/uploads\/usu327\/2025\/01\/4184f681-32db-4be8-9292-558e47866d9d.jpg 1009w, https:\/\/agora.xtec.cat\/iesbernatmetge\/wp-content\/uploads\/usu327\/2025\/01\/4184f681-32db-4be8-9292-558e47866d9d-300x85.jpg 300w, https:\/\/agora.xtec.cat\/iesbernatmetge\/wp-content\/uploads\/usu327\/2025\/01\/4184f681-32db-4be8-9292-558e47866d9d-768x218.jpg 768w\" sizes=\"auto, (max-width: 1009px) 100vw, 1009px\" \/><\/p>\n","protected":false},"excerpt":{"rendered":"<p>1. Lleng\u00fces d\u2019aprenentatge:\u00a0<br \/>\nEl catal\u00e0 \u00e9s la llengua vehicular del centre, i treballem per garantir eL domini del catal\u00e0, castell\u00e0 i angl\u00e8s, afavorint la compet\u00e8ncia pluriling\u00fce.<br \/>\n2. Atenci\u00f3 a les necessitats de l\u2019alumnat:\u00a0<br \/>\nCentrem l\u2019acci\u00f3 educativa en les necessitats individuals de cada alumne, promovent la seva iniciativa i&hellip;  <a href=\"https:\/\/agora.xtec.cat\/iesbernatmetge\/linstitut\/trets-didentitat\/\" title=\"Read Trets d&#8217;identitat\">Llegeix m\u00e9s\u00bb<\/a><\/p>\n","protected":false},"author":1,"featured_media":0,"parent":19,"menu_order":3,"comment_status":"closed","ping_status":"closed","template":"page-templates\/side-menu.php","meta":{"_bbp_topic_count":0,"_bbp_reply_count":0,"_bbp_total_topic_count":0,"_bbp_total_reply_count":0,"_bbp_voice_count":0,"_bbp_anonymous_reply_count":0,"_bbp_topic_count_hidden":0,"_bbp_reply_count_hidden":0,"_bbp_forum_subforum_count":0,"footnotes":""},"class_list":["post-10916","page","type-page","status-publish","hentry"],"post_mailing_queue_ids":[],"_links":{"self":[{"href":"https:\/\/agora.xtec.cat\/iesbernatmetge\/wp-json\/wp\/v2\/pages\/10916","targetHints":{"allow":["GET"]}}],"collection":[{"href":"https:\/\/agora.xtec.cat\/iesbernatmetge\/wp-json\/wp\/v2\/pages"}],"about":[{"href":"https:\/\/agora.xtec.cat\/iesbernatmetge\/wp-json\/wp\/v2\/types\/page"}],"author":[{"embeddable":true,"href":"https:\/\/agora.xtec.cat\/iesbernatmetge\/wp-json\/wp\/v2\/users\/1"}],"replies":[{"embeddable":true,"href":"https:\/\/agora.xtec.cat\/iesbernatmetge\/wp-json\/wp\/v2\/comments?post=10916"}],"version-history":[{"count":3,"href":"https:\/\/agora.xtec.cat\/iesbernatmetge\/wp-json\/wp\/v2\/pages\/10916\/revisions"}],"predecessor-version":[{"id":10955,"href":"https:\/\/agora.xtec.cat\/iesbernatmetge\/wp-json\/wp\/v2\/pages\/10916\/revisions\/10955"}],"up":[{"embeddable":true,"href":"https:\/\/agora.xtec.cat\/iesbernatmetge\/wp-json\/wp\/v2\/pages\/19"}],"wp:attachment":[{"href":"https:\/\/agora.xtec.cat\/iesbernatmetge\/wp-json\/wp\/v2\/media?parent=10916"}],"curies":[{"name":"wp","href":"https:\/\/api.w.org\/{rel}","templated":true}]}}