{"id":46,"date":"2014-09-17T16:53:45","date_gmt":"2014-09-17T16:53:45","guid":{"rendered":"http:\/\/agora.xtec.cat\/iesbellvitge\/?page_id=46"},"modified":"2025-11-04T11:32:24","modified_gmt":"2025-11-04T10:32:24","slug":"departaments","status":"publish","type":"page","link":"https:\/\/agora.xtec.cat\/iesbellvitge\/linstitut\/departaments\/","title":{"rendered":"Departaments"},"content":{"rendered":"\n<h2 class=\"wp-block-heading\">Direcci\u00f3<\/h2>\n\n\n<ul>\n<li><strong>Directora<\/strong>: Adela Barreda<\/li>\n<li><strong>Cap d&#8217;estudis<\/strong>: Dani L\u00f3pez<\/li>\n<li><strong>Coordinaci\u00f3 Pedag\u00f2gica<\/strong>: Pol Sol\u00e9<\/li>\n<li><strong>Secretari:<\/strong> Andr\u00e9s Palomares<\/li>\n<\/ul>\n\n\n<h2 class=\"wp-block-heading\">\u00c0mbits<\/h2>\n\n\n<ul class=\"wp-block-page-list\"><li class=\"wp-block-pages-list__item\"><a class=\"wp-block-pages-list__item__link\" href=\"https:\/\/agora.xtec.cat\/iesbellvitge\/linstitut\/departaments\/departament-deducacio-fisica\/\">Departament d&#8217;Educaci\u00f3 F\u00edsica<\/a><\/li><li class=\"wp-block-pages-list__item\"><a class=\"wp-block-pages-list__item__link\" href=\"https:\/\/agora.xtec.cat\/iesbellvitge\/linstitut\/departaments\/departament-de-castella\/\">Departament de Castell\u00e0<\/a><\/li><li class=\"wp-block-pages-list__item\"><a class=\"wp-block-pages-list__item__link\" href=\"https:\/\/agora.xtec.cat\/iesbellvitge\/linstitut\/departaments\/departament-catala\/\">Departament de Catal\u00e0<\/a><\/li><li class=\"wp-block-pages-list__item\"><a class=\"wp-block-pages-list__item__link\" href=\"https:\/\/agora.xtec.cat\/iesbellvitge\/linstitut\/departaments\/departametn-de-ciencies-experimentals\/\">Departament de Ci\u00e8ncies Experimentals.<\/a><\/li><li class=\"wp-block-pages-list__item\"><a class=\"wp-block-pages-list__item__link\" href=\"https:\/\/agora.xtec.cat\/iesbellvitge\/linstitut\/departaments\/departament-de-ciencies-socials\/\">Departament de Ci\u00e8ncies Socials<\/a><\/li><li class=\"wp-block-pages-list__item\"><a class=\"wp-block-pages-list__item__link\" href=\"https:\/\/agora.xtec.cat\/iesbellvitge\/linstitut\/departaments\/departament-de-llati\/\">Departament de Llat\u00ed<\/a><\/li><li class=\"wp-block-pages-list__item\"><a class=\"wp-block-pages-list__item__link\" href=\"https:\/\/agora.xtec.cat\/iesbellvitge\/linstitut\/departaments\/departament-de-llengues-estrangeres\/\">Departament de Lleng\u00fces Estrangeres<\/a><\/li><li class=\"wp-block-pages-list__item\"><a class=\"wp-block-pages-list__item__link\" href=\"https:\/\/agora.xtec.cat\/iesbellvitge\/linstitut\/departaments\/departament-de-matematiques\/\">Departament de Matem\u00e0tiques<\/a><\/li><li class=\"wp-block-pages-list__item\"><a class=\"wp-block-pages-list__item__link\" href=\"https:\/\/agora.xtec.cat\/iesbellvitge\/linstitut\/departaments\/departament-de-musica\/\">Departament de M\u00fasica<\/a><\/li><li class=\"wp-block-pages-list__item\"><a class=\"wp-block-pages-list__item__link\" href=\"https:\/\/agora.xtec.cat\/iesbellvitge\/linstitut\/departaments\/departament-de-tecnologia\/\">Departament de Tecnologia<\/a><\/li><li class=\"wp-block-pages-list__item\"><a class=\"wp-block-pages-list__item__link\" href=\"https:\/\/agora.xtec.cat\/iesbellvitge\/linstitut\/departaments\/departament-de-visual-i-plastica\/\">Departament de Visual i Pl\u00e0stica<\/a><\/li><\/ul>\n\n\n<h2 class=\"wp-block-heading\">PAS<\/h2>\n\n\n\n<h3 class=\"wp-block-heading\">Consergeria<\/h3>\n\n\n\n<h3 class=\"wp-block-heading\">Secretaria<\/h3>\n","protected":false},"excerpt":{"rendered":"<p>Direcci\u00f3 Directora: Adela Barreda Cap d&#8217;estudis: Dani L\u00f3pez Coordinaci\u00f3 Pedag\u00f2gica: Pol Sol\u00e9 Secretari: Andr\u00e9s Palomares \u00c0mbits PAS Consergeria Secretaria<\/p>\n","protected":false},"author":1,"featured_media":0,"parent":19,"menu_order":50,"comment_status":"closed","ping_status":"closed","template":"","meta":{"site-sidebar-layout":"default","site-content-layout":"","ast-site-content-layout":"default","site-content-style":"default","site-sidebar-style":"default","ast-global-header-display":"","ast-banner-title-visibility":"","ast-main-header-display":"","ast-hfb-above-header-display":"","ast-hfb-below-header-display":"","ast-hfb-mobile-header-display":"","site-post-title":"","ast-breadcrumbs-content":"","ast-featured-img":"","footer-sml-layout":"","theme-transparent-header-meta":"","adv-header-id-meta":"","stick-header-meta":"","header-above-stick-meta":"","header-main-stick-meta":"","header-below-stick-meta":"","astra-migrate-meta-layouts":"set","ast-page-background-enabled":"default","ast-page-background-meta":{"desktop":{"background-color":"var(--ast-global-color-4)","background-image":"","background-repeat":"repeat","background-position":"center center","background-size":"auto","background-attachment":"scroll","background-type":"","background-media":"","overlay-type":"","overlay-color":"","overlay-opacity":"","overlay-gradient":""},"tablet":{"background-color":"","background-image":"","background-repeat":"repeat","background-position":"center center","background-size":"auto","background-attachment":"scroll","background-type":"","background-media":"","overlay-type":"","overlay-color":"","overlay-opacity":"","overlay-gradient":""},"mobile":{"background-color":"","background-image":"","background-repeat":"repeat","background-position":"center center","background-size":"auto","background-attachment":"scroll","background-type":"","background-media":"","overlay-type":"","overlay-color":"","overlay-opacity":"","overlay-gradient":""}},"ast-content-background-meta":{"desktop":{"background-color":"var(--ast-global-color-5)","background-image":"","background-repeat":"repeat","background-position":"center center","background-size":"auto","background-attachment":"scroll","background-type":"","background-media":"","overlay-type":"","overlay-color":"","overlay-opacity":"","overlay-gradient":""},"tablet":{"background-color":"var(--ast-global-color-5)","background-image":"","background-repeat":"repeat","background-position":"center center","background-size":"auto","background-attachment":"scroll","background-type":"","background-media":"","overlay-type":"","overlay-color":"","overlay-opacity":"","overlay-gradient":""},"mobile":{"background-color":"var(--ast-global-color-5)","background-image":"","background-repeat":"repeat","background-position":"center center","background-size":"auto","background-attachment":"scroll","background-type":"","background-media":"","overlay-type":"","overlay-color":"","overlay-opacity":"","overlay-gradient":""}},"footnotes":""},"class_list":["post-46","page","type-page","status-publish","hentry"],"post_mailing_queue_ids":[],"_links":{"self":[{"href":"https:\/\/agora.xtec.cat\/iesbellvitge\/wp-json\/wp\/v2\/pages\/46","targetHints":{"allow":["GET"]}}],"collection":[{"href":"https:\/\/agora.xtec.cat\/iesbellvitge\/wp-json\/wp\/v2\/pages"}],"about":[{"href":"https:\/\/agora.xtec.cat\/iesbellvitge\/wp-json\/wp\/v2\/types\/page"}],"author":[{"embeddable":true,"href":"https:\/\/agora.xtec.cat\/iesbellvitge\/wp-json\/wp\/v2\/users\/1"}],"replies":[{"embeddable":true,"href":"https:\/\/agora.xtec.cat\/iesbellvitge\/wp-json\/wp\/v2\/comments?post=46"}],"version-history":[{"count":4,"href":"https:\/\/agora.xtec.cat\/iesbellvitge\/wp-json\/wp\/v2\/pages\/46\/revisions"}],"predecessor-version":[{"id":18106,"href":"https:\/\/agora.xtec.cat\/iesbellvitge\/wp-json\/wp\/v2\/pages\/46\/revisions\/18106"}],"up":[{"embeddable":true,"href":"https:\/\/agora.xtec.cat\/iesbellvitge\/wp-json\/wp\/v2\/pages\/19"}],"wp:attachment":[{"href":"https:\/\/agora.xtec.cat\/iesbellvitge\/wp-json\/wp\/v2\/media?parent=46"}],"curies":[{"name":"wp","href":"https:\/\/api.w.org\/{rel}","templated":true}]}}