{"id":43,"date":"2014-09-17T16:45:07","date_gmt":"2014-09-17T16:45:07","guid":{"rendered":"http:\/\/agora.xtec.cat\/iesbellvitge\/?page_id=43"},"modified":"2025-08-01T18:56:11","modified_gmt":"2025-08-01T16:56:11","slug":"documents","status":"publish","type":"page","link":"https:\/\/agora.xtec.cat\/iesbellvitge\/linstitut\/documents\/","title":{"rendered":"Documents"},"content":{"rendered":"\n<div class=\"wp-block-columns is-layout-flex wp-container-core-columns-is-layout-4 wp-block-columns-is-layout-flex\">\n<div class=\"wp-block-column is-layout-flow wp-block-column-is-layout-flow\" style=\"flex-basis:20%\">\n<details class=\"wp-block-details is-layout-flow wp-block-details-is-layout-flow\"><summary>Documents<\/summary>\n<p>Projecte educatiu de Centre (PEC)<\/p>\n\n\n\n<p>Normativa d&#8217;organitzaci\u00f3 i funcionament del centre (NOFC)<\/p>\n\n\n\n<p>Estrat\u00e8gia digital de centre (EDC)<\/p>\n\n\n\n<p>Projecte Ling\u00fc\u00edstic de Centre (PLC)<\/p>\n<\/details>\n<\/div>\n\n\n\n<div class=\"wp-block-column is-layout-flow wp-block-column-is-layout-flow\" style=\"flex-basis:66.66%\">\n<div class=\"wp-block-columns is-layout-flex wp-container-core-columns-is-layout-1 wp-block-columns-is-layout-flex\">\n<div class=\"wp-block-column is-layout-flow wp-block-column-is-layout-flow\">\n<div class=\"wp-block-getwid-icon is-aligned-center\"><div class=\"wp-block-getwid-icon__wrapper\"><i class=\"fas fa-file-alt\"><\/i><\/div><\/div>\n\n\n\n<h2 class=\"wp-block-heading has-text-align-center has-medium-font-size\">Projecte educatiu de Centre (PEC)<\/h2>\n<\/div>\n\n\n\n<div class=\"wp-block-column is-layout-flow wp-block-column-is-layout-flow\">\n<div class=\"wp-block-getwid-icon is-aligned-center\"><div class=\"wp-block-getwid-icon__wrapper has-text-color has-ast-global-color-1-color\"><i class=\"far fa-file-alt\"><\/i><\/div><\/div>\n\n\n\n<h2 class=\"wp-block-heading has-text-align-center has-medium-font-size\">Normativa d&#8217;organitzaci\u00f3 i funcionament del centre (NOFC)<\/h2>\n<\/div>\n\n\n\n<div class=\"wp-block-column is-layout-flow wp-block-column-is-layout-flow\">\n<div class=\"wp-block-getwid-icon is-aligned-center\"><div class=\"wp-block-getwid-icon__wrapper\"><i class=\"fas fa-laptop\"><\/i><\/div><\/div>\n\n\n\n<h2 class=\"wp-block-heading has-text-align-center has-medium-font-size\">Estrat\u00e8gia digital de centre (EDC)<\/h2>\n<\/div>\n<\/div>\n\n\n\n<div class=\"wp-block-columns is-layout-flex wp-container-core-columns-is-layout-2 wp-block-columns-is-layout-flex\">\n<div class=\"wp-block-column is-layout-flow wp-block-column-is-layout-flow\">\n<div class=\"wp-block-getwid-icon is-aligned-center\"><div class=\"wp-block-getwid-icon__wrapper has-text-color has-ast-global-color-1-color\"><i class=\"fas fa-comment\"><\/i><\/div><\/div>\n\n\n\n<h2 class=\"wp-block-heading has-text-align-center has-medium-font-size\">Projecte Ling\u00fc\u00edstic de Centre (PLC)<\/h2>\n<\/div>\n\n\n\n<div class=\"wp-block-column is-layout-flow wp-block-column-is-layout-flow\">\n<div class=\"wp-block-getwid-icon is-aligned-center\"><div class=\"wp-block-getwid-icon__wrapper\"><i class=\"fab fa-hotjar\"><\/i><\/div><\/div>\n\n\n\n<h2 class=\"wp-block-heading has-text-align-center has-medium-font-size\">Pla d&#8217;emerg\u00e8ncia<\/h2>\n<\/div>\n\n\n\n<div class=\"wp-block-column is-layout-flow wp-block-column-is-layout-flow\">\n<div class=\"wp-block-getwid-icon is-aligned-center\"><div class=\"wp-block-getwid-icon__wrapper has-text-color has-ast-global-color-1-color\"><i class=\"far fa-calendar-alt\"><\/i><\/div><\/div>\n\n\n\n<h2 class=\"wp-block-heading has-text-align-center has-medium-font-size\">Programacions departaments<\/h2>\n<\/div>\n<\/div>\n\n\n\n<div class=\"wp-block-columns is-layout-flex wp-container-core-columns-is-layout-3 wp-block-columns-is-layout-flex\">\n<div class=\"wp-block-column is-layout-flow wp-block-column-is-layout-flow\">\n<div class=\"wp-block-getwid-icon is-aligned-center\"><div class=\"wp-block-getwid-icon__wrapper has-text-color has-ast-global-color-2-color\"><i class=\"fas fa-user-friends\"><\/i><\/div><\/div>\n\n\n\n<h2 class=\"wp-block-heading has-text-align-center has-medium-font-size\">Projecte de conviv\u00e8ncia<\/h2>\n<\/div>\n\n\n\n<div class=\"wp-block-column is-layout-flow wp-block-column-is-layout-flow\">\n<div class=\"wp-block-getwid-icon is-aligned-center\"><div class=\"wp-block-getwid-icon__wrapper has-text-color has-ast-global-color-1-color\"><i class=\"far fa-calendar-check\"><\/i><\/div><\/div>\n\n\n\n<h2 class=\"wp-block-heading has-text-align-center has-medium-font-size\">Model Justificaci\u00f3 faltes d&#8217;assist\u00e8ncia<\/h2>\n<\/div>\n\n\n\n<div class=\"wp-block-column is-layout-flow wp-block-column-is-layout-flow\">\n<div class=\"wp-block-getwid-icon is-aligned-center\"><div class=\"wp-block-getwid-icon__wrapper has-text-color has-ast-global-color-2-color\"><i class=\"far fa-calendar-check\"><\/i><\/div><\/div>\n\n\n\n<h2 class=\"wp-block-heading has-text-align-center has-medium-font-size\">Model perm\u00eds sortida<\/h2>\n<\/div>\n<\/div>\n<\/div>\n<\/div>\n","protected":false},"excerpt":{"rendered":"<p>Projecte educatiu de Centre (PEC) Normativa d&#8217;organitzaci\u00f3 i funcionament del centre (NOFC) Estrat\u00e8gia digital de centre (EDC) Projecte Ling\u00fc\u00edstic de [&hellip;]<\/p>\n","protected":false},"author":1,"featured_media":0,"parent":19,"menu_order":40,"comment_status":"closed","ping_status":"closed","template":"","meta":{"site-sidebar-layout":"default","site-content-layout":"","ast-site-content-layout":"default","site-content-style":"default","site-sidebar-style":"default","ast-global-header-display":"","ast-banner-title-visibility":"","ast-main-header-display":"","ast-hfb-above-header-display":"","ast-hfb-below-header-display":"","ast-hfb-mobile-header-display":"","site-post-title":"","ast-breadcrumbs-content":"","ast-featured-img":"","footer-sml-layout":"","theme-transparent-header-meta":"","adv-header-id-meta":"","stick-header-meta":"","header-above-stick-meta":"","header-main-stick-meta":"","header-below-stick-meta":"","astra-migrate-meta-layouts":"set","ast-page-background-enabled":"default","ast-page-background-meta":{"desktop":{"background-color":"var(--ast-global-color-4)","background-image":"","background-repeat":"repeat","background-position":"center center","background-size":"auto","background-attachment":"scroll","background-type":"","background-media":"","overlay-type":"","overlay-color":"","overlay-opacity":"","overlay-gradient":""},"tablet":{"background-color":"","background-image":"","background-repeat":"repeat","background-position":"center center","background-size":"auto","background-attachment":"scroll","background-type":"","background-media":"","overlay-type":"","overlay-color":"","overlay-opacity":"","overlay-gradient":""},"mobile":{"background-color":"","background-image":"","background-repeat":"repeat","background-position":"center center","background-size":"auto","background-attachment":"scroll","background-type":"","background-media":"","overlay-type":"","overlay-color":"","overlay-opacity":"","overlay-gradient":""}},"ast-content-background-meta":{"desktop":{"background-color":"var(--ast-global-color-5)","background-image":"","background-repeat":"repeat","background-position":"center center","background-size":"auto","background-attachment":"scroll","background-type":"","background-media":"","overlay-type":"","overlay-color":"","overlay-opacity":"","overlay-gradient":""},"tablet":{"background-color":"var(--ast-global-color-5)","background-image":"","background-repeat":"repeat","background-position":"center center","background-size":"auto","background-attachment":"scroll","background-type":"","background-media":"","overlay-type":"","overlay-color":"","overlay-opacity":"","overlay-gradient":""},"mobile":{"background-color":"var(--ast-global-color-5)","background-image":"","background-repeat":"repeat","background-position":"center center","background-size":"auto","background-attachment":"scroll","background-type":"","background-media":"","overlay-type":"","overlay-color":"","overlay-opacity":"","overlay-gradient":""}},"footnotes":""},"class_list":["post-43","page","type-page","status-publish","hentry"],"post_mailing_queue_ids":[],"_links":{"self":[{"href":"https:\/\/agora.xtec.cat\/iesbellvitge\/wp-json\/wp\/v2\/pages\/43","targetHints":{"allow":["GET"]}}],"collection":[{"href":"https:\/\/agora.xtec.cat\/iesbellvitge\/wp-json\/wp\/v2\/pages"}],"about":[{"href":"https:\/\/agora.xtec.cat\/iesbellvitge\/wp-json\/wp\/v2\/types\/page"}],"author":[{"embeddable":true,"href":"https:\/\/agora.xtec.cat\/iesbellvitge\/wp-json\/wp\/v2\/users\/1"}],"replies":[{"embeddable":true,"href":"https:\/\/agora.xtec.cat\/iesbellvitge\/wp-json\/wp\/v2\/comments?post=43"}],"version-history":[{"count":6,"href":"https:\/\/agora.xtec.cat\/iesbellvitge\/wp-json\/wp\/v2\/pages\/43\/revisions"}],"predecessor-version":[{"id":17855,"href":"https:\/\/agora.xtec.cat\/iesbellvitge\/wp-json\/wp\/v2\/pages\/43\/revisions\/17855"}],"up":[{"embeddable":true,"href":"https:\/\/agora.xtec.cat\/iesbellvitge\/wp-json\/wp\/v2\/pages\/19"}],"wp:attachment":[{"href":"https:\/\/agora.xtec.cat\/iesbellvitge\/wp-json\/wp\/v2\/media?parent=43"}],"curies":[{"name":"wp","href":"https:\/\/api.w.org\/{rel}","templated":true}]}}