{"id":27,"date":"2014-09-17T16:24:03","date_gmt":"2014-09-17T16:24:03","guid":{"rendered":"http:\/\/agora.xtec.cat\/iesbellvitge\/?page_id=27"},"modified":"2025-07-31T19:19:54","modified_gmt":"2025-07-31T17:19:54","slug":"historia","status":"publish","type":"page","link":"https:\/\/agora.xtec.cat\/iesbellvitge\/linstitut\/historia\/","title":{"rendered":"Qui som?"},"content":{"rendered":"<p>L\u2019<strong>Institut Bellvitge<\/strong> de l\u2019Hospitalet de Llobregat compta amb m\u00e9s de quatre d\u00e8cades d\u2019hist\u00f2ria. El nostre centre continua sent un institut arrelat al barri, que ofereix di\u00e0riament un marc d\u2019aprenentatge i de conviv\u00e8ncia al nostre alumnat i que treballa per oferir una educaci\u00f3 acad\u00e8mica i humana de m\u00e0xima qualitat.<\/p>\n<p>El centre imparteix els ensenyaments d\u2019<strong>Educaci\u00f3 Secund\u00e0ria Obligat\u00f2ria<\/strong>, amb una dotaci\u00f3\u00a0<strong>Suport Intensiu Escolaritzaci\u00f3 Inclusiva<\/strong>\u00a0(SIEI),\u00a0<strong>la totalitat de les modalitats de Batxillerat: Arts, Ci\u00e8ncies i Tecnologia i Humanitats i Ci\u00e8ncies Socials<\/strong>\u00a0i un\u00a0<strong>Programa de Formaci\u00f3 i Inserci\u00f3<\/strong> (PFI: Comer\u00e7).<\/p>\n<p>\u00a0<\/p>\n<p><span style=\"font-size: revert; background-color: rgba(0, 0, 0, 0); font-weight: inherit;\">L\u2019Institut es defineix inclusiu, no discriminatori, democr\u00e0tic, laic, catal\u00e0, respectu\u00f3s amb totes les creences, cultures i ideologies en el marc de la conviv\u00e8ncia democr\u00e0tica, cur\u00f3s amb el medi ambient.<\/span><\/p>\n<p>L\u2019Institut Bellvitge t\u00e9 la responsabilitat de formar l\u2019alumnat en el marc de la toler\u00e0ncia, la llibertat, la responsabilitat i el di\u00e0leg, valors propis d\u2019una societat plural.\u00a0<strong>Aquesta responsabilitat ha de ser especialment compartida amb les fam\u00edlies per aconseguir del nostre alumnat la millor formaci\u00f3 humana i acad\u00e8mica possible.<\/strong><\/p>\n\n\n<p><\/p>\n","protected":false},"excerpt":{"rendered":"<p>L\u2019Institut Bellvitge de l\u2019Hospitalet de Llobregat compta amb m\u00e9s de quatre d\u00e8cades d\u2019hist\u00f2ria. El nostre centre continua sent un institut [&hellip;]<\/p>\n","protected":false},"author":1,"featured_media":0,"parent":19,"menu_order":20,"comment_status":"closed","ping_status":"closed","template":"","meta":{"site-sidebar-layout":"default","site-content-layout":"","ast-site-content-layout":"default","site-content-style":"default","site-sidebar-style":"default","ast-global-header-display":"","ast-banner-title-visibility":"","ast-main-header-display":"","ast-hfb-above-header-display":"","ast-hfb-below-header-display":"","ast-hfb-mobile-header-display":"","site-post-title":"","ast-breadcrumbs-content":"","ast-featured-img":"","footer-sml-layout":"","theme-transparent-header-meta":"","adv-header-id-meta":"","stick-header-meta":"","header-above-stick-meta":"","header-main-stick-meta":"","header-below-stick-meta":"","astra-migrate-meta-layouts":"set","ast-page-background-enabled":"default","ast-page-background-meta":{"desktop":{"background-color":"var(--ast-global-color-4)","background-image":"","background-repeat":"repeat","background-position":"center center","background-size":"auto","background-attachment":"scroll","background-type":"","background-media":"","overlay-type":"","overlay-color":"","overlay-opacity":"","overlay-gradient":""},"tablet":{"background-color":"","background-image":"","background-repeat":"repeat","background-position":"center center","background-size":"auto","background-attachment":"scroll","background-type":"","background-media":"","overlay-type":"","overlay-color":"","overlay-opacity":"","overlay-gradient":""},"mobile":{"background-color":"","background-image":"","background-repeat":"repeat","background-position":"center center","background-size":"auto","background-attachment":"scroll","background-type":"","background-media":"","overlay-type":"","overlay-color":"","overlay-opacity":"","overlay-gradient":""}},"ast-content-background-meta":{"desktop":{"background-color":"var(--ast-global-color-5)","background-image":"","background-repeat":"repeat","background-position":"center center","background-size":"auto","background-attachment":"scroll","background-type":"","background-media":"","overlay-type":"","overlay-color":"","overlay-opacity":"","overlay-gradient":""},"tablet":{"background-color":"var(--ast-global-color-5)","background-image":"","background-repeat":"repeat","background-position":"center center","background-size":"auto","background-attachment":"scroll","background-type":"","background-media":"","overlay-type":"","overlay-color":"","overlay-opacity":"","overlay-gradient":""},"mobile":{"background-color":"var(--ast-global-color-5)","background-image":"","background-repeat":"repeat","background-position":"center center","background-size":"auto","background-attachment":"scroll","background-type":"","background-media":"","overlay-type":"","overlay-color":"","overlay-opacity":"","overlay-gradient":""}},"footnotes":""},"class_list":["post-27","page","type-page","status-publish","hentry"],"post_mailing_queue_ids":[],"_links":{"self":[{"href":"https:\/\/agora.xtec.cat\/iesbellvitge\/wp-json\/wp\/v2\/pages\/27","targetHints":{"allow":["GET"]}}],"collection":[{"href":"https:\/\/agora.xtec.cat\/iesbellvitge\/wp-json\/wp\/v2\/pages"}],"about":[{"href":"https:\/\/agora.xtec.cat\/iesbellvitge\/wp-json\/wp\/v2\/types\/page"}],"author":[{"embeddable":true,"href":"https:\/\/agora.xtec.cat\/iesbellvitge\/wp-json\/wp\/v2\/users\/1"}],"replies":[{"embeddable":true,"href":"https:\/\/agora.xtec.cat\/iesbellvitge\/wp-json\/wp\/v2\/comments?post=27"}],"version-history":[{"count":1,"href":"https:\/\/agora.xtec.cat\/iesbellvitge\/wp-json\/wp\/v2\/pages\/27\/revisions"}],"predecessor-version":[{"id":17805,"href":"https:\/\/agora.xtec.cat\/iesbellvitge\/wp-json\/wp\/v2\/pages\/27\/revisions\/17805"}],"up":[{"embeddable":true,"href":"https:\/\/agora.xtec.cat\/iesbellvitge\/wp-json\/wp\/v2\/pages\/19"}],"wp:attachment":[{"href":"https:\/\/agora.xtec.cat\/iesbellvitge\/wp-json\/wp\/v2\/media?parent=27"}],"curies":[{"name":"wp","href":"https:\/\/api.w.org\/{rel}","templated":true}]}}