{"id":195,"date":"2014-09-22T10:39:39","date_gmt":"2014-09-22T10:39:39","guid":{"rendered":"http:\/\/agora.xtec.cat\/iesbellvitge\/?page_id=195"},"modified":"2015-07-28T09:14:01","modified_gmt":"2015-07-28T08:14:01","slug":"estudis","status":"publish","type":"page","link":"https:\/\/agora.xtec.cat\/iesbellvitge\/estudis\/","title":{"rendered":"Estudis"},"content":{"rendered":"<p>A l&#8217;espai d&#8217;<strong>oferta formativa<\/strong>, \u00e9s important incloure la informaci\u00f3 espec\u00edfica per a cadascuna de les etapes o cicles educatius que ofereix el centre. En els corresponents nivells es podr\u00e0 introduir la informaci\u00f3 relativa a:<\/p>\n<ul>\n<li>llibres de text i lectures obligat\u00f2ries<\/li>\n<li>cr\u00e8dits<\/li>\n<li>mat\u00e8ries optatives<\/li>\n<li>cr\u00e8dit de s\u00edntesi<\/li>\n<li>treball de recerca<\/li>\n<li>viatge d&#8217;estudis<\/li>\n<li>exemples d&#8217;ex\u00e0mens<\/li>\n<li>itineraris universitaris<\/li>\n<li>pr\u00e0ctiques a empreses (FCT)<\/li>\n<li>projectes de mobilitat<\/li>\n<li>mesures flexibilitzadores: servei d&#8217;assessorament, servei de reconeixement acad\u00e8mic, formaci\u00f3 dual,&#8230;<\/li>\n<li>cursos espec\u00edfics i de preparaci\u00f3<\/li>\n<\/ul>\n<p style=\"color: #444444;\">Cadascun dels cicles o etapes educatives\u00a0t\u00e9 un\u00a0espai propi, que es crea mitjan\u00e7ant les categories, sense necessitat de crear una &#8220;P\u00e0gina&#8221; nova.\u00a0Les categories es defineixen des del men\u00fa de les entrades del blog. Paral\u00b7lelament als cicles o etapes educatives\u00a0tamb\u00e9 es poden definir m\u00e9s categories i, d&#8217;aquesta manera afegir p\u00e0gines al nivell de navegaci\u00f3 d'&#8221;Oferta formativa&#8221;.<\/p>\n<header class=\"entry-header\" style=\"color: #444444;\">\n<h1 class=\"entry-title\" style=\"font-weight: 400; color: #087eb6;\">ESO<\/h1>\n<\/header>\n<div class=\"entry-content\" style=\"color: #444444;\">\n<ul>\n<li>llibres de text i lectures obligat\u00f2ries<\/li>\n<li>cr\u00e8dits<\/li>\n<li>mat\u00e8ries optatives<\/li>\n<li>sol\u00b7licitud afiliaci\u00f3 SS<\/li>\n<li>servei comunitari<\/li>\n<li>cr\u00e8dit de s\u00edntesi<\/li>\n<li>treball de recerca<\/li>\n<li>viatge d\u2019estudis<\/li>\n<\/ul>\n<header class=\"entry-header\">\n<h1 class=\"entry-title\" style=\"font-weight: 400; color: #087eb6;\">Batxillerat<\/h1>\n<\/header>\n<div class=\"entry-content\">\n<ul>\n<li>llibres de text i lectures obligat\u00f2ries<\/li>\n<li>PAU (notes de tall, calendari, ponderacions, exemples ex\u00e0mens, itineraris universitaris,\u2026)<\/li>\n<\/ul>\n<\/div>\n<\/div>\n<header class=\"entry-header\" style=\"color: #444444;\">\n<h1 class=\"entry-title\" style=\"font-weight: 400; color: #087eb6;\">CFGM<\/h1>\n<\/header>\n<div class=\"entry-content\" style=\"color: #444444;\">\n<ul>\n<li>pr\u00e0ctiques a empreses (FCT)<\/li>\n<li>projectes de mobilitat<\/li>\n<li>mesures flexibilitzadores: servei d\u2019assessorament, servei de reconeixement acad\u00e8mic, formaci\u00f3 dual,\u2026<\/li>\n<\/ul>\n<header class=\"entry-header\">\n<h1 class=\"entry-title\" style=\"font-weight: 400; color: #087eb6;\">CFGS<\/h1>\n<\/header>\n<div class=\"entry-content\">\n<ul>\n<li>pr\u00e0ctiques a empreses (FCT)<\/li>\n<li>projectes de mobilitat<\/li>\n<li>mesures flexibilitzadores: servei d\u2019assessorament, servei de reconeixement acad\u00e8mic, formaci\u00f3 dual<\/li>\n<\/ul>\n<\/div>\n<\/div>\n","protected":false},"excerpt":{"rendered":"<p>A l&#8217;espai d&#8217;oferta formativa, \u00e9s important incloure la informaci\u00f3 espec\u00edfica per a cadascuna de les etapes o cicles educatius que [&hellip;]<\/p>\n","protected":false},"author":1,"featured_media":0,"parent":0,"menu_order":0,"comment_status":"closed","ping_status":"closed","template":"","meta":{"site-sidebar-layout":"default","site-content-layout":"","ast-site-content-layout":"","site-content-style":"default","site-sidebar-style":"default","ast-global-header-display":"","ast-banner-title-visibility":"","ast-main-header-display":"","ast-hfb-above-header-display":"","ast-hfb-below-header-display":"","ast-hfb-mobile-header-display":"","site-post-title":"","ast-breadcrumbs-content":"","ast-featured-img":"","footer-sml-layout":"","theme-transparent-header-meta":"","adv-header-id-meta":"","stick-header-meta":"","header-above-stick-meta":"","header-main-stick-meta":"","header-below-stick-meta":"","astra-migrate-meta-layouts":"default","ast-page-background-enabled":"default","ast-page-background-meta":{"desktop":{"background-color":"var(--ast-global-color-4)","background-image":"","background-repeat":"repeat","background-position":"center center","background-size":"auto","background-attachment":"scroll","background-type":"","background-media":"","overlay-type":"","overlay-color":"","overlay-opacity":"","overlay-gradient":""},"tablet":{"background-color":"","background-image":"","background-repeat":"repeat","background-position":"center center","background-size":"auto","background-attachment":"scroll","background-type":"","background-media":"","overlay-type":"","overlay-color":"","overlay-opacity":"","overlay-gradient":""},"mobile":{"background-color":"","background-image":"","background-repeat":"repeat","background-position":"center center","background-size":"auto","background-attachment":"scroll","background-type":"","background-media":"","overlay-type":"","overlay-color":"","overlay-opacity":"","overlay-gradient":""}},"ast-content-background-meta":{"desktop":{"background-color":"var(--ast-global-color-5)","background-image":"","background-repeat":"repeat","background-position":"center center","background-size":"auto","background-attachment":"scroll","background-type":"","background-media":"","overlay-type":"","overlay-color":"","overlay-opacity":"","overlay-gradient":""},"tablet":{"background-color":"var(--ast-global-color-5)","background-image":"","background-repeat":"repeat","background-position":"center center","background-size":"auto","background-attachment":"scroll","background-type":"","background-media":"","overlay-type":"","overlay-color":"","overlay-opacity":"","overlay-gradient":""},"mobile":{"background-color":"var(--ast-global-color-5)","background-image":"","background-repeat":"repeat","background-position":"center center","background-size":"auto","background-attachment":"scroll","background-type":"","background-media":"","overlay-type":"","overlay-color":"","overlay-opacity":"","overlay-gradient":""}},"footnotes":""},"class_list":["post-195","page","type-page","status-publish","hentry"],"post_mailing_queue_ids":[],"_links":{"self":[{"href":"https:\/\/agora.xtec.cat\/iesbellvitge\/wp-json\/wp\/v2\/pages\/195","targetHints":{"allow":["GET"]}}],"collection":[{"href":"https:\/\/agora.xtec.cat\/iesbellvitge\/wp-json\/wp\/v2\/pages"}],"about":[{"href":"https:\/\/agora.xtec.cat\/iesbellvitge\/wp-json\/wp\/v2\/types\/page"}],"author":[{"embeddable":true,"href":"https:\/\/agora.xtec.cat\/iesbellvitge\/wp-json\/wp\/v2\/users\/1"}],"replies":[{"embeddable":true,"href":"https:\/\/agora.xtec.cat\/iesbellvitge\/wp-json\/wp\/v2\/comments?post=195"}],"version-history":[{"count":0,"href":"https:\/\/agora.xtec.cat\/iesbellvitge\/wp-json\/wp\/v2\/pages\/195\/revisions"}],"wp:attachment":[{"href":"https:\/\/agora.xtec.cat\/iesbellvitge\/wp-json\/wp\/v2\/media?parent=195"}],"curies":[{"name":"wp","href":"https:\/\/api.w.org\/{rel}","templated":true}]}}