{"id":18037,"date":"2025-11-04T10:09:24","date_gmt":"2025-11-04T09:09:24","guid":{"rendered":"https:\/\/agora.xtec.cat\/iesbellvitge\/?page_id=18037"},"modified":"2025-11-04T10:33:01","modified_gmt":"2025-11-04T09:33:01","slug":"departament-de-llati","status":"publish","type":"page","link":"https:\/\/agora.xtec.cat\/iesbellvitge\/linstitut\/departaments\/departament-de-llati\/","title":{"rendered":"Departament de Llat\u00ed"},"content":{"rendered":"\n<div class=\"wp-block-columns is-layout-flex wp-container-core-columns-is-layout-3 wp-block-columns-is-layout-flex\">\n<div class=\"wp-block-column is-layout-flow wp-block-column-is-layout-flow\" style=\"flex-basis:66.66%\">\n<div class=\"wp-block-buttons is-layout-flex wp-block-buttons-is-layout-flex\">\n<div class=\"wp-block-button has-custom-width wp-block-button__width-100 has-custom-font-size has-large-font-size\"><a class=\"wp-block-button__link wp-element-button\" style=\"border-width:13px;border-radius:11px\">Professorat del Departament Llat\u00ed<\/a><\/div>\n<\/div>\n\n\n\n<div style=\"height:60px\" aria-hidden=\"true\" class=\"wp-block-spacer\"><\/div>\n\n\n\n<div class=\"wp-block-group is-horizontal is-content-justification-left is-nowrap is-layout-flex wp-container-core-group-is-layout-2 wp-block-group-is-layout-flex\" style=\"margin-top:0;margin-bottom:0;padding-top:var(--wp--preset--spacing--20);padding-bottom:var(--wp--preset--spacing--20)\">\n<div class=\"wp-block-columns wp-container-content-3 is-layout-flex wp-container-core-columns-is-layout-1 wp-block-columns-is-layout-flex\">\n<div class=\"wp-block-column is-vertically-aligned-center is-layout-constrained wp-block-column-is-layout-constrained\" style=\"flex-basis:5%\"><\/div>\n\n\n\n<div class=\"wp-block-column is-layout-constrained wp-container-core-column-is-layout-2 wp-block-column-is-layout-constrained\" style=\"flex-basis:35%\">\n<div class=\"wp-block-group is-nowrap is-layout-flex wp-container-core-group-is-layout-1 wp-block-group-is-layout-flex\" style=\"margin-top:0;margin-bottom:0;padding-top:0;padding-right:0;padding-bottom:0;padding-left:0\">\n<figure class=\"wp-block-image alignright size-full is-resized has-custom-border wp-container-content-1\" style=\"margin-top:0;margin-right:0;margin-bottom:0;margin-left:0\"><a href=\"https:\/\/agora.xtec.cat\/iesbellvitge\/wp-content\/uploads\/usu1070\/2025\/10\/LLAT-BARREDA-ADELA.jpeg\"><img decoding=\"async\" src=\"https:\/\/agora.xtec.cat\/iesbellvitge\/wp-content\/uploads\/usu1070\/2025\/10\/LLAT-BARREDA-ADELA.jpeg\" alt=\"\" class=\"wp-image-17948\" style=\"border-style:none;border-width:0px;border-radius:31px;object-fit:cover;width:60px;height:60px\"\/><\/a><\/figure>\n\n\n\n<div class=\"wp-block-buttons wp-container-content-2 is-layout-flex wp-block-buttons-is-layout-flex\">\n<div class=\"wp-block-button has-custom-width wp-block-button__width-100 has-custom-font-size has-medium-font-size\"><a class=\"wp-block-button__link has-black-color has-cyan-bluish-gray-background-color has-text-color has-background has-link-color wp-element-button\">Adela Barreda Pascual<\/a><\/div>\n<\/div>\n<\/div>\n<\/div>\n\n\n\n<div class=\"wp-block-column is-vertically-aligned-center is-content-justification-right is-layout-constrained wp-container-core-column-is-layout-3 wp-block-column-is-layout-constrained\" style=\"flex-basis:60%\">\n<p class=\"has-text-align-left has-medium-font-size\"><strong>Directora.<\/strong> Professora de Llat\u00ed4t d\u2019ESO<\/p>\n<\/div>\n<\/div>\n<\/div>\n\n\n\n<div class=\"wp-block-group is-horizontal is-content-justification-left is-nowrap is-layout-flex wp-container-core-group-is-layout-4 wp-block-group-is-layout-flex\" style=\"margin-top:0;margin-bottom:0;padding-top:var(--wp--preset--spacing--20);padding-bottom:var(--wp--preset--spacing--20)\">\n<div class=\"wp-block-columns wp-container-content-6 is-layout-flex wp-container-core-columns-is-layout-2 wp-block-columns-is-layout-flex\">\n<div class=\"wp-block-column is-vertically-aligned-center is-layout-constrained wp-block-column-is-layout-constrained\" style=\"flex-basis:5%\"><\/div>\n\n\n\n<div class=\"wp-block-column is-layout-constrained wp-container-core-column-is-layout-5 wp-block-column-is-layout-constrained\" style=\"flex-basis:35%\">\n<div class=\"wp-block-group is-nowrap is-layout-flex wp-container-core-group-is-layout-3 wp-block-group-is-layout-flex\" style=\"margin-top:0;margin-bottom:0;padding-top:0;padding-right:0;padding-bottom:0;padding-left:0\">\n<figure class=\"wp-block-image alignright size-full is-resized has-custom-border wp-container-content-4\" style=\"margin-top:0;margin-right:0;margin-bottom:0;margin-left:0\"><a href=\"https:\/\/agora.xtec.cat\/iesbellvitge\/wp-content\/uploads\/usu1070\/2025\/10\/LLAT-Juan-Martinez.jpg\"><img decoding=\"async\" src=\"https:\/\/agora.xtec.cat\/iesbellvitge\/wp-content\/uploads\/usu1070\/2025\/10\/LLAT-Juan-Martinez.jpg\" alt=\"\" class=\"wp-image-17949\" style=\"border-style:none;border-width:0px;border-radius:31px;object-fit:cover;width:60px;height:60px\"\/><\/a><\/figure>\n\n\n\n<div class=\"wp-block-buttons wp-container-content-5 is-layout-flex wp-block-buttons-is-layout-flex\">\n<div class=\"wp-block-button has-custom-width wp-block-button__width-100 has-custom-font-size has-medium-font-size\"><a class=\"wp-block-button__link has-black-color has-cyan-bluish-gray-background-color has-text-color has-background has-link-color wp-element-button\">Juan Mart\u00ednez Terrones<\/a><\/div>\n<\/div>\n<\/div>\n<\/div>\n\n\n\n<div class=\"wp-block-column is-vertically-aligned-center is-content-justification-right is-layout-constrained wp-container-core-column-is-layout-6 wp-block-column-is-layout-constrained\" style=\"flex-basis:60%\">\n<p class=\"has-text-align-left has-medium-font-size\"><strong>Coordinador Biblioteca <\/strong>i Professor de Llat\u00ed, Alemany i Cultura Cl\u00e0ssica.<\/p>\n<\/div>\n<\/div>\n<\/div>\n\n\n\n<h2 class=\"wp-block-heading\">Not\u00edcies del departament<\/h2>\n\n\n\n        <div class=\"wp-block-getwid-post-carousel custom-post-type-post has-slides-gap-small is-carousel has-arrows-inside has-dots-outside\">\n            <div data-slider-option=\"{&quot;sliderSlidesToShowDesktop&quot;:&quot;3&quot;,&quot;getwid_slidesToShowLaptop&quot;:&quot;1&quot;,&quot;getwid_slidesToShowTablet&quot;:&quot;1&quot;,&quot;getwid_slidesToShowMobile&quot;:&quot;1&quot;,&quot;getwid_autoplay_speed&quot;:6000,&quot;getwid_animation_speed&quot;:800,&quot;getwid_slidesToScroll&quot;:&quot;1&quot;,&quot;getwid_autoplay&quot;:false,&quot;getwid_pause_on_hover&quot;:false,&quot;getwid_infinite&quot;:true,&quot;getwid_center_mode&quot;:false,&quot;getwid_arrows&quot;:&quot;inside&quot;,&quot;getwid_dots&quot;:&quot;outside&quot;}\" class=\"wp-block-getwid-post-carousel__wrapper\">\n                \t\t\t\t\t\t\t<div class=\"wp-block-getwid-post-carousel__slide\">\n\t\t\t\t\t\t\t\t\n<div class=\"wp-block-getwid-post-carousel__post\">\n            <div class=\"wp-block-getwid-post-carousel__post-thumbnail\">\n            <a href=\"https:\/\/agora.xtec.cat\/iesbellvitge\/general\/sortida-de-llati-a-la-ciutat-romana-de-tarragona\/\"><img loading=\"lazy\" decoding=\"async\" width=\"1536\" height=\"1584\" src=\"https:\/\/agora.xtec.cat\/iesbellvitge\/wp-content\/uploads\/usu1070\/2024\/04\/WhatsApp-Image-2024-04-19-at-11.25.51.jpeg\" class=\"attachment-post-thumbnail size-post-thumbnail wp-post-image\" alt=\"\" srcset=\"https:\/\/agora.xtec.cat\/iesbellvitge\/wp-content\/uploads\/usu1070\/2024\/04\/WhatsApp-Image-2024-04-19-at-11.25.51.jpeg 1536w, https:\/\/agora.xtec.cat\/iesbellvitge\/wp-content\/uploads\/usu1070\/2024\/04\/WhatsApp-Image-2024-04-19-at-11.25.51-291x300.jpeg 291w, https:\/\/agora.xtec.cat\/iesbellvitge\/wp-content\/uploads\/usu1070\/2024\/04\/WhatsApp-Image-2024-04-19-at-11.25.51-993x1024.jpeg 993w, https:\/\/agora.xtec.cat\/iesbellvitge\/wp-content\/uploads\/usu1070\/2024\/04\/WhatsApp-Image-2024-04-19-at-11.25.51-768x792.jpeg 768w, https:\/\/agora.xtec.cat\/iesbellvitge\/wp-content\/uploads\/usu1070\/2024\/04\/WhatsApp-Image-2024-04-19-at-11.25.51-1489x1536.jpeg 1489w\" sizes=\"auto, (max-width: 1536px) 100vw, 1536px\" \/><\/a>\n        <\/div>\n        <div class=\"wp-block-getwid-post-carousel__post-content-wrapper\">\n        <div class=\"wp-block-getwid-post-carousel__post-header\">\n            <h3 class=\"wp-block-getwid-post-carousel__post-title\"><a href=\"https:\/\/agora.xtec.cat\/iesbellvitge\/general\/sortida-de-llati-a-la-ciutat-romana-de-tarragona\/\">Sortida de Llat\u00ed a la ciutat romana de Tarragona<\/a><\/h3>        <\/div>\n        <div class=\"wp-block-getwid-post-carousel__post-excerpt\"><p>Aquest dijous l&#8217;alumnat de Llat\u00ed de 4t ESO i 1r i 2n Batxillerat ha passat un dia magn\u00edfic, molt entretingut [&hellip;]<\/p>\n<\/div>\n    <\/div>\n<\/div>\n\n\t\t\t\t\t\t\t<\/div>\n\t\t\t\t\t\t\t\t\t\t\t\t\t<div class=\"wp-block-getwid-post-carousel__slide\">\n\t\t\t\t\t\t\t\t\n<div class=\"wp-block-getwid-post-carousel__post\">\n            <div class=\"wp-block-getwid-post-carousel__post-thumbnail\">\n            <a href=\"https:\/\/agora.xtec.cat\/iesbellvitge\/general\/postals-de-nadal-per-litteras-ad-amicitiam-2021-22\/\"><img loading=\"lazy\" decoding=\"async\" width=\"2048\" height=\"1018\" src=\"https:\/\/agora.xtec.cat\/iesbellvitge\/wp-content\/uploads\/usu1070\/2021\/12\/PostalNadalLlati.jpeg\" class=\"attachment-post-thumbnail size-post-thumbnail wp-post-image\" alt=\"\" srcset=\"https:\/\/agora.xtec.cat\/iesbellvitge\/wp-content\/uploads\/usu1070\/2021\/12\/PostalNadalLlati.jpeg 2048w, https:\/\/agora.xtec.cat\/iesbellvitge\/wp-content\/uploads\/usu1070\/2021\/12\/PostalNadalLlati-300x149.jpeg 300w, https:\/\/agora.xtec.cat\/iesbellvitge\/wp-content\/uploads\/usu1070\/2021\/12\/PostalNadalLlati-1024x509.jpeg 1024w, https:\/\/agora.xtec.cat\/iesbellvitge\/wp-content\/uploads\/usu1070\/2021\/12\/PostalNadalLlati-768x382.jpeg 768w, https:\/\/agora.xtec.cat\/iesbellvitge\/wp-content\/uploads\/usu1070\/2021\/12\/PostalNadalLlati-1536x764.jpeg 1536w\" sizes=\"auto, (max-width: 2048px) 100vw, 2048px\" \/><\/a>\n        <\/div>\n        <div class=\"wp-block-getwid-post-carousel__post-content-wrapper\">\n        <div class=\"wp-block-getwid-post-carousel__post-header\">\n            <h3 class=\"wp-block-getwid-post-carousel__post-title\"><a href=\"https:\/\/agora.xtec.cat\/iesbellvitge\/general\/postals-de-nadal-per-litteras-ad-amicitiam-2021-22\/\">Postals de Nadal. Per litteras ad amicitiam 2021-22<\/a><\/h3>        <\/div>\n        <div class=\"wp-block-getwid-post-carousel__post-excerpt\"><p>L\u2019alumnat de Llat\u00ed de 4t ESO i 1r de Batxillerat ha escrit i enviat postals de Nadal a alumnes de [&hellip;]<\/p>\n<\/div>\n    <\/div>\n<\/div>\n\n\t\t\t\t\t\t\t<\/div>\n\t\t\t\t\t\t            <\/div>\n        <\/div>\n        <\/div>\n\n\n\n<div class=\"wp-block-column is-layout-flow wp-block-column-is-layout-flow\" style=\"flex-basis:33.3%\">\n<h2 class=\"wp-block-heading has-text-align-center has-medium-font-size\" style=\"border-width:2px;border-radius:11px\">Web del Departament<\/h2>\n\n\n\n<figure class=\"wp-block-image aligncenter size-medium\"><a href=\"https:\/\/sites.google.com\/ibellvitge.net\/lingua-latina-bellvitge\/initium\"><img decoding=\"async\" src=\"https:\/\/agora.xtec.cat\/iesbellvitge\/wp-content\/uploads\/usu1070\/2025\/11\/Site-llati-300x148.png\" alt=\"\" class=\"wp-image-18085\"\/><\/a><\/figure>\n\n\n\n<h2 class=\"wp-block-heading has-text-align-center has-medium-font-size\" style=\"border-width:2px;border-radius:11px\">Departaments<\/h2>\n\n\n<ul class=\"wp-block-page-list\"><li class=\"wp-block-pages-list__item\"><a class=\"wp-block-pages-list__item__link\" href=\"https:\/\/agora.xtec.cat\/iesbellvitge\/linstitut\/departaments\/departament-deducacio-fisica\/\">Departament d&#8217;Educaci\u00f3 F\u00edsica<\/a><\/li><li class=\"wp-block-pages-list__item\"><a class=\"wp-block-pages-list__item__link\" href=\"https:\/\/agora.xtec.cat\/iesbellvitge\/linstitut\/departaments\/departament-de-castella\/\">Departament de Castell\u00e0<\/a><\/li><li class=\"wp-block-pages-list__item\"><a class=\"wp-block-pages-list__item__link\" href=\"https:\/\/agora.xtec.cat\/iesbellvitge\/linstitut\/departaments\/departament-catala\/\">Departament de Catal\u00e0<\/a><\/li><li class=\"wp-block-pages-list__item\"><a class=\"wp-block-pages-list__item__link\" href=\"https:\/\/agora.xtec.cat\/iesbellvitge\/linstitut\/departaments\/departametn-de-ciencies-experimentals\/\">Departament de Ci\u00e8ncies Experimentals.<\/a><\/li><li class=\"wp-block-pages-list__item\"><a class=\"wp-block-pages-list__item__link\" href=\"https:\/\/agora.xtec.cat\/iesbellvitge\/linstitut\/departaments\/departament-de-ciencies-socials\/\">Departament de Ci\u00e8ncies Socials<\/a><\/li><li class=\"wp-block-pages-list__item\"><a class=\"wp-block-pages-list__item__link\" href=\"https:\/\/agora.xtec.cat\/iesbellvitge\/linstitut\/departaments\/departament-de-llati\/\">Departament de Llat\u00ed<\/a><\/li><li class=\"wp-block-pages-list__item\"><a class=\"wp-block-pages-list__item__link\" href=\"https:\/\/agora.xtec.cat\/iesbellvitge\/linstitut\/departaments\/departament-de-llengues-estrangeres\/\">Departament de Lleng\u00fces Estrangeres<\/a><\/li><li class=\"wp-block-pages-list__item\"><a class=\"wp-block-pages-list__item__link\" href=\"https:\/\/agora.xtec.cat\/iesbellvitge\/linstitut\/departaments\/departament-de-matematiques\/\">Departament de Matem\u00e0tiques<\/a><\/li><li class=\"wp-block-pages-list__item\"><a class=\"wp-block-pages-list__item__link\" href=\"https:\/\/agora.xtec.cat\/iesbellvitge\/linstitut\/departaments\/departament-de-musica\/\">Departament de M\u00fasica<\/a><\/li><li class=\"wp-block-pages-list__item\"><a class=\"wp-block-pages-list__item__link\" href=\"https:\/\/agora.xtec.cat\/iesbellvitge\/linstitut\/departaments\/departament-de-tecnologia\/\">Departament de Tecnologia<\/a><\/li><li class=\"wp-block-pages-list__item\"><a class=\"wp-block-pages-list__item__link\" href=\"https:\/\/agora.xtec.cat\/iesbellvitge\/linstitut\/departaments\/departament-de-visual-i-plastica\/\">Departament de Visual i Pl\u00e0stica<\/a><\/li><\/ul><\/div>\n<\/div>\n\n\n\n<figure class=\"wp-block-image size-large\"><a href=\"https:\/\/agora.xtec.cat\/iesbellvitge\/wp-content\/uploads\/usu1070\/2025\/11\/PRESENTACIO_MATERIA_LLATI4TESO_page-0001.jpg\"><img decoding=\"async\" src=\"https:\/\/agora.xtec.cat\/iesbellvitge\/wp-content\/uploads\/usu1070\/2025\/11\/PRESENTACIO_MATERIA_LLATI4TESO_page-0001-1024x724.jpg\" alt=\"\" class=\"wp-image-18081\"\/><\/a><\/figure>\n\n\n\n<figure class=\"wp-block-image size-large\"><a href=\"https:\/\/agora.xtec.cat\/iesbellvitge\/wp-content\/uploads\/usu1070\/2025\/11\/PRESENTACIO_MATERIA_LLATI4TESO_page-0002.jpg\"><img decoding=\"async\" src=\"https:\/\/agora.xtec.cat\/iesbellvitge\/wp-content\/uploads\/usu1070\/2025\/11\/PRESENTACIO_MATERIA_LLATI4TESO_page-0002-1024x724.jpg\" alt=\"\" class=\"wp-image-18082\"\/><\/a><\/figure>\n\n\n\n<h2 class=\"wp-block-heading\"><strong>TREBALL PER PROJECTES I SITUACIONS D\u2019APRENENTATGE<\/strong><\/h2>\n\n\n\n<p><a href=\"https:\/\/sites.google.com\/ibellvitge.net\/lingua-latina-bellvitge\/itinera-projectes\/tabula-rosettana?authuser=0\"><strong>La pedra de Rosetta. Un projecte de ling\u00fc\u00edstica aplicada<\/strong><\/a><\/p>\n\n\n\n<p>La pedra de Rosetta \u00e9s una met\u00e0fora: una clau per fer comprensibles i transparents conceptes fins ara desconeguts. La nostra pedra de Rosetta per resoldre paraules enigm\u00e0tiques \u00e9s el Llat\u00ed.<\/p>\n\n\n\n<p>\u00c9s un projecte de lexicografia internivells per aprendre com funcionen els mecanismes de formaci\u00f3 de paraules en les lleng\u00fces modernes: elaborem un glossari de paraules cient\u00edfiques i tecnol\u00f2giques tamb\u00e9 per a l\u2019alumnat de l\u2019itinerari cientificot\u00e8cnic.&nbsp;<\/p>\n\n\n\n<p>Combinant ci\u00e8ncies i humanitats, l\u2019alumnat aplica el Llat\u00ed de forma pr\u00e0ctica i activa fent servir les noves tecnologies i l\u2019aprenentatge col\u00b7laboratiu.&nbsp;<\/p>\n\n\n\n<p><a href=\"https:\/\/sites.google.com\/ibellvitge.net\/lingua-latina-bellvitge\/itinera-projectes\/rhetorica-classica?authuser=0\"><strong>Taller d\u2019orat\u00f2ria aplicada<\/strong><\/a><\/p>\n\n\n\n<p>Els grecs i romans ens ensenyen l\u2019orat\u00f2ria, entesa com a art de parlar en p\u00fablic de forma elegant i convincent.<\/p>\n\n\n\n<p>L\u2019alumnat parteix dels principis de l\u2019orat\u00f2ria cl\u00e0ssica i n\u2019analitza exemples c\u00e8lebres, antics i moderns, per aprendre el talent de la paraula efectiva capa\u00e7 de commoure i persuadir els oients. Aix\u00ed, aplica les t\u00e8cniques grecoromanes de l\u2019orat\u00f2ria per elaborar i interpretar discursos de tema actual.&nbsp;<\/p>\n\n\n\n<p>Perqu\u00e8 si tu no tens el poder de la paraula, altres l\u2019exerciran per tu. I des de l\u2019\u00e8poca antiga sabem que tot all\u00f2 que no s\u2019aconsegueix amb la viol\u00e8ncia, s\u2019aconsegueix amb la paraula.<\/p>\n\n\n\n<p><a href=\"https:\/\/sites.google.com\/ibellvitge.net\/lingua-latina-bellvitge\/itinera-projectes\/sa-urbes-romanae-tarraco?authuser=0\"><strong>La ciutat romana<\/strong><\/a><\/p>\n\n\n\n<p>L\u2019alumnat crea una guia de viatge de Tarraco (T\u00e0rraco) amb un itinerari de dues hores aprox. que inclogui visites a monuments, museus i edificis amb passat rom\u00e0 per a con\u00e8ixer la ciutat romana. La guia de viatge ha de ser redactada en format d\u2019article period\u00edstic amb suport gr\u00e0fic.<\/p>\n\n\n\n<p>Aix\u00ed apr\u00e8n l\u2019estructura i els elements que defineixen la ciutat romana i, particularment, la ciutat romana de Tarraco, durant l\u2019Imperi un dels centres urbans m\u00e9s importants i capital d\u2019una de les prov\u00edncies romanes m\u00e9s grans, amb un conjunt arqueol\u00f2gic que fou declarat Patrimoni de la Humanitat per la UNESCO l\u2019any 2000. El treball culmina amb un&nbsp;<a href=\"https:\/\/www.instagram.com\/p\/C6BgLALMV4d\/?utm_source=ig_web_copy_link&amp;igsh=MzRlODBiNWFlZA==\">viatge a la ciutat romana de Tarragona<\/a>&nbsp;en el marc del Festival Juvenil de Teatre Grecollat\u00ed.<\/p>\n\n\n\n<p><a href=\"https:\/\/sites.google.com\/ibellvitge.net\/lingua-latina-bellvitge\/opera-nova\/roma-narrata-exempla-opera-2023-2024?authuser=0\"><strong>Roma Narrada<\/strong><\/a><\/p>\n\n\n\n<p>La hist\u00f2ria i la societat de la Roma antiga en la novel\u00b7la gr\u00e0fica i la narrativa contempor\u00e0nies. Dins del projecte internivell Roma Narrada, l\u2019alumnat parteix de la novel\u00b7la gr\u00e0fica i la narrativa contempor\u00e0nies de tem\u00e0tica hist\u00f2rica romana per analitzar els aspectes de la societat i la hist\u00f2ria de Roma que s\u2019hi reflecteixen.<\/p>\n","protected":false},"excerpt":{"rendered":"<p>Directora. Professora de Llat\u00ed4t d\u2019ESO Coordinador Biblioteca i Professor de Llat\u00ed, Alemany i Cultura Cl\u00e0ssica. Not\u00edcies del departament Web del [&hellip;]<\/p>\n","protected":false},"author":4,"featured_media":0,"parent":46,"menu_order":0,"comment_status":"closed","ping_status":"closed","template":"","meta":{"site-sidebar-layout":"default","site-content-layout":"","ast-site-content-layout":"default","site-content-style":"default","site-sidebar-style":"default","ast-global-header-display":"","ast-banner-title-visibility":"","ast-main-header-display":"","ast-hfb-above-header-display":"","ast-hfb-below-header-display":"","ast-hfb-mobile-header-display":"","site-post-title":"","ast-breadcrumbs-content":"","ast-featured-img":"","footer-sml-layout":"","theme-transparent-header-meta":"","adv-header-id-meta":"","stick-header-meta":"","header-above-stick-meta":"","header-main-stick-meta":"","header-below-stick-meta":"","astra-migrate-meta-layouts":"set","ast-page-background-enabled":"default","ast-page-background-meta":{"desktop":{"background-color":"var(--ast-global-color-4)","background-image":"","background-repeat":"repeat","background-position":"center center","background-size":"auto","background-attachment":"scroll","background-type":"","background-media":"","overlay-type":"","overlay-color":"","overlay-opacity":"","overlay-gradient":""},"tablet":{"background-color":"","background-image":"","background-repeat":"repeat","background-position":"center center","background-size":"auto","background-attachment":"scroll","background-type":"","background-media":"","overlay-type":"","overlay-color":"","overlay-opacity":"","overlay-gradient":""},"mobile":{"background-color":"","background-image":"","background-repeat":"repeat","background-position":"center center","background-size":"auto","background-attachment":"scroll","background-type":"","background-media":"","overlay-type":"","overlay-color":"","overlay-opacity":"","overlay-gradient":""}},"ast-content-background-meta":{"desktop":{"background-color":"var(--ast-global-color-5)","background-image":"","background-repeat":"repeat","background-position":"center center","background-size":"auto","background-attachment":"scroll","background-type":"","background-media":"","overlay-type":"","overlay-color":"","overlay-opacity":"","overlay-gradient":""},"tablet":{"background-color":"var(--ast-global-color-5)","background-image":"","background-repeat":"repeat","background-position":"center center","background-size":"auto","background-attachment":"scroll","background-type":"","background-media":"","overlay-type":"","overlay-color":"","overlay-opacity":"","overlay-gradient":""},"mobile":{"background-color":"var(--ast-global-color-5)","background-image":"","background-repeat":"repeat","background-position":"center center","background-size":"auto","background-attachment":"scroll","background-type":"","background-media":"","overlay-type":"","overlay-color":"","overlay-opacity":"","overlay-gradient":""}},"footnotes":""},"class_list":["post-18037","page","type-page","status-publish","hentry"],"post_mailing_queue_ids":[],"_links":{"self":[{"href":"https:\/\/agora.xtec.cat\/iesbellvitge\/wp-json\/wp\/v2\/pages\/18037","targetHints":{"allow":["GET"]}}],"collection":[{"href":"https:\/\/agora.xtec.cat\/iesbellvitge\/wp-json\/wp\/v2\/pages"}],"about":[{"href":"https:\/\/agora.xtec.cat\/iesbellvitge\/wp-json\/wp\/v2\/types\/page"}],"author":[{"embeddable":true,"href":"https:\/\/agora.xtec.cat\/iesbellvitge\/wp-json\/wp\/v2\/users\/4"}],"replies":[{"embeddable":true,"href":"https:\/\/agora.xtec.cat\/iesbellvitge\/wp-json\/wp\/v2\/comments?post=18037"}],"version-history":[{"count":6,"href":"https:\/\/agora.xtec.cat\/iesbellvitge\/wp-json\/wp\/v2\/pages\/18037\/revisions"}],"predecessor-version":[{"id":18090,"href":"https:\/\/agora.xtec.cat\/iesbellvitge\/wp-json\/wp\/v2\/pages\/18037\/revisions\/18090"}],"up":[{"embeddable":true,"href":"https:\/\/agora.xtec.cat\/iesbellvitge\/wp-json\/wp\/v2\/pages\/46"}],"wp:attachment":[{"href":"https:\/\/agora.xtec.cat\/iesbellvitge\/wp-json\/wp\/v2\/media?parent=18037"}],"curies":[{"name":"wp","href":"https:\/\/api.w.org\/{rel}","templated":true}]}}