{"id":18024,"date":"2025-11-04T10:55:48","date_gmt":"2025-11-04T09:55:48","guid":{"rendered":"https:\/\/agora.xtec.cat\/iesbellvitge\/?page_id=18024"},"modified":"2025-11-04T10:55:48","modified_gmt":"2025-11-04T09:55:48","slug":"departament-de-matematiques","status":"publish","type":"page","link":"https:\/\/agora.xtec.cat\/iesbellvitge\/linstitut\/departaments\/departament-de-matematiques\/","title":{"rendered":"Departament de Matem\u00e0tiques"},"content":{"rendered":"\n<div class=\"wp-block-columns is-layout-flex wp-container-core-columns-is-layout-5 wp-block-columns-is-layout-flex\">\n<div class=\"wp-block-column is-layout-flow wp-block-column-is-layout-flow\" style=\"flex-basis:66.66%\">\n<div class=\"wp-block-buttons is-layout-flex wp-block-buttons-is-layout-flex\">\n<div class=\"wp-block-button has-custom-width wp-block-button__width-100 has-custom-font-size has-large-font-size\"><a class=\"wp-block-button__link wp-element-button\" style=\"border-width:13px;border-radius:11px\">Professorat del Departament de Matem\u00e0tiques<\/a><\/div>\n<\/div>\n\n\n\n<div style=\"height:60px\" aria-hidden=\"true\" class=\"wp-block-spacer\"><\/div>\n\n\n\n<div class=\"wp-block-group is-horizontal is-content-justification-left is-nowrap is-layout-flex wp-container-core-group-is-layout-2 wp-block-group-is-layout-flex\" style=\"margin-top:0;margin-bottom:0;padding-top:var(--wp--preset--spacing--20);padding-bottom:var(--wp--preset--spacing--20)\">\n<div class=\"wp-block-columns wp-container-content-3 is-layout-flex wp-container-core-columns-is-layout-1 wp-block-columns-is-layout-flex\">\n<div class=\"wp-block-column is-vertically-aligned-center is-layout-constrained wp-block-column-is-layout-constrained\" style=\"flex-basis:5%\"><\/div>\n\n\n\n<div class=\"wp-block-column is-layout-constrained wp-container-core-column-is-layout-2 wp-block-column-is-layout-constrained\" style=\"flex-basis:35%\">\n<div class=\"wp-block-group is-nowrap is-layout-flex wp-container-core-group-is-layout-1 wp-block-group-is-layout-flex\" style=\"margin-top:0;margin-bottom:0;padding-top:0;padding-right:0;padding-bottom:0;padding-left:0\">\n<figure class=\"wp-block-image alignright size-full is-resized has-custom-border wp-container-content-1\" style=\"margin-top:0;margin-right:0;margin-bottom:0;margin-left:0\"><a href=\"https:\/\/agora.xtec.cat\/iesbellvitge\/wp-content\/uploads\/usu1070\/2025\/10\/MAT-Eva-Aventin.jpg\"><img decoding=\"async\" src=\"https:\/\/agora.xtec.cat\/iesbellvitge\/wp-content\/uploads\/usu1070\/2025\/10\/MAT-Eva-Aventin.jpg\" alt=\"\" class=\"wp-image-17950\" style=\"border-style:none;border-width:0px;border-radius:31px;object-fit:cover;width:60px;height:60px\"\/><\/a><\/figure>\n\n\n\n<div class=\"wp-block-buttons wp-container-content-2 is-layout-flex wp-block-buttons-is-layout-flex\">\n<div class=\"wp-block-button has-custom-width wp-block-button__width-100 has-custom-font-size has-medium-font-size\"><a class=\"wp-block-button__link has-black-color has-cyan-bluish-gray-background-color has-text-color has-background has-link-color wp-element-button\">Eva Avent\u00edn<\/a><\/div>\n<\/div>\n<\/div>\n<\/div>\n\n\n\n<div class=\"wp-block-column is-vertically-aligned-center is-content-justification-right is-layout-constrained wp-container-core-column-is-layout-3 wp-block-column-is-layout-constrained\" style=\"flex-basis:60%\">\n<p class=\"has-text-align-left has-medium-font-size\"><strong>Cap de Departament.<\/strong> Professora de 4t d\u2019ESO, i 2n de Batxillerat<\/p>\n<\/div>\n<\/div>\n<\/div>\n\n\n\n<div class=\"wp-block-group is-horizontal is-content-justification-left is-nowrap is-layout-flex wp-container-core-group-is-layout-4 wp-block-group-is-layout-flex\" style=\"margin-top:0;margin-bottom:0;padding-top:var(--wp--preset--spacing--20);padding-bottom:var(--wp--preset--spacing--20)\">\n<div class=\"wp-block-columns wp-container-content-6 is-layout-flex wp-container-core-columns-is-layout-2 wp-block-columns-is-layout-flex\">\n<div class=\"wp-block-column is-vertically-aligned-center is-layout-constrained wp-block-column-is-layout-constrained\" style=\"flex-basis:5%\"><\/div>\n\n\n\n<div class=\"wp-block-column is-layout-constrained wp-container-core-column-is-layout-5 wp-block-column-is-layout-constrained\" style=\"flex-basis:35%\">\n<div class=\"wp-block-group is-nowrap is-layout-flex wp-container-core-group-is-layout-3 wp-block-group-is-layout-flex\" style=\"margin-top:0;margin-bottom:0;padding-top:0;padding-right:0;padding-bottom:0;padding-left:0\">\n<figure class=\"wp-block-image alignright size-full is-resized has-custom-border wp-container-content-4\" style=\"margin-top:0;margin-right:0;margin-bottom:0;margin-left:0\"><a href=\"https:\/\/agora.xtec.cat\/iesbellvitge\/wp-content\/uploads\/usu1070\/2025\/10\/MAT-Cristian-Alarcon.jpg\"><img decoding=\"async\" src=\"https:\/\/agora.xtec.cat\/iesbellvitge\/wp-content\/uploads\/usu1070\/2025\/10\/MAT-Cristian-Alarcon.jpg\" alt=\"\" class=\"wp-image-17952\" style=\"border-style:none;border-width:0px;border-radius:31px;object-fit:cover;width:60px;height:60px\"\/><\/a><\/figure>\n\n\n\n<div class=\"wp-block-buttons wp-container-content-5 is-layout-flex wp-block-buttons-is-layout-flex\">\n<div class=\"wp-block-button has-custom-width wp-block-button__width-100 has-custom-font-size has-medium-font-size\"><a class=\"wp-block-button__link has-black-color has-cyan-bluish-gray-background-color has-text-color has-background has-link-color wp-element-button\">Cristian Alarc\u00f3n<\/a><\/div>\n<\/div>\n<\/div>\n<\/div>\n\n\n\n<div class=\"wp-block-column is-vertically-aligned-center is-content-justification-right is-layout-constrained wp-container-core-column-is-layout-6 wp-block-column-is-layout-constrained\" style=\"flex-basis:60%\">\n<p class=\"has-text-align-left has-medium-font-size\"><strong>Tutor de 1r d&#8217;ESO <\/strong>i Professor de 1r i 4t d\u2019ESO i 1r de Batxillerat<\/p>\n<\/div>\n<\/div>\n<\/div>\n\n\n\n<div class=\"wp-block-group is-horizontal is-content-justification-left is-nowrap is-layout-flex wp-container-core-group-is-layout-6 wp-block-group-is-layout-flex\" style=\"margin-top:0;margin-bottom:0;padding-top:var(--wp--preset--spacing--20);padding-bottom:var(--wp--preset--spacing--20)\">\n<div class=\"wp-block-columns wp-container-content-9 is-layout-flex wp-container-core-columns-is-layout-3 wp-block-columns-is-layout-flex\">\n<div class=\"wp-block-column is-vertically-aligned-center is-layout-constrained wp-block-column-is-layout-constrained\" style=\"flex-basis:5%\"><\/div>\n\n\n\n<div class=\"wp-block-column is-layout-constrained wp-container-core-column-is-layout-8 wp-block-column-is-layout-constrained\" style=\"flex-basis:35%\">\n<div class=\"wp-block-group is-nowrap is-layout-flex wp-container-core-group-is-layout-5 wp-block-group-is-layout-flex\" style=\"margin-top:0;margin-bottom:0;padding-top:0;padding-right:0;padding-bottom:0;padding-left:0\">\n<figure class=\"wp-block-image alignright size-full is-resized has-custom-border wp-container-content-7\" style=\"margin-top:0;margin-right:0;margin-bottom:0;margin-left:0\"><a href=\"https:\/\/agora.xtec.cat\/iesbellvitge\/wp-content\/uploads\/usu1070\/2025\/11\/Luis-Matei.png\"><img decoding=\"async\" src=\"https:\/\/agora.xtec.cat\/iesbellvitge\/wp-content\/uploads\/usu1070\/2025\/11\/Luis-Matei.png\" alt=\"\" class=\"wp-image-18092\" style=\"border-style:none;border-width:0px;border-radius:31px;object-fit:cover;width:60px;height:60px\"\/><\/a><\/figure>\n\n\n\n<div class=\"wp-block-buttons wp-container-content-8 is-layout-flex wp-block-buttons-is-layout-flex\">\n<div class=\"wp-block-button has-custom-width wp-block-button__width-100 has-custom-font-size has-medium-font-size\"><a class=\"wp-block-button__link has-black-color has-cyan-bluish-gray-background-color has-text-color has-background has-link-color wp-element-button\">Luis Mateo<\/a><\/div>\n<\/div>\n<\/div>\n<\/div>\n\n\n\n<div class=\"wp-block-column is-vertically-aligned-center is-content-justification-right is-layout-constrained wp-container-core-column-is-layout-9 wp-block-column-is-layout-constrained\" style=\"flex-basis:60%\">\n<p class=\"has-text-align-left has-medium-font-size\"><strong>Tutor de 2n d&#8217;ESO.<\/strong> Professor de 2n d&#8217;ESO i 1r de Batxillerat<\/p>\n<\/div>\n<\/div>\n<\/div>\n\n\n\n<div class=\"wp-block-group is-horizontal is-content-justification-left is-nowrap is-layout-flex wp-container-core-group-is-layout-8 wp-block-group-is-layout-flex\" style=\"margin-top:0;margin-bottom:0;padding-top:var(--wp--preset--spacing--20);padding-bottom:var(--wp--preset--spacing--20)\">\n<div class=\"wp-block-columns wp-container-content-12 is-layout-flex wp-container-core-columns-is-layout-4 wp-block-columns-is-layout-flex\">\n<div class=\"wp-block-column is-vertically-aligned-center is-layout-constrained wp-block-column-is-layout-constrained\" style=\"flex-basis:5%\"><\/div>\n\n\n\n<div class=\"wp-block-column is-layout-constrained wp-container-core-column-is-layout-11 wp-block-column-is-layout-constrained\" style=\"flex-basis:35%\">\n<div class=\"wp-block-group is-nowrap is-layout-flex wp-container-core-group-is-layout-7 wp-block-group-is-layout-flex\" style=\"margin-top:0;margin-bottom:0;padding-top:0;padding-right:0;padding-bottom:0;padding-left:0\">\n<figure class=\"wp-block-image alignright size-full is-resized has-custom-border wp-container-content-10\" style=\"margin-top:0;margin-right:0;margin-bottom:0;margin-left:0\"><a href=\"https:\/\/agora.xtec.cat\/iesbellvitge\/wp-content\/uploads\/usu1070\/2025\/10\/MAT-LOPEZ-DANI.jpeg\"><img decoding=\"async\" src=\"https:\/\/agora.xtec.cat\/iesbellvitge\/wp-content\/uploads\/usu1070\/2025\/10\/MAT-LOPEZ-DANI.jpeg\" alt=\"\" class=\"wp-image-17951\" style=\"border-style:none;border-width:0px;border-radius:31px;object-fit:cover;width:60px;height:60px\"\/><\/a><\/figure>\n\n\n\n<div class=\"wp-block-buttons wp-container-content-11 is-layout-flex wp-block-buttons-is-layout-flex\">\n<div class=\"wp-block-button has-custom-width wp-block-button__width-100 has-custom-font-size has-medium-font-size\"><a class=\"wp-block-button__link has-black-color has-cyan-bluish-gray-background-color has-text-color has-background has-link-color wp-element-button\">Dani L\u00f3pez<\/a><\/div>\n<\/div>\n<\/div>\n<\/div>\n\n\n\n<div class=\"wp-block-column is-vertically-aligned-center is-content-justification-right is-layout-constrained wp-container-core-column-is-layout-12 wp-block-column-is-layout-constrained\" style=\"flex-basis:60%\">\n<p class=\"has-text-align-left has-medium-font-size\"><strong>Cap d&#8217;Estudis.<\/strong> Professor de Tecnologia i de Matem\u00e0tiques de 3r d\u2019ESO<\/p>\n<\/div>\n<\/div>\n<\/div>\n\n\n\n<h2 class=\"wp-block-heading\">Not\u00edcies del departament<\/h2>\n\n\n\n        <div class=\"wp-block-getwid-post-carousel custom-post-type-post has-slides-gap-small is-carousel has-arrows-inside has-dots-outside\">\n            <div data-slider-option=\"{&quot;sliderSlidesToShowDesktop&quot;:&quot;3&quot;,&quot;getwid_slidesToShowLaptop&quot;:&quot;1&quot;,&quot;getwid_slidesToShowTablet&quot;:&quot;1&quot;,&quot;getwid_slidesToShowMobile&quot;:&quot;1&quot;,&quot;getwid_autoplay_speed&quot;:6000,&quot;getwid_animation_speed&quot;:800,&quot;getwid_slidesToScroll&quot;:&quot;1&quot;,&quot;getwid_autoplay&quot;:false,&quot;getwid_pause_on_hover&quot;:false,&quot;getwid_infinite&quot;:true,&quot;getwid_center_mode&quot;:false,&quot;getwid_arrows&quot;:&quot;inside&quot;,&quot;getwid_dots&quot;:&quot;outside&quot;}\" class=\"wp-block-getwid-post-carousel__wrapper\">\n                \t\t\t\t\t\t\t<div class=\"wp-block-getwid-post-carousel__slide\">\n\t\t\t\t\t\t\t\t\n<div class=\"wp-block-getwid-post-carousel__post\">\n            <div class=\"wp-block-getwid-post-carousel__post-thumbnail\">\n            <a href=\"https:\/\/agora.xtec.cat\/iesbellvitge\/general\/crash-steam\/\"><img loading=\"lazy\" decoding=\"async\" width=\"2000\" height=\"1500\" src=\"https:\/\/agora.xtec.cat\/iesbellvitge\/wp-content\/uploads\/usu1070\/2026\/01\/20260115_124437.jpg\" class=\"attachment-post-thumbnail size-post-thumbnail wp-post-image\" alt=\"\" srcset=\"https:\/\/agora.xtec.cat\/iesbellvitge\/wp-content\/uploads\/usu1070\/2026\/01\/20260115_124437.jpg 2000w, https:\/\/agora.xtec.cat\/iesbellvitge\/wp-content\/uploads\/usu1070\/2026\/01\/20260115_124437-300x225.jpg 300w, https:\/\/agora.xtec.cat\/iesbellvitge\/wp-content\/uploads\/usu1070\/2026\/01\/20260115_124437-1024x768.jpg 1024w, https:\/\/agora.xtec.cat\/iesbellvitge\/wp-content\/uploads\/usu1070\/2026\/01\/20260115_124437-768x576.jpg 768w, https:\/\/agora.xtec.cat\/iesbellvitge\/wp-content\/uploads\/usu1070\/2026\/01\/20260115_124437-1536x1152.jpg 1536w\" sizes=\"auto, (max-width: 2000px) 100vw, 2000px\" \/><\/a>\n        <\/div>\n        <div class=\"wp-block-getwid-post-carousel__post-content-wrapper\">\n        <div class=\"wp-block-getwid-post-carousel__post-header\">\n            <h3 class=\"wp-block-getwid-post-carousel__post-title\"><a href=\"https:\/\/agora.xtec.cat\/iesbellvitge\/general\/crash-steam\/\">CRASH! El projecte STEAM on estudiem els accidents de tr\u00e0nsit<\/a><\/h3>        <\/div>\n        <div class=\"wp-block-getwid-post-carousel__post-excerpt\"><p>Els alumnes de\u00a02n d\u2019ESO\u00a0estan treballant en el\u00a0projecte CRASH, una proposta interdisciplin\u00e0ria emmarcada en els accidents de tr\u00e0nsit que els permet [&hellip;]<\/p>\n<\/div>\n    <\/div>\n<\/div>\n\n\t\t\t\t\t\t\t<\/div>\n\t\t\t\t\t\t\t\t\t\t\t\t\t<div class=\"wp-block-getwid-post-carousel__slide\">\n\t\t\t\t\t\t\t\t\n<div class=\"wp-block-getwid-post-carousel__post\">\n            <div class=\"wp-block-getwid-post-carousel__post-thumbnail\">\n            <a href=\"https:\/\/agora.xtec.cat\/iesbellvitge\/matematiques\/1eso-resolem-enigmes-matematics-a-la-jornada-virtual-matematica\/\"><img loading=\"lazy\" decoding=\"async\" width=\"1024\" height=\"572\" src=\"https:\/\/agora.xtec.cat\/iesbellvitge\/wp-content\/uploads\/usu1070\/2021\/03\/Math.jpg\" class=\"attachment-post-thumbnail size-post-thumbnail wp-post-image\" alt=\"\" srcset=\"https:\/\/agora.xtec.cat\/iesbellvitge\/wp-content\/uploads\/usu1070\/2021\/03\/Math.jpg 1024w, https:\/\/agora.xtec.cat\/iesbellvitge\/wp-content\/uploads\/usu1070\/2021\/03\/Math-300x168.jpg 300w, https:\/\/agora.xtec.cat\/iesbellvitge\/wp-content\/uploads\/usu1070\/2021\/03\/Math-768x429.jpg 768w\" sizes=\"auto, (max-width: 1024px) 100vw, 1024px\" \/><\/a>\n        <\/div>\n        <div class=\"wp-block-getwid-post-carousel__post-content-wrapper\">\n        <div class=\"wp-block-getwid-post-carousel__post-header\">\n            <h3 class=\"wp-block-getwid-post-carousel__post-title\"><a href=\"https:\/\/agora.xtec.cat\/iesbellvitge\/matematiques\/1eso-resolem-enigmes-matematics-a-la-jornada-virtual-matematica\/\">1ESO resolem enigmes matem\u00e0tics a la Jornada Virtual Matem\u00e0tica!<\/a><\/h3>        <\/div>\n        <div class=\"wp-block-getwid-post-carousel__post-excerpt\"><p>Durant tota aquesta setmana l&#8217;alumnat de 1r d&#8217;ESO participar\u00e0 a la Jornada Virtual Matem\u00e0tica. La Jornada Virtual Matem\u00e0tica \u00e9s una [&hellip;]<\/p>\n<\/div>\n    <\/div>\n<\/div>\n\n\t\t\t\t\t\t\t<\/div>\n\t\t\t\t\t\t\t\t\t\t\t\t\t<div class=\"wp-block-getwid-post-carousel__slide\">\n\t\t\t\t\t\t\t\t\n<div class=\"wp-block-getwid-post-carousel__post\">\n            <div class=\"wp-block-getwid-post-carousel__post-thumbnail\">\n            <a href=\"https:\/\/agora.xtec.cat\/iesbellvitge\/general\/4t-deso-homenatja-blaise-pascal\/\"><img loading=\"lazy\" decoding=\"async\" width=\"1600\" height=\"749\" src=\"https:\/\/agora.xtec.cat\/iesbellvitge\/wp-content\/uploads\/usu1070\/2020\/01\/IMG-20200114-WA0021.jpg\" class=\"attachment-post-thumbnail size-post-thumbnail wp-post-image\" alt=\"Triangle de Pascal\" srcset=\"https:\/\/agora.xtec.cat\/iesbellvitge\/wp-content\/uploads\/usu1070\/2020\/01\/IMG-20200114-WA0021.jpg 1600w, https:\/\/agora.xtec.cat\/iesbellvitge\/wp-content\/uploads\/usu1070\/2020\/01\/IMG-20200114-WA0021-300x140.jpg 300w, https:\/\/agora.xtec.cat\/iesbellvitge\/wp-content\/uploads\/usu1070\/2020\/01\/IMG-20200114-WA0021-1024x479.jpg 1024w, https:\/\/agora.xtec.cat\/iesbellvitge\/wp-content\/uploads\/usu1070\/2020\/01\/IMG-20200114-WA0021-768x360.jpg 768w, https:\/\/agora.xtec.cat\/iesbellvitge\/wp-content\/uploads\/usu1070\/2020\/01\/IMG-20200114-WA0021-1536x719.jpg 1536w\" sizes=\"auto, (max-width: 1600px) 100vw, 1600px\" \/><\/a>\n        <\/div>\n        <div class=\"wp-block-getwid-post-carousel__post-content-wrapper\">\n        <div class=\"wp-block-getwid-post-carousel__post-header\">\n            <h3 class=\"wp-block-getwid-post-carousel__post-title\"><a href=\"https:\/\/agora.xtec.cat\/iesbellvitge\/general\/4t-deso-homenatja-blaise-pascal\/\">4T D\u2019ESO HOMENATJA BLAISE PASCAL:<\/a><\/h3>        <\/div>\n        <div class=\"wp-block-getwid-post-carousel__post-excerpt\"><p>Fem un arbre molt matem\u00e0tic Aquest mes, els alumnes de 4t d&#8217;ESO a la mat\u00e8ria de matem\u00e0tiques, amb motiu de [&hellip;]<\/p>\n<\/div>\n    <\/div>\n<\/div>\n\n\t\t\t\t\t\t\t<\/div>\n\t\t\t\t\t\t            <\/div>\n        <\/div>\n        <\/div>\n\n\n\n<div class=\"wp-block-column is-layout-flow wp-block-column-is-layout-flow\" style=\"flex-basis:33.3%\">\n<h2 class=\"wp-block-heading has-text-align-center has-medium-font-size\" style=\"border-width:2px;border-radius:11px\">Darrers articles<\/h2>\n\n\n<ul style=\"background-color:#d9e4eead; padding-top:var(--wp--preset--spacing--20);padding-bottom:var(--wp--preset--spacing--20);padding-left:var(--wp--preset--spacing--20);padding-right:var(--wp--preset--spacing--20);margin-top:var(--wp--preset--spacing--20);margin-bottom:var(--wp--preset--spacing--20);margin-left:var(--wp--preset--spacing--20);margin-right:var(--wp--preset--spacing--20);\" class=\"wp-block-latest-posts__list wp-block-latest-posts has-background has-small-font-size\"><li><a class=\"wp-block-latest-posts__post-title\" href=\"https:\/\/agora.xtec.cat\/iesbellvitge\/general\/crash-steam\/\">CRASH! El projecte STEAM on estudiem els accidents de tr\u00e0nsit<\/a><\/li>\n<li><a class=\"wp-block-latest-posts__post-title\" href=\"https:\/\/agora.xtec.cat\/iesbellvitge\/matematiques\/1eso-resolem-enigmes-matematics-a-la-jornada-virtual-matematica\/\">1ESO resolem enigmes matem\u00e0tics a la Jornada Virtual Matem\u00e0tica!<\/a><\/li>\n<li><a class=\"wp-block-latest-posts__post-title\" href=\"https:\/\/agora.xtec.cat\/iesbellvitge\/general\/4t-deso-homenatja-blaise-pascal\/\">4T D\u2019ESO HOMENATJA BLAISE PASCAL:<\/a><\/li>\n<\/ul>\n\n\n<h2 class=\"wp-block-heading has-text-align-center has-medium-font-size\" style=\"border-width:2px;border-radius:11px\">Departaments<\/h2>\n\n\n<ul class=\"wp-block-page-list\"><li class=\"wp-block-pages-list__item\"><a class=\"wp-block-pages-list__item__link\" href=\"https:\/\/agora.xtec.cat\/iesbellvitge\/linstitut\/departaments\/departament-deducacio-fisica\/\">Departament d&#8217;Educaci\u00f3 F\u00edsica<\/a><\/li><li class=\"wp-block-pages-list__item\"><a class=\"wp-block-pages-list__item__link\" href=\"https:\/\/agora.xtec.cat\/iesbellvitge\/linstitut\/departaments\/departament-de-castella\/\">Departament de Castell\u00e0<\/a><\/li><li class=\"wp-block-pages-list__item\"><a class=\"wp-block-pages-list__item__link\" href=\"https:\/\/agora.xtec.cat\/iesbellvitge\/linstitut\/departaments\/departament-catala\/\">Departament de Catal\u00e0<\/a><\/li><li class=\"wp-block-pages-list__item\"><a class=\"wp-block-pages-list__item__link\" href=\"https:\/\/agora.xtec.cat\/iesbellvitge\/linstitut\/departaments\/departametn-de-ciencies-experimentals\/\">Departament de Ci\u00e8ncies Experimentals.<\/a><\/li><li class=\"wp-block-pages-list__item\"><a class=\"wp-block-pages-list__item__link\" href=\"https:\/\/agora.xtec.cat\/iesbellvitge\/linstitut\/departaments\/departament-de-ciencies-socials\/\">Departament de Ci\u00e8ncies Socials<\/a><\/li><li class=\"wp-block-pages-list__item\"><a class=\"wp-block-pages-list__item__link\" href=\"https:\/\/agora.xtec.cat\/iesbellvitge\/linstitut\/departaments\/departament-de-llati\/\">Departament de Llat\u00ed<\/a><\/li><li class=\"wp-block-pages-list__item\"><a class=\"wp-block-pages-list__item__link\" href=\"https:\/\/agora.xtec.cat\/iesbellvitge\/linstitut\/departaments\/departament-de-llengues-estrangeres\/\">Departament de Lleng\u00fces Estrangeres<\/a><\/li><li class=\"wp-block-pages-list__item\"><a class=\"wp-block-pages-list__item__link\" href=\"https:\/\/agora.xtec.cat\/iesbellvitge\/linstitut\/departaments\/departament-de-matematiques\/\">Departament de Matem\u00e0tiques<\/a><\/li><li class=\"wp-block-pages-list__item\"><a class=\"wp-block-pages-list__item__link\" href=\"https:\/\/agora.xtec.cat\/iesbellvitge\/linstitut\/departaments\/departament-de-musica\/\">Departament de M\u00fasica<\/a><\/li><li class=\"wp-block-pages-list__item\"><a class=\"wp-block-pages-list__item__link\" href=\"https:\/\/agora.xtec.cat\/iesbellvitge\/linstitut\/departaments\/departament-de-tecnologia\/\">Departament de Tecnologia<\/a><\/li><li class=\"wp-block-pages-list__item\"><a class=\"wp-block-pages-list__item__link\" href=\"https:\/\/agora.xtec.cat\/iesbellvitge\/linstitut\/departaments\/departament-de-visual-i-plastica\/\">Departament de Visual i Pl\u00e0stica<\/a><\/li><\/ul><\/div>\n<\/div>\n\n\n\n<p><\/p>\n","protected":false},"excerpt":{"rendered":"<p>Cap de Departament. Professora de 4t d\u2019ESO, i 2n de Batxillerat Tutor de 1r d&#8217;ESO i Professor de 1r i [&hellip;]<\/p>\n","protected":false},"author":4,"featured_media":0,"parent":46,"menu_order":0,"comment_status":"closed","ping_status":"closed","template":"","meta":{"site-sidebar-layout":"default","site-content-layout":"","ast-site-content-layout":"default","site-content-style":"default","site-sidebar-style":"default","ast-global-header-display":"","ast-banner-title-visibility":"","ast-main-header-display":"","ast-hfb-above-header-display":"","ast-hfb-below-header-display":"","ast-hfb-mobile-header-display":"","site-post-title":"","ast-breadcrumbs-content":"","ast-featured-img":"","footer-sml-layout":"","theme-transparent-header-meta":"","adv-header-id-meta":"","stick-header-meta":"","header-above-stick-meta":"","header-main-stick-meta":"","header-below-stick-meta":"","astra-migrate-meta-layouts":"set","ast-page-background-enabled":"default","ast-page-background-meta":{"desktop":{"background-color":"var(--ast-global-color-4)","background-image":"","background-repeat":"repeat","background-position":"center center","background-size":"auto","background-attachment":"scroll","background-type":"","background-media":"","overlay-type":"","overlay-color":"","overlay-opacity":"","overlay-gradient":""},"tablet":{"background-color":"","background-image":"","background-repeat":"repeat","background-position":"center center","background-size":"auto","background-attachment":"scroll","background-type":"","background-media":"","overlay-type":"","overlay-color":"","overlay-opacity":"","overlay-gradient":""},"mobile":{"background-color":"","background-image":"","background-repeat":"repeat","background-position":"center center","background-size":"auto","background-attachment":"scroll","background-type":"","background-media":"","overlay-type":"","overlay-color":"","overlay-opacity":"","overlay-gradient":""}},"ast-content-background-meta":{"desktop":{"background-color":"var(--ast-global-color-5)","background-image":"","background-repeat":"repeat","background-position":"center center","background-size":"auto","background-attachment":"scroll","background-type":"","background-media":"","overlay-type":"","overlay-color":"","overlay-opacity":"","overlay-gradient":""},"tablet":{"background-color":"var(--ast-global-color-5)","background-image":"","background-repeat":"repeat","background-position":"center center","background-size":"auto","background-attachment":"scroll","background-type":"","background-media":"","overlay-type":"","overlay-color":"","overlay-opacity":"","overlay-gradient":""},"mobile":{"background-color":"var(--ast-global-color-5)","background-image":"","background-repeat":"repeat","background-position":"center center","background-size":"auto","background-attachment":"scroll","background-type":"","background-media":"","overlay-type":"","overlay-color":"","overlay-opacity":"","overlay-gradient":""}},"footnotes":""},"class_list":["post-18024","page","type-page","status-publish","hentry"],"post_mailing_queue_ids":[],"_links":{"self":[{"href":"https:\/\/agora.xtec.cat\/iesbellvitge\/wp-json\/wp\/v2\/pages\/18024","targetHints":{"allow":["GET"]}}],"collection":[{"href":"https:\/\/agora.xtec.cat\/iesbellvitge\/wp-json\/wp\/v2\/pages"}],"about":[{"href":"https:\/\/agora.xtec.cat\/iesbellvitge\/wp-json\/wp\/v2\/types\/page"}],"author":[{"embeddable":true,"href":"https:\/\/agora.xtec.cat\/iesbellvitge\/wp-json\/wp\/v2\/users\/4"}],"replies":[{"embeddable":true,"href":"https:\/\/agora.xtec.cat\/iesbellvitge\/wp-json\/wp\/v2\/comments?post=18024"}],"version-history":[{"count":4,"href":"https:\/\/agora.xtec.cat\/iesbellvitge\/wp-json\/wp\/v2\/pages\/18024\/revisions"}],"predecessor-version":[{"id":18093,"href":"https:\/\/agora.xtec.cat\/iesbellvitge\/wp-json\/wp\/v2\/pages\/18024\/revisions\/18093"}],"up":[{"embeddable":true,"href":"https:\/\/agora.xtec.cat\/iesbellvitge\/wp-json\/wp\/v2\/pages\/46"}],"wp:attachment":[{"href":"https:\/\/agora.xtec.cat\/iesbellvitge\/wp-json\/wp\/v2\/media?parent=18024"}],"curies":[{"name":"wp","href":"https:\/\/api.w.org\/{rel}","templated":true}]}}