{"id":9491,"date":"2022-05-30T11:00:43","date_gmt":"2022-05-30T09:00:43","guid":{"rendered":"https:\/\/agora.xtec.cat\/iesbde\/?page_id=9491"},"modified":"2023-11-06T12:32:42","modified_gmt":"2023-11-06T11:32:42","slug":"realitzar-pagaments","status":"publish","type":"page","link":"https:\/\/agora.xtec.cat\/iesbde\/serveis\/realitzar-pagaments\/","title":{"rendered":"Realitzar pagaments"},"content":{"rendered":"<p style=\"text-align: justify;\">Per facilitar els pagaments, hem activat un enlla\u00e7 des d&#8217;on podeu pagar online amb targeta, independentment de l&#8217;entitat banc\u00e0ria amb la que treballeu. En aquest enlla\u00e7, del servei de <em>Pagament a tercers <\/em>de <em>CaixaBank<\/em>, haureu d&#8217;omplir les dades que us demanen. Us deixem indicacions de com fer-ho:<\/p>\n<ol>\n<li>A la casella <strong><em>Entitat <\/em><\/strong>heu d&#8217;introduir el <strong>codi<\/strong> <strong>de 7 xifres<\/strong> (indicat al full de pagament\/matr\u00edcula, tamb\u00e9 el trobareu unes l\u00ednies m\u00e9s avall d&#8217;aquesta p\u00e0gina). Heu de deixar la casella de <em>Compte de dest\u00ed<\/em> en blanc. Premeu <span style=\"text-decoration: underline;\"><strong><em>Continuar<\/em><\/strong><\/span><\/li>\n<li>A la casella <strong><em>Import<\/em><\/strong> heu de posar la quantitat que us han indicat. A la casella<em><strong> Remitent <\/strong><\/em>\u00e9s important\u00edssim que poseu\u00a0el <strong>NOM I COGNOMS DE L&#8217;ALUMNE\/A<\/strong>.\u00a0Premeu <span style=\"text-decoration: underline;\"><strong><em>Continuar<\/em><\/strong><\/span><\/li>\n<li>Finalment, introdu\u00efu les dades de la vostra targeta banc\u00e0ria. Premeu <span style=\"text-decoration: underline;\"><strong><em>Continuar<\/em><\/strong><\/span><\/li>\n<\/ol>\n<p><a href=\"https:\/\/www2.caixabank.es\/apl\/pagos\/index_ca.html?CODCPR=90VPA003\" target=\"_blank\" rel=\"noopener\"><img loading=\"lazy\" decoding=\"async\" class=\"aligncenter wp-image-11347 size-thumbnail\" src=\"https:\/\/agora.xtec.cat\/iesbde\/wp-content\/uploads\/usu407\/2023\/11\/Clica-aqui-PAGAMENT-ONLINE-200x84.png\" alt=\"\" width=\"200\" height=\"84\" srcset=\"https:\/\/agora.xtec.cat\/iesbde\/wp-content\/uploads\/usu407\/2023\/11\/Clica-aqui-PAGAMENT-ONLINE-200x84.png 200w, https:\/\/agora.xtec.cat\/iesbde\/wp-content\/uploads\/usu407\/2023\/11\/Clica-aqui-PAGAMENT-ONLINE-300x126.png 300w, https:\/\/agora.xtec.cat\/iesbde\/wp-content\/uploads\/usu407\/2023\/11\/Clica-aqui-PAGAMENT-ONLINE-1024x429.png 1024w, https:\/\/agora.xtec.cat\/iesbde\/wp-content\/uploads\/usu407\/2023\/11\/Clica-aqui-PAGAMENT-ONLINE-768x322.png 768w, https:\/\/agora.xtec.cat\/iesbde\/wp-content\/uploads\/usu407\/2023\/11\/Clica-aqui-PAGAMENT-ONLINE.png 1078w\" sizes=\"auto, (max-width: 200px) 100vw, 200px\" \/><\/a><\/p>\n<p>Els codis d&#8217;ENTITAT per a realitzar els pagaments els detallem a continuaci\u00f3. De totes maneres abans d&#8217;introduir el codi d&#8217;entitat al moment de fer el pagament us recomanem que comproveu que coincideixi amb el que posa al full de pagament que se us ha entregat:<\/p>\n<p><img loading=\"lazy\" decoding=\"async\" class=\"aligncenter wp-image-11349 size-medium\" src=\"https:\/\/agora.xtec.cat\/iesbde\/wp-content\/uploads\/usu407\/2023\/11\/codi-ENTITAT_web-300x300.png\" alt=\"\" width=\"300\" height=\"300\" srcset=\"https:\/\/agora.xtec.cat\/iesbde\/wp-content\/uploads\/usu407\/2023\/11\/codi-ENTITAT_web-300x300.png 300w, https:\/\/agora.xtec.cat\/iesbde\/wp-content\/uploads\/usu407\/2023\/11\/codi-ENTITAT_web-200x200.png 200w, https:\/\/agora.xtec.cat\/iesbde\/wp-content\/uploads\/usu407\/2023\/11\/codi-ENTITAT_web.png 500w\" sizes=\"auto, (max-width: 300px) 100vw, 300px\" \/><\/p>\n","protected":false},"excerpt":{"rendered":"<p>Per facilitar els pagaments, hem activat un enlla\u00e7 des d&#8217;on podeu pagar online amb targeta, independentment de l&#8217;entitat banc\u00e0ria amb la que treballeu. En aquest enlla\u00e7, del servei de Pagament a tercers de CaixaBank, haureu d&#8217;omplir les dades que us demanen. Us deixem indicacions de&hellip;  <a href=\"https:\/\/agora.xtec.cat\/iesbde\/serveis\/realitzar-pagaments\/\" title=\"Read Realitzar pagaments\">Llegeix m\u00e9s\u00bb<\/a><\/p>\n","protected":false},"author":12,"featured_media":0,"parent":63,"menu_order":0,"comment_status":"closed","ping_status":"closed","template":"","meta":{"_bbp_topic_count":0,"_bbp_reply_count":0,"_bbp_total_topic_count":0,"_bbp_total_reply_count":0,"_bbp_voice_count":0,"_bbp_anonymous_reply_count":0,"_bbp_topic_count_hidden":0,"_bbp_reply_count_hidden":0,"_bbp_forum_subforum_count":0,"footnotes":""},"class_list":["post-9491","page","type-page","status-publish","hentry"],"post_mailing_queue_ids":[],"_links":{"self":[{"href":"https:\/\/agora.xtec.cat\/iesbde\/wp-json\/wp\/v2\/pages\/9491","targetHints":{"allow":["GET"]}}],"collection":[{"href":"https:\/\/agora.xtec.cat\/iesbde\/wp-json\/wp\/v2\/pages"}],"about":[{"href":"https:\/\/agora.xtec.cat\/iesbde\/wp-json\/wp\/v2\/types\/page"}],"author":[{"embeddable":true,"href":"https:\/\/agora.xtec.cat\/iesbde\/wp-json\/wp\/v2\/users\/12"}],"replies":[{"embeddable":true,"href":"https:\/\/agora.xtec.cat\/iesbde\/wp-json\/wp\/v2\/comments?post=9491"}],"version-history":[{"count":7,"href":"https:\/\/agora.xtec.cat\/iesbde\/wp-json\/wp\/v2\/pages\/9491\/revisions"}],"predecessor-version":[{"id":11351,"href":"https:\/\/agora.xtec.cat\/iesbde\/wp-json\/wp\/v2\/pages\/9491\/revisions\/11351"}],"up":[{"embeddable":true,"href":"https:\/\/agora.xtec.cat\/iesbde\/wp-json\/wp\/v2\/pages\/63"}],"wp:attachment":[{"href":"https:\/\/agora.xtec.cat\/iesbde\/wp-json\/wp\/v2\/media?parent=9491"}],"curies":[{"name":"wp","href":"https:\/\/api.w.org\/{rel}","templated":true}]}}