{"id":81,"date":"2014-09-18T10:38:05","date_gmt":"2014-09-18T10:38:05","guid":{"rendered":"http:\/\/agora.xtec.cat\/iesbde\/?page_id=81"},"modified":"2026-03-05T08:37:53","modified_gmt":"2026-03-05T07:37:53","slug":"secretaria","status":"publish","type":"page","link":"https:\/\/agora.xtec.cat\/iesbde\/secretaria\/","title":{"rendered":"Secretaria"},"content":{"rendered":"<h5><\/h5>\n<p><span style=\"color: #000000; font-size: 14pt;\">L&#8217;horari d&#8217;atenci\u00f3 al p\u00fablic de Secretaria \u00e9s de dilluns a divendres, de 9 a 14 h.<\/span><\/p>\n<p><span style=\"font-size: 14pt;\">A Secretaria ens ocupem de les tasques administratives de gesti\u00f3 acad\u00e8mica, per qualsevol petici\u00f3 o dubte es pot enviar un correu electr\u00f2nic a <a href=\"mailto:secretaria@insbde.net\" target=\"_blank\" rel=\"noopener\">secretaria@insbde.net<\/a> o trucar al 977 820 427.<\/span><\/p>\n<hr \/>\n<p><span style=\"font-size: 10pt;\">Cliqueu per a m\u00e9s informaci\u00f3 de:<\/span><\/p>\n<p><span style=\"font-size: 10pt;\"><a href=\"https:\/\/agora.xtec.cat\/iesbde\/secretaria\/certificats\/\">Certificats<\/a> |\u00a0<\/span><span style=\"font-size: 10pt;\"><a href=\"https:\/\/agora.xtec.cat\/iesbde\/secretaria\/preinscripcio-matricula\/\">Preinscripci\u00f3 &#8211; Matr\u00edcula<\/a> |\u00a0<\/span><span style=\"font-size: 10pt;\"><a href=\"https:\/\/agora.xtec.cat\/iesbde\/secretaria\/beques\/\">Beques<\/a> |\u00a0<\/span><span style=\"font-size: 10pt;\"><a href=\"https:\/\/agora.xtec.cat\/iesbde\/secretaria\/documents-de-secretaria\/\">Documents de Secretaria<\/a> |\u00a0<\/span><a href=\"https:\/\/agora.xtec.cat\/iesbde\/secretaria\/convalidacions\/\"><span style=\"font-size: 10pt;\">Convalidacions<\/span><\/a> <span style=\"font-size: 10pt;\">|<\/span><a href=\"https:\/\/agora.xtec.cat\/iesbde\/secretaria\/homologacio-destudis-estrangers\/\"><span style=\"font-size: 10pt;\"> Homologaci\u00f3 d&#8217;estudis estrangers<\/span><\/a> | <a href=\"https:\/\/agora.xtec.cat\/iesbde\/secretaria\/tramits-titols\/\"><span style=\"font-size: 10pt;\">Tr\u00e0mits t\u00edtols<\/span><\/a><\/p>\n<h5><\/h5>\n","protected":false},"excerpt":{"rendered":"<p>L&#8217;horari d&#8217;atenci\u00f3 al p\u00fablic de Secretaria \u00e9s de dilluns a divendres, de 9 a 14 h.<br \/>\nA Secretaria ens ocupem de les tasques administratives de gesti\u00f3 acad\u00e8mica, per qualsevol petici\u00f3 o dubte es pot enviar un correu electr\u00f2nic a <a href=\"mailto:secretaria@insbde.net\" target=\"_blank\" rel=\"noopener\">secretaria@insbde.net<\/a> o trucar al&hellip;  <a href=\"https:\/\/agora.xtec.cat\/iesbde\/secretaria\/\" title=\"Read Secretaria\">Llegeix m\u00e9s\u00bb<\/a><\/p>\n","protected":false},"author":1,"featured_media":0,"parent":0,"menu_order":0,"comment_status":"closed","ping_status":"closed","template":"page-templates\/side-menu.php","meta":{"_bbp_topic_count":0,"_bbp_reply_count":0,"_bbp_total_topic_count":0,"_bbp_total_reply_count":0,"_bbp_voice_count":0,"_bbp_anonymous_reply_count":0,"_bbp_topic_count_hidden":0,"_bbp_reply_count_hidden":0,"_bbp_forum_subforum_count":0,"footnotes":""},"class_list":["post-81","page","type-page","status-publish","hentry"],"post_mailing_queue_ids":[],"_links":{"self":[{"href":"https:\/\/agora.xtec.cat\/iesbde\/wp-json\/wp\/v2\/pages\/81","targetHints":{"allow":["GET"]}}],"collection":[{"href":"https:\/\/agora.xtec.cat\/iesbde\/wp-json\/wp\/v2\/pages"}],"about":[{"href":"https:\/\/agora.xtec.cat\/iesbde\/wp-json\/wp\/v2\/types\/page"}],"author":[{"embeddable":true,"href":"https:\/\/agora.xtec.cat\/iesbde\/wp-json\/wp\/v2\/users\/1"}],"replies":[{"embeddable":true,"href":"https:\/\/agora.xtec.cat\/iesbde\/wp-json\/wp\/v2\/comments?post=81"}],"version-history":[{"count":7,"href":"https:\/\/agora.xtec.cat\/iesbde\/wp-json\/wp\/v2\/pages\/81\/revisions"}],"predecessor-version":[{"id":14150,"href":"https:\/\/agora.xtec.cat\/iesbde\/wp-json\/wp\/v2\/pages\/81\/revisions\/14150"}],"wp:attachment":[{"href":"https:\/\/agora.xtec.cat\/iesbde\/wp-json\/wp\/v2\/media?parent=81"}],"curies":[{"name":"wp","href":"https:\/\/api.w.org\/{rel}","templated":true}]}}