{"id":77,"date":"2014-09-18T10:29:25","date_gmt":"2014-09-18T10:29:25","guid":{"rendered":"http:\/\/agora.xtec.cat\/iesbde\/?page_id=77"},"modified":"2022-05-13T14:32:42","modified_gmt":"2022-05-13T12:32:42","slug":"transport-escolar","status":"publish","type":"page","link":"https:\/\/agora.xtec.cat\/iesbde\/serveis\/transport-escolar\/","title":{"rendered":"Transport escolar"},"content":{"rendered":"<p style=\"text-align: center;\"><img loading=\"lazy\" decoding=\"async\" class=\"size-full wp-image-9296 alignleft\" src=\"https:\/\/agora.xtec.cat\/iesbde\/wp-content\/uploads\/usu407\/2022\/05\/LogoBus1.jpg\" alt=\"\" width=\"200\" height=\"144\" \/><\/p>\n<p>&nbsp;<\/p>\n<p>&nbsp;<\/p>\n<p>&nbsp;<\/p>\n<p>&nbsp;<\/p>\n<ul>\n<li>HORARI AUTOB\u00daS PLANA (alumnat de Vandell\u00f2s, Masboquera i Masriudoms)\n<ul>\n<li>Sortida Vandell\u00f2s: 8:15h<\/li>\n<li>Sortida \u00a0INS BdE: 15:00h<\/li>\n<\/ul>\n<\/li>\n<\/ul>\n<p>&nbsp;<\/p>\n<ul>\n<li>HORARI AUTOB\u00daS MUNICIPAL (alumnat de les urbanitzacions Vanessa Park i Infant)\n<ul>\n<li>Sortida Vandell\u00f2s: 8:00h<\/li>\n<li>Urb. Vanessa Park: 8:15h<\/li>\n<li>Urb. Infant: 8:20h<\/li>\n<li>Sortida INS BdE: 15:00h<\/li>\n<\/ul>\n<\/li>\n<\/ul>\n<p>&nbsp;<\/p>\n<p>En els casos que per circumst\u00e0ncies especials es modifiqui aquest horari s&#8217;avisar\u00e0 a les persones afectades amb la deguda antelaci\u00f3.<\/p>\n","protected":false},"excerpt":{"rendered":"<p>&nbsp;<br \/>\n&nbsp;<br \/>\n&nbsp;<br \/>\n&nbsp;<\/p>\n<ul>\n<li>HORARI AUTOB\u00daS PLANA (alumnat de Vandell\u00f2s, Masboquera i Masriudoms)\n<ul>\n<li>Sortida Vandell\u00f2s: 8:15h<\/li>\n<li>Sortida \u00a0INS BdE: 15:00h<\/li>\n<\/ul>\n<\/li>\n<\/ul>\n<p>&nbsp;<\/p>\n<ul>\n<li>HORARI AUTOB\u00daS MUNICIPAL (alumnat de les urbanitzacions Vanessa Park i Infant)\n<ul>\n<li>Sortida Vandell\u00f2s: 8:00h<\/li>\n<li>Urb. Vanessa Park: 8:15h<\/li>\n<li>Urb. Infant: 8:20h<\/li>\n<li>Sortida INS BdE: 15:00h<\/li>\n<\/ul>\n<\/li>\n<\/ul>\n<p>&nbsp;<br \/>\nEn els casos que per circumst\u00e0ncies especials es modifiqui aquest horari s&#8217;avisar\u00e0&hellip;  <a href=\"https:\/\/agora.xtec.cat\/iesbde\/serveis\/transport-escolar\/\" title=\"Read Transport escolar\">Llegeix m\u00e9s\u00bb<\/a><\/p>\n","protected":false},"author":2,"featured_media":0,"parent":63,"menu_order":50,"comment_status":"closed","ping_status":"closed","template":"page-templates\/side-menu.php","meta":{"_bbp_topic_count":0,"_bbp_reply_count":0,"_bbp_total_topic_count":0,"_bbp_total_reply_count":0,"_bbp_voice_count":0,"_bbp_anonymous_reply_count":0,"_bbp_topic_count_hidden":0,"_bbp_reply_count_hidden":0,"_bbp_forum_subforum_count":0,"footnotes":""},"class_list":["post-77","page","type-page","status-publish","hentry"],"post_mailing_queue_ids":[],"_links":{"self":[{"href":"https:\/\/agora.xtec.cat\/iesbde\/wp-json\/wp\/v2\/pages\/77","targetHints":{"allow":["GET"]}}],"collection":[{"href":"https:\/\/agora.xtec.cat\/iesbde\/wp-json\/wp\/v2\/pages"}],"about":[{"href":"https:\/\/agora.xtec.cat\/iesbde\/wp-json\/wp\/v2\/types\/page"}],"author":[{"embeddable":true,"href":"https:\/\/agora.xtec.cat\/iesbde\/wp-json\/wp\/v2\/users\/2"}],"replies":[{"embeddable":true,"href":"https:\/\/agora.xtec.cat\/iesbde\/wp-json\/wp\/v2\/comments?post=77"}],"version-history":[{"count":4,"href":"https:\/\/agora.xtec.cat\/iesbde\/wp-json\/wp\/v2\/pages\/77\/revisions"}],"predecessor-version":[{"id":9312,"href":"https:\/\/agora.xtec.cat\/iesbde\/wp-json\/wp\/v2\/pages\/77\/revisions\/9312"}],"up":[{"embeddable":true,"href":"https:\/\/agora.xtec.cat\/iesbde\/wp-json\/wp\/v2\/pages\/63"}],"wp:attachment":[{"href":"https:\/\/agora.xtec.cat\/iesbde\/wp-json\/wp\/v2\/media?parent=77"}],"curies":[{"name":"wp","href":"https:\/\/api.w.org\/{rel}","templated":true}]}}