{"id":69,"date":"2014-09-18T10:15:07","date_gmt":"2014-09-18T10:15:07","guid":{"rendered":"http:\/\/agora.xtec.cat\/iesbde\/?page_id=69"},"modified":"2022-05-13T14:33:19","modified_gmt":"2022-05-13T12:33:19","slug":"biblioteca","status":"publish","type":"page","link":"https:\/\/agora.xtec.cat\/iesbde\/serveis\/biblioteca\/","title":{"rendered":"Biblioteca"},"content":{"rendered":"<p><a href=\"http:\/\/agora.xtec.cat\/iesbde\/wp-content\/uploads\/usu407\/2015\/06\/llibres1.jpg\"><img loading=\"lazy\" decoding=\"async\" class=\"size-thumbnail wp-image-329 aligncenter\" src=\"http:\/\/agora.xtec.cat\/iesbde\/wp-content\/uploads\/usu407\/2015\/06\/llibres1-150x150.jpg\" alt=\"imatge llibres\" width=\"150\" height=\"150\" \/><\/a><\/p>\n<p style=\"text-align: justify;\">La biblioteca de l&#8217;institut Berenguer d&#8217;Enten\u00e7a disposa de servei de pr\u00e9stec els dilluns i els dijous durant els per\u00edodes d&#8217;esbarjo. Tots els dies a les hores d&#8217;esbarjo es converteix en sala d&#8217;estudi per a l&#8217;alumnat que ho pugui necessitar. Es tracta d&#8217;un espai polivalent on s&#8217;hi poden realitzar classes, xerrades, reunions, etc&#8230;<\/p>\n<p>Podeu consultar el fons de la biblioteca en aquest <a href=\"https:\/\/aplicacions.gestioeducativa.gencat.cat\/epergam\/web\/biblioteca.jsp?codi=43007208\" target=\"_blank\" rel=\"noopener\">enlla\u00e7<\/a>. (Aviat operatiu)<\/p>\n<p>La professora responsable de la biblioteca \u00e9s Montserrat Anguera<\/p>\n","protected":false},"excerpt":{"rendered":"<p><a href=\"http:\/\/agora.xtec.cat\/iesbde\/wp-content\/uploads\/usu407\/2015\/06\/llibres1.jpg\"><\/a><br \/>\nLa biblioteca de l&#8217;institut Berenguer d&#8217;Enten\u00e7a disposa de servei de pr\u00e9stec els dilluns i els dijous durant els per\u00edodes d&#8217;esbarjo. Tots els dies a les hores d&#8217;esbarjo es converteix en sala d&#8217;estudi per a l&#8217;alumnat que ho pugui necessitar. Es tracta d&#8217;un espai polivalent&hellip;  <a href=\"https:\/\/agora.xtec.cat\/iesbde\/serveis\/biblioteca\/\" title=\"Read Biblioteca\">Llegeix m\u00e9s\u00bb<\/a><\/p>\n","protected":false},"author":2,"featured_media":0,"parent":63,"menu_order":40,"comment_status":"closed","ping_status":"closed","template":"page-templates\/side-menu.php","meta":{"_bbp_topic_count":0,"_bbp_reply_count":0,"_bbp_total_topic_count":0,"_bbp_total_reply_count":0,"_bbp_voice_count":0,"_bbp_anonymous_reply_count":0,"_bbp_topic_count_hidden":0,"_bbp_reply_count_hidden":0,"_bbp_forum_subforum_count":0,"footnotes":""},"class_list":["post-69","page","type-page","status-publish","hentry"],"post_mailing_queue_ids":[],"_links":{"self":[{"href":"https:\/\/agora.xtec.cat\/iesbde\/wp-json\/wp\/v2\/pages\/69","targetHints":{"allow":["GET"]}}],"collection":[{"href":"https:\/\/agora.xtec.cat\/iesbde\/wp-json\/wp\/v2\/pages"}],"about":[{"href":"https:\/\/agora.xtec.cat\/iesbde\/wp-json\/wp\/v2\/types\/page"}],"author":[{"embeddable":true,"href":"https:\/\/agora.xtec.cat\/iesbde\/wp-json\/wp\/v2\/users\/2"}],"replies":[{"embeddable":true,"href":"https:\/\/agora.xtec.cat\/iesbde\/wp-json\/wp\/v2\/comments?post=69"}],"version-history":[{"count":4,"href":"https:\/\/agora.xtec.cat\/iesbde\/wp-json\/wp\/v2\/pages\/69\/revisions"}],"predecessor-version":[{"id":9316,"href":"https:\/\/agora.xtec.cat\/iesbde\/wp-json\/wp\/v2\/pages\/69\/revisions\/9316"}],"up":[{"embeddable":true,"href":"https:\/\/agora.xtec.cat\/iesbde\/wp-json\/wp\/v2\/pages\/63"}],"wp:attachment":[{"href":"https:\/\/agora.xtec.cat\/iesbde\/wp-json\/wp\/v2\/media?parent=69"}],"curies":[{"name":"wp","href":"https:\/\/api.w.org\/{rel}","templated":true}]}}