{"id":67,"date":"2014-09-18T10:14:18","date_gmt":"2014-09-18T10:14:18","guid":{"rendered":"http:\/\/agora.xtec.cat\/iesbde\/?page_id=67"},"modified":"2022-05-13T14:34:35","modified_gmt":"2022-05-13T12:34:35","slug":"acollida","status":"publish","type":"page","link":"https:\/\/agora.xtec.cat\/iesbde\/serveis\/acollida\/","title":{"rendered":"Acollida"},"content":{"rendered":"<p style=\"color: #444444; text-align: center;\"><a href=\"http:\/\/agora.xtec.cat\/iesbde\/wp-content\/uploads\/usu407\/2014\/09\/foto_acollida.jpg\"><img loading=\"lazy\" decoding=\"async\" class=\"aligncenter size-full wp-image-890\" src=\"http:\/\/agora.xtec.cat\/iesbde\/wp-content\/uploads\/usu407\/2014\/09\/foto_acollida.jpg\" alt=\"foto_acollida\" width=\"225\" height=\"224\" srcset=\"https:\/\/agora.xtec.cat\/iesbde\/wp-content\/uploads\/usu407\/2014\/09\/foto_acollida.jpg 225w, https:\/\/agora.xtec.cat\/iesbde\/wp-content\/uploads\/usu407\/2014\/09\/foto_acollida-200x200.jpg 200w\" sizes=\"auto, (max-width: 225px) 100vw, 225px\" \/><\/a><\/p>\n<p style=\"color: #444444; text-align: justify;\">L&#8217;Institut fa\u00a0un m\u00ednim de dos intercanvis d&#8217;informaci\u00f3 amb els centres de prim\u00e0ria adscrits. Habitualment un abans d&#8217;iniciar-se el curs i el segon durant el primer trimestre. L&#8217;acollida de l&#8217;alumnat s&#8217;inicia amb la visita del centre el tercer trimestre del curs anterior, i continua amb reunions amb les fam\u00edlies, xerrades de l&#8217;EAP i altres coordinacions.<\/p>\n<p style=\"color: #444444; text-align: justify;\">L&#8217;Institut disposa de recursos per a dedicar a l&#8217;acollida de l&#8217;alumnat que prov\u00e9 de l&#8217;estranger o de zones d&#8217;Espanya en qu\u00e8 no es parla el catal\u00e0. La finalitat d&#8217;aquesta intervenci\u00f3 \u00e9s la de capacitar l&#8217;alumne\/a, com m\u00e9s aviat millor per seguir amb normalitat les classes.<\/p>\n<p style=\"color: #444444; text-align: justify;\">L&#8217;alumnat\u00a0que presenta qualsevol necessitat educativa especial s&#8217;integra al recurs de diversitat m\u00e9s adequat per atendre la seva problem\u00e0tica. L&#8217;Institut organitza la seva activitat lectiva, especialment en les \u00e0rees instrumentals, en diferents modalitats d&#8217;agrupament per tal d&#8217;adaptar millor la intervenci\u00f3 a l&#8217;alumnat. Una part de l&#8217;alumnat segueix la seva escolaritat amb una programaci\u00f3 individual (PI).<\/p>\n","protected":false},"excerpt":{"rendered":"<p><a href=\"http:\/\/agora.xtec.cat\/iesbde\/wp-content\/uploads\/usu407\/2014\/09\/foto_acollida.jpg\"><\/a><br \/>\nL&#8217;Institut fa\u00a0un m\u00ednim de dos intercanvis d&#8217;informaci\u00f3 amb els centres de prim\u00e0ria adscrits. Habitualment un abans d&#8217;iniciar-se el curs i el segon durant el primer trimestre. L&#8217;acollida de l&#8217;alumnat s&#8217;inicia amb la visita del centre el tercer trimestre del curs anterior, i continua amb&hellip;  <a href=\"https:\/\/agora.xtec.cat\/iesbde\/serveis\/acollida\/\" title=\"Read Acollida\">Llegeix m\u00e9s\u00bb<\/a><\/p>\n","protected":false},"author":2,"featured_media":0,"parent":63,"menu_order":60,"comment_status":"closed","ping_status":"closed","template":"page-templates\/side-menu.php","meta":{"_bbp_topic_count":0,"_bbp_reply_count":0,"_bbp_total_topic_count":0,"_bbp_total_reply_count":0,"_bbp_voice_count":0,"_bbp_anonymous_reply_count":0,"_bbp_topic_count_hidden":0,"_bbp_reply_count_hidden":0,"_bbp_forum_subforum_count":0,"footnotes":""},"class_list":["post-67","page","type-page","status-publish","hentry"],"post_mailing_queue_ids":[],"_links":{"self":[{"href":"https:\/\/agora.xtec.cat\/iesbde\/wp-json\/wp\/v2\/pages\/67","targetHints":{"allow":["GET"]}}],"collection":[{"href":"https:\/\/agora.xtec.cat\/iesbde\/wp-json\/wp\/v2\/pages"}],"about":[{"href":"https:\/\/agora.xtec.cat\/iesbde\/wp-json\/wp\/v2\/types\/page"}],"author":[{"embeddable":true,"href":"https:\/\/agora.xtec.cat\/iesbde\/wp-json\/wp\/v2\/users\/2"}],"replies":[{"embeddable":true,"href":"https:\/\/agora.xtec.cat\/iesbde\/wp-json\/wp\/v2\/comments?post=67"}],"version-history":[{"count":4,"href":"https:\/\/agora.xtec.cat\/iesbde\/wp-json\/wp\/v2\/pages\/67\/revisions"}],"predecessor-version":[{"id":897,"href":"https:\/\/agora.xtec.cat\/iesbde\/wp-json\/wp\/v2\/pages\/67\/revisions\/897"}],"up":[{"embeddable":true,"href":"https:\/\/agora.xtec.cat\/iesbde\/wp-json\/wp\/v2\/pages\/63"}],"wp:attachment":[{"href":"https:\/\/agora.xtec.cat\/iesbde\/wp-json\/wp\/v2\/media?parent=67"}],"curies":[{"name":"wp","href":"https:\/\/api.w.org\/{rel}","templated":true}]}}