{"id":65,"date":"2014-09-18T10:12:22","date_gmt":"2014-09-18T10:12:22","guid":{"rendered":"http:\/\/agora.xtec.cat\/iesbde\/?page_id=65"},"modified":"2022-05-13T14:36:31","modified_gmt":"2022-05-13T12:36:31","slug":"serveis-digitals","status":"publish","type":"page","link":"https:\/\/agora.xtec.cat\/iesbde\/serveis\/serveis-digitals\/","title":{"rendered":"Serveis digitals"},"content":{"rendered":"<p style=\"text-align: justify;\"><a href=\"http:\/\/agora.xtec.cat\/iesbde\/wp-content\/uploads\/usu407\/2014\/09\/digital.jpg\"><img loading=\"lazy\" decoding=\"async\" class=\"size-thumbnail wp-image-563 aligncenter\" src=\"http:\/\/agora.xtec.cat\/iesbde\/wp-content\/uploads\/usu407\/2014\/09\/digital-200x154.jpg\" alt=\"digital\" width=\"200\" height=\"154\" srcset=\"https:\/\/agora.xtec.cat\/iesbde\/wp-content\/uploads\/usu407\/2014\/09\/digital-200x154.jpg 200w, https:\/\/agora.xtec.cat\/iesbde\/wp-content\/uploads\/usu407\/2014\/09\/digital.jpg 214w\" sizes=\"auto, (max-width: 200px) 100vw, 200px\" \/><\/a><\/p>\n<p style=\"text-align: center;\"><strong>Usos digitals al centre<\/strong><\/p>\n<p style=\"text-align: justify;\"><strong>Equipaments i connexi\u00f3<\/strong><\/p>\n<p style=\"text-align: justify;\">L\u2019institut Berenguer d\u2019Enten\u00e7a disposa de dues aules d\u2019inform\u00e0tica, tres carros d\u2019ordinadors port\u00e0tils i un sistema de projecci\u00f3 a totes les aules. A m\u00e9s, moltes aules estan dotades tamb\u00e9 amb pissarra digital interactiva.<\/p>\n<p>El servei d\u2019internet es distribueix gr\u00e0cies a una xarxa mixta Wi-Fi i cable mitjan\u00e7ant una connexi\u00f3 de fibra \u00f2ptica.<\/p>\n<p><strong>Usos digitals<\/strong><\/p>\n<p style=\"text-align: justify;\">Les activitats acad\u00e8miques digitals del centre es desenvolupen majorit\u00e0riament mitjan\u00e7ant Moodle i Gsuite. Aquest \u00faltim servei \u00e9s un dels recomanats pel Departament d&#8217;Ensenyament perqu\u00e8 permet, entre d&#8217;altres coses, m\u00e9s control sobre l&#8217;\u00fas que fa el nostre alumnat. En <a href=\"http:\/\/educacio.gencat.cat\/documents\/PC\/Avisos\/Orientacions-entorn-treball-collaboratiu.pdf\" target=\"_blank\" rel=\"noopener noreferrer\">aquest document<\/a> es pot obtenir m\u00e9s informaci\u00f3 sobre les recomanacions que fa el Departament d&#8217;Ensenyament sobre l&#8217;\u00fas d&#8217;eines col\u00b7laboratives a l&#8217;aula.<\/p>\n<p>Aix\u00ed mateix, Google ofereix algunes pautes per navegar de forma segura adre\u00e7ades als nostres alumnes que podeu consultar al <a href=\"https:\/\/storage.googleapis.com\/gweb-interland.appspot.com\/en-us\/hub\/pdfs\/Google_BeInternetAwesome_DigitalCitizenshipSafety_GuidaDeFamilias.pdf\" target=\"_blank\" rel=\"noopener noreferrer\">seg\u00fcent enlla\u00e7<\/a>.<\/p>\n<p>&nbsp;<\/p>\n<p><strong>Seguiment de faltes i incid\u00e8ncies<\/strong><\/p>\n<p style=\"text-align: justify;\">Per fer el seguiment de les faltes d&#8217;assist\u00e8ncia, el centre utilitza actualment una plataforma anomenada Ense. Aquesta plataforma ens permet fer un seguiment detallat de les faltes d&#8217;assist\u00e8ncia aix\u00ed com d&#8217;altres incid\u00e8ncies.<\/p>\n<p style=\"text-align: justify;\">Les fam\u00edlies poden accedir a la plataforma per consultar faltes i incid\u00e8ncies en qualsevol moment mitjan\u00e7ant un nom d&#8217;usuari i una contrasenya personal per a cada alumne. Aquest ser\u00e0 proporcionat a les fam\u00edlies durant les primeres setmanes del curs. L&#8217;acc\u00e9s es pot fer via web o mitjan\u00e7ant una aplicaci\u00f3 disponible per a Android i IOS. Les instruccions concretes seran facilitades junt a les dades d&#8217;acc\u00e9s. Si necessiteu m\u00e9s informaci\u00f3, en aquest <a href=\"https:\/\/agora.xtec.cat\/iesbde\/wp-content\/uploads\/usu407\/2019\/10\/v_010704_app_families-INSBdE.pptx.pdf\">enlla\u00e7<\/a> es pot consultar el manual de la plataforma.<\/p>\n<p style=\"text-align: justify;\">Aix\u00ed mateix, en el cas que les fam\u00edlies hagin proporcionat un correu electr\u00f2nic o hagin instal\u00b7lat l&#8217;aplicaci\u00f3, la plataforma envia notificacions peri\u00f2diques amb resums de faltes i incid\u00e8ncies.<\/p>\n<p>&nbsp;<\/p>\n<p>&nbsp;<\/p>\n<p>&nbsp;<\/p>\n","protected":false},"excerpt":{"rendered":"<p><a href=\"http:\/\/agora.xtec.cat\/iesbde\/wp-content\/uploads\/usu407\/2014\/09\/digital.jpg\"><\/a><br \/>\nUsos digitals al centre<br \/>\nEquipaments i connexi\u00f3<br \/>\nL\u2019institut Berenguer d\u2019Enten\u00e7a disposa de dues aules d\u2019inform\u00e0tica, tres carros d\u2019ordinadors port\u00e0tils i un sistema de projecci\u00f3 a totes les aules. A m\u00e9s, moltes aules estan dotades tamb\u00e9 amb pissarra digital interactiva.<br \/>\nEl servei d\u2019internet es distribueix gr\u00e0cies a una&hellip;  <a href=\"https:\/\/agora.xtec.cat\/iesbde\/serveis\/serveis-digitals\/\" title=\"Read Serveis digitals\">Llegeix m\u00e9s\u00bb<\/a><\/p>\n","protected":false},"author":1,"featured_media":0,"parent":63,"menu_order":20,"comment_status":"closed","ping_status":"closed","template":"page-templates\/side-menu.php","meta":{"_bbp_topic_count":0,"_bbp_reply_count":0,"_bbp_total_topic_count":0,"_bbp_total_reply_count":0,"_bbp_voice_count":0,"_bbp_anonymous_reply_count":0,"_bbp_topic_count_hidden":0,"_bbp_reply_count_hidden":0,"_bbp_forum_subforum_count":0,"footnotes":""},"class_list":["post-65","page","type-page","status-publish","hentry"],"post_mailing_queue_ids":[],"_links":{"self":[{"href":"https:\/\/agora.xtec.cat\/iesbde\/wp-json\/wp\/v2\/pages\/65","targetHints":{"allow":["GET"]}}],"collection":[{"href":"https:\/\/agora.xtec.cat\/iesbde\/wp-json\/wp\/v2\/pages"}],"about":[{"href":"https:\/\/agora.xtec.cat\/iesbde\/wp-json\/wp\/v2\/types\/page"}],"author":[{"embeddable":true,"href":"https:\/\/agora.xtec.cat\/iesbde\/wp-json\/wp\/v2\/users\/1"}],"replies":[{"embeddable":true,"href":"https:\/\/agora.xtec.cat\/iesbde\/wp-json\/wp\/v2\/comments?post=65"}],"version-history":[{"count":3,"href":"https:\/\/agora.xtec.cat\/iesbde\/wp-json\/wp\/v2\/pages\/65\/revisions"}],"predecessor-version":[{"id":6168,"href":"https:\/\/agora.xtec.cat\/iesbde\/wp-json\/wp\/v2\/pages\/65\/revisions\/6168"}],"up":[{"embeddable":true,"href":"https:\/\/agora.xtec.cat\/iesbde\/wp-json\/wp\/v2\/pages\/63"}],"wp:attachment":[{"href":"https:\/\/agora.xtec.cat\/iesbde\/wp-json\/wp\/v2\/media?parent=65"}],"curies":[{"name":"wp","href":"https:\/\/api.w.org\/{rel}","templated":true}]}}