{"id":63,"date":"2014-09-18T10:06:31","date_gmt":"2014-09-18T10:06:31","guid":{"rendered":"http:\/\/agora.xtec.cat\/iesbde\/?page_id=63"},"modified":"2022-06-02T09:44:02","modified_gmt":"2022-06-02T07:44:02","slug":"serveis","status":"publish","type":"page","link":"https:\/\/agora.xtec.cat\/iesbde\/serveis\/","title":{"rendered":"Serveis"},"content":{"rendered":"<p style=\"color: #444444;\">En aquesta secci\u00f3 hi trobareu informaci\u00f3 sobre alguns dels serveis que ofereix l&#8217;INS Berenguer d&#8217;Enten\u00e7a o que hi tenen relaci\u00f3 directa.<\/p>\n<ul>\n<li>Realitzar pagaments. Informaci\u00f3 sobre el procediment per fer els pagaments requerits pel centre.<\/li>\n<li>Incid\u00e8ncies inform\u00e0tiques. Formulari per informar de qualsevol incid\u00e8ncia en el correcte funcionament dels dispositius i de la xarxa telem\u00e0tica del centre.<\/li>\n<li>Revista. Hi podeu consultar la revista del curs anterior.<\/li>\n<li style=\"color: #444444;\">Serveis digitals. Podeu con\u00e8ixer quines s\u00f3n les instal\u00b7lacions inform\u00e0tiques a les aules del centre.<\/li>\n<li style=\"color: #444444;\">Acollida. En aquest apartat s&#8217;explica com es du a terme l&#8217;acollida de l&#8217;alumnat que inicia la seva escolaritzaci\u00f3 al centre.<\/li>\n<li style=\"color: #444444;\">Biblioteca. Podeu consultar l&#8217;horari de consulta i de pr\u00e9stec.<\/li>\n<li style=\"color: #444444;\">Activitats extraescolars. En aquest apartat hi trobareu un resum de les activitats i sortides previstes o realitzades durant el present curs escolar.<\/li>\n<li style=\"color: #444444;\">Transport escolar. Horari de l&#8217;autob\u00fas escolar i del municipal.<\/li>\n<\/ul>\n","protected":false},"excerpt":{"rendered":"<p>En aquesta secci\u00f3 hi trobareu informaci\u00f3 sobre alguns dels serveis que ofereix l&#8217;INS Berenguer d&#8217;Enten\u00e7a o que hi tenen relaci\u00f3 directa.<\/p>\n<ul>\n<li>Realitzar pagaments. Informaci\u00f3 sobre el procediment per fer els pagaments requerits pel centre.<\/li>\n<li>Incid\u00e8ncies inform\u00e0tiques. Formulari per informar de qualsevol incid\u00e8ncia en el correcte funcionament dels&hellip;  <a href=\"https:\/\/agora.xtec.cat\/iesbde\/serveis\/\" title=\"Read Serveis\">Llegeix m\u00e9s\u00bb<\/a><br \/>\n","protected":false},"author":1,"featured_media":0,"parent":0,"menu_order":0,"comment_status":"closed","ping_status":"closed","template":"page-templates\/side-menu.php","meta":{"_bbp_topic_count":0,"_bbp_reply_count":0,"_bbp_total_topic_count":0,"_bbp_total_reply_count":0,"_bbp_voice_count":0,"_bbp_anonymous_reply_count":0,"_bbp_topic_count_hidden":0,"_bbp_reply_count_hidden":0,"_bbp_forum_subforum_count":0,"footnotes":""},"class_list":["post-63","page","type-page","status-publish","hentry"],"post_mailing_queue_ids":[],"_links":{"self":[{"href":"https:\/\/agora.xtec.cat\/iesbde\/wp-json\/wp\/v2\/pages\/63","targetHints":{"allow":["GET"]}}],"collection":[{"href":"https:\/\/agora.xtec.cat\/iesbde\/wp-json\/wp\/v2\/pages"}],"about":[{"href":"https:\/\/agora.xtec.cat\/iesbde\/wp-json\/wp\/v2\/types\/page"}],"author":[{"embeddable":true,"href":"https:\/\/agora.xtec.cat\/iesbde\/wp-json\/wp\/v2\/users\/1"}],"replies":[{"embeddable":true,"href":"https:\/\/agora.xtec.cat\/iesbde\/wp-json\/wp\/v2\/comments?post=63"}],"version-history":[{"count":4,"href":"https:\/\/agora.xtec.cat\/iesbde\/wp-json\/wp\/v2\/pages\/63\/revisions"}],"predecessor-version":[{"id":9505,"href":"https:\/\/agora.xtec.cat\/iesbde\/wp-json\/wp\/v2\/pages\/63\/revisions\/9505"}],"wp:attachment":[{"href":"https:\/\/agora.xtec.cat\/iesbde\/wp-json\/wp\/v2\/media?parent=63"}],"curies":[{"name":"wp","href":"https:\/\/api.w.org\/{rel}","templated":true}]}}