{"id":5011,"date":"2018-09-30T10:17:35","date_gmt":"2018-09-30T08:17:35","guid":{"rendered":"http:\/\/agora.xtec.cat\/iesbde\/?page_id=5011"},"modified":"2024-02-13T06:31:01","modified_gmt":"2024-02-13T05:31:01","slug":"documents-de-centre","status":"publish","type":"page","link":"https:\/\/agora.xtec.cat\/iesbde\/linstitut\/documents-de-centre\/","title":{"rendered":"Documents de centre"},"content":{"rendered":"<p>&nbsp;<\/p>\n<p style=\"text-align: justify;\"><img loading=\"lazy\" decoding=\"async\" class=\"alignleft wp-image-7292\" src=\"https:\/\/agora.xtec.cat\/iesbde\/wp-content\/uploads\/usu407\/2020\/11\/Documents.png\" alt=\"\" width=\"195\" height=\"180\" \/>El projecte educatiu de centre (PEC) \u00e9s un document que inclou els trets d&#8217;identitat del centre, els principis pedag\u00f2gics, els principis organitzatius i el projecte ling\u00fc\u00edstic. En ell s&#8217;hi especifiquen els valors, els objectius i les prioritats d&#8217;actuaci\u00f3, la concreci\u00f3 dels curr\u00edculums que s&#8217;imparteixen, i el tractament transversal de l&#8217;educaci\u00f3 en valors a cada \u00e0rea, mat\u00e8ria o m\u00f2dul.<\/p>\n<p style=\"text-align: justify;\">Podeu consultar el Projecte Educatiu de Centre (PEC) de l&#8217;Institut Berenguer d&#8217;Enten\u00e7a en el seg\u00fcent enlla\u00e7:<a href=\"https:\/\/drive.google.com\/file\/d\/1nf98jOxRq-3zbaoXfOaoCF-kMNpRz2Ck\/view?usp=sharing\"><strong> Projecte educatiu de centre.<\/strong><\/a><\/p>\n<p>&nbsp;<\/p>\n<p style=\"text-align: justify;\">A continuaci\u00f3 trobareu relacionada la resta de documentaci\u00f3 d&#8217;organitzaci\u00f3 i funcionament de centre:<\/p>\n<ul>\n<li><a href=\"https:\/\/drive.google.com\/file\/d\/1ZUPcNC0FsPWF9NDflTHNSPkBZ7UFaTYj\/view?usp=sharing\">IMPORTANT! Resum normativa de centre<\/a><\/li>\n<li><a href=\"https:\/\/drive.google.com\/file\/d\/1fmuvoHeUyq_h8TlGENMsAGmQbIe3LLV1\/view?usp=sharing\">Normes d&#8217;organitzaci\u00f3 i funcionament de curs.<\/a><\/li>\n<li><a href=\"https:\/\/drive.google.com\/file\/d\/1ICWZUvsQkld01pP5VcStDKIORd4HqJv-\/view?usp=sharing\" target=\"_blank\" rel=\"noopener noreferrer\">Projecte ling\u00fc\u00edstic de centre<\/a><\/li>\n<li><a href=\"https:\/\/drive.google.com\/file\/d\/1TSSEFOe847WRg-L7m1XNJfPdTCEYt_by\/view?usp=sharing\" target=\"_blank\" rel=\"noopener\">Reglament d&#8217;\u00fas del servei <em>Google Suite<\/em> (insbde)<\/a><\/li>\n<li><a href=\"https:\/\/drive.google.com\/file\/d\/11ljaH1rgtRD9-pBUv6QERjgocn_B3EWo\/view?usp=sharing\">Pla d&#8217;Acollida<\/a><\/li>\n<li><a href=\"https:\/\/drive.google.com\/file\/d\/1SEwbhnUVKiy81F6CtjX6EiUDFjEN7IVo\/view?usp=sharing\">Projecte de conviv\u00e8ncia<\/a><\/li>\n<\/ul>\n","protected":false},"excerpt":{"rendered":"<p>&nbsp;<br \/>\nEl projecte educatiu de centre (PEC) \u00e9s un document que inclou els trets d&#8217;identitat del centre, els principis pedag\u00f2gics, els principis organitzatius i el projecte ling\u00fc\u00edstic. En ell s&#8217;hi especifiquen els valors, els objectius i les prioritats d&#8217;actuaci\u00f3, la concreci\u00f3 dels curr\u00edculums que s&#8217;imparteixen, i&hellip;  <a href=\"https:\/\/agora.xtec.cat\/iesbde\/linstitut\/documents-de-centre\/\" title=\"Read Documents de centre\">Llegeix m\u00e9s\u00bb<\/a><\/p>\n","protected":false},"author":1,"featured_media":0,"parent":19,"menu_order":30,"comment_status":"closed","ping_status":"closed","template":"page-templates\/side-menu.php","meta":{"_bbp_topic_count":0,"_bbp_reply_count":0,"_bbp_total_topic_count":0,"_bbp_total_reply_count":0,"_bbp_voice_count":0,"_bbp_anonymous_reply_count":0,"_bbp_topic_count_hidden":0,"_bbp_reply_count_hidden":0,"_bbp_forum_subforum_count":0,"footnotes":""},"class_list":["post-5011","page","type-page","status-publish","hentry"],"post_mailing_queue_ids":[],"_links":{"self":[{"href":"https:\/\/agora.xtec.cat\/iesbde\/wp-json\/wp\/v2\/pages\/5011","targetHints":{"allow":["GET"]}}],"collection":[{"href":"https:\/\/agora.xtec.cat\/iesbde\/wp-json\/wp\/v2\/pages"}],"about":[{"href":"https:\/\/agora.xtec.cat\/iesbde\/wp-json\/wp\/v2\/types\/page"}],"author":[{"embeddable":true,"href":"https:\/\/agora.xtec.cat\/iesbde\/wp-json\/wp\/v2\/users\/1"}],"replies":[{"embeddable":true,"href":"https:\/\/agora.xtec.cat\/iesbde\/wp-json\/wp\/v2\/comments?post=5011"}],"version-history":[{"count":6,"href":"https:\/\/agora.xtec.cat\/iesbde\/wp-json\/wp\/v2\/pages\/5011\/revisions"}],"predecessor-version":[{"id":11721,"href":"https:\/\/agora.xtec.cat\/iesbde\/wp-json\/wp\/v2\/pages\/5011\/revisions\/11721"}],"up":[{"embeddable":true,"href":"https:\/\/agora.xtec.cat\/iesbde\/wp-json\/wp\/v2\/pages\/19"}],"wp:attachment":[{"href":"https:\/\/agora.xtec.cat\/iesbde\/wp-json\/wp\/v2\/media?parent=5011"}],"curies":[{"name":"wp","href":"https:\/\/api.w.org\/{rel}","templated":true}]}}