{"id":195,"date":"2014-09-22T10:39:39","date_gmt":"2014-09-22T10:39:39","guid":{"rendered":"http:\/\/agora.xtec.cat\/iesbde\/?page_id=195"},"modified":"2025-10-27T11:57:14","modified_gmt":"2025-10-27T10:57:14","slug":"estudis","status":"publish","type":"page","link":"https:\/\/agora.xtec.cat\/iesbde\/estudis\/","title":{"rendered":"Estudis"},"content":{"rendered":"<ul>\n<li style=\"list-style-type: none;\">\n<ul>\n<li style=\"list-style-type: none;\">\n<ul>\n<li>\n<h4><a href=\"https:\/\/agora.xtec.cat\/iesbde\/estudis\/#E\">ESO<\/a><\/h4>\n<\/li>\n<li>\n<h4><a href=\"https:\/\/agora.xtec.cat\/iesbde\/estudis\/#B\">BATXILLERAT<\/a><\/h4>\n<\/li>\n<li>\n<h4><a href=\"https:\/\/agora.xtec.cat\/iesbde\/estudis\/#C\">FORMACI\u00d3 PROFESSIONAL<\/a><\/h4>\n<ul>\n<li style=\"list-style-type: none;\">\n<ul>\n<li>\n<h4><a href=\"https:\/\/agora.xtec.cat\/iesbde\/estudis\/#P\">PFI<\/a><\/h4>\n<\/li>\n<li><a href=\"https:\/\/agora.xtec.cat\/iesbde\/estudis\/#S\"><span style=\"font-size: 14pt;\">CICLES FORMATIUS<\/span><\/a><\/li>\n<\/ul>\n<\/li>\n<\/ul>\n<\/li>\n<\/ul>\n<\/li>\n<\/ul>\n<\/li>\n<\/ul>\n<h4><span style=\"color: #ffffff;\"><a id=\"E\"><\/a>E<\/span><\/h4>\n<h3>ESO<\/h3>\n<p style=\"text-align: justify;\">Els quatre cursos d&#8217;aquesta etapa de l&#8217;ensenyament obligatori estan concebuts en el nostre centre per aportar a l&#8217;alumnat una formaci\u00f3 integral que, a partir de l&#8217;ensenyament competencial, la inclusivitat, la coeducaci\u00f3 i la resili\u00e8ncia, el prepari per a una societat en cont\u00ednua transformaci\u00f3.<\/p>\n<p style=\"text-align: justify;\">Alguns dels trets distintius del nostre centre s\u00f3n:<\/p>\n<div style=\"text-align: justify;\">\n<ul>\n<li><span style=\"font-family: inherit; font-size: 1em;\">L&#8217;aprenentatge a partir del treball col\u00b7laboratiu i a trav\u00e9s de projectes.<\/span><\/li>\n<li>Una oferta de mat\u00e8ries optatives que\u00a0 ajuda a perfilar la compet\u00e8ncia digital i tecnol\u00f2gica, l&#8217;expressi\u00f3 oral, la cultura de la sostenibilitat i el valor del pensament cr\u00edtic a trav\u00e9s de les humanitats.<\/li>\n<li>L&#8217;impuls del franc\u00e8s com a segona llengua estrangera.<\/li>\n<li>El tractament de la diversitat amb dues estrat\u00e8gies:\n<ul>\n<li style=\"list-style-type: none;\">\n<ul>\n<li style=\"list-style-type: none;\">\n<ul>\n<li>PIM: l&#8217;aprenentatge de les mat\u00e8ries instrumentals en grups redu\u00efts.<\/li>\n<li>Codoc\u00e8ncia: un professor de refor\u00e7 a l&#8217;aula per ajudar l&#8217;alumnat amb necessitats educatives.<\/li>\n<\/ul>\n<\/li>\n<\/ul>\n<\/li>\n<\/ul>\n<\/li>\n<li>El foment del gust per llegir a trav\u00e9s del projecte &#8220;<em>Temps de lectura&#8221;<\/em>.<\/li>\n<li>L&#8217;acci\u00f3 tutorial orientada a afavorir la responsabilitat, l&#8217;assertivitat i el respecte.<\/li>\n<\/ul>\n<p>En aquest enlla\u00e7 trobareu la concreci\u00f3 de l&#8217;organitzaci\u00f3 i distribuci\u00f3 del curr\u00edculum: <a href=\"https:\/\/drive.google.com\/file\/d\/1g6XLUG3xu2A0bkdZgreaOuvvmUFqE8f1\/view?usp=sharing\" target=\"_blank\" rel=\"noopener\"><strong>Curr\u00edculum ESO (curs 2023-2024)<\/strong><\/a><\/p>\n<\/div>\n<p style=\"text-align: justify;\"><span style=\"color: #ffffff;\"><a id=\"B\"><\/a>B<\/span><\/p>\n<h3>BATXILLERAT<\/h3>\n<p style=\"text-align: justify;\">En el centre s&#8217;imparteixen les modalitats d&#8217;<strong><em>Humanitats i Ci\u00e8ncies socials<\/em><\/strong> i de <strong><em>Ci\u00e8ncies i Tecnologia<\/em><\/strong><em>.<\/em> Si voleu con\u00e8ixer aspectes concrets de l&#8217;organitzaci\u00f3 i el curr\u00edculum ofertat, accediu a aquest enlla\u00e7: <a href=\"https:\/\/drive.google.com\/file\/d\/1cIXC-LUqakkkRqT50uAniTBwUHQ_fUFP\/view?usp=sharing\" target=\"_blank\" rel=\"noopener\"><strong>Curr\u00edculum Batxillerat (curs 2023-2024)<\/strong><\/a><\/p>\n<table style=\"width: 85.7357%; height: 258px;\" width=\"100%\">\n<tbody>\n<tr style=\"height: 258px;\">\n<td style=\"width: 100%; height: 258px;\"><strong>Serveis i instal\u00b7lacions:<\/strong><\/p>\n<ul>\n<li>Orientaci\u00f3 individual i de grup sobre l\u2019acc\u00e9s\u00a0 a\u00a0 la Universitat i al m\u00f3n laboral<\/li>\n<li>Possibilitat de cursar dues lleng\u00fces estrangeres:\u00a0 angl\u00e8s i franc\u00e8s<\/li>\n<li>Equipament TIC en totes les aules (sistemes de\u00a0 projecci\u00f3, wi-fi i PDI )<\/li>\n<li>Aules espec\u00edfiques: laboratoris, tecnologia, inform\u00e0tica, idiomes i dibuix<\/li>\n<li>Biblioteca amb servei de pr\u00e9stec<\/li>\n<li>Activitats i sortides complement\u00e0ries<\/li>\n<li>Servei de transport gestionat per l\u2019Ajuntament<\/li>\n<li><a id=\"C\"><\/a>Adequaci\u00f3 de les instal\u00b7lacions per a l\u2019alumnat\u00a0 amb mobilitat redu\u00efda.<\/li>\n<li>Servei de bar.<\/li>\n<\/ul>\n<\/td>\n<\/tr>\n<\/tbody>\n<\/table>\n<p style=\"text-align: justify;\"><span style=\"color: #ffffff;\"><a id=\"P\"><\/a>P<\/span><\/p>\n<h3>FORMACI\u00d3 PROFESSIONAL<\/h3>\n<h3>PFI &#8211; Auxiliar d&#8217;Activitats Esportives<\/h3>\n<p style=\"text-align: justify;\">Com a novetat pel curs 2025-2026 el centre impartir\u00e0 el <a href=\"https:\/\/triaeducativa.gencat.cat\/ca\/estudis?auxiliar-activitats-esportives&amp;p_id=5571\" target=\"_blank\" rel=\"noopener\">PFI AE01 Auxiliar d&#8217;Activitats Esportives<\/a>. Aquests estudis capaciten per dur a terme tasques auxiliars en l&#8217;\u00e0mbit de l&#8217;organitzaci\u00f3 i la dinamitzaci\u00f3 d&#8217;activitats i en el funcionament d&#8217;instal\u00b7lacions esportives. T\u00e9 una durada total de 1.000 hores, un curs acad\u00e8mic.<\/p>\n<p>&nbsp;<\/p>\n<h3>CICLES FORMATIUS<\/h3>\n<p style=\"text-align: justify;\">El centre ofereix dos cicles de Formaci\u00f3 Professional de la fam\u00edlia de <em>Serveis socioculturals i a la comunitat<\/em>: el cicle de grau mitj\u00e0 d&#8217;<a href=\"https:\/\/triaeducativa.gencat.cat\/ca\/estudis\/?atencio-persones-situacio-dependencia&amp;p_id=1570\" target=\"_blank\" rel=\"noopener\"><strong>Atenci\u00f3 a persones en situaci\u00f3 de depend\u00e8ncia<\/strong><\/a>, i el cicle de grau superior d&#8217;<a href=\"https:\/\/triaeducativa.gencat.cat\/ca\/estudis?educacio-infantil&amp;p_id=200\" target=\"_blank\" rel=\"noopener\"><strong>Educaci\u00f3 infantil<\/strong><\/a>. Trobareu informaci\u00f3 sobre els requisits d&#8217;acc\u00e9s, durada, objectius, formaci\u00f3 en centres de treball, sortides professionals, etc.,\u00a0 accedint als seg\u00fcents enlla\u00e7os:<\/p>\n<ul style=\"list-style-type: disc;\">\n<li>Cicle formatiu de grau mitj\u00e0 d&#8217;<a href=\"https:\/\/drive.google.com\/file\/d\/1vHU8dAd4QghQUy4tM66GIiYohL6zMo_r\/view?usp=sharing\" target=\"_blank\" rel=\"noopener\">Atenci\u00f3 a persones en situaci\u00f3 de depend\u00e8ncia<\/a><\/li>\n<li>Cicle formatiu de grau superior d&#8217;<a href=\"https:\/\/drive.google.com\/file\/d\/1_Oo5h98WmSHzgh7NG6yiMXWZ76_n4EPl\/view?usp=sharing\" target=\"_blank\" rel=\"noopener\">Educaci\u00f3 Infantil<\/a><\/li>\n<li>M\u00e9s informaci\u00f3: <a href=\"https:\/\/agora.xtec.cat\/iesbde\/departaments\/cicles-formatius\/\">Departament de Cicles Formatius<\/a><\/li>\n<\/ul>\n<p>Consulta la <a href=\"https:\/\/triaeducativa.gencat.cat\/ca\/fp\/afinitat-families-professionals\/\" target=\"_blank\" rel=\"noopener\">correspond\u00e8ncia de les fam\u00edlies professionals i els itineraris per a l&#8217;acc\u00e9s als cicles de grau superior<\/a>.<\/p>\n","protected":false},"excerpt":{"rendered":"<ul>\n<li style=\"list-style-type: none;\">\n<ul>\n<li style=\"list-style-type: none;\">\n<ul>\n<li>\n<a href=\"https:\/\/agora.xtec.cat\/iesbde\/estudis\/#E\">ESO<\/a>\n<\/li>\n<li>\n<a href=\"https:\/\/agora.xtec.cat\/iesbde\/estudis\/#B\">BATXILLERAT<\/a>\n<\/li>\n<li>\n<a href=\"https:\/\/agora.xtec.cat\/iesbde\/estudis\/#C\">FORMACI\u00d3 PROFESSIONAL<\/a><\/p>\n<ul>\n<li style=\"list-style-type: none;\">\n<ul>\n<li>\n<a href=\"https:\/\/agora.xtec.cat\/iesbde\/estudis\/#P\">PFI<\/a>\n<\/li>\n<li><a href=\"https:\/\/agora.xtec.cat\/iesbde\/estudis\/#S\">CICLES FORMATIUS<\/a><\/li>\n<\/ul>\n<\/li>\n<\/ul>\n<\/li>\n<\/ul>\n<\/li>\n<\/ul>\n<\/li>\n<\/ul>\n<p><a id=\"E\"><\/a>E<br \/>\nESO<br \/>\nEls quatre cursos d&#8217;aquesta etapa de l&#8217;ensenyament obligatori estan concebuts en el nostre centre per aportar a l&#8217;alumnat una formaci\u00f3 integral que, a partir de l&#8217;ensenyament competencial, la inclusivitat, la coeducaci\u00f3&hellip;  <a href=\"https:\/\/agora.xtec.cat\/iesbde\/estudis\/\" title=\"Read Estudis\">Llegeix m\u00e9s\u00bb<\/a><\/p>\n","protected":false},"author":1,"featured_media":0,"parent":0,"menu_order":0,"comment_status":"closed","ping_status":"closed","template":"","meta":{"_bbp_topic_count":0,"_bbp_reply_count":0,"_bbp_total_topic_count":0,"_bbp_total_reply_count":0,"_bbp_voice_count":0,"_bbp_anonymous_reply_count":0,"_bbp_topic_count_hidden":0,"_bbp_reply_count_hidden":0,"_bbp_forum_subforum_count":0,"footnotes":""},"class_list":["post-195","page","type-page","status-publish","hentry"],"post_mailing_queue_ids":[],"_links":{"self":[{"href":"https:\/\/agora.xtec.cat\/iesbde\/wp-json\/wp\/v2\/pages\/195","targetHints":{"allow":["GET"]}}],"collection":[{"href":"https:\/\/agora.xtec.cat\/iesbde\/wp-json\/wp\/v2\/pages"}],"about":[{"href":"https:\/\/agora.xtec.cat\/iesbde\/wp-json\/wp\/v2\/types\/page"}],"author":[{"embeddable":true,"href":"https:\/\/agora.xtec.cat\/iesbde\/wp-json\/wp\/v2\/users\/1"}],"replies":[{"embeddable":true,"href":"https:\/\/agora.xtec.cat\/iesbde\/wp-json\/wp\/v2\/comments?post=195"}],"version-history":[{"count":7,"href":"https:\/\/agora.xtec.cat\/iesbde\/wp-json\/wp\/v2\/pages\/195\/revisions"}],"predecessor-version":[{"id":13694,"href":"https:\/\/agora.xtec.cat\/iesbde\/wp-json\/wp\/v2\/pages\/195\/revisions\/13694"}],"wp:attachment":[{"href":"https:\/\/agora.xtec.cat\/iesbde\/wp-json\/wp\/v2\/media?parent=195"}],"curies":[{"name":"wp","href":"https:\/\/api.w.org\/{rel}","templated":true}]}}