{"id":12471,"date":"2024-10-22T12:32:25","date_gmt":"2024-10-22T10:32:25","guid":{"rendered":"https:\/\/agora.xtec.cat\/iesbde\/?page_id=12471"},"modified":"2026-02-20T12:25:28","modified_gmt":"2026-02-20T11:25:28","slug":"tramits-titols","status":"publish","type":"page","link":"https:\/\/agora.xtec.cat\/iesbde\/secretaria\/tramits-titols\/","title":{"rendered":"Tr\u00e0mits t\u00edtols"},"content":{"rendered":"<h4>Primera expedici\u00f3 d&#8217;un t\u00edtol, petici\u00f3 de duplicat i\/o actualitzaci\u00f3 de dades dels t\u00edtols de GESO, Batxillerat i Cicles Formatius<\/h4>\n<p>Els ciutadans o ciutadanes que tinguin dret a l&#8217;expedici\u00f3 d&#8217;un t\u00edtol de <strong>batxillerat <\/strong>i\/o\u00a0de <strong>cicles formatius<\/strong>\u00a0o que ja tinguin expedit un <strong>t\u00edtol de graduat o graduada en educaci\u00f3 secund\u00e0ria obligat\u00f2ria o de batxiller<\/strong> i necessitin sol\u00b7licitar-ne un duplicat o una actualitzaci\u00f3 poden realitzar la sol\u00b7licitud a trav\u00e9s del seg\u00fcent enlla\u00e7:<\/p>\n<p><a href=\"https:\/\/web.gencat.cat\/ca\/tramits\/tramits-temes\/titols-academics-no-universitaris?category=742b7874-a82c-11e3-a972-000c29052e2c\" target=\"_blank\" rel=\"noopener\"><img loading=\"lazy\" decoding=\"async\" class=\"alignnone wp-image-13258 size-medium\" src=\"https:\/\/agora.xtec.cat\/iesbde\/wp-content\/uploads\/usu407\/2025\/05\/tramit-titol-1-300x106.png\" alt=\"\" width=\"300\" height=\"106\" srcset=\"https:\/\/agora.xtec.cat\/iesbde\/wp-content\/uploads\/usu407\/2025\/05\/tramit-titol-1-300x106.png 300w, https:\/\/agora.xtec.cat\/iesbde\/wp-content\/uploads\/usu407\/2025\/05\/tramit-titol-1-200x70.png 200w, https:\/\/agora.xtec.cat\/iesbde\/wp-content\/uploads\/usu407\/2025\/05\/tramit-titol-1.png 488w\" sizes=\"auto, (max-width: 300px) 100vw, 300px\" \/><\/a><\/p>\n<p>Instruccions de com fer pas a pas el tr\u00e0mit:<\/p>\n<p><a href=\"https:\/\/web.gencat.cat\/web\/shared\/OVT\/Departaments\/ENS\/TramitOVT\/tramitacio-titols\/instruccions-aplicacio.pdf\" target=\"_blank\" rel=\"noopener\"><img loading=\"lazy\" decoding=\"async\" class=\"wp-image-12942 alignleft\" src=\"https:\/\/agora.xtec.cat\/iesbde\/wp-content\/uploads\/usu407\/2025\/03\/clica-aqui-1024x1024.png\" alt=\"\" width=\"50\" height=\"50\" srcset=\"https:\/\/agora.xtec.cat\/iesbde\/wp-content\/uploads\/usu407\/2025\/03\/clica-aqui-1024x1024.png 1024w, https:\/\/agora.xtec.cat\/iesbde\/wp-content\/uploads\/usu407\/2025\/03\/clica-aqui-300x300.png 300w, https:\/\/agora.xtec.cat\/iesbde\/wp-content\/uploads\/usu407\/2025\/03\/clica-aqui-200x200.png 200w, https:\/\/agora.xtec.cat\/iesbde\/wp-content\/uploads\/usu407\/2025\/03\/clica-aqui-768x768.png 768w, https:\/\/agora.xtec.cat\/iesbde\/wp-content\/uploads\/usu407\/2025\/03\/clica-aqui.png 1080w\" sizes=\"auto, (max-width: 50px) 100vw, 50px\" \/><\/a><a href=\"https:\/\/web.gencat.cat\/web\/shared\/OVT\/Departaments\/ENS\/TramitOVT\/tramitacio-titols\/instruccions-aplicacio.pdf\" target=\"_blank\" rel=\"noopener\">Guia de l&#8217;aplicaci\u00f3 per sol\u00b7licitar un duplicat o una actualitzaci\u00f3 de dades<\/a><\/p>\n<p>&nbsp;<\/p>\n<hr \/>\n<h4>Document justificatiu d&#8217;un t\u00edtol<\/h4>\n<p>En el cas que necessiteu un document que acrediti que disposeu un t\u00edtol i encara no heu rebut el diploma oficial podeu descarregar-vos un document justificatiu del t\u00edtol al seg\u00fcent enlla\u00e7:<\/p>\n<p><a href=\"https:\/\/carpetaciudadana.gob.es\/carpeta\/clave.htm\" target=\"_blank\" rel=\"noopener\">ENLLA\u00c7 A <em>MI CARPETA CIUDADANA<\/em><\/a><\/p>\n<p>Per accedir-hi \u00e9s necessari identificar-se digitalment.<\/p>\n","protected":false},"excerpt":{"rendered":"<p>Primera expedici\u00f3 d&#8217;un t\u00edtol, petici\u00f3 de duplicat i\/o actualitzaci\u00f3 de dades dels t\u00edtols de GESO, Batxillerat i Cicles Formatius<br \/>\nEls ciutadans o ciutadanes que tinguin dret a l&#8217;expedici\u00f3 d&#8217;un t\u00edtol de batxillerat i\/o\u00a0de cicles formatius\u00a0o que ja tinguin expedit un t\u00edtol de graduat o graduada en&hellip;  <a href=\"https:\/\/agora.xtec.cat\/iesbde\/secretaria\/tramits-titols\/\" title=\"Read Tr\u00e0mits t\u00edtols\">Llegeix m\u00e9s\u00bb<\/a><\/p>\n","protected":false},"author":117,"featured_media":0,"parent":81,"menu_order":7,"comment_status":"closed","ping_status":"closed","template":"page-templates\/side-menu.php","meta":{"_bbp_topic_count":0,"_bbp_reply_count":0,"_bbp_total_topic_count":0,"_bbp_total_reply_count":0,"_bbp_voice_count":0,"_bbp_anonymous_reply_count":0,"_bbp_topic_count_hidden":0,"_bbp_reply_count_hidden":0,"_bbp_forum_subforum_count":0,"footnotes":""},"class_list":["post-12471","page","type-page","status-publish","hentry"],"post_mailing_queue_ids":[],"_links":{"self":[{"href":"https:\/\/agora.xtec.cat\/iesbde\/wp-json\/wp\/v2\/pages\/12471","targetHints":{"allow":["GET"]}}],"collection":[{"href":"https:\/\/agora.xtec.cat\/iesbde\/wp-json\/wp\/v2\/pages"}],"about":[{"href":"https:\/\/agora.xtec.cat\/iesbde\/wp-json\/wp\/v2\/types\/page"}],"author":[{"embeddable":true,"href":"https:\/\/agora.xtec.cat\/iesbde\/wp-json\/wp\/v2\/users\/117"}],"replies":[{"embeddable":true,"href":"https:\/\/agora.xtec.cat\/iesbde\/wp-json\/wp\/v2\/comments?post=12471"}],"version-history":[{"count":6,"href":"https:\/\/agora.xtec.cat\/iesbde\/wp-json\/wp\/v2\/pages\/12471\/revisions"}],"predecessor-version":[{"id":14096,"href":"https:\/\/agora.xtec.cat\/iesbde\/wp-json\/wp\/v2\/pages\/12471\/revisions\/14096"}],"up":[{"embeddable":true,"href":"https:\/\/agora.xtec.cat\/iesbde\/wp-json\/wp\/v2\/pages\/81"}],"wp:attachment":[{"href":"https:\/\/agora.xtec.cat\/iesbde\/wp-json\/wp\/v2\/media?parent=12471"}],"curies":[{"name":"wp","href":"https:\/\/api.w.org\/{rel}","templated":true}]}}