{"id":12442,"date":"2024-10-15T08:55:42","date_gmt":"2024-10-15T06:55:42","guid":{"rendered":"https:\/\/agora.xtec.cat\/iesbde\/?page_id=12442"},"modified":"2024-10-15T08:56:12","modified_gmt":"2024-10-15T06:56:12","slug":"homologacio-destudis-estrangers","status":"publish","type":"page","link":"https:\/\/agora.xtec.cat\/iesbde\/secretaria\/homologacio-destudis-estrangers\/","title":{"rendered":"Homologaci\u00f3 d&#8217;estudis estrangers"},"content":{"rendered":"<p><span style=\"font-size: 14pt;\">Has cursat estudis a l&#8217;estranger i vols homologar-los per tal de cursar Batxillerat o Cicles formatius al nostre centre? <\/span><\/p>\n<p><span style=\"font-size: 14pt;\"><strong>Requisits<\/strong><\/span><\/p>\n<p>Per obternir-ne la convalidaci\u00f3, l&#8217;estudi ha de complir els\u00a0<strong>requisits\u00a0<\/strong>seg\u00fcents:<\/p>\n<ul>\n<li>Ha de tenir\u00a0<strong>validesa oficial<\/strong>\u00a0en el sistema educatiu del pa\u00eds estranger.<\/li>\n<li>Cal que l&#8217;hagis\u00a0<strong>finalitzat i superat<\/strong>\u00a0totalment. No es poden convalidar assignatures soltes.<\/li>\n<li>Has d&#8217;haver superat\u00a0<strong>tots els cursos anteriors<\/strong> del curs que vulguis homologar en el cas del batxillerat o l&#8217;ESO; per a la resta d&#8217;estudis, has d&#8217;acreditar els estudis que donen acc\u00e9s als que vols homologar.<\/li>\n<li>Ha d&#8217;existir una\u00a0<strong>equival\u00e8ncia acad\u00e8mica suficient<\/strong>, en la durada i els continguts, entre l&#8217;estudi estranger i l&#8217;estudi o t\u00edtol espanyol.<\/li>\n<li>No pots homologar un t\u00edtol estranger que hagis obtingut per homologaci\u00f3, convalidaci\u00f3 o reconeixement d&#8217;un altre t\u00edtol aconseguit en un tercer pa\u00eds.<\/li>\n<li>Ha de durar\u00a0<strong>com a m\u00ednim un curs sencer<\/strong>, ja que no es convaliden estudis inferiors a un curs escolar. Si nom\u00e9s has cursat un semestre, o un o dos trimestres, no podr\u00e0s homologar ni convalidar aquests estudis.<\/li>\n<\/ul>\n<p>Si has cursat l&#8217;estudi en un\u00a0<strong>centre estranger ubicat a l&#8217;Estat espanyol<\/strong>\u00a0tamb\u00e9 el podr\u00e0s homologar, sempre que compleixis els requisits seg\u00fcents:<\/p>\n<ul>\n<li>L&#8217;has d&#8217;haver cursat en un centre que tingui l&#8217;autoritzaci\u00f3 de l&#8217;Administraci\u00f3 educativa espanyola competent.<\/li>\n<li>No pots haver obtingut pr\u00e8viament el mateix t\u00edtol o estudi en el sistema educatiu espanyol.<\/li>\n<\/ul>\n<hr \/>\n<p>Trobar\u00e0s <strong>m\u00e9s informaci\u00f3 sobre aquest tr\u00e0mit\u00a0<a href=\"https:\/\/triaeducativa.gencat.cat\/ca\/homologacio\/que-es\/\" target=\"_blank\" rel=\"noopener\">\u00a0a la p\u00e0gina web de la Generalitat de Catalunya.<\/a><\/strong><\/p>\n<p>Si ja ho tens clar i vols <strong>sol\u00b7licitar l&#8217;homologaci\u00f3 <a href=\"https:\/\/educacio.gencat.cat\/ca\/tramits\/tramits-temes\/20264_homologacio_titols?category=254c193b-ca70-11e5-8c48-005056924a59&amp;temesNom=Educaci%C3%B3+i+formaci%C3%B3&amp;moda=1\" target=\"_blank\" rel=\"noopener\">clica aqu\u00ed per accedir al tr\u00e0mit<\/a>.<\/strong><\/p>\n","protected":false},"excerpt":{"rendered":"<p>Has cursat estudis a l&#8217;estranger i vols homologar-los per tal de cursar Batxillerat o Cicles formatius al nostre centre?<br \/>\nRequisits<br \/>\nPer obternir-ne la convalidaci\u00f3, l&#8217;estudi ha de complir els\u00a0requisits\u00a0seg\u00fcents:<\/p>\n<ul>\n<li>Ha de tenir\u00a0validesa oficial\u00a0en el sistema educatiu del pa\u00eds estranger.<\/li>\n<li>Cal que l&#8217;hagis\u00a0finalitzat i superat\u00a0totalment. No es poden convalidar&hellip;  <a href=\"https:\/\/agora.xtec.cat\/iesbde\/secretaria\/homologacio-destudis-estrangers\/\" title=\"Read Homologaci\u00f3 d&#8217;estudis estrangers\">Llegeix m\u00e9s\u00bb<\/a><br \/>\n","protected":false},"author":117,"featured_media":0,"parent":81,"menu_order":6,"comment_status":"closed","ping_status":"closed","template":"page-templates\/side-menu.php","meta":{"_bbp_topic_count":0,"_bbp_reply_count":0,"_bbp_total_topic_count":0,"_bbp_total_reply_count":0,"_bbp_voice_count":0,"_bbp_anonymous_reply_count":0,"_bbp_topic_count_hidden":0,"_bbp_reply_count_hidden":0,"_bbp_forum_subforum_count":0,"footnotes":""},"class_list":["post-12442","page","type-page","status-publish","hentry"],"post_mailing_queue_ids":[],"_links":{"self":[{"href":"https:\/\/agora.xtec.cat\/iesbde\/wp-json\/wp\/v2\/pages\/12442","targetHints":{"allow":["GET"]}}],"collection":[{"href":"https:\/\/agora.xtec.cat\/iesbde\/wp-json\/wp\/v2\/pages"}],"about":[{"href":"https:\/\/agora.xtec.cat\/iesbde\/wp-json\/wp\/v2\/types\/page"}],"author":[{"embeddable":true,"href":"https:\/\/agora.xtec.cat\/iesbde\/wp-json\/wp\/v2\/users\/117"}],"replies":[{"embeddable":true,"href":"https:\/\/agora.xtec.cat\/iesbde\/wp-json\/wp\/v2\/comments?post=12442"}],"version-history":[{"count":2,"href":"https:\/\/agora.xtec.cat\/iesbde\/wp-json\/wp\/v2\/pages\/12442\/revisions"}],"predecessor-version":[{"id":12444,"href":"https:\/\/agora.xtec.cat\/iesbde\/wp-json\/wp\/v2\/pages\/12442\/revisions\/12444"}],"up":[{"embeddable":true,"href":"https:\/\/agora.xtec.cat\/iesbde\/wp-json\/wp\/v2\/pages\/81"}],"wp:attachment":[{"href":"https:\/\/agora.xtec.cat\/iesbde\/wp-json\/wp\/v2\/media?parent=12442"}],"curies":[{"name":"wp","href":"https:\/\/api.w.org\/{rel}","templated":true}]}}