{"id":11256,"date":"2023-10-17T12:11:52","date_gmt":"2023-10-17T10:11:52","guid":{"rendered":"https:\/\/agora.xtec.cat\/iesbde\/?page_id=11256"},"modified":"2025-09-17T13:55:26","modified_gmt":"2025-09-17T11:55:26","slug":"cicles","status":"publish","type":"page","link":"https:\/\/agora.xtec.cat\/iesbde\/secretaria\/convalidacions\/cicles\/","title":{"rendered":"Cicles"},"content":{"rendered":"<h5 class=\"entry-title\"><span style=\"font-size: 1.4375em;\">Tipus de convalidacions<\/span><\/h5>\n<table>\n<tbody>\n<tr>\n<td><strong>Tipologia<\/strong><\/td>\n<td><strong>Qui la resol<\/strong><\/td>\n<td><strong>Observacions<\/strong><\/td>\n<td><strong> Sol\u00b7licitud<\/strong><\/td>\n<\/tr>\n<tr>\n<td style=\"text-align: left;\"><b>ordin\u00e0ria<\/b><\/p>\n<p><span style=\"font-weight: 400;\">(<\/span><span style=\"font-weight: 400;\">a partir d\u2019altres estudis realitzats de FP<\/span><span style=\"font-weight: 400;\">)\u00a0<\/span><\/td>\n<td style=\"text-align: justify;\"><span style=\"font-weight: 400;\">Centre: Resol direcci\u00f3 del centre i la resoluci\u00f3 correspon a l\u2019anotaci\u00f3 a l\u2019expedient de l\u2019alumne\/a de la qualificaci\u00f3 obtinguda en el cicle anterior.<\/span><\/td>\n<td style=\"text-align: justify;\"><span style=\"font-weight: 400;\">Subjecte a la verificaci\u00f3 de la documentaci\u00f3 presentada. Resoluci\u00f3 durant el curs acad\u00e8mic en que es presenten.<\/span><\/td>\n<td style=\"text-align: justify;\">formulari online que s&#8217;envia des del centre<\/td>\n<\/tr>\n<tr>\n<td style=\"text-align: left;\"><b>singular<\/b><\/p>\n<p><span style=\"font-weight: 400;\">(<\/span><span style=\"font-weight: 400;\">a partir d\u2019estudis universitaris, altres estudis o certificats de professionalitat<\/span><span style=\"font-weight: 400;\">)<\/span><\/td>\n<td style=\"text-align: justify;\"><span style=\"font-weight: 400;\">Departament: Resol direcci\u00f3 general de la Formaci\u00f3 Professional del Departament d\u2019Educaci\u00f3 i la resoluci\u00f3 correspon a l\u2019anotaci\u00f3 a l\u2019expedient de l\u2019alumne\/a (Cv) que t\u00e9 efectes de 5 pel c\u00e0lcul de la nota final del cicle.<\/span><\/td>\n<td style=\"text-align: justify;\"><span style=\"font-weight: 400;\">Subjecte a la verificaci\u00f3 de la documentaci\u00f3 presentada. Resol el Departament d\u2019Educaci\u00f3. Aquestes convalidacions tarden m\u00e9s temps que es resolguin que les ordin\u00e0ries.<\/span><\/td>\n<td style=\"text-align: justify;\"><a href=\"https:\/\/drive.google.com\/file\/d\/1Zamo8gUTogiGXSDgR_vkn5uxPupIxtTj\/view?usp=drive_link\" target=\"_blank\" rel=\"noopener\"><span style=\"font-weight: 400;\"> convalidaci\u00f3\u00a0 singular<\/span><\/a><\/td>\n<\/tr>\n<\/tbody>\n<\/table>\n<h5><\/h5>\n<h5 class=\"entry-title\"><span style=\"font-size: 1.4375em;\">Procediment per sol\u00b7licitar convalidacions<\/span><\/h5>\n<ol>\n<li style=\"text-align: justify;\"><strong>Consulteu les <span style=\"text-decoration: underline;\">taules de convalidacions del vostre cicle<\/span> per si correspon presentar la petici\u00f3.<\/strong><br \/>\n(les trobareu a continuaci\u00f3)<\/li>\n<li style=\"text-align: justify;\"><strong style=\"font-family: inherit; font-size: 1em;\">Ompliu i envieu el formulari en l\u00ednia que us enviarem des del centre<\/strong><span style=\"font-family: inherit; font-size: 1em;\">.\u00a0<\/span><\/li>\n<li style=\"text-align: justify;\"><strong>Prepareu la <span style=\"text-decoration: underline;\">documentaci\u00f3<\/span> a adjuntar al formulari en l\u00ednia.<\/strong> <strong>Caldr\u00e0 que estigui signat digitalment (c\u00f2pia aut\u00e8ntica o digitalitzaci\u00f3 segura).<\/strong>\n<ul>\n<li style=\"list-style-type: none;\">\n<ul>\n<li style=\"list-style-type: none;\">\n<ul>\n<li style=\"text-align: justify;\"><span style=\"text-decoration: underline;\">Convalidacions ordin\u00e0ries:<\/span> Certificat de qualificacions PER UNITATS FORMATIVES (no per m\u00f2duls) on constin els ensenyaments cursats amb la totalitat de m\u00f2duls; Unitats formatives, durada i qualificaci\u00f3 obtinguda. <span style=\"text-decoration: underline;\">Important:<\/span><span style=\"font-family: inherit; font-size: 1em;\"> el certificat de qualificacions no \u00e9s el butllet\u00ed de qualificacions<\/span><\/li>\n<\/ul>\n<\/li>\n<\/ul>\n<\/li>\n<\/ul>\n<\/li>\n<\/ol>\n<ul>\n<li style=\"list-style-type: none;\">\n<ul>\n<li style=\"list-style-type: none;\">\n<ul>\n<li style=\"list-style-type: none;\">\n<ul>\n<li style=\"text-align: justify;\"><span style=\"font-family: inherit; font-size: 1em;\"><span style=\"text-decoration: underline;\">Convalidacions singulars:<\/span>\u00a0 Des d\u2019aquest curs acad\u00e8mic, per complir amb la normativa, per a la convalidaci\u00f3 de les UF1 de FOL i EIE a partir d\u2019estudis universitaris s\u2019estudiar\u00e0 que els continguts i hores de les mat\u00e8ries aportades siguin afins a les UF que es sol\u00b7licita. Per tant, ens haureu de fer arribar tamb\u00e9 el certificat acad\u00e8mic de les mat\u00e8ries cursades i el pla d\u2019estudis corresponent als estudis universitaris cursats, per tal de fer-ne la valoraci\u00f3.<\/span><\/li>\n<\/ul>\n<\/li>\n<\/ul>\n<\/li>\n<\/ul>\n<\/li>\n<\/ul>\n<ul>\n<li style=\"list-style-type: none;\">\n<ul>\n<li style=\"list-style-type: none;\">\n<ul>\n<li style=\"list-style-type: none;\">\n<ul>\n<li>En el cas de sol\u00b7licitar la <span style=\"text-decoration: underline;\">convalidaci\u00f3 d&#8217;angl\u00e8s<\/span> haureu d&#8217;adjuntar el document que especifiqui a la taula de convalidaci\u00f3 segons el vostre cas.<\/li>\n<\/ul>\n<\/li>\n<\/ul>\n<\/li>\n<\/ul>\n<\/li>\n<\/ul>\n<p style=\"text-align: justify;\">4. <strong>Un cop enviada la petici\u00f3 de convalidaci\u00f3 s&#8217;emetr\u00e0 la resoluci\u00f3. Si \u00e9s aprovada ja no ser\u00e0 necessari assistir a classe.<\/strong><\/p>\n<h5 class=\"entry-title\"><\/h5>\n<h5 class=\"entry-title\"><span style=\"font-size: 1.4375em;\">Taules de convalidacions<\/span><\/h5>\n<table style=\"border-collapse: collapse; width: 46.8916%;\">\n<tbody>\n<tr>\n<td style=\"width: 37.5895%; text-align: left;\">FOL \/EIE<\/td>\n<td style=\"width: 9.15586%; text-align: center;\"><a href=\"https:\/\/drive.google.com\/file\/d\/1X8h7uxqDZzYRW94ESL1-L2AhxH5rO3fC\/view?usp=sharing\" target=\"_blank\" rel=\"noopener\"><img loading=\"lazy\" decoding=\"async\" class=\"alignnone size-full wp-image-7292\" src=\"https:\/\/agora.xtec.cat\/iesbde\/wp-content\/uploads\/usu407\/2020\/11\/Documents-e1612375137173.png\" alt=\"\" width=\"20\" height=\"19\" \/><\/a><\/td>\n<\/tr>\n<tr>\n<td style=\"width: 37.5895%; text-align: left;\">Angl\u00e8s<\/td>\n<td style=\"width: 9.15586%; text-align: center;\"><a href=\"https:\/\/drive.google.com\/file\/d\/1QpZe_Xcn_1SZ_YI4vrNgD9SB7bhMKcIl\/view?usp=sharing\" target=\"_blank\" rel=\"noopener\"><img loading=\"lazy\" decoding=\"async\" class=\"alignnone size-full wp-image-7292\" src=\"https:\/\/agora.xtec.cat\/iesbde\/wp-content\/uploads\/usu407\/2020\/11\/Documents-e1612375137173.png\" alt=\"\" width=\"20\" height=\"19\" \/><\/a><\/td>\n<\/tr>\n<tr>\n<td style=\"width: 37.5895%; text-align: left;\">TAPSD<\/td>\n<td style=\"width: 9.15586%; text-align: center;\"><a href=\"https:\/\/drive.google.com\/file\/d\/1sAg2rKXc6NXVUKMuEh2r6fMvbaeONPlN\/view?usp=sharing\" target=\"_blank\" rel=\"noopener\"><img loading=\"lazy\" decoding=\"async\" class=\"alignnone size-full wp-image-7292\" src=\"https:\/\/agora.xtec.cat\/iesbde\/wp-content\/uploads\/usu407\/2020\/11\/Documents-e1612375137173.png\" alt=\"\" width=\"20\" height=\"19\" \/><\/a><\/td>\n<\/tr>\n<tr>\n<td style=\"width: 37.5895%; text-align: left;\">TEI<\/td>\n<td style=\"width: 9.15586%; text-align: center;\"><a href=\"https:\/\/drive.google.com\/file\/d\/1gpQ1aCxDKOOtXnpYrF1T9q4BauY6MYxn\/view?usp=sharing\" target=\"_blank\" rel=\"noopener\"> <img loading=\"lazy\" decoding=\"async\" class=\"alignnone size-full wp-image-7292\" src=\"https:\/\/agora.xtec.cat\/iesbde\/wp-content\/uploads\/usu407\/2020\/11\/Documents-e1612375137173.png\" alt=\"\" width=\"20\" height=\"19\" \/><\/a><\/td>\n<\/tr>\n<\/tbody>\n<\/table>\n<h5><\/h5>\n<h5 class=\"entry-title\"><span style=\"font-size: 1.4375em;\">Normativa de refer\u00e8ncia<\/span><\/h5>\n<table style=\"border-collapse: collapse; width: 50.1337%;\">\n<tbody>\n<tr>\n<td style=\"width: 48.8329%;\"><em>Real Decreto 1085\/2020, de 9 de diciembre por el que se establecen convalidaciones de m\u00f3dulos profesionales &#8230;<\/em><\/td>\n<td style=\"width: 7.54399%;\"><a href=\"https:\/\/www.boe.es\/eli\/es\/rd\/2020\/12\/09\/1085\" target=\"_blank\" rel=\"noopener\"><img loading=\"lazy\" decoding=\"async\" class=\"alignnone size-full wp-image-7292 aligncenter\" src=\"https:\/\/agora.xtec.cat\/iesbde\/wp-content\/uploads\/usu407\/2020\/11\/Documents-e1612375137173.png\" alt=\"\" width=\"20\" height=\"19\" \/><\/a><\/td>\n<\/tr>\n<\/tbody>\n<\/table>\n<p>&nbsp;<\/p>\n","protected":false},"excerpt":{"rendered":"<p>Tipus de convalidacions<\/p>\n<p>Tipologia<br \/>\nQui la resol<br \/>\nObservacions<br \/>\n Sol\u00b7licitud<\/p>\n<p>ordin\u00e0ria<br \/>\n(a partir d\u2019altres estudis realitzats de FP)\u00a0<br \/>\nCentre: Resol direcci\u00f3 del centre i la resoluci\u00f3 correspon a l\u2019anotaci\u00f3 a l\u2019expedient de l\u2019alumne\/a de la qualificaci\u00f3 obtinguda en el cicle anterior.<br \/>\nSubjecte a la verificaci\u00f3 de la documentaci\u00f3 presentada. Resoluci\u00f3 durant el curs&hellip;  <a href=\"https:\/\/agora.xtec.cat\/iesbde\/secretaria\/convalidacions\/cicles\/\" title=\"Read Cicles\">Llegeix m\u00e9s\u00bb<\/a><\/p>\n","protected":false},"author":1,"featured_media":0,"parent":10252,"menu_order":3,"comment_status":"closed","ping_status":"closed","template":"page-templates\/side-menu.php","meta":{"_bbp_topic_count":0,"_bbp_reply_count":0,"_bbp_total_topic_count":0,"_bbp_total_reply_count":0,"_bbp_voice_count":0,"_bbp_anonymous_reply_count":0,"_bbp_topic_count_hidden":0,"_bbp_reply_count_hidden":0,"_bbp_forum_subforum_count":0,"footnotes":""},"class_list":["post-11256","page","type-page","status-publish","hentry"],"post_mailing_queue_ids":[],"_links":{"self":[{"href":"https:\/\/agora.xtec.cat\/iesbde\/wp-json\/wp\/v2\/pages\/11256","targetHints":{"allow":["GET"]}}],"collection":[{"href":"https:\/\/agora.xtec.cat\/iesbde\/wp-json\/wp\/v2\/pages"}],"about":[{"href":"https:\/\/agora.xtec.cat\/iesbde\/wp-json\/wp\/v2\/types\/page"}],"author":[{"embeddable":true,"href":"https:\/\/agora.xtec.cat\/iesbde\/wp-json\/wp\/v2\/users\/1"}],"replies":[{"embeddable":true,"href":"https:\/\/agora.xtec.cat\/iesbde\/wp-json\/wp\/v2\/comments?post=11256"}],"version-history":[{"count":7,"href":"https:\/\/agora.xtec.cat\/iesbde\/wp-json\/wp\/v2\/pages\/11256\/revisions"}],"predecessor-version":[{"id":13571,"href":"https:\/\/agora.xtec.cat\/iesbde\/wp-json\/wp\/v2\/pages\/11256\/revisions\/13571"}],"up":[{"embeddable":true,"href":"https:\/\/agora.xtec.cat\/iesbde\/wp-json\/wp\/v2\/pages\/10252"}],"wp:attachment":[{"href":"https:\/\/agora.xtec.cat\/iesbde\/wp-json\/wp\/v2\/media?parent=11256"}],"curies":[{"name":"wp","href":"https:\/\/api.w.org\/{rel}","templated":true}]}}