{"id":11254,"date":"2023-10-17T12:10:27","date_gmt":"2023-10-17T10:10:27","guid":{"rendered":"https:\/\/agora.xtec.cat\/iesbde\/?page_id=11254"},"modified":"2025-03-11T12:50:55","modified_gmt":"2025-03-11T11:50:55","slug":"batxillerat","status":"publish","type":"page","link":"https:\/\/agora.xtec.cat\/iesbde\/secretaria\/convalidacions\/batxillerat\/","title":{"rendered":"Batxillerat"},"content":{"rendered":"<header class=\"entry-header\">\n<h5 class=\"entry-title\"><strong><span style=\"font-size: 14pt;\">Procediment pel reconeixement\/convalidaci\u00f3 de mat\u00e8ries\u00a0 espec\u00edfiques del Batxillerat<\/span><\/strong><\/h5>\n<\/header>\n<div class=\"entry-content\">\n<p><strong>1) Omplir el formulari de sol\u00b7licitud corresponent:<\/strong><\/p>\n<table style=\"border-collapse: collapse; width: 100%; height: 432px;\">\n<tbody>\n<tr style=\"height: 56px;\">\n<td style=\"width: 77.3196%; height: 15px;\">Sol\u00b7licitud de reducci\u00f3 de mat\u00e8ries de la franja d\u2019espec\u00edfiques de batxillerat (BATX) basant-se en <strong>estudis de m\u00fasica en un conservatori o en un centre professional.<\/strong> BMU1<\/td>\n<td style=\"width: 18.0412%; text-align: center; height: 15px;\"><a href=\"https:\/\/agora.xtec.cat\/iesbde\/wp-content\/uploads\/usu407\/2023\/02\/BMU1-Sol.conv_.musica-conservatori-BAT_APU138.pdf\" target=\"_blank\" rel=\"noopener\">Descarrega el document<\/a><\/td>\n<\/tr>\n<tr style=\"height: 59px;\">\n<td style=\"width: 77.3196%; height: 15px;\">Sol\u00b7licitud de reducci\u00f3 de mat\u00e8ries de batxillerat (BATX) basant-se en <strong>estudis de m\u00fasica en una escola de m\u00fasica autoritzada<\/strong>. BMU3<\/td>\n<td style=\"width: 18.0412%; text-align: center; height: 15px;\"><a href=\"https:\/\/agora.xtec.cat\/iesbde\/wp-content\/uploads\/usu407\/2023\/02\/BMU3-Sol.conv_.musica-escola-autoritzada-BAT_APU140.pdf\" target=\"_blank\" rel=\"noopener\">Descarrega el document<\/a><\/td>\n<\/tr>\n<tr style=\"height: 59px;\">\n<td style=\"width: 77.3196%; height: 15px;\">Sol\u00b7licitud de reconeixement de la mat\u00e8ria d\u2019Educaci\u00f3 F\u00edsica del Batxillerat (BATX) als <strong>alumnes amb dedicaci\u00f3 significativa a l\u2019esport.<\/strong><\/td>\n<td style=\"width: 18.0412%; text-align: center; height: 15px;\"><a href=\"https:\/\/agora.xtec.cat\/iesbde\/wp-content\/uploads\/usu407\/2023\/02\/Sol.conv_.ed_.fisica-ESPORT-BATX.pdf\" target=\"_blank\" rel=\"noopener\">Descarrega el document<\/a><\/td>\n<\/tr>\n<tr style=\"height: 59px;\">\n<td style=\"width: 77.3196%; height: 15px;\">Sol\u00b7licitud de reducci\u00f3 de mat\u00e8ries de la franja d\u2019espec\u00edfiques i\/o de l&#8217;educaci\u00f3 f\u00edsica de batxillerat (BATX) basant-se en <strong>estudis de dansa en un conservatori o en un centre professional<\/strong>. BDA1<\/td>\n<td style=\"width: 18.0412%; text-align: center; height: 15px;\"><a href=\"https:\/\/agora.xtec.cat\/iesbde\/wp-content\/uploads\/usu407\/2023\/02\/BDA1-Sol.conv_.ed_.fisica-conservatori-DANSA-BAT_APU145.pdf\" target=\"_blank\" rel=\"noopener\">Descarrega el document<\/a><\/td>\n<\/tr>\n<tr style=\"height: 59px;\">\n<td style=\"width: 77.3196%; height: 15px;\">Sol\u00b7licitud de reducci\u00f3 de mat\u00e8ries de la franja d\u2019espec\u00edfiques i\/o de l&#8217;educaci\u00f3 f\u00edsica de batxillerat (BATX) basant-se en <strong>estudis de dansa en una escola de dansa autoritzada<\/strong>. BDA3<\/td>\n<td style=\"width: 18.0412%; text-align: center; height: 15px;\"><a href=\"https:\/\/agora.xtec.cat\/iesbde\/wp-content\/uploads\/usu407\/2023\/02\/BDA3-Sol.conv_.ed_.fisica-escola-autoritzada-DANSA-BAT_APU147.pdf\" target=\"_blank\" rel=\"noopener\">Descarrega el document<\/a><\/td>\n<\/tr>\n<\/tbody>\n<\/table>\n<p style=\"text-align: justify;\"><strong>2) Sol\u00b7licitar el certificat corresponent a l\u2019Escola de M\u00fasica Autoritzada, Conservatori, Consell Catal\u00e0 de l\u2019Esport o federaci\u00f3 esportiva, segons el cas.<\/strong><\/p>\n<p style=\"text-align: justify;\"><strong>3) Enviar la sol\u00b7licitud signada juntament amb el certificat corresponent a l\u2019adre\u00e7a de correu <a href=\"mailto:secretaria@insbde.net\" target=\"_blank\" rel=\"noopener\">secretaria@insbde.net<\/a> indicant al cos del missatge \u201c<em>Sol\u00b7licitud de convalidaci\u00f3<\/em>\u201d abans del 15 d&#8217;octubre.<\/strong><\/p>\n<p style=\"text-align: justify;\">L\u2019alumnat que compleixi els requisits rebr\u00e0 la resoluci\u00f3 de reconeixement\/convalidaci\u00f3 corresponent per part de la direcci\u00f3 del centre.<\/p>\n<p style=\"text-align: justify;\">L\u2019alumnat de Batxillerat podr\u00e0 sortir a qualsevol hora de les convalidades\/reconegudes amb la corresponent autoritzaci\u00f3 de la fam\u00edlia en el cas dels menors d\u2019edat.<\/p>\n<p style=\"text-align: justify;\">En les hores reconegudes\/convalidades que es romangui en el centre, l\u2019alumnat estar\u00e0 a la <em>Sala d&#8217;alumnes<\/em> fent treball individual (deures, avan\u00e7ant feines, estudiant\u2026)\u00a0 respectant la normativa general de l\u2019aula.<\/p>\n<\/div>\n","protected":false},"excerpt":{"rendered":"<p>Procediment pel reconeixement\/convalidaci\u00f3 de mat\u00e8ries\u00a0 espec\u00edfiques del Batxillerat<\/p>\n<p>1) Omplir el formulari de sol\u00b7licitud corresponent:<\/p>\n<p>Sol\u00b7licitud de reducci\u00f3 de mat\u00e8ries de la franja d\u2019espec\u00edfiques de batxillerat (BATX) basant-se en estudis de m\u00fasica en un conservatori o en un centre professional. BMU1<br \/>\n<a href=\"https:\/\/agora.xtec.cat\/iesbde\/wp-content\/uploads\/usu407\/2023\/02\/BMU1-Sol.conv_.musica-conservatori-BAT_APU138.pdf\" target=\"_blank\" rel=\"noopener\">Descarrega el document<\/a><\/p>\n<p>Sol\u00b7licitud de&hellip;  <a href=\"https:\/\/agora.xtec.cat\/iesbde\/secretaria\/convalidacions\/batxillerat\/\" title=\"Read Batxillerat\">Llegeix m\u00e9s\u00bb<\/a><\/p>\n","protected":false},"author":1,"featured_media":0,"parent":10252,"menu_order":2,"comment_status":"closed","ping_status":"closed","template":"page-templates\/side-menu.php","meta":{"_bbp_topic_count":0,"_bbp_reply_count":0,"_bbp_total_topic_count":0,"_bbp_total_reply_count":0,"_bbp_voice_count":0,"_bbp_anonymous_reply_count":0,"_bbp_topic_count_hidden":0,"_bbp_reply_count_hidden":0,"_bbp_forum_subforum_count":0,"footnotes":""},"class_list":["post-11254","page","type-page","status-publish","hentry"],"post_mailing_queue_ids":[],"_links":{"self":[{"href":"https:\/\/agora.xtec.cat\/iesbde\/wp-json\/wp\/v2\/pages\/11254","targetHints":{"allow":["GET"]}}],"collection":[{"href":"https:\/\/agora.xtec.cat\/iesbde\/wp-json\/wp\/v2\/pages"}],"about":[{"href":"https:\/\/agora.xtec.cat\/iesbde\/wp-json\/wp\/v2\/types\/page"}],"author":[{"embeddable":true,"href":"https:\/\/agora.xtec.cat\/iesbde\/wp-json\/wp\/v2\/users\/1"}],"replies":[{"embeddable":true,"href":"https:\/\/agora.xtec.cat\/iesbde\/wp-json\/wp\/v2\/comments?post=11254"}],"version-history":[{"count":7,"href":"https:\/\/agora.xtec.cat\/iesbde\/wp-json\/wp\/v2\/pages\/11254\/revisions"}],"predecessor-version":[{"id":12947,"href":"https:\/\/agora.xtec.cat\/iesbde\/wp-json\/wp\/v2\/pages\/11254\/revisions\/12947"}],"up":[{"embeddable":true,"href":"https:\/\/agora.xtec.cat\/iesbde\/wp-json\/wp\/v2\/pages\/10252"}],"wp:attachment":[{"href":"https:\/\/agora.xtec.cat\/iesbde\/wp-json\/wp\/v2\/media?parent=11254"}],"curies":[{"name":"wp","href":"https:\/\/api.w.org\/{rel}","templated":true}]}}