{"id":11252,"date":"2023-10-17T12:08:21","date_gmt":"2023-10-17T10:08:21","guid":{"rendered":"https:\/\/agora.xtec.cat\/iesbde\/?page_id=11252"},"modified":"2025-09-05T11:42:11","modified_gmt":"2025-09-05T09:42:11","slug":"eso","status":"publish","type":"page","link":"https:\/\/agora.xtec.cat\/iesbde\/secretaria\/convalidacions\/eso\/","title":{"rendered":"ESO"},"content":{"rendered":"<header class=\"entry-header\">\n<h5 class=\"entry-title\"><strong><span style=\"font-size: 14pt;\">Procediment pel reconeixement\/convalidaci\u00f3 de mat\u00e8ries optatives de l\u2019ESO, de la mat\u00e8ria de m\u00fasica i\/o d\u2019educaci\u00f3 f\u00edsica<\/span><\/strong><\/h5>\n<\/header>\n<div class=\"entry-content\">\n<p><strong>1) Omplir el formulari de sol\u00b7licitud corresponent:<\/strong><\/p>\n<table style=\"border-collapse: collapse; width: 100.27%; height: 276px;\">\n<tbody>\n<tr style=\"height: 10px;\">\n<td style=\"width: 77.3196%; height: 15px;\">Sol\u00b7licitud de reducci\u00f3 de mat\u00e8ries de l\u2019educaci\u00f3 secund\u00e0ria obligat\u00f2ria (ESO) per als <strong>alumnes que cursen estudis de m\u00fasica en un conservatori o centre professional o en una escola de m\u00fasica autoritzada<\/strong>. EMU1<\/td>\n<td style=\"width: 18.0412%; text-align: center; height: 15px;\"><a href=\"https:\/\/agora.xtec.cat\/iesbde\/wp-content\/uploads\/usu407\/2023\/02\/EMU1-Sol.conv_.musica-conservatori_escola-autoritzada-APU154.pdf\" target=\"_blank\" rel=\"noopener\">Descarrega el document<\/a><\/td>\n<\/tr>\n<tr style=\"height: 10px;\">\n<td style=\"width: 77.3196%; height: 15px;\">Sol\u00b7licitud de reconeixement de la mat\u00e8ria d\u2019Educaci\u00f3 F\u00edsica de l\u2019educaci\u00f3 secund\u00e0ria obligat\u00f2ria (ESO) als <strong>alumnes amb dedicaci\u00f3 significativa a l\u2019esport.<\/strong><\/td>\n<td style=\"width: 18.0412%; text-align: center; height: 15px;\"><a href=\"https:\/\/agora.xtec.cat\/iesbde\/wp-content\/uploads\/usu407\/2023\/02\/Sol.conv_.ed_.fisica-ESPORT-ESO_A545.pdf\" target=\"_blank\" rel=\"noopener\">Descarrega el document<\/a><\/td>\n<\/tr>\n<tr style=\"height: 10px;\">\n<td style=\"width: 77.3196%; height: 15px;\">Sol\u00b7licitud de reducci\u00f3 de mat\u00e8ries de l&#8217;educaci\u00f3 secund\u00e0ria obligat\u00f2ria (ESO) per als <strong>alumnes que cursen estudis de dansa en un conservatori o en un centre professional o en una escola de dansa autoritzada.<\/strong> EDA1<\/td>\n<td style=\"width: 18.0412%; text-align: center; height: 15px;\"><a href=\"https:\/\/agora.xtec.cat\/iesbde\/wp-content\/uploads\/usu407\/2023\/02\/EDA1-Sol.conv_.ed_.fisica-conservatori_escola-autoritzada-DANSA-ESO_A504.pdf\" target=\"_blank\" rel=\"noopener\">Descarrega el document<\/a><\/td>\n<\/tr>\n<\/tbody>\n<\/table>\n<p><strong>2) Sol\u00b7licitar el certificat corresponent a l\u2019Escola de M\u00fasica Autoritzada, Conservatori, Consell Catal\u00e0 de l\u2019Esport o federaci\u00f3 esportiva, segons el cas.<\/strong><\/p>\n<p><strong>3) Enviar la sol\u00b7licitud signada juntament amb el certificat corresponent a l\u2019adre\u00e7a de correu <a href=\"mailto:secretaria@insbde.net\" target=\"_blank\" rel=\"noopener\">secretaria@insbde.net<\/a> indicant al cos del missatge \u201c<em>Sol\u00b7licitud de convalidaci\u00f3<\/em>\u201d abans del 15 d&#8217;octubre.\u00a0<\/strong><\/p>\n<p>L\u2019alumnat que compleixi els requisits rebr\u00e0 la resoluci\u00f3 de reconeixement\/convalidaci\u00f3 corresponent per part de la direcci\u00f3 del centre.<\/p>\n<p>L\u2019alumnat podr\u00e0 entrar a les 09:30h o sortir a les 14:00h si l\u2019horari ho permet i la fam\u00edlia ho autoritza.<\/p>\n<p style=\"text-align: justify;\">En les hores reconegudes\/convalidades que es romangui en el centre, l\u2019alumnat estar\u00e0 a la <em>Sala d&#8217;alumnes<\/em> fent treball individual (deures, avan\u00e7ant feines, estudiant, etc.)\u00a0 respectant la normativa general de l\u2019aula.<\/p>\n<p>En el cas que l&#8217;alumne\/a hagi de <strong>sortir del centre durant l&#8217;horari lectiu per assistir a classes a l&#8217;Escola de M\u00fasica<\/strong> la fam\u00edlia tamb\u00e9 haur\u00e0 de presentar el document d&#8217;<strong><a href=\"https:\/\/drive.google.com\/file\/d\/1KLMwIO44s2ye9nkrt5mo_3PDhLVcQKzF\/view?usp=sharing\" target=\"_blank\" rel=\"noopener\"><span style=\"font-size: 14pt;\">AUTORITZACI\u00d3 de sortida del centre<\/span><\/a>.<\/strong><\/p>\n<\/div>\n","protected":false},"excerpt":{"rendered":"<p>Procediment pel reconeixement\/convalidaci\u00f3 de mat\u00e8ries optatives de l\u2019ESO, de la mat\u00e8ria de m\u00fasica i\/o d\u2019educaci\u00f3 f\u00edsica<\/p>\n<p>1) Omplir el formulari de sol\u00b7licitud corresponent:<\/p>\n<p>Sol\u00b7licitud de reducci\u00f3 de mat\u00e8ries de l\u2019educaci\u00f3 secund\u00e0ria obligat\u00f2ria (ESO) per als alumnes que cursen estudis de m\u00fasica en un conservatori o centre professional&hellip;  <a href=\"https:\/\/agora.xtec.cat\/iesbde\/secretaria\/convalidacions\/eso\/\" title=\"Read ESO\">Llegeix m\u00e9s\u00bb<\/a><\/p>\n","protected":false},"author":1,"featured_media":0,"parent":10252,"menu_order":1,"comment_status":"closed","ping_status":"closed","template":"page-templates\/side-menu.php","meta":{"_bbp_topic_count":0,"_bbp_reply_count":0,"_bbp_total_topic_count":0,"_bbp_total_reply_count":0,"_bbp_voice_count":0,"_bbp_anonymous_reply_count":0,"_bbp_topic_count_hidden":0,"_bbp_reply_count_hidden":0,"_bbp_forum_subforum_count":0,"footnotes":""},"class_list":["post-11252","page","type-page","status-publish","hentry"],"post_mailing_queue_ids":[],"_links":{"self":[{"href":"https:\/\/agora.xtec.cat\/iesbde\/wp-json\/wp\/v2\/pages\/11252","targetHints":{"allow":["GET"]}}],"collection":[{"href":"https:\/\/agora.xtec.cat\/iesbde\/wp-json\/wp\/v2\/pages"}],"about":[{"href":"https:\/\/agora.xtec.cat\/iesbde\/wp-json\/wp\/v2\/types\/page"}],"author":[{"embeddable":true,"href":"https:\/\/agora.xtec.cat\/iesbde\/wp-json\/wp\/v2\/users\/1"}],"replies":[{"embeddable":true,"href":"https:\/\/agora.xtec.cat\/iesbde\/wp-json\/wp\/v2\/comments?post=11252"}],"version-history":[{"count":7,"href":"https:\/\/agora.xtec.cat\/iesbde\/wp-json\/wp\/v2\/pages\/11252\/revisions"}],"predecessor-version":[{"id":13546,"href":"https:\/\/agora.xtec.cat\/iesbde\/wp-json\/wp\/v2\/pages\/11252\/revisions\/13546"}],"up":[{"embeddable":true,"href":"https:\/\/agora.xtec.cat\/iesbde\/wp-json\/wp\/v2\/pages\/10252"}],"wp:attachment":[{"href":"https:\/\/agora.xtec.cat\/iesbde\/wp-json\/wp\/v2\/media?parent=11252"}],"curies":[{"name":"wp","href":"https:\/\/api.w.org\/{rel}","templated":true}]}}