{"id":10785,"date":"2023-05-09T10:16:51","date_gmt":"2023-05-09T08:16:51","guid":{"rendered":"https:\/\/agora.xtec.cat\/iesbde\/?page_id=10785"},"modified":"2026-04-14T08:21:41","modified_gmt":"2026-04-14T06:21:41","slug":"beques-postobligatoris","status":"publish","type":"page","link":"https:\/\/agora.xtec.cat\/iesbde\/secretaria\/beques\/beques-postobligatoris\/","title":{"rendered":"Beques Postobligatoris"},"content":{"rendered":"<h5>BEQUES A L&#8217;ALUMNAT DE NIVELLS POSTOBLIGATORIS (BATXILLERAT I CICLES FORMATIUS)<\/h5>\n<p>En el seg\u00fcent <a href=\"https:\/\/www.becaseducacion.gob.es\/becas-y-ayudas\/fp-bachillerato-otros\/tipos-de-becas.html\" target=\"_blank\" rel=\"noopener\">enlla\u00e7 del <em>Ministerio de Educaci\u00f3n y formaci\u00f3n profesional<\/em><\/a> podreu informaci\u00f3 sobre les <em>beques i ajudes d&#8217;alumnes de nivells postobligatoris<\/em> pel curs 2026-2027.<\/p>\n<p><a href=\"https:\/\/sede.educacion.gob.es\/sede\/login\/inicio.jjsp?idConvocatoria=2482\" target=\"_blank\" rel=\"noopener\"><img loading=\"lazy\" decoding=\"async\" class=\"aligncenter wp-image-10802 size-medium\" src=\"https:\/\/agora.xtec.cat\/iesbde\/wp-content\/uploads\/usu407\/2023\/05\/presentar-sollicitud-e1729593349136-300x121.png\" alt=\"\" width=\"300\" height=\"121\" srcset=\"https:\/\/agora.xtec.cat\/iesbde\/wp-content\/uploads\/usu407\/2023\/05\/presentar-sollicitud-e1729593349136-300x121.png 300w, https:\/\/agora.xtec.cat\/iesbde\/wp-content\/uploads\/usu407\/2023\/05\/presentar-sollicitud-e1729593349136-200x80.png 200w, https:\/\/agora.xtec.cat\/iesbde\/wp-content\/uploads\/usu407\/2023\/05\/presentar-sollicitud-e1729593349136-768x309.png 768w, https:\/\/agora.xtec.cat\/iesbde\/wp-content\/uploads\/usu407\/2023\/05\/presentar-sollicitud-e1729593349136.png 805w\" sizes=\"auto, (max-width: 300px) 100vw, 300px\" \/><\/a><\/p>\n<p>&nbsp;<\/p>\n<ul>\n<li>Termini de presentaci\u00f3 de sol\u00b7licituds 2026: del 7 d&#8217;abril fins el 18 de maig.<\/li>\n<li>Denominaci\u00f3 del tr\u00e0mit: <em>Becas y ayudas a alumnos de niveles postobligatorios <\/em><\/li>\n<li>Codi: <em>050130<\/em><\/li>\n<li>Informaci\u00f3 sobre la <a href=\"https:\/\/www.becaseducacion.gob.es\/normativa\/c\/normativa.html\" target=\"_blank\" rel=\"noopener\">Normativa del Ministerio de Educaci\u00f3n y Formaci\u00f3n Profesional amb la convocat\u00f2ria de les beques<\/a>.<\/li>\n<li>Tots els tr\u00e0mits relatius a la sol\u00b7licitud es poden realitzar online.<\/li>\n<li>L&#8217;autoritat competent responsable del procediment \u00e9s la <em>Direcci\u00f3n General de Planificaci\u00f3n y Gesti\u00f3n Educativa<\/em>. Les dades de contacte poden trobar-se a la p\u00e0gina: <a href=\"http:\/\/www.educacionyfp.gob.es\/servicios-al-ciudadano\/informacion-administrativa.html\" target=\"_blank\" rel=\"noopener\">http:\/\/www.educacionyfp.gob.es\/servicios-al-ciudadano\/informacion-administrativa.html<\/a><\/li>\n<li>La tramitaci\u00f3 es realitza mitjan\u00e7ant la <em>Sede electr\u00f3nica de este Ministerio<\/em>, i l&#8217;autenticaci\u00f3 pot fer-se de dues maneres:\n<ul>\n<li>Mitjan\u00e7ant usuari (DNI o NIE) i contrasenya estblerta per l&#8217;usuari en el moment de registrar-se. La identitat es comprova mtijan\u00e7ant encreuament de dades amb el <em>Ministerio del Interior.<\/em><\/li>\n<li>Mitjan\u00e7ant certificat electr\u00f2nic, integrat a la plataforma Cl@ve. Si s&#8217;utilitza aquesta forma d&#8217;autenticaci\u00f3, totes les consultes que es realitzen sobre l&#8217;estat de la tramitaci\u00f3 s&#8217;hauran de fer de la mateixa manera.<\/li>\n<\/ul>\n<\/li>\n<li>La firma es realitza mitjan\u00e7ant la inclusi\u00f3 de certes dades del document d&#8217;identitat (data de caducitat, o b\u00e9 IDESP o IXESP).<\/li>\n<li>No s&#8217;ha de presentar documents per realitzar la sol\u00b7licitud, a no ser que es sol\u00b7liciti espec\u00edficament.<\/li>\n<li>Contra resolucions provisionals es podran presentar al\u00b7legacions (en el termini de 10 dies), i contra la resoluci\u00f3 definitiva (publicaci\u00f3 de las llistes de beneficiaris amb els imports atorgats a la web del <em>Ministerio<\/em>), recurs de reposici\u00f3 (en el termini d&#8217;un mes) o recurs contenci\u00f3s &#8211; administratiu (dos mesos).<\/li>\n<li>Ni la sol\u00b7licitud ni cap dels tr\u00e0mits suposa cap cost pel sol\u00b7licitant.<\/li>\n<li>El ciutad\u00e0 haur\u00e0 de presentar la sol\u00b7licitud en el termini indicat i, en el cas que es requereixi un document, en el termini que indiqui el requeriment pertinent.<\/li>\n<li>La<em> Directora General de Planificaci\u00f3n y Gesti\u00f3n Educativa<\/em> dictar\u00e0 la resoluci\u00f3 definitiva de la convocat\u00f2ria en el termini m\u00e0xim de sis mesos, computats a partir del moment en que es disposi de la informaci\u00f3 necess\u00e0ria per a assignar la quantitat variable facilitada per les administracions p\u00fabliques, les universitats i les comunitats aut\u00f2nomes.<\/li>\n<li>El silenci administratiu \u00e9s negatiu.<\/li>\n<\/ul>\n","protected":false},"excerpt":{"rendered":"<p>BEQUES A L&#8217;ALUMNAT DE NIVELLS POSTOBLIGATORIS (BATXILLERAT I CICLES FORMATIUS)<br \/>\nEn el seg\u00fcent <a href=\"https:\/\/www.becaseducacion.gob.es\/becas-y-ayudas\/fp-bachillerato-otros\/tipos-de-becas.html\" target=\"_blank\" rel=\"noopener\">enlla\u00e7 del Ministerio de Educaci\u00f3n y formaci\u00f3n profesional<\/a> podreu informaci\u00f3 sobre les beques i ajudes d&#8217;alumnes de nivells postobligatoris pel curs 2026-2027.<br \/>\n<a href=\"https:\/\/sede.educacion.gob.es\/sede\/login\/inicio.jjsp?idConvocatoria=2482\" target=\"_blank\" rel=\"noopener\"><\/a><br \/>\n&nbsp;<\/p>\n<ul>\n<li>Termini de presentaci\u00f3 de sol\u00b7licituds 2026:&hellip;  <a href=\"https:\/\/agora.xtec.cat\/iesbde\/secretaria\/beques\/beques-postobligatoris\/\" title=\"Read Beques Postobligatoris\">Llegeix m\u00e9s\u00bb<\/a><br \/>\n","protected":false},"author":117,"featured_media":0,"parent":10244,"menu_order":1,"comment_status":"closed","ping_status":"closed","template":"page-templates\/side-menu.php","meta":{"_bbp_topic_count":0,"_bbp_reply_count":0,"_bbp_total_topic_count":0,"_bbp_total_reply_count":0,"_bbp_voice_count":0,"_bbp_anonymous_reply_count":0,"_bbp_topic_count_hidden":0,"_bbp_reply_count_hidden":0,"_bbp_forum_subforum_count":0,"footnotes":""},"class_list":["post-10785","page","type-page","status-publish","hentry"],"post_mailing_queue_ids":[],"_links":{"self":[{"href":"https:\/\/agora.xtec.cat\/iesbde\/wp-json\/wp\/v2\/pages\/10785","targetHints":{"allow":["GET"]}}],"collection":[{"href":"https:\/\/agora.xtec.cat\/iesbde\/wp-json\/wp\/v2\/pages"}],"about":[{"href":"https:\/\/agora.xtec.cat\/iesbde\/wp-json\/wp\/v2\/types\/page"}],"author":[{"embeddable":true,"href":"https:\/\/agora.xtec.cat\/iesbde\/wp-json\/wp\/v2\/users\/117"}],"replies":[{"embeddable":true,"href":"https:\/\/agora.xtec.cat\/iesbde\/wp-json\/wp\/v2\/comments?post=10785"}],"version-history":[{"count":6,"href":"https:\/\/agora.xtec.cat\/iesbde\/wp-json\/wp\/v2\/pages\/10785\/revisions"}],"predecessor-version":[{"id":14235,"href":"https:\/\/agora.xtec.cat\/iesbde\/wp-json\/wp\/v2\/pages\/10785\/revisions\/14235"}],"up":[{"embeddable":true,"href":"https:\/\/agora.xtec.cat\/iesbde\/wp-json\/wp\/v2\/pages\/10244"}],"wp:attachment":[{"href":"https:\/\/agora.xtec.cat\/iesbde\/wp-json\/wp\/v2\/media?parent=10785"}],"curies":[{"name":"wp","href":"https:\/\/api.w.org\/{rel}","templated":true}]}}