{"id":10291,"date":"2023-02-24T12:19:44","date_gmt":"2023-02-24T11:19:44","guid":{"rendered":"https:\/\/agora.xtec.cat\/iesbde\/?page_id=10291"},"modified":"2026-04-10T12:42:26","modified_gmt":"2026-04-10T10:42:26","slug":"batx-preinscripcio-i-matricula","status":"publish","type":"page","link":"https:\/\/agora.xtec.cat\/iesbde\/secretaria\/preinscripcio-matricula\/batx-preinscripcio-i-matricula\/","title":{"rendered":"BATX &#8211; Preinscripci\u00f3 i matr\u00edcula 2026-2027"},"content":{"rendered":"<p><span style=\"font-size: 14pt;\"><em>Calendari oficial incl\u00f2s a la <a href=\"https:\/\/dogc.gencat.cat\/ca\/document-del-dogc\/?documentId=1036257\" target=\"_blank\" rel=\"noopener\">Resoluci\u00f3 EDF\/293\/2026, de 6 de febrer<\/a>\u00a0i publicat al DOGC el 10 de febrer de 2026.<\/em><\/span><\/p>\n<table style=\"height: 1279px; width: 100%; border-collapse: collapse; border-style: hidden; border-color: #fafafa;\">\n<tbody>\n<tr style=\"height: 124px;\">\n<td style=\"width: 17.3242%; border-style: hidden; height: 124px;\"><span style=\"font-size: 12pt;\"><strong>8 d&#8217;abril de 2026<\/strong><\/span><\/td>\n<td style=\"width: 82.6758%; border-style: solid; height: 124px;\"><a href=\"https:\/\/drive.google.com\/file\/d\/1LHmVeutMOfIBmDK2rrrHhO7gSrWmhBRN\/view?usp=drive_link\" target=\"_blank\" rel=\"noopener\"><span style=\"font-size: 12pt;\"><strong>Publicaci\u00f3 de l&#8217;oferta inicial de places<\/strong><\/span><\/a><strong><span style=\"color: #2795b6;\"><img loading=\"lazy\" decoding=\"async\" class=\"alignleft wp-image-12942\" src=\"https:\/\/agora.xtec.cat\/iesbde\/wp-content\/uploads\/usu407\/2025\/03\/clica-aqui-1024x1024.png\" alt=\"\" width=\"50\" height=\"50\" srcset=\"https:\/\/agora.xtec.cat\/iesbde\/wp-content\/uploads\/usu407\/2025\/03\/clica-aqui-1024x1024.png 1024w, https:\/\/agora.xtec.cat\/iesbde\/wp-content\/uploads\/usu407\/2025\/03\/clica-aqui-300x300.png 300w, https:\/\/agora.xtec.cat\/iesbde\/wp-content\/uploads\/usu407\/2025\/03\/clica-aqui-200x200.png 200w, https:\/\/agora.xtec.cat\/iesbde\/wp-content\/uploads\/usu407\/2025\/03\/clica-aqui-768x768.png 768w, https:\/\/agora.xtec.cat\/iesbde\/wp-content\/uploads\/usu407\/2025\/03\/clica-aqui.png 1080w\" sizes=\"auto, (max-width: 50px) 100vw, 50px\" \/><\/span><\/strong><\/td>\n<\/tr>\n<tr>\n<td style=\"width: 17.3242%; border-style: hidden;\"><span style=\"font-size: 16px;\"><b>7 d&#8217;abril de 2026 a les 17.00h<\/b><\/span><\/td>\n<td style=\"width: 82.6758%; border-style: solid;\"><strong>Portes Obertes, reuni\u00f3 adre\u00e7ada a les fam\u00edlies del futur alumnat de Batxillerat del curs 2026-2027<\/strong><\/td>\n<\/tr>\n<tr style=\"border-style: hidden;\">\n<td style=\"width: 17.3242%; height: 159px; border-style: hidden;\"><span style=\"font-size: 14pt;\"><strong>Del 9 al 16 d&#8217;abril del 2026<\/strong><\/span><\/td>\n<td style=\"width: 82.6758%; height: 159px; border-style: solid;\"><span style=\"font-size: 12pt;\"><a href=\"https:\/\/educacio.gencat.cat\/ca\/tramits\/tramits-temes\/preinscripcio-batxillerat?category=&amp;moda=1\" target=\"_blank\" rel=\"noopener\"><strong><span style=\"color: #2795b6;\"><img loading=\"lazy\" decoding=\"async\" class=\"alignleft wp-image-12942\" src=\"https:\/\/agora.xtec.cat\/iesbde\/wp-content\/uploads\/usu407\/2025\/03\/clica-aqui-1024x1024.png\" alt=\"\" width=\"50\" height=\"50\" srcset=\"https:\/\/agora.xtec.cat\/iesbde\/wp-content\/uploads\/usu407\/2025\/03\/clica-aqui-1024x1024.png 1024w, https:\/\/agora.xtec.cat\/iesbde\/wp-content\/uploads\/usu407\/2025\/03\/clica-aqui-300x300.png 300w, https:\/\/agora.xtec.cat\/iesbde\/wp-content\/uploads\/usu407\/2025\/03\/clica-aqui-200x200.png 200w, https:\/\/agora.xtec.cat\/iesbde\/wp-content\/uploads\/usu407\/2025\/03\/clica-aqui-768x768.png 768w, https:\/\/agora.xtec.cat\/iesbde\/wp-content\/uploads\/usu407\/2025\/03\/clica-aqui.png 1080w\" sizes=\"auto, (max-width: 50px) 100vw, 50px\" \/><\/span>Presentaci\u00f3 de sol\u00b7licituds<\/strong><\/a><\/span><\/p>\n<p>&nbsp;<\/p>\n<p><span style=\"font-size: 10pt;\">\u00c9s molt important respectar les dates de presentaci\u00f3, perqu\u00e8 per a aquests ensenyaments <strong>no s&#8217;accepten sol\u00b7licituds fora de termini<\/strong>. Per a m\u00e9s informaci\u00f3 consulta aquest <strong><a href=\"https:\/\/preinscripcio.gencat.cat\/ca\/estudis\/batxillerat\/inici\/\" target=\"_blank\" rel=\"noopener\">ENLLA\u00c7<\/a><\/strong><\/span><\/p>\n<p><span style=\"font-size: 12pt;\"><strong>QUI HA DE PRESENTAR LA SOL\u00b7LICITUD DE PREINSCRIPCI\u00d3?<\/strong><\/span><\/p>\n<p><span style=\"font-size: 10pt;\">Han de presentar la sol\u00b7licitud de preinscripci\u00f3 tots els <strong>alumnes que volen accedir al batxillerat de qualsevol modalitat en un CENTRE DIFERENT del que s&#8217;est\u00e0 cursant l&#8217;ESO<\/strong>, les persones que cursen o han cursat un cicle formatiu, les que volen accedir a la modalitat d&#8217;arts i les que provenen d&#8217;un institut que ja no imparteix el batxillerat.<\/span><\/p>\n<p><span style=\"font-size: 10pt;\">Important: <strong>si l&#8217;alumne\/a t\u00e9 18 anys<\/strong> o els fa durant l&#8217;any en qu\u00e8 es fa la preinscripci\u00f3, \u00e9s qui s&#8217;ha d&#8217;identificar i presentar-la.<\/span><\/td>\n<\/tr>\n<tr style=\"border-style: hidden;\">\n<td style=\"width: 17.3242%; height: 96px; border-style: hidden;\">Fins el 17 d&#8217;abril de 2026<\/td>\n<td style=\"width: 82.6758%; height: 96px;\"><strong>Presentaci\u00f3 de documentaci\u00f3<\/strong><\/p>\n<div class=\"list-item-wrapper\">\n<div class=\"col content-col\">\n<div class=\"bloc-mobil\">\n<div class=\"descripcio link-dotted\">\n<p><span style=\"font-size: 10pt;\">Aquests dies pots presentar documentaci\u00f3 acreditativa que no hagis pogut adjuntar durant el per\u00edode de presentaci\u00f3 de sol\u00b7licituds.<\/span><\/p>\n<\/div>\n<\/div>\n<\/div>\n<\/div>\n<\/td>\n<\/tr>\n<tr style=\"border-style: hidden;\">\n<td style=\"width: 17.3242%; height: 163px; border-style: hidden;\">14 de maig de 2026<\/td>\n<td style=\"width: 82.6758%; height: 163px;\"><span style=\"font-size: 12pt;\"><strong><img loading=\"lazy\" decoding=\"async\" class=\"wp-image-12942 alignleft\" src=\"https:\/\/agora.xtec.cat\/iesbde\/wp-content\/uploads\/usu407\/2025\/03\/clica-aqui-1024x1024.png\" alt=\"\" width=\"50\" height=\"50\" srcset=\"https:\/\/agora.xtec.cat\/iesbde\/wp-content\/uploads\/usu407\/2025\/03\/clica-aqui-1024x1024.png 1024w, https:\/\/agora.xtec.cat\/iesbde\/wp-content\/uploads\/usu407\/2025\/03\/clica-aqui-300x300.png 300w, https:\/\/agora.xtec.cat\/iesbde\/wp-content\/uploads\/usu407\/2025\/03\/clica-aqui-200x200.png 200w, https:\/\/agora.xtec.cat\/iesbde\/wp-content\/uploads\/usu407\/2025\/03\/clica-aqui-768x768.png 768w, https:\/\/agora.xtec.cat\/iesbde\/wp-content\/uploads\/usu407\/2025\/03\/clica-aqui.png 1080w\" sizes=\"auto, (max-width: 50px) 100vw, 50px\" \/>Llista de sol\u00b7licituds amb puntuaci\u00f3 provisional<\/strong><\/span><\/p>\n<p><span style=\"font-size: 10pt;\">Un cop acabat el per\u00edode de presentaci\u00f3 de sol\u00b7licituds, els centres educatius estudien cadascuna de les peticions que han rebut: n&#8217;analitzen les dades, els criteris de prioritat que les fam\u00edlies demanen que es tinguin en compte, i tamb\u00e9 els documents justificatius. Tot seguit, publiquen la llista de sol\u00b7licituds amb la puntuaci\u00f3 provisional. En aquesta llista hi ha les sol\u00b7licituds ordenades alfab\u00e8ticament amb la puntuaci\u00f3 que ha rebut cada sol\u00b7licitud en aplicar-hi el barem.<\/span><\/td>\n<\/tr>\n<tr style=\"border-style: hidden;\">\n<td style=\"width: 17.3242%; height: 118px; border-style: hidden;\">Del 14 al 20 de maig de 2026<\/td>\n<td style=\"width: 82.6758%; height: 118px;\"><strong>Presentaci\u00f3 de reclamacions<\/strong><\/p>\n<p><span style=\"font-size: 10pt;\">Durant aquest per\u00edode, si detectes alguna errada o anomalia en la puntuaci\u00f3 assignada, pots presentar una reclamaci\u00f3 (utilitzant l&#8217;eina electr\u00f2nica per adjuntar reclamacions).<\/span><\/td>\n<\/tr>\n<tr style=\"border-style: hidden;\">\n<td style=\"width: 17.3242%; height: 118px; border-style: hidden;\">26 de maig de 2026<\/td>\n<td style=\"width: 82.6758%; height: 118px;\"><strong><img loading=\"lazy\" decoding=\"async\" class=\"wp-image-12942 alignleft\" src=\"https:\/\/agora.xtec.cat\/iesbde\/wp-content\/uploads\/usu407\/2025\/03\/clica-aqui-1024x1024.png\" alt=\"\" width=\"50\" height=\"50\" srcset=\"https:\/\/agora.xtec.cat\/iesbde\/wp-content\/uploads\/usu407\/2025\/03\/clica-aqui-1024x1024.png 1024w, https:\/\/agora.xtec.cat\/iesbde\/wp-content\/uploads\/usu407\/2025\/03\/clica-aqui-300x300.png 300w, https:\/\/agora.xtec.cat\/iesbde\/wp-content\/uploads\/usu407\/2025\/03\/clica-aqui-200x200.png 200w, https:\/\/agora.xtec.cat\/iesbde\/wp-content\/uploads\/usu407\/2025\/03\/clica-aqui-768x768.png 768w, https:\/\/agora.xtec.cat\/iesbde\/wp-content\/uploads\/usu407\/2025\/03\/clica-aqui.png 1080w\" sizes=\"auto, (max-width: 50px) 100vw, 50px\" \/><span style=\"font-size: 12pt;\">Llista de sol\u00b7licituds amb la puntuaci\u00f3 un cop resoltes les reclamacions<\/span><\/strong><\/p>\n<div class=\"list-item-wrapper\">\n<div class=\"col content-col\">\n<div class=\"bloc-mobil\">\n<div class=\"descripcio link-dotted\">\n<p><span style=\"font-size: 10pt;\">Un cop resoltes totes les reclamacions presentades, el centre publica la llista de sol\u00b7licituds amb la puntuaci\u00f3 definitiva i el n\u00famero de desempat corresponent.<\/span><\/p>\n<\/div>\n<\/div>\n<\/div>\n<\/div>\n<\/td>\n<\/tr>\n<tr style=\"border-style: hidden;\">\n<td style=\"width: 17.3242%; height: 141px; border-style: hidden;\">26 de maig de 2026<\/td>\n<td style=\"width: 82.6758%; height: 141px;\"><strong>Sorteig per resoldre les sol\u00b7licituds de preinscripci\u00f3 empatades en punts<\/strong><\/p>\n<p><span style=\"font-size: 10pt;\">El nombre de places a cada centre educatiu \u00e9s limitat. Si el nombre de peticions supera el d&#8217;alumnes que l&#8217;escola pot acollir, cal aplicar un sistema de desempat entre les sol\u00b7licituds que tenen la mateixa puntuaci\u00f3. Per fer-ho, s&#8217;obt\u00e9 un n\u00famero per sorteig a partir del qual s&#8217;ordenen totes les peticions empatades en punts, tenint en compte el n\u00famero de desempat que s&#8217;ha assignat a cada sol\u00b7licitud. El sorteig tindr\u00e0 lloc a les 11 hores, als serveis centrals del Departament d&#8217;Educaci\u00f3 (Via Augusta, 202-226, Barcelona).<\/span><\/td>\n<\/tr>\n<tr style=\"border-style: hidden;\">\n<td style=\"width: 17.3242%; height: 141px; border-style: hidden;\">29 de maig de 2026<\/td>\n<td style=\"width: 82.6758%; height: 141px;\"><strong><img loading=\"lazy\" decoding=\"async\" class=\"wp-image-12942 alignleft\" src=\"https:\/\/agora.xtec.cat\/iesbde\/wp-content\/uploads\/usu407\/2025\/03\/clica-aqui-1024x1024.png\" alt=\"\" width=\"50\" height=\"50\" srcset=\"https:\/\/agora.xtec.cat\/iesbde\/wp-content\/uploads\/usu407\/2025\/03\/clica-aqui-1024x1024.png 1024w, https:\/\/agora.xtec.cat\/iesbde\/wp-content\/uploads\/usu407\/2025\/03\/clica-aqui-300x300.png 300w, https:\/\/agora.xtec.cat\/iesbde\/wp-content\/uploads\/usu407\/2025\/03\/clica-aqui-200x200.png 200w, https:\/\/agora.xtec.cat\/iesbde\/wp-content\/uploads\/usu407\/2025\/03\/clica-aqui-768x768.png 768w, https:\/\/agora.xtec.cat\/iesbde\/wp-content\/uploads\/usu407\/2025\/03\/clica-aqui.png 1080w\" sizes=\"auto, (max-width: 50px) 100vw, 50px\" \/><span style=\"font-size: 12pt;\">Llista ordenada<\/span><\/strong><\/p>\n<p><span style=\"font-size: 10pt;\">Despr\u00e9s del sorteig, s&#8217;elabora la llista de sol\u00b7licituds per a l&#8217;assignaci\u00f3 de places. Per fer aquesta llista, en primer lloc es t\u00e9 en compte les adscripcions, despr\u00e8s la puntuaci\u00f3 de criteris prioritaris, de m\u00e9s a menys, i en cas d&#8217;empat primer la puntuaci\u00f3 pels criteris complementaris i despr\u00e9s el n\u00famero de desempat.<\/span><\/td>\n<\/tr>\n<tr style=\"border-style: hidden;\">\n<td style=\"width: 17.3242%; height: 27px; border-style: hidden;\">17 de juny de 2026<\/td>\n<td style=\"width: 82.6758%; height: 27px;\"><strong>Oferta final de places escolars<\/strong><\/p>\n<p><span style=\"font-size: 10pt;\">Publicaci\u00f3 del nombre de places educatives per centre i curs.<\/span><\/td>\n<\/tr>\n<tr style=\"border-style: hidden;\">\n<td style=\"width: 17.3242%; height: 96px; border-style: hidden;\">17 de juny de 2026<\/td>\n<td style=\"width: 82.6758%; height: 96px;\"><strong>Llista d&#8217;alumnes admesos i llista d&#8217;espera<\/strong><\/p>\n<p><span style=\"font-size: 10pt;\">Finalment, es publica la llista d&#8217;alumnes admesos al centre i tamb\u00e9 la llista d&#8217;espera.<\/span><\/p>\n<p><span style=\"font-size: 12pt;\"><strong><img loading=\"lazy\" decoding=\"async\" class=\"alignleft wp-image-12942\" src=\"https:\/\/agora.xtec.cat\/iesbde\/wp-content\/uploads\/usu407\/2025\/03\/clica-aqui-1024x1024.png\" alt=\"\" width=\"50\" height=\"50\" srcset=\"https:\/\/agora.xtec.cat\/iesbde\/wp-content\/uploads\/usu407\/2025\/03\/clica-aqui-1024x1024.png 1024w, https:\/\/agora.xtec.cat\/iesbde\/wp-content\/uploads\/usu407\/2025\/03\/clica-aqui-300x300.png 300w, https:\/\/agora.xtec.cat\/iesbde\/wp-content\/uploads\/usu407\/2025\/03\/clica-aqui-200x200.png 200w, https:\/\/agora.xtec.cat\/iesbde\/wp-content\/uploads\/usu407\/2025\/03\/clica-aqui-768x768.png 768w, https:\/\/agora.xtec.cat\/iesbde\/wp-content\/uploads\/usu407\/2025\/03\/clica-aqui.png 1080w\" sizes=\"auto, (max-width: 50px) 100vw, 50px\" \/><span style=\"font-size: 14pt;\">Llista d&#8217;admesos<\/span><\/strong><\/span><\/p>\n<p><span style=\"font-size: 12pt;\"><strong>Llista d&#8217;espera\u00a0<\/strong><\/span><\/td>\n<\/tr>\n<tr style=\"border-style: hidden;\">\n<td style=\"width: 17.3242%; height: 96px; border-style: hidden;\"><span style=\"font-size: 14pt;\"><strong>Del 18 al 30 de juny de 2026<\/strong><\/span><\/td>\n<td style=\"width: 82.6758%; height: 96px;\"><span style=\"font-size: 14pt;\"><strong>Matriculaci\u00f3 dels alumnes preinscrits a Batxillerat amb pla\u00e7a assignada<\/strong><\/span><\/p>\n<p><strong>A les fam\u00edlies de l\u2019alumnat adm\u00e8s (llistat del 17\/06\/26) us recomanem que estigueu atentes a l\u2019adre\u00e7a electr\u00f2nica que v\u00e0reu introduir a la sol\u00b7licitud de preinscripci\u00f3, ja que us enviarem un correu electr\u00f2nic amb les instruccions de com realitzar la matr\u00edcula.<\/strong><\/td>\n<\/tr>\n<\/tbody>\n<\/table>\n<p>&nbsp;<\/p>\n<p><strong>Documentaci\u00f3 acreditativa &#8211; Certificat acad\u00e8mic de la qualificaci\u00f3 mitjana dels estudis que permeten l&#8217;acc\u00e9s<\/strong><\/p>\n<ul>\n<li>Si es tracta d&#8217;estudis antics: original i c\u00f2pia de la p\u00e0gina 27 del llibre d&#8217;escolaritat d&#8217;ensenyament b\u00e0sic, si hi apareix la qualificaci\u00f3 mitjana de l&#8217;etapa en forma num\u00e8rica.<\/li>\n<\/ul>\n<div>\n<ul>\n<li>En el cas dels <strong>alumnes que han finalitzat l&#8217;ESO a Catalunya a partir del curs 2017-2018 o que actualment cursen quart d&#8217;ESO a Catalunya<\/strong>, <strong>no cal presentar cap certificat<\/strong> <strong>de la qualificaci\u00f3 mitjana de l&#8217;expedient<\/strong>, ja que s&#8217;obt\u00e9 de les bases de dades del Departament d&#8217;Educaci\u00f3 i Formaci\u00f3 Professional i es mostra en la llista de sol\u00b7licituds de preinscripci\u00f3 al centre amb la puntuaci\u00f3 provisional. Si no s&#8217;ha pogut obtenir, cal presentar el certificat de la qualificaci\u00f3 abans de finalitzar el per\u00edode de reclamaci\u00f3 contra la llista de sol\u00b7licituds de preinscripci\u00f3 al centre amb la puntuaci\u00f3 provisional que s&#8217;estableix a l&#8217;apartat 3.1 d&#8217;aquest annex.<\/li>\n<\/ul>\n<p>Si l&#8217;alumne\/a \u00e9s graduat en ESO, la qualificaci\u00f3 que es t\u00e9 en compte \u00e9s la mitjana de l&#8217;ensenyament (QESO); en canvi, si encara cursa quart d&#8217;ESO, es t\u00e9 en compte la qualificaci\u00f3 mitjana dels tres cursos d&#8217;aquests estudis ja avaluats definitivament (QPRE). Ambdues qualificacions es calculen segons la\u00a0<a href=\"https:\/\/dogc.gencat.cat\/ca\/document-del-dogc\/?documentId=999476\">Resoluci\u00f3 EDF\/4018\/2024<\/a>, de 8 de novembre, per la qual es regula el procediment per a la conversi\u00f3 num\u00e8rica de les qualificacions de l&#8217;educaci\u00f3 secund\u00e0ria obligat\u00f2ria per participar en processos de concurr\u00e8ncia competitiva, i segons la taula d&#8217;equival\u00e8ncies num\u00e8riques seg\u00fcent:<\/p>\n<p>&nbsp;<\/p>\n<\/div>\n<div>\n<div class=\"table-responsive pd-15 pd-30 taula_0\">\n<table class=\"table\" style=\"width: 50%;\" border=\"1\" width=\"50%\" cellspacing=\"0\" cellpadding=\"1\">\n<tbody>\n<tr>\n<td style=\"width: 524.562px;\" valign=\"top\"><b>Qualificaci\u00f3 (Decret 175\/2022)<\/b><\/td>\n<td style=\"width: 850.438px;\" valign=\"top\"><b>Equival\u00e8ncia num\u00e8rica\u00a0(Resoluci\u00f3 EDF\/4018\/2024)<\/b><\/td>\n<\/tr>\n<tr>\n<td style=\"width: 524.562px;\" valign=\"top\">Assoliment excel\u00b7lent<\/td>\n<td style=\"width: 850.438px; text-align: center;\" valign=\"top\">10<\/td>\n<\/tr>\n<tr>\n<td style=\"width: 524.562px;\" valign=\"top\">Assoliment notable<\/td>\n<td style=\"width: 850.438px; text-align: center;\" valign=\"top\">8<\/td>\n<\/tr>\n<tr>\n<td style=\"width: 524.562px;\" valign=\"top\">Assoliment satisfactori<\/td>\n<td style=\"width: 850.438px; text-align: center;\" valign=\"top\">6<\/td>\n<\/tr>\n<tr>\n<td style=\"width: 524.562px;\" valign=\"top\">No assoliment<\/td>\n<td style=\"width: 850.438px; text-align: center;\" valign=\"top\">4<\/td>\n<\/tr>\n<\/tbody>\n<\/table>\n<\/div>\n<\/div>\n<p>&nbsp;<\/p>\n","protected":false},"excerpt":{"rendered":"<p>Calendari oficial incl\u00f2s a la <a href=\"https:\/\/dogc.gencat.cat\/ca\/document-del-dogc\/?documentId=1036257\" target=\"_blank\" rel=\"noopener\">Resoluci\u00f3 EDF\/293\/2026, de 6 de febrer<\/a>\u00a0i publicat al DOGC el 10 de febrer de 2026.<\/p>\n<p>8 d&#8217;abril de 2026<br \/>\n<a href=\"https:\/\/drive.google.com\/file\/d\/1LHmVeutMOfIBmDK2rrrHhO7gSrWmhBRN\/view?usp=drive_link\" target=\"_blank\" rel=\"noopener\">Publicaci\u00f3 de l&#8217;oferta inicial de places<\/a><\/p>\n<p>7 d&#8217;abril de 2026 a les 17.00h<br \/>\nPortes Obertes, reuni\u00f3 adre\u00e7ada a les&hellip;  <a href=\"https:\/\/agora.xtec.cat\/iesbde\/secretaria\/preinscripcio-matricula\/batx-preinscripcio-i-matricula\/\" title=\"Read BATX &#8211; Preinscripci\u00f3 i matr\u00edcula 2026-2027\">Llegeix m\u00e9s\u00bb<\/a><\/p>\n","protected":false},"author":117,"featured_media":0,"parent":10227,"menu_order":2,"comment_status":"closed","ping_status":"closed","template":"page-templates\/side-menu.php","meta":{"_bbp_topic_count":0,"_bbp_reply_count":0,"_bbp_total_topic_count":0,"_bbp_total_reply_count":0,"_bbp_voice_count":0,"_bbp_anonymous_reply_count":0,"_bbp_topic_count_hidden":0,"_bbp_reply_count_hidden":0,"_bbp_forum_subforum_count":0,"footnotes":""},"class_list":["post-10291","page","type-page","status-publish","hentry"],"post_mailing_queue_ids":[],"_links":{"self":[{"href":"https:\/\/agora.xtec.cat\/iesbde\/wp-json\/wp\/v2\/pages\/10291","targetHints":{"allow":["GET"]}}],"collection":[{"href":"https:\/\/agora.xtec.cat\/iesbde\/wp-json\/wp\/v2\/pages"}],"about":[{"href":"https:\/\/agora.xtec.cat\/iesbde\/wp-json\/wp\/v2\/types\/page"}],"author":[{"embeddable":true,"href":"https:\/\/agora.xtec.cat\/iesbde\/wp-json\/wp\/v2\/users\/117"}],"replies":[{"embeddable":true,"href":"https:\/\/agora.xtec.cat\/iesbde\/wp-json\/wp\/v2\/comments?post=10291"}],"version-history":[{"count":7,"href":"https:\/\/agora.xtec.cat\/iesbde\/wp-json\/wp\/v2\/pages\/10291\/revisions"}],"predecessor-version":[{"id":14217,"href":"https:\/\/agora.xtec.cat\/iesbde\/wp-json\/wp\/v2\/pages\/10291\/revisions\/14217"}],"up":[{"embeddable":true,"href":"https:\/\/agora.xtec.cat\/iesbde\/wp-json\/wp\/v2\/pages\/10227"}],"wp:attachment":[{"href":"https:\/\/agora.xtec.cat\/iesbde\/wp-json\/wp\/v2\/media?parent=10291"}],"curies":[{"name":"wp","href":"https:\/\/api.w.org\/{rel}","templated":true}]}}