{"id":10287,"date":"2023-02-24T12:15:23","date_gmt":"2023-02-24T11:15:23","guid":{"rendered":"https:\/\/agora.xtec.cat\/iesbde\/?page_id=10287"},"modified":"2026-04-16T08:37:14","modified_gmt":"2026-04-16T06:37:14","slug":"eso-calendari","status":"publish","type":"page","link":"https:\/\/agora.xtec.cat\/iesbde\/secretaria\/preinscripcio-matricula\/eso-calendari\/","title":{"rendered":"ESO &#8211; Preinscripci\u00f3 i matr\u00edcula 2026-2027"},"content":{"rendered":"<p><span style=\"font-size: 14pt;\"><em>Calendari oficial incl\u00f2s a la <a href=\"https:\/\/dogc.gencat.cat\/ca\/document-del-dogc\/?documentId=1036257\" target=\"_blank\" rel=\"noopener\">Resoluci\u00f3 EDF\/293\/2026, de 6 de febrer<\/a>\u00a0i publicat al DOGC el 10 de febrer de 2026.<\/em><\/span><\/p>\n<p><img loading=\"lazy\" decoding=\"async\" class=\"alignnone size-large wp-image-14112\" src=\"https:\/\/agora.xtec.cat\/iesbde\/wp-content\/uploads\/usu407\/2026\/02\/ESO-portes-obertes-1024x295.png\" alt=\"\" width=\"1024\" height=\"295\" \/><\/p>\n<p>&nbsp;<\/p>\n<table style=\"height: 1513px; width: 100%; border-collapse: collapse; border-style: hidden; border-color: #fafafa;\">\n<tbody>\n<tr style=\"height: 118px;\">\n<td style=\"width: 14.7636%; border-style: hidden; height: 118px;\"><strong>3 de mar\u00e7 de 2026<\/strong><\/td>\n<td style=\"width: 73.2364%; border-style: solid; vertical-align: middle; height: 118px;\"><a href=\"https:\/\/drive.google.com\/file\/d\/1ZHIYulSLtSm8L7IT0zS9E2lhpD9B5ast\/view?usp=sharing\" target=\"_blank\" rel=\"noopener\"><span style=\"font-size: 14pt;\"><strong>Publicaci\u00f3 de l&#8217;oferta inicial de places<\/strong><\/span><\/a><\/p>\n<p><a href=\"https:\/\/drive.google.com\/file\/d\/1ZHIYulSLtSm8L7IT0zS9E2lhpD9B5ast\/view?usp=sharing\" target=\"_blank\" rel=\"noopener\"><strong><span style=\"color: #2795b6;\"><img loading=\"lazy\" decoding=\"async\" class=\"wp-image-12942 alignleft\" src=\"https:\/\/agora.xtec.cat\/iesbde\/wp-content\/uploads\/usu407\/2025\/03\/clica-aqui-1024x1024.png\" alt=\"\" width=\"50\" height=\"50\" srcset=\"https:\/\/agora.xtec.cat\/iesbde\/wp-content\/uploads\/usu407\/2025\/03\/clica-aqui-1024x1024.png 1024w, https:\/\/agora.xtec.cat\/iesbde\/wp-content\/uploads\/usu407\/2025\/03\/clica-aqui-300x300.png 300w, https:\/\/agora.xtec.cat\/iesbde\/wp-content\/uploads\/usu407\/2025\/03\/clica-aqui-200x200.png 200w, https:\/\/agora.xtec.cat\/iesbde\/wp-content\/uploads\/usu407\/2025\/03\/clica-aqui-768x768.png 768w, https:\/\/agora.xtec.cat\/iesbde\/wp-content\/uploads\/usu407\/2025\/03\/clica-aqui.png 1080w\" sizes=\"auto, (max-width: 50px) 100vw, 50px\" \/><\/span><\/strong><\/a><\/td>\n<\/tr>\n<tr style=\"border-style: hidden;\">\n<td style=\"width: 14.7636%; height: 163px; border-style: hidden;\"><strong>Del 6* al 18 de mar\u00e7 del 2026<\/strong><\/p>\n<p>*a partir de les 9h<\/td>\n<td style=\"width: 73.2364%; height: 163px; border-style: solid;\"><a href=\"https:\/\/tramits.gencat.cat\/ca\/tramits\/tramits-temes\/perinscripcio-obligatoris?moda=3\" target=\"_blank\" rel=\"noopener\"><span style=\"font-size: 14pt;\"><strong>Presentaci\u00f3 de sol\u00b7licituds<\/strong><\/span><\/a><\/p>\n<p><a href=\"https:\/\/tramits.gencat.cat\/ca\/tramits\/tramits-temes\/perinscripcio-obligatoris?moda=3\" target=\"_blank\" rel=\"noopener\"><strong><span style=\"color: #2795b6;\"><img loading=\"lazy\" decoding=\"async\" class=\"wp-image-12942 alignleft\" src=\"https:\/\/agora.xtec.cat\/iesbde\/wp-content\/uploads\/usu407\/2025\/03\/clica-aqui-1024x1024.png\" alt=\"\" width=\"50\" height=\"50\" srcset=\"https:\/\/agora.xtec.cat\/iesbde\/wp-content\/uploads\/usu407\/2025\/03\/clica-aqui-1024x1024.png 1024w, https:\/\/agora.xtec.cat\/iesbde\/wp-content\/uploads\/usu407\/2025\/03\/clica-aqui-300x300.png 300w, https:\/\/agora.xtec.cat\/iesbde\/wp-content\/uploads\/usu407\/2025\/03\/clica-aqui-200x200.png 200w, https:\/\/agora.xtec.cat\/iesbde\/wp-content\/uploads\/usu407\/2025\/03\/clica-aqui-768x768.png 768w, https:\/\/agora.xtec.cat\/iesbde\/wp-content\/uploads\/usu407\/2025\/03\/clica-aqui.png 1080w\" sizes=\"auto, (max-width: 50px) 100vw, 50px\" \/><\/span><\/strong><\/a><\/p>\n<p><span style=\"font-size: 10pt;\">\u00c9s molt important respectar les dates de presentaci\u00f3, perqu\u00e8 totes les sol\u00b7licituds que es presentin fora d&#8217;aquest termini perdran qualsevol prioritat a l&#8217;hora d&#8217;obtenir la pla\u00e7a. En la sol\u00b7licitud de preinscripci\u00f3 cal indicar si el centre escollit \u00e9s un centre\u00a0<strong>adscrit<\/strong> a l&#8217;escola de prim\u00e0ria on s&#8217;han cursat els cursos anteriors. En el nostre cas, els centres de prim\u00e0ria adscrits s\u00f3n l&#8217;<em>Escola Mestral<\/em> i l&#8217;<em>Escola Val de Lors<\/em>.<\/span><\/p>\n<p><span style=\"font-size: 10pt;\">L&#8217;adscripci\u00f3 dels centres i els criteris prioritaris i complementaris serveixen per adjudicar una puntuaci\u00f3 a cada sol\u00b7licitud i establir l&#8217;ordre d&#8217;acc\u00e9s a les places dels centres. Cal presentar la sol\u00b7licitud i adjuntar-hi la documentaci\u00f3 d&#8217;identificaci\u00f3 o de criteris que correspongui. <\/span><\/p>\n<p><span style=\"font-size: 10pt;\">Per a m\u00e9s informaci\u00f3 consulta aquest <strong><a href=\"https:\/\/preinscripcio.gencat.cat\/ca\/estudis\/eso\/inici\/\" target=\"_blank\" rel=\"noopener\">ENLLA\u00c7<\/a> \u00a0<\/strong><\/span><\/td>\n<\/tr>\n<tr style=\"border-style: hidden;\">\n<td style=\"width: 14.7636%; height: 96px; border-style: hidden;\"><strong>Fins el 19 de mar\u00e7 de 2026<\/strong><\/td>\n<td style=\"width: 73.2364%; height: 96px;\"><strong>Presentaci\u00f3 de documentaci\u00f3<\/strong><\/p>\n<div class=\"list-item-wrapper\">\n<div class=\"col content-col\">\n<div class=\"bloc-mobil\">\n<div class=\"descripcio link-dotted\">\n<p><span style=\"font-size: 10pt;\">Aquests dies pots presentar documentaci\u00f3 acreditativa que no hagis pogut adjuntar durant el per\u00edode de presentaci\u00f3 de sol\u00b7licituds (modificant la sol\u00b7licitud ja presentada, mai presentant una sol\u00b7licitud de nou).<\/span><\/p>\n<\/div>\n<\/div>\n<\/div>\n<\/div>\n<\/td>\n<\/tr>\n<tr style=\"height: 55px;\">\n<td style=\"width: 14.7636%; border-style: hidden; height: 55px;\"><strong>Del 23 de mar\u00e7 al 20 d&#8217;abril de 2026<\/strong><\/td>\n<td style=\"width: 73.2364%; height: 55px;\"><a href=\"https:\/\/tramits.gencat.cat\/ca\/tramits\/tramits-temes\/perinscripcio-obligatoris?moda=3\" target=\"_blank\" rel=\"noopener\"><strong>Presentacions de sol\u00b7licituds FORA DE TERMINI<\/strong><\/a><\/p>\n<p><span style=\"font-size: 10pt;\"><strong><span style=\"color: #2795b6;\"><img loading=\"lazy\" decoding=\"async\" class=\"alignleft wp-image-12942\" src=\"https:\/\/agora.xtec.cat\/iesbde\/wp-content\/uploads\/usu407\/2025\/03\/clica-aqui-1024x1024.png\" alt=\"\" width=\"50\" height=\"50\" srcset=\"https:\/\/agora.xtec.cat\/iesbde\/wp-content\/uploads\/usu407\/2025\/03\/clica-aqui-1024x1024.png 1024w, https:\/\/agora.xtec.cat\/iesbde\/wp-content\/uploads\/usu407\/2025\/03\/clica-aqui-300x300.png 300w, https:\/\/agora.xtec.cat\/iesbde\/wp-content\/uploads\/usu407\/2025\/03\/clica-aqui-200x200.png 200w, https:\/\/agora.xtec.cat\/iesbde\/wp-content\/uploads\/usu407\/2025\/03\/clica-aqui-768x768.png 768w, https:\/\/agora.xtec.cat\/iesbde\/wp-content\/uploads\/usu407\/2025\/03\/clica-aqui.png 1080w\" sizes=\"auto, (max-width: 50px) 100vw, 50px\" \/><\/span><\/strong>En aquest cas seran\u00a0<strong>sol\u00b7licituds fora de termini<\/strong> i s&#8217;assignaran posteriorment a les presentades en termini.\u00a0<\/span><\/td>\n<\/tr>\n<tr style=\"border-style: hidden;\">\n<td style=\"width: 14.7636%; height: 163px; border-style: hidden;\"><strong>15 d&#8217;abril de 2026<\/strong><\/p>\n<p>&nbsp;<\/td>\n<td style=\"width: 73.2364%; height: 163px;\"><a href=\"https:\/\/drive.google.com\/file\/d\/1DUEl0GboXcCH30YyDsFEpc6xi0123QGW\/view?usp=drive_link\" target=\"_blank\" rel=\"noopener\"><span style=\"font-size: 14pt;\"><strong>Llista de sol\u00b7licituds amb puntuaci\u00f3 provisional<\/strong><\/span><\/a><\/p>\n<p><span style=\"font-size: 10pt;\"><strong><span style=\"color: #2795b6;\"><img loading=\"lazy\" decoding=\"async\" class=\"wp-image-12942 alignleft\" src=\"https:\/\/agora.xtec.cat\/iesbde\/wp-content\/uploads\/usu407\/2025\/03\/clica-aqui-1024x1024.png\" alt=\"\" width=\"50\" height=\"50\" srcset=\"https:\/\/agora.xtec.cat\/iesbde\/wp-content\/uploads\/usu407\/2025\/03\/clica-aqui-1024x1024.png 1024w, https:\/\/agora.xtec.cat\/iesbde\/wp-content\/uploads\/usu407\/2025\/03\/clica-aqui-300x300.png 300w, https:\/\/agora.xtec.cat\/iesbde\/wp-content\/uploads\/usu407\/2025\/03\/clica-aqui-200x200.png 200w, https:\/\/agora.xtec.cat\/iesbde\/wp-content\/uploads\/usu407\/2025\/03\/clica-aqui-768x768.png 768w, https:\/\/agora.xtec.cat\/iesbde\/wp-content\/uploads\/usu407\/2025\/03\/clica-aqui.png 1080w\" sizes=\"auto, (max-width: 50px) 100vw, 50px\" \/><\/span><\/strong>Un cop acabat el per\u00edode de presentaci\u00f3 de sol\u00b7licituds, els centres educatius estudien cadascuna de les peticions que han rebut: n&#8217;analitzen les dades, els criteris de prioritat que les fam\u00edlies demanen que es tinguin en compte, i tamb\u00e9 els documents justificatius. Tot seguit, es publica la llista de sol\u00b7licituds amb la puntuaci\u00f3 provisional. En aquesta llista hi ha les sol\u00b7licituds ordenades alfab\u00e8ticament amb la puntuaci\u00f3 que ha rebut cada sol\u00b7licitud en aplicar-hi el barem.<\/span><\/p>\n<p><span style=\"font-size: 10pt;\">Per a m\u00e9s informaci\u00f3 sobre les puntuacions consulta aquest <a href=\"https:\/\/preinscripcio.gencat.cat\/ca\/estudis\/eso\/informat\/criteris-assignacio\/\" target=\"_blank\" rel=\"noopener\">ENLLA\u00c7<\/a><\/span><\/td>\n<\/tr>\n<tr style=\"border-style: hidden;\">\n<td style=\"width: 14.7636%; height: 118px; border-style: hidden;\">&nbsp;<\/p>\n<p><strong>Del 15 al 20\u00a0 d&#8217;abril de 2026<\/strong><\/p>\n<p>&nbsp;<\/td>\n<td style=\"width: 73.2364%; height: 118px;\"><a href=\"https:\/\/preinscripcio.gencat.cat\/ca\/estudis\/eso\/preinscriute\/seguiment-sollicitud\/llista-sollicituds-puntuacio\/\" target=\"_blank\" rel=\"noopener\"><strong>Presentaci\u00f3 de reclamacions<\/strong><\/a><\/p>\n<p><span style=\"font-size: 10pt;\">Durant aquest per\u00edode, si detectes alguna errada o anomalia en la puntuaci\u00f3 assignada, pots presentar una reclamaci\u00f3 (utilitzant l&#8217;eina electr\u00f2nica per adjuntar reclamacions).<\/span><\/td>\n<\/tr>\n<tr style=\"border-style: hidden;\">\n<td style=\"width: 14.7636%; height: 108px; border-style: hidden;\"><strong>23 d&#8217;abril de 2026<\/strong><\/p>\n<p>&nbsp;<\/td>\n<td style=\"width: 73.2364%; height: 108px;\"><strong><img loading=\"lazy\" decoding=\"async\" class=\"alignleft wp-image-12942\" src=\"https:\/\/agora.xtec.cat\/iesbde\/wp-content\/uploads\/usu407\/2025\/03\/clica-aqui-200x200.png\" alt=\"\" width=\"50\" height=\"50\" srcset=\"https:\/\/agora.xtec.cat\/iesbde\/wp-content\/uploads\/usu407\/2025\/03\/clica-aqui-200x200.png 200w, https:\/\/agora.xtec.cat\/iesbde\/wp-content\/uploads\/usu407\/2025\/03\/clica-aqui-300x300.png 300w, https:\/\/agora.xtec.cat\/iesbde\/wp-content\/uploads\/usu407\/2025\/03\/clica-aqui-1024x1024.png 1024w, https:\/\/agora.xtec.cat\/iesbde\/wp-content\/uploads\/usu407\/2025\/03\/clica-aqui-768x768.png 768w, https:\/\/agora.xtec.cat\/iesbde\/wp-content\/uploads\/usu407\/2025\/03\/clica-aqui.png 1080w\" sizes=\"auto, (max-width: 50px) 100vw, 50px\" \/><\/strong><strong>Llista de sol\u00b7licituds amb la puntuaci\u00f3 un cop resoltes les <\/strong><strong>reclamacions<\/strong><\/p>\n<div class=\"list-item-wrapper\">\n<div class=\"col content-col\">\n<div class=\"bloc-mobil\">\n<div class=\"descripcio link-dotted\">\n<p>Un cop resoltes totes les reclamacions presentades, es publica la llista de sol\u00b7licituds amb la puntuaci\u00f3 definitiva. A l&#8217;espera que el 8 de maig es celebri el sorteig del n\u00famero de desempat i es publiqui aquest n\u00famero.<\/p>\n<\/div>\n<\/div>\n<\/div>\n<\/div>\n<\/td>\n<\/tr>\n<tr style=\"border-style: hidden;\">\n<td style=\"width: 14.7636%; height: 141px; border-style: hidden;\"><strong>28 d&#8217;abril de 2026 a les 11h<\/strong><\/td>\n<td style=\"width: 73.2364%; height: 141px;\"><strong>Sorteig per resoldre les sol\u00b7licituds de preinscripci\u00f3 empatades en punts<\/strong><\/p>\n<p><span style=\"font-size: 10pt;\">El nombre de places a cada centre educatiu \u00e9s limitat. Si el nombre de peticions supera el d&#8217;alumnes que el centre pot acollir, cal aplicar un sistema de desempat entre les sol\u00b7licituds que tenen la mateixa puntuaci\u00f3. Per fer-ho, s&#8217;obt\u00e9 un n\u00famero per sorteig a partir del qual s&#8217;ordenen totes les peticions empatades en punts, tenint en compte el n\u00famero de desempat que s&#8217;ha assignat a cada sol\u00b7licitud.<\/span><\/td>\n<\/tr>\n<tr style=\"border-style: hidden;\">\n<td style=\"width: 14.7636%; height: 141px; border-style: hidden;\"><strong>29 d&#8217;abril de 2026<\/strong><\/p>\n<p>&nbsp;<\/td>\n<td style=\"width: 73.2364%; height: 141px;\"><span style=\"font-size: 12pt;\"><strong><img loading=\"lazy\" decoding=\"async\" class=\"wp-image-12942 alignleft\" src=\"https:\/\/agora.xtec.cat\/iesbde\/wp-content\/uploads\/usu407\/2025\/03\/clica-aqui-1024x1024.png\" alt=\"\" width=\"50\" height=\"50\" srcset=\"https:\/\/agora.xtec.cat\/iesbde\/wp-content\/uploads\/usu407\/2025\/03\/clica-aqui-1024x1024.png 1024w, https:\/\/agora.xtec.cat\/iesbde\/wp-content\/uploads\/usu407\/2025\/03\/clica-aqui-300x300.png 300w, https:\/\/agora.xtec.cat\/iesbde\/wp-content\/uploads\/usu407\/2025\/03\/clica-aqui-200x200.png 200w, https:\/\/agora.xtec.cat\/iesbde\/wp-content\/uploads\/usu407\/2025\/03\/clica-aqui-768x768.png 768w, https:\/\/agora.xtec.cat\/iesbde\/wp-content\/uploads\/usu407\/2025\/03\/clica-aqui.png 1080w\" sizes=\"auto, (max-width: 50px) 100vw, 50px\" \/><\/strong><strong>Llista o<\/strong><strong>r<\/strong><strong>denada<\/strong><\/span><\/p>\n<p><span style=\"font-size: 10pt;\">Despr\u00e9s del sorteig, s&#8217;elabora la llista de sol\u00b7licituds per a l&#8217;assignaci\u00f3 de places. Per fer aquesta llista, en primer lloc es t\u00e9 en compte les adscripcions, despr\u00e8s la puntuaci\u00f3 de criteris prioritaris, de m\u00e9s a menys, i en cas d&#8217;empat primer la puntuaci\u00f3 pels criteris complementaris i despr\u00e9s el n\u00famero de desempat.<\/span><\/td>\n<\/tr>\n<tr style=\"border-style: hidden;\">\n<td style=\"width: 14.7636%; height: 27px; border-style: hidden;\"><strong>De l&#8217;1 al 3 de juny de 2026<\/strong><\/td>\n<td style=\"width: 73.2364%; height: 27px;\"><strong>Ampliaci\u00f3 de peticions de preinscripci\u00f3 per a alumnes sense pla\u00e7a assignada a cap centre<\/strong><\/p>\n<p><span style=\"font-size: 10pt;\">Si no s&#8217;ha obtingut cap pla\u00e7a en els centres demanats i es tracta de sol\u00b7licituds per a I3 o 1r d&#8217;ESO, o en les quals s&#8217;ha marcat expressament que es vol una assignaci\u00f3 d&#8217;ofici, durant aquest per\u00edode es poden ampliar les peticions originals i demanar places en centres que en tinguin de disponibles, un cop feta la primera fase d&#8217;assignaci\u00f3 de places.\u00a0Despr\u00e9s d&#8217;aquesta ampliaci\u00f3 de la sol\u00b7licitud, es fa el proc\u00e9s definitiu d&#8217;assignaci\u00f3 tenint en compte aquestes peticions ampliades.<\/span><\/td>\n<\/tr>\n<tr style=\"border-style: hidden;\">\n<td style=\"width: 14.7636%; height: 96px; border-style: hidden;\"><strong>10 de juny de 2026<\/strong><\/p>\n<p>&nbsp;<\/td>\n<td style=\"width: 73.2364%; height: 96px;\"><strong><img loading=\"lazy\" decoding=\"async\" class=\"wp-image-12942 alignleft\" src=\"https:\/\/agora.xtec.cat\/iesbde\/wp-content\/uploads\/usu407\/2025\/03\/clica-aqui-1024x1024.png\" alt=\"\" width=\"50\" height=\"50\" srcset=\"https:\/\/agora.xtec.cat\/iesbde\/wp-content\/uploads\/usu407\/2025\/03\/clica-aqui-1024x1024.png 1024w, https:\/\/agora.xtec.cat\/iesbde\/wp-content\/uploads\/usu407\/2025\/03\/clica-aqui-300x300.png 300w, https:\/\/agora.xtec.cat\/iesbde\/wp-content\/uploads\/usu407\/2025\/03\/clica-aqui-200x200.png 200w, https:\/\/agora.xtec.cat\/iesbde\/wp-content\/uploads\/usu407\/2025\/03\/clica-aqui-768x768.png 768w, https:\/\/agora.xtec.cat\/iesbde\/wp-content\/uploads\/usu407\/2025\/03\/clica-aqui.png 1080w\" sizes=\"auto, (max-width: 50px) 100vw, 50px\" \/><\/strong><strong>Oferta final de places escolars<\/strong><\/p>\n<div class=\"list-item-wrapper\">\n<div class=\"col content-col\">\n<div class=\"bloc-mobil\">\n<div class=\"descripcio link-dotted\">\n<p><span style=\"font-size: 10pt;\">Publicaci\u00f3 del nombre definitiu de places escolars per centre i curs que \u00e9s el que s&#8217;utilitza per a l&#8217;assignaci\u00f3 de places.<\/span><\/p>\n<\/div>\n<\/div>\n<\/div>\n<\/div>\n<\/td>\n<\/tr>\n<tr style=\"border-style: hidden;\">\n<td style=\"width: 14.7636%; height: 96px; border-style: hidden;\"><strong>10 de juny de 2026<\/strong><\/p>\n<p>&nbsp;<\/td>\n<td style=\"width: 73.2364%; height: 96px;\"><strong>Llista d&#8217;alumnes admesos i llista d&#8217;espera<\/strong><\/p>\n<p><span style=\"font-size: 10pt;\">Finalment, es publica la llista d&#8217;alumnes admesos al centre i tamb\u00e9 la llista d&#8217;espera.<\/span><\/p>\n<p><span style=\"font-size: 18pt;\"><strong>Llista d&#8217;alumnes admesos<img loading=\"lazy\" decoding=\"async\" class=\"alignleft wp-image-12942\" src=\"https:\/\/agora.xtec.cat\/iesbde\/wp-content\/uploads\/usu407\/2025\/03\/clica-aqui-1024x1024.png\" alt=\"\" width=\"50\" height=\"50\" srcset=\"https:\/\/agora.xtec.cat\/iesbde\/wp-content\/uploads\/usu407\/2025\/03\/clica-aqui-1024x1024.png 1024w, https:\/\/agora.xtec.cat\/iesbde\/wp-content\/uploads\/usu407\/2025\/03\/clica-aqui-300x300.png 300w, https:\/\/agora.xtec.cat\/iesbde\/wp-content\/uploads\/usu407\/2025\/03\/clica-aqui-200x200.png 200w, https:\/\/agora.xtec.cat\/iesbde\/wp-content\/uploads\/usu407\/2025\/03\/clica-aqui-768x768.png 768w, https:\/\/agora.xtec.cat\/iesbde\/wp-content\/uploads\/usu407\/2025\/03\/clica-aqui.png 1080w\" sizes=\"auto, (max-width: 50px) 100vw, 50px\" \/>\u00a0<\/strong><\/span><\/p>\n<p>&nbsp;<\/p>\n<p><span style=\"font-size: 18pt;\"><strong><img loading=\"lazy\" decoding=\"async\" class=\"alignleft wp-image-12942\" src=\"https:\/\/agora.xtec.cat\/iesbde\/wp-content\/uploads\/usu407\/2025\/03\/clica-aqui-1024x1024.png\" alt=\"\" width=\"50\" height=\"50\" srcset=\"https:\/\/agora.xtec.cat\/iesbde\/wp-content\/uploads\/usu407\/2025\/03\/clica-aqui-1024x1024.png 1024w, https:\/\/agora.xtec.cat\/iesbde\/wp-content\/uploads\/usu407\/2025\/03\/clica-aqui-300x300.png 300w, https:\/\/agora.xtec.cat\/iesbde\/wp-content\/uploads\/usu407\/2025\/03\/clica-aqui-200x200.png 200w, https:\/\/agora.xtec.cat\/iesbde\/wp-content\/uploads\/usu407\/2025\/03\/clica-aqui-768x768.png 768w, https:\/\/agora.xtec.cat\/iesbde\/wp-content\/uploads\/usu407\/2025\/03\/clica-aqui.png 1080w\" sizes=\"auto, (max-width: 50px) 100vw, 50px\" \/>Llista d&#8217;espera<\/strong><\/span><\/td>\n<\/tr>\n<tr style=\"height: 95px;\">\n<td style=\"width: 14.7636%; border-style: hidden; height: 95px;\"><strong>Del 10 al 12 de juny<\/strong><\/td>\n<td style=\"width: 73.2364%; height: 95px;\"><strong>Reclamacions a les llistes d&#8217;alumnes amb pla\u00e7a assignada<\/strong><\/p>\n<p><span style=\"font-size: 10pt;\">Les fam\u00edlies poden interposar reclamacions davant la comissi\u00f3 de garanties d&#8217;admissi\u00f3.<\/span><\/td>\n<\/tr>\n<tr style=\"border-style: hidden;\">\n<td style=\"width: 14.7636%; height: 96px; border-style: hidden;\"><span style=\"font-size: 14pt;\"><strong>Del 22 al 30 de juny de 2026<\/strong><\/span><\/td>\n<td style=\"width: 73.2364%; height: 96px;\"><span style=\"font-size: 14pt;\"><strong>Matriculaci\u00f3<\/strong><\/span><\/p>\n<p><span style=\"font-size: 10pt;\">Un cop s&#8217;ha publicat la llista final d&#8217;alumnes admesos en cada centre, comen\u00e7a el per\u00edode de matriculaci\u00f3 al centre dels preinscrits amb pla\u00e7a assignada.<\/span><\/p>\n<p><span style=\"font-size: 12pt;\"><strong>A les fam\u00edlies de l&#8217;alumnat adm\u00e8s (llistat del 10\/06\/26) us recomanem que estigueu atentes a l&#8217;adre\u00e7a electr\u00f2nica que v\u00e0reu introduir a la sol\u00b7licitud de preinscripci\u00f3, ja que el <span style=\"text-decoration: underline;\">divendres 19 de juny us enviarem un correu electr\u00f2nic amb les instruccions de com realitzar la matr\u00edcula<\/span>.<\/strong><\/span><\/td>\n<\/tr>\n<\/tbody>\n<\/table>\n<p>A tall informatiu, podeu consultar la informaci\u00f3 relacionada amb l&#8217;<strong>assignaci\u00f3 de places<\/strong> clicant en aquest <strong><a href=\"https:\/\/preinscripcio.gencat.cat\/ca\/estudis\/eso\/informat\/criteris-assignacio\/\" target=\"_blank\" rel=\"noopener\">ENLLA\u00c7<\/a><\/strong><\/p>\n<p>&nbsp;<\/p>\n<p>&nbsp;<\/p>\n<hr \/>\n<p>&nbsp;<\/p>\n","protected":false},"excerpt":{"rendered":"<p>Calendari oficial incl\u00f2s a la <a href=\"https:\/\/dogc.gencat.cat\/ca\/document-del-dogc\/?documentId=1036257\" target=\"_blank\" rel=\"noopener\">Resoluci\u00f3 EDF\/293\/2026, de 6 de febrer<\/a>\u00a0i publicat al DOGC el 10 de febrer de 2026.<\/p>\n<p>&nbsp;<\/p>\n<p>3 de mar\u00e7 de 2026<br \/>\n<a href=\"https:\/\/drive.google.com\/file\/d\/1ZHIYulSLtSm8L7IT0zS9E2lhpD9B5ast\/view?usp=sharing\" target=\"_blank\" rel=\"noopener\">Publicaci\u00f3 de l&#8217;oferta inicial de places<\/a><br \/>\n<a href=\"https:\/\/drive.google.com\/file\/d\/1ZHIYulSLtSm8L7IT0zS9E2lhpD9B5ast\/view?usp=sharing\" target=\"_blank\" rel=\"noopener\"><\/a><\/p>\n<p>Del 6* al 18 de mar\u00e7 del 2026<br \/>\n*a&hellip;  <a href=\"https:\/\/agora.xtec.cat\/iesbde\/secretaria\/preinscripcio-matricula\/eso-calendari\/\" title=\"Read ESO &#8211; Preinscripci\u00f3 i matr\u00edcula 2026-2027\">Llegeix m\u00e9s\u00bb<\/a><\/p>\n","protected":false},"author":117,"featured_media":0,"parent":10227,"menu_order":1,"comment_status":"closed","ping_status":"closed","template":"page-templates\/side-menu.php","meta":{"_bbp_topic_count":0,"_bbp_reply_count":0,"_bbp_total_topic_count":0,"_bbp_total_reply_count":0,"_bbp_voice_count":0,"_bbp_anonymous_reply_count":0,"_bbp_topic_count_hidden":0,"_bbp_reply_count_hidden":0,"_bbp_forum_subforum_count":0,"footnotes":""},"class_list":["post-10287","page","type-page","status-publish","hentry"],"post_mailing_queue_ids":[],"_links":{"self":[{"href":"https:\/\/agora.xtec.cat\/iesbde\/wp-json\/wp\/v2\/pages\/10287","targetHints":{"allow":["GET"]}}],"collection":[{"href":"https:\/\/agora.xtec.cat\/iesbde\/wp-json\/wp\/v2\/pages"}],"about":[{"href":"https:\/\/agora.xtec.cat\/iesbde\/wp-json\/wp\/v2\/types\/page"}],"author":[{"embeddable":true,"href":"https:\/\/agora.xtec.cat\/iesbde\/wp-json\/wp\/v2\/users\/117"}],"replies":[{"embeddable":true,"href":"https:\/\/agora.xtec.cat\/iesbde\/wp-json\/wp\/v2\/comments?post=10287"}],"version-history":[{"count":7,"href":"https:\/\/agora.xtec.cat\/iesbde\/wp-json\/wp\/v2\/pages\/10287\/revisions"}],"predecessor-version":[{"id":14250,"href":"https:\/\/agora.xtec.cat\/iesbde\/wp-json\/wp\/v2\/pages\/10287\/revisions\/14250"}],"up":[{"embeddable":true,"href":"https:\/\/agora.xtec.cat\/iesbde\/wp-json\/wp\/v2\/pages\/10227"}],"wp:attachment":[{"href":"https:\/\/agora.xtec.cat\/iesbde\/wp-json\/wp\/v2\/media?parent=10287"}],"curies":[{"name":"wp","href":"https:\/\/api.w.org\/{rel}","templated":true}]}}