{"id":10227,"date":"2023-02-23T12:13:46","date_gmt":"2023-02-23T11:13:46","guid":{"rendered":"https:\/\/agora.xtec.cat\/iesbde\/?page_id=10227"},"modified":"2026-02-10T09:42:18","modified_gmt":"2026-02-10T08:42:18","slug":"preinscripcio-matricula","status":"publish","type":"page","link":"https:\/\/agora.xtec.cat\/iesbde\/secretaria\/preinscripcio-matricula\/","title":{"rendered":"Preinscripci\u00f3 &#8211; Matr\u00edcula"},"content":{"rendered":"<p><a href=\"https:\/\/preinscripcio.gencat.cat\/ca\/inici\/\" target=\"_blank\" rel=\"noopener\">Web oficial Preinscripci\u00f3 curs 2026-2027<\/a><\/p>\n<h3 style=\"text-align: justify;\">Clica damunt l&#8217;ensenyament que t&#8217;interessa per consultar el Calendari de Preinscripci\u00f3 i Matr\u00edcula<\/h3>\n<p style=\"text-align: justify;\"><a href=\"https:\/\/agora.xtec.cat\/iesbde\/secretaria\/preinscripcio-matricula\/eso-calendari\/\"><img loading=\"lazy\" decoding=\"async\" class=\"alignnone wp-image-10300\" src=\"https:\/\/agora.xtec.cat\/iesbde\/wp-content\/uploads\/usu407\/2023\/02\/eso.png\" alt=\"\" width=\"100\" height=\"100\" srcset=\"https:\/\/agora.xtec.cat\/iesbde\/wp-content\/uploads\/usu407\/2023\/02\/eso.png 500w, https:\/\/agora.xtec.cat\/iesbde\/wp-content\/uploads\/usu407\/2023\/02\/eso-300x300.png 300w, https:\/\/agora.xtec.cat\/iesbde\/wp-content\/uploads\/usu407\/2023\/02\/eso-200x200.png 200w\" sizes=\"auto, (max-width: 100px) 100vw, 100px\" \/><\/a>\u00a0 <a href=\"https:\/\/agora.xtec.cat\/iesbde\/secretaria\/preinscripcio-matricula\/batx-preinscripcio-i-matricula\/\"><img loading=\"lazy\" decoding=\"async\" class=\"alignnone wp-image-10354\" src=\"https:\/\/agora.xtec.cat\/iesbde\/wp-content\/uploads\/usu407\/2023\/02\/BAT-200x200.png\" alt=\"\" width=\"100\" height=\"100\" srcset=\"https:\/\/agora.xtec.cat\/iesbde\/wp-content\/uploads\/usu407\/2023\/02\/BAT-200x200.png 200w, https:\/\/agora.xtec.cat\/iesbde\/wp-content\/uploads\/usu407\/2023\/02\/BAT-300x300.png 300w, https:\/\/agora.xtec.cat\/iesbde\/wp-content\/uploads\/usu407\/2023\/02\/BAT.png 500w\" sizes=\"auto, (max-width: 100px) 100vw, 100px\" \/> \u00a0<\/a> <a href=\"https:\/\/agora.xtec.cat\/iesbde\/secretaria\/preinscripcio-matricula\/cfgm-preinscripcio-i-matricula\/\"><img loading=\"lazy\" decoding=\"async\" class=\"alignnone wp-image-10298\" src=\"https:\/\/agora.xtec.cat\/iesbde\/wp-content\/uploads\/usu407\/2023\/02\/cfgm-tapsd-200x200.png\" alt=\"\" width=\"100\" height=\"100\" srcset=\"https:\/\/agora.xtec.cat\/iesbde\/wp-content\/uploads\/usu407\/2023\/02\/cfgm-tapsd-200x200.png 200w, https:\/\/agora.xtec.cat\/iesbde\/wp-content\/uploads\/usu407\/2023\/02\/cfgm-tapsd-300x300.png 300w, https:\/\/agora.xtec.cat\/iesbde\/wp-content\/uploads\/usu407\/2023\/02\/cfgm-tapsd.png 500w\" sizes=\"auto, (max-width: 100px) 100vw, 100px\" \/><\/a> \u00a0 <a href=\"https:\/\/agora.xtec.cat\/iesbde\/secretaria\/preinscripcio-matricula\/cfgs-preinscripcio-i-matricula\/\"><img loading=\"lazy\" decoding=\"async\" class=\"alignnone wp-image-10297\" src=\"https:\/\/agora.xtec.cat\/iesbde\/wp-content\/uploads\/usu407\/2023\/02\/cfgs-tei-200x200.png\" alt=\"\" width=\"100\" height=\"100\" srcset=\"https:\/\/agora.xtec.cat\/iesbde\/wp-content\/uploads\/usu407\/2023\/02\/cfgs-tei-200x200.png 200w, https:\/\/agora.xtec.cat\/iesbde\/wp-content\/uploads\/usu407\/2023\/02\/cfgs-tei-300x300.png 300w, https:\/\/agora.xtec.cat\/iesbde\/wp-content\/uploads\/usu407\/2023\/02\/cfgs-tei.png 500w\" sizes=\"auto, (max-width: 100px) 100vw, 100px\" \/> \u00a0 <\/a><a href=\"https:\/\/agora.xtec.cat\/iesbde\/secretaria\/preinscripcio-matricula\/pfi-preinscripcio-i-matricula-2025-2026\/\"><img loading=\"lazy\" decoding=\"async\" class=\"alignnone wp-image-13003\" src=\"https:\/\/agora.xtec.cat\/iesbde\/wp-content\/uploads\/usu407\/2025\/03\/PFI-200x200.png\" alt=\"\" width=\"100\" height=\"100\" srcset=\"https:\/\/agora.xtec.cat\/iesbde\/wp-content\/uploads\/usu407\/2025\/03\/PFI-200x200.png 200w, https:\/\/agora.xtec.cat\/iesbde\/wp-content\/uploads\/usu407\/2025\/03\/PFI-300x300.png 300w, https:\/\/agora.xtec.cat\/iesbde\/wp-content\/uploads\/usu407\/2025\/03\/PFI.png 500w\" sizes=\"auto, (max-width: 100px) 100vw, 100px\" \/><\/a><\/p>\n<hr \/>\n<p style=\"text-align: justify;\">La sol\u00b7licitud de <a href=\"https:\/\/preinscripcio.gencat.cat\/ca\/inici\/\" target=\"_blank\" rel=\"noopener\"><strong>Preinscripci\u00f3<\/strong> <strong>per tots els ensenyaments<\/strong><\/a> es presenta de forma <strong>online a trav\u00e9s de la web del Departament d&#8217;Educaci\u00f3<\/strong>. Es pot fer des de qualsevol ordinador, tauleta o m\u00f2bil amb connexi\u00f3 a Internet.<\/p>\n<p style=\"text-align: justify;\">Es recomana fer-ho via <strong>sol\u00b7licitud electr\u00f2nica<\/strong>, \u00e9s a dir identificant-se amb un certificat digital, com per exemple el DNI electr\u00f2nic, o el sistema alternatiu d&#8217;identificaci\u00f3 <strong>idCAT M\u00f2bil<\/strong> <a title=\"Ves-hi\" href=\"https:\/\/www.idcatmobil.cat\/\" target=\"_blank\" rel=\"noopener\">(Enlla\u00e7 ALTA idCAT M\u00f2bil)<\/a>.\u00a0<strong>La persona que presenta la sol\u00b7licitud electr\u00f2nica constar\u00e0 com la persona per consultar les dades del proc\u00e9s de la preinscripci\u00f3.<\/strong><\/p>\n<p style=\"text-align: justify;\">El seg\u00fcent v\u00eddeo explica <strong>com emplenar la sol\u00b7licitud de Preinscripci\u00f3 online<\/strong>:<\/p>\n<p><iframe loading=\"lazy\" title=\"Com emplenar la sol\u00b7licitud de preinscripcio\u0301 escolar. Curs 2025-2026\" width=\"500\" height=\"281\" src=\"https:\/\/www.youtube.com\/embed\/9xMdvXoFR_4?feature=oembed\" frameborder=\"0\" allow=\"accelerometer; autoplay; clipboard-write; encrypted-media; gyroscope; picture-in-picture; web-share\" referrerpolicy=\"strict-origin-when-cross-origin\" allowfullscreen><\/iframe><\/p>\n<h2>Qu\u00e8 es necessita per fer la preinscripci\u00f3?<\/h2>\n<ul>\n<li><strong>Ordinador, tauleta o tel\u00e8fon m\u00f2bil amb connexi\u00f3 a Internet:<\/strong>\u00a0Et caldr\u00e0 un dispositiu electr\u00f2nic amb connexi\u00f3 a Internet perqu\u00e8 la preinscripci\u00f3 es fa del tot en l\u00ednia.<\/li>\n<li><strong>Eina d&#8217;identificaci\u00f3 digital:<\/strong>\u00a0\u00c9s m\u00e9s segur que quan facis el tr\u00e0mit (el pare, la mare o el tutor o tutora que faci el tr\u00e0mit) tinguis una eina d&#8217;identificaci\u00f3 digital. Et recomanem l&#8217;<a title=\"idCAT M\u00f2bil\" href=\"https:\/\/web.gencat.cat\/ca\/tramits\/que-cal-fer-si\/Vull-identificar-me-digitalment\/idcat-mobil\/\" target=\"_blank\" rel=\"noopener\">idCAT M\u00f2bil<\/a>\u00a0per la seva facilitat d&#8217;obtenci\u00f3 i d&#8217;\u00fas. Pots utilitzar tamb\u00e9 qualsevol certificat digital i Cl@ve.<\/li>\n<li><strong>Codi identificador de l&#8217;alumne o l&#8217;alumna, RALC:<\/strong>\u00a0Quan les sol\u00b7licituds de preinscripci\u00f3 es fan electr\u00f2nicament cal tenir preparat el\u00a0<strong>codi identificador de l&#8217;alumne o l&#8217;alumna<\/strong>. Aquest codi es pot consultar en aquest <a href=\"https:\/\/educacio.gencat.cat\/ca\/tramits\/tramits-temes\/identificador-alumne\" target=\"_blank\" rel=\"noopener\">enlla\u00e7: Consulta de l&#8217;identificador de l&#8217;alumne<\/a>. Per fer la consulta i obtenir el n\u00famero d&#8217;identificador, el pare, la mare o el tutor o la tutora legal que faci el tr\u00e0mit s&#8217;ha d&#8217;autenticar electr\u00f2nicament. El portal sol\u00b7licita la <strong>data de naixement de l&#8217;alumne<\/strong>\u00a0i, un cop validada, mostra la informaci\u00f3 en pantalla.\u00a0<strong>\u00c9s important<\/strong>\u00a0verificar tamb\u00e9 que tota la informaci\u00f3 que hi apareix \u00e9s correcta. En cas contrari, cal sol\u00b7licitar una rectificaci\u00f3 de les dades.<\/li>\n<li><strong>Formaci\u00f3 professional:<\/strong>\u00a0necessitar\u00e0s el codi dels ensenyaments que vulguis incloure a la sol\u00b7licitud; el pots consultar a la fitxa de cada ensenyament que trobar\u00e0s a la <a href=\"https:\/\/triaeducativa.gencat.cat\/ca\/fp\/index.html\" target=\"_blank\" rel=\"noopener\">web Tria educativa<\/a>.<\/li>\n<\/ul>\n<h2>Documentaci\u00f3 necess\u00e0ria per a tramitar la sol\u00b7licitud de preinscripci\u00f3<\/h2>\n<p>Consulta la informaci\u00f3 referent a la documentaci\u00f3 clicant <a href=\"https:\/\/preinscripcio.gencat.cat\/ca\/estudis\/fp-grau-superior\/informat\/prepara-documentacio\/\" target=\"_blank\" rel=\"noopener\">AQU\u00cd<\/a><\/p>\n<h2>Com es fa i com es presenta la sol\u00b7licitud de preinscripci\u00f3?<\/h2>\n<p>La preinscripci\u00f3 de formaci\u00f3 professional de grau mitj\u00e0 es pot fer en\u00a0<strong>format electr\u00f2nic\u00a0amb certificat digital<\/strong>\u00a0si la persona que fa el tr\u00e0mit t\u00e9 una eina d&#8217;identificaci\u00f3 digital, o en\u00a0<strong>format electr\u00f2nic\u00a0sense certificat digital<\/strong>\u00a0si no en disposa. Les dues opcions es poden fer des el mateix web de preinscripci\u00f3.<\/p>\n<p><strong>Oposici\u00f3 a la consulta de dades<\/strong><br \/>\nDeixa en blanc aquesta casella perqu\u00e8 l&#8217;Administraci\u00f3 consulti les dades d&#8217;identificaci\u00f3.<\/p>\n<p><strong>Declaraci\u00f3, si escau, de discapacitat<br \/>\n<\/strong>Assenyala aquesta casella per permetre al Departament consultar, si escau, el grau de discapacitat.<strong><br \/>\n<\/strong><\/p>\n<p><strong>Declaraci\u00f3 de dades certes i de responsabilitat<\/strong><br \/>\nAquesta casella cal marcar-la per comen\u00e7ar a emplenar el formulari.<\/p>\n<p><strong>Preinscripci\u00f3 en format electr\u00f2nic\u00a0amb certificat digital<\/strong><\/p>\n<ol>\n<li>Ves a l&#8217;apartat Preinscripci\u00f3 del web del Departament d&#8217;Educaci\u00f3 de la Generalitat de Catalunya i escull la sol\u00b7licitud electr\u00f2nica amb certificat digital. Per fer-ho necessitar\u00e0s una eina d&#8217;identificaci\u00f3 digital com el DNI electr\u00f2nic, la T-CAT, el sistema Cl@ve o l&#8217;idCAT M\u00f2bil.<\/li>\n<li>Introdueix el n\u00famero identificador de l&#8217;alumne, el RALC.<\/li>\n<li>Obre el formulari de preinscripci\u00f3 i omple totes les dades personals que se&#8217;t demanin.<\/li>\n<li>Indica l&#8217;ensenyament i curs per ordre de prefer\u00e8ncia.<\/li>\n<li>Adjunta tota la informaci\u00f3 que es requereixi (marcada en negreta) escanejada o fotografiada.<\/li>\n<li>Envia la sol\u00b7licitud de preinscripci\u00f3.<\/li>\n<\/ol>\n<p><strong>Preinscripci\u00f3 en format electr\u00f2nic\u00a0sense certificat digital<\/strong><\/p>\n<ol>\n<li>Ves a l&#8217;apartat Preinscripci\u00f3 del web del Departament d&#8217;Educaci\u00f3 de la Generalitat de Catalunya i escull la sol\u00b7licitud electr\u00f2nica sense certificat digital.<\/li>\n<li>Obre el formulari de preinscripci\u00f3 i omple totes les dades personals que se&#8217;t demanin.<\/li>\n<li>Indica el codi dels cicles als quals vols accedir. Trobar\u00e0s els codis a la pestanya Descripci\u00f3 de cada estudi.<\/li>\n<li>Indica l&#8217;ensenyament i curs per ordre de prefer\u00e8ncia.<\/li>\n<li>Adjunta tota la informaci\u00f3\u00a0que es requereixi (marcada en negreta) escanejada o fotografiada.<\/li>\n<li>Envia la sol\u00b7licitud de preinscripci\u00f3.<\/li>\n<\/ol>\n<p>Un cop enviada la sol\u00b7licitud de preinscripci\u00f3 rebr\u00e0s un\u00a0<strong>resguard per correu electr\u00f2nic<\/strong>. No cal que presentis f\u00edsicament la preinscripci\u00f3 al centre.<\/p>\n<p><strong>Recorda: Nom\u00e9s es pot presentar una sol\u00b7licitud de preinscripci\u00f3 per alumne o alumna.<\/strong><\/p>\n","protected":false},"excerpt":{"rendered":"<p><a href=\"https:\/\/preinscripcio.gencat.cat\/ca\/inici\/\" target=\"_blank\" rel=\"noopener\">Web oficial Preinscripci\u00f3 curs 2026-2027<\/a><br \/>\nClica damunt l&#8217;ensenyament que t&#8217;interessa per consultar el Calendari de Preinscripci\u00f3 i Matr\u00edcula<br \/>\n<a href=\"https:\/\/agora.xtec.cat\/iesbde\/secretaria\/preinscripcio-matricula\/eso-calendari\/\"><\/a>\u00a0 <a href=\"https:\/\/agora.xtec.cat\/iesbde\/secretaria\/preinscripcio-matricula\/batx-preinscripcio-i-matricula\/\"> \u00a0<\/a> <a href=\"https:\/\/agora.xtec.cat\/iesbde\/secretaria\/preinscripcio-matricula\/cfgm-preinscripcio-i-matricula\/\"><\/a> \u00a0 <a href=\"https:\/\/agora.xtec.cat\/iesbde\/secretaria\/preinscripcio-matricula\/cfgs-preinscripcio-i-matricula\/\"> \u00a0 <\/a><a href=\"https:\/\/agora.xtec.cat\/iesbde\/secretaria\/preinscripcio-matricula\/pfi-preinscripcio-i-matricula-2025-2026\/\"><\/a><\/p>\n<p>La sol\u00b7licitud de <a href=\"https:\/\/preinscripcio.gencat.cat\/ca\/inici\/\" target=\"_blank\" rel=\"noopener\">Preinscripci\u00f3 per tots els ensenyaments<\/a> es presenta de&hellip;  <a href=\"https:\/\/agora.xtec.cat\/iesbde\/secretaria\/preinscripcio-matricula\/\" title=\"Read Preinscripci\u00f3 &#8211; Matr\u00edcula\">Llegeix m\u00e9s\u00bb<\/a><\/p>\n","protected":false},"author":117,"featured_media":0,"parent":81,"menu_order":2,"comment_status":"closed","ping_status":"closed","template":"page-templates\/side-menu.php","meta":{"_bbp_topic_count":0,"_bbp_reply_count":0,"_bbp_total_topic_count":0,"_bbp_total_reply_count":0,"_bbp_voice_count":0,"_bbp_anonymous_reply_count":0,"_bbp_topic_count_hidden":0,"_bbp_reply_count_hidden":0,"_bbp_forum_subforum_count":0,"footnotes":""},"class_list":["post-10227","page","type-page","status-publish","hentry"],"post_mailing_queue_ids":[],"_links":{"self":[{"href":"https:\/\/agora.xtec.cat\/iesbde\/wp-json\/wp\/v2\/pages\/10227","targetHints":{"allow":["GET"]}}],"collection":[{"href":"https:\/\/agora.xtec.cat\/iesbde\/wp-json\/wp\/v2\/pages"}],"about":[{"href":"https:\/\/agora.xtec.cat\/iesbde\/wp-json\/wp\/v2\/types\/page"}],"author":[{"embeddable":true,"href":"https:\/\/agora.xtec.cat\/iesbde\/wp-json\/wp\/v2\/users\/117"}],"replies":[{"embeddable":true,"href":"https:\/\/agora.xtec.cat\/iesbde\/wp-json\/wp\/v2\/comments?post=10227"}],"version-history":[{"count":7,"href":"https:\/\/agora.xtec.cat\/iesbde\/wp-json\/wp\/v2\/pages\/10227\/revisions"}],"predecessor-version":[{"id":14047,"href":"https:\/\/agora.xtec.cat\/iesbde\/wp-json\/wp\/v2\/pages\/10227\/revisions\/14047"}],"up":[{"embeddable":true,"href":"https:\/\/agora.xtec.cat\/iesbde\/wp-json\/wp\/v2\/pages\/81"}],"wp:attachment":[{"href":"https:\/\/agora.xtec.cat\/iesbde\/wp-json\/wp\/v2\/media?parent=10227"}],"curies":[{"name":"wp","href":"https:\/\/api.w.org\/{rel}","templated":true}]}}