{"id":2743,"date":"2018-07-19T11:41:15","date_gmt":"2018-07-19T09:41:15","guid":{"rendered":"http:\/\/agora.xtec.cat\/iesbarribesos\/?page_id=2743"},"modified":"2021-09-10T12:40:57","modified_gmt":"2021-09-10T10:40:57","slug":"geovivencia","status":"publish","type":"page","link":"https:\/\/agora.xtec.cat\/iesbarribesos\/treball-per-projectes\/projectes-de-cursos-anteriors\/geovivencia\/","title":{"rendered":"Geoviv\u00e8ncia"},"content":{"rendered":"<p style=\"text-align: justify;\">Amb la metodologia utilitzada, metodologia del v\u00eddeo\u00a0participatiu,\u00a0l\u2019alumnat participant podr\u00e0 expressar-se lliurement i ser creatius. Amb les filmacions des dels m\u00f2bils propis els joves podran entrar en ecosistemes urbans on no hi podrien entrar amb una c\u00e0mera convencional, si m\u00e9s no sense que l&#8217;objecte d&#8217;estudi canvi\u00ef de\u00a0comportament.<\/p>\n<p>Podeu visualitzar-los tots <a href=\"https:\/\/agora.xtec.cat\/iesbarribesos\/video\/\">aqu\u00ed<\/a><\/p>\n<p>&nbsp;<\/p>\n<p><iframe loading=\"lazy\" title=\"geoviv\u00e8ncia 1: la renda diferencial\" width=\"500\" height=\"281\" src=\"https:\/\/www.youtube.com\/embed\/66IyUtmw1kY?list=UUjKQS7Mfyn5O1grVyYwwB8Q\" frameborder=\"0\" allow=\"accelerometer; autoplay; clipboard-write; encrypted-media; gyroscope; picture-in-picture; web-share\" referrerpolicy=\"strict-origin-when-cross-origin\" allowfullscreen><\/iframe><\/p>\n","protected":false},"excerpt":{"rendered":"<p>Amb la metodologia utilitzada, metodologia del v\u00eddeo\u00a0participatiu,\u00a0l\u2019alumnat participant podr\u00e0 expressar-se lliurement i ser creatius. Amb les filmacions des dels m\u00f2bils propis els joves podran entrar en ecosistemes urbans on no hi podrien entrar amb una c\u00e0mera convencional, si m\u00e9s no sense que l&#8217;objecte d&#8217;estudi canvi\u00ef&hellip;  <a href=\"https:\/\/agora.xtec.cat\/iesbarribesos\/treball-per-projectes\/projectes-de-cursos-anteriors\/geovivencia\/\" title=\"Read Geoviv\u00e8ncia\">Llegeix m\u00e9s\u00bb<\/a><\/p>\n","protected":false},"author":1,"featured_media":0,"parent":4324,"menu_order":60,"comment_status":"closed","ping_status":"closed","template":"page-templates\/side-menu.php","meta":{"_bbp_topic_count":0,"_bbp_reply_count":0,"_bbp_total_topic_count":0,"_bbp_total_reply_count":0,"_bbp_voice_count":0,"_bbp_anonymous_reply_count":0,"_bbp_topic_count_hidden":0,"_bbp_reply_count_hidden":0,"_bbp_forum_subforum_count":0,"footnotes":""},"class_list":["post-2743","page","type-page","status-publish","hentry"],"post_mailing_queue_ids":[],"_links":{"self":[{"href":"https:\/\/agora.xtec.cat\/iesbarribesos\/wp-json\/wp\/v2\/pages\/2743","targetHints":{"allow":["GET"]}}],"collection":[{"href":"https:\/\/agora.xtec.cat\/iesbarribesos\/wp-json\/wp\/v2\/pages"}],"about":[{"href":"https:\/\/agora.xtec.cat\/iesbarribesos\/wp-json\/wp\/v2\/types\/page"}],"author":[{"embeddable":true,"href":"https:\/\/agora.xtec.cat\/iesbarribesos\/wp-json\/wp\/v2\/users\/1"}],"replies":[{"embeddable":true,"href":"https:\/\/agora.xtec.cat\/iesbarribesos\/wp-json\/wp\/v2\/comments?post=2743"}],"version-history":[{"count":3,"href":"https:\/\/agora.xtec.cat\/iesbarribesos\/wp-json\/wp\/v2\/pages\/2743\/revisions"}],"predecessor-version":[{"id":2994,"href":"https:\/\/agora.xtec.cat\/iesbarribesos\/wp-json\/wp\/v2\/pages\/2743\/revisions\/2994"}],"up":[{"embeddable":true,"href":"https:\/\/agora.xtec.cat\/iesbarribesos\/wp-json\/wp\/v2\/pages\/4324"}],"wp:attachment":[{"href":"https:\/\/agora.xtec.cat\/iesbarribesos\/wp-json\/wp\/v2\/media?parent=2743"}],"curies":[{"name":"wp","href":"https:\/\/api.w.org\/{rel}","templated":true}]}}