{"id":970,"date":"2016-06-20T22:39:27","date_gmt":"2016-06-20T21:39:27","guid":{"rendered":"http:\/\/agora.xtec.cat\/iesbanus\/?page_id=970"},"modified":"2016-06-20T22:46:39","modified_gmt":"2016-06-20T21:46:39","slug":"els-nostres-viatges","status":"publish","type":"page","link":"https:\/\/agora.xtec.cat\/iesbanus\/serveis\/els-nostres-viatges\/","title":{"rendered":"Els nostres Viatges"},"content":{"rendered":"<p>El cr\u00e8dit de s\u00edntesi de primer a tercer\u00a0en la seva vessant esportiva\u00a0a donat lloc a les diferents Bansuquiades que conserven el seu Blog on podeu veure el transcurs d&#8217;aquestes i que serveixen com a mitja de comunicaci\u00f3 amb les fam\u00edlies mentre ens trobem a Andorra. Us adjuntem els enlla\u00e7os en les seves diverses edicions.<\/p>\n<h3><a href=\"http:\/\/banusquiada2016.blogspot.com\/\">Banusquiada2016<\/a><\/h3>\n<h3><a href=\"http:\/\/banusquiada2015.blogspot.com\/\">Banusquiada2015<\/a><\/h3>\n<h3><a href=\"http:\/\/banusquiada2014.blogspot.com\/\">Banusquiada2014<\/a><\/h3>\n<h3><a href=\"http:\/\/banusquiada2013.blogspot.com\/\">Banusquiada2013<\/a><\/h3>\n<h3><a href=\"http:\/\/banusquiada2012.blogspot.com\/\">BanuSquiada2012<\/a><\/h3>\n<p>En la mateixa setmana en que l&#8217;ESO realitza el cr\u00e8dit de s\u00edntesi els alumnes de batxillerat aprofiten per marxa alternativament a Londres o Dubl\u00edn per tal de millorar el seu coneixement de la\u00a0llengua anglesa.\u00a0Us adjuntem els enlla\u00e7os en les seves diverses edicions.<\/p>\n<h3><a href=\"http:\/\/triptolondon2016.blogspot.com\/\" target=\"_blank\">TriptoLondon2016<\/a><\/h3>\n<p>El final de l&#8217;etapa de l&#8217;ESO, darrera setmana de juny del curs en que els alumnes fan 4t d&#8217;ESO es fa una estada cultural a Roma com cloenda del curs i del coneixement de la nostra civilitzaci\u00f3.\u00a0Us adjuntem els enlla\u00e7os en les seves diverses edicions.<\/p>\n<h3><a href=\"http:\/\/deviatgearoma.blogspot.com\/\" target=\"_blank\">DeViatgeaRoma 2016<\/a><\/h3>\n<h3><a href=\"http:\/\/romanus2014.blogspot.com\/\">RoManus2014<\/a><\/h3>\n<p>Els\/les alumnes de franc\u00e9s realitzen un intercanvi amb uns instituts d&#8217;Elna.\u00a0Us adjuntem els enlla\u00e7os en les seves diverses edicions.<\/p>\n<h3><a href=\"http:\/\/banusfrance2015.blogspot.com\/\">BanusFrance2015<\/a><\/h3>\n<p>Moltes altres sortides de teatre o d&#8217;esports d&#8217;aventura tamb\u00e9 han creat \u00e0lbums diversos dels quals us facilitem els enlla\u00e7os per tal que prengueu nota de les activitats.<\/p>\n<h3><a href=\"http:\/\/banuventura2012.blogspot.com\/\">Banuventura2012<\/a><\/h3>\n<h3><a href=\"http:\/\/sintbanus2.blogspot.com\/\">SintBanus2<\/a><\/h3>\n","protected":false},"excerpt":{"rendered":"<p>El cr\u00e8dit de s\u00edntesi de primer a tercer\u00a0en la seva vessant esportiva\u00a0a donat lloc a les diferents Bansuquiades que conserven el seu Blog on podeu veure el transcurs d&#8217;aquestes i que serveixen com a mitja de comunicaci\u00f3 amb les fam\u00edlies mentre ens trobem a Andorra.&hellip;  <a href=\"https:\/\/agora.xtec.cat\/iesbanus\/serveis\/els-nostres-viatges\/\" title=\"Read Els nostres Viatges\">Llegeix m\u00e9s\u00bb<\/a><\/p>\n","protected":false},"author":1,"featured_media":0,"parent":63,"menu_order":30,"comment_status":"closed","ping_status":"closed","template":"page-templates\/side-menu.php","meta":{"_bbp_topic_count":0,"_bbp_reply_count":0,"_bbp_total_topic_count":0,"_bbp_total_reply_count":0,"_bbp_voice_count":0,"_bbp_anonymous_reply_count":0,"_bbp_topic_count_hidden":0,"_bbp_reply_count_hidden":0,"_bbp_forum_subforum_count":0,"footnotes":""},"class_list":["post-970","page","type-page","status-publish","hentry"],"post_mailing_queue_ids":[],"_links":{"self":[{"href":"https:\/\/agora.xtec.cat\/iesbanus\/wp-json\/wp\/v2\/pages\/970","targetHints":{"allow":["GET"]}}],"collection":[{"href":"https:\/\/agora.xtec.cat\/iesbanus\/wp-json\/wp\/v2\/pages"}],"about":[{"href":"https:\/\/agora.xtec.cat\/iesbanus\/wp-json\/wp\/v2\/types\/page"}],"author":[{"embeddable":true,"href":"https:\/\/agora.xtec.cat\/iesbanus\/wp-json\/wp\/v2\/users\/1"}],"replies":[{"embeddable":true,"href":"https:\/\/agora.xtec.cat\/iesbanus\/wp-json\/wp\/v2\/comments?post=970"}],"version-history":[{"count":3,"href":"https:\/\/agora.xtec.cat\/iesbanus\/wp-json\/wp\/v2\/pages\/970\/revisions"}],"predecessor-version":[{"id":973,"href":"https:\/\/agora.xtec.cat\/iesbanus\/wp-json\/wp\/v2\/pages\/970\/revisions\/973"}],"up":[{"embeddable":true,"href":"https:\/\/agora.xtec.cat\/iesbanus\/wp-json\/wp\/v2\/pages\/63"}],"wp:attachment":[{"href":"https:\/\/agora.xtec.cat\/iesbanus\/wp-json\/wp\/v2\/media?parent=970"}],"curies":[{"name":"wp","href":"https:\/\/api.w.org\/{rel}","templated":true}]}}