{"id":9,"date":"2014-09-12T10:15:01","date_gmt":"2014-09-12T10:15:01","guid":{"rendered":"http:\/\/agora.xtec.cat\/iesbanus\/?page_id=9"},"modified":"2026-04-24T12:02:23","modified_gmt":"2026-04-24T10:02:23","slug":"pagina-dinici-buida","status":"publish","type":"page","link":"https:\/\/agora.xtec.cat\/iesbanus\/","title":{"rendered":"Inici- Llista de sol\u00b7licituds amb puntuaci\u00f3 provisional (publicaci\u00f3 el 15\/04\/2026)Inici"},"content":{"rendered":"\n<figure class=\"wp-block-image\"><img loading=\"lazy\" decoding=\"async\" width=\"1900\" height=\"372\" src=\"https:\/\/agora.xtec.cat\/iesbanus\/wp-content\/uploads\/usu838\/2026\/02\/Preinscripcio_baners_Web_educacio__Preinscripcio_web_educacio_1900x372_3imatges.jpg\" alt=\"\" class=\"wp-image-5882\" srcset=\"https:\/\/agora.xtec.cat\/iesbanus\/wp-content\/uploads\/usu838\/2026\/02\/Preinscripcio_baners_Web_educacio__Preinscripcio_web_educacio_1900x372_3imatges.jpg 1900w, https:\/\/agora.xtec.cat\/iesbanus\/wp-content\/uploads\/usu838\/2026\/02\/Preinscripcio_baners_Web_educacio__Preinscripcio_web_educacio_1900x372_3imatges-300x59.jpg 300w, https:\/\/agora.xtec.cat\/iesbanus\/wp-content\/uploads\/usu838\/2026\/02\/Preinscripcio_baners_Web_educacio__Preinscripcio_web_educacio_1900x372_3imatges-1024x200.jpg 1024w, https:\/\/agora.xtec.cat\/iesbanus\/wp-content\/uploads\/usu838\/2026\/02\/Preinscripcio_baners_Web_educacio__Preinscripcio_web_educacio_1900x372_3imatges-768x150.jpg 768w, https:\/\/agora.xtec.cat\/iesbanus\/wp-content\/uploads\/usu838\/2026\/02\/Preinscripcio_baners_Web_educacio__Preinscripcio_web_educacio_1900x372_3imatges-1536x301.jpg 1536w\" sizes=\"auto, (max-width: 1900px) 100vw, 1900px\" \/><\/figure>\n\n\n<h1 style=\"text-align: center;\"><span style=\"color: #ff6600;\">Benvingudes i benvinguts a l&#8217;Institut Ban\u00fas<\/span><\/h1>\n<p>Podeu consultar la presentaci\u00f3 d&#8217;inici de curs a les fam\u00edlies aqu\u00ed: <a href=\"https:\/\/docs.google.com\/presentation\/d\/1OHyRERfrG0AV1lhsEG-xfWB-K1CKefT-L1kPugCK4Ic\/edit?usp=sharing\">Presentaci\u00f3 fam\u00edlies CURS 25-26<\/a><\/p>\n<div>\n<p>Podeu consultar el calendari anual, aix\u00ed com tots els festius i les vacances, al seg\u00fcent enlla\u00e7:<br \/><a href=\"https:\/\/agora.xtec.cat\/iesbanus\/linstitut\/calendari-del-curs\/\">CALENDARI CURS 25-26<\/a><\/p>\n<\/div>\n<div dir=\"ltr\">\n<div dir=\"auto\" style=\"text-align: center;\"><strong><em>&lt;&lt;Vine a con\u00e8ixer el que fem al Ban\u00fas: una comunitat educativa oberta i compromesa&gt;&gt;<\/em><\/strong><\/div>\n<\/div>\n<div dir=\"auto\">\u00a0<\/div>\n<div dir=\"auto\">Presentaci\u00f3 PORTES OBERTES <a href=\"https:\/\/drive.google.com\/file\/d\/1mXx7QLgKUO6fYlIkuMZP2Klis5x4lMpJ\/view?usp=sharing\"><strong><span style=\"text-decoration: underline;\">ESO<\/span><\/strong><\/a> curs 2026-27<\/div>\n<div dir=\"auto\">Presentaci\u00f3 PORTES OBERTES <a href=\"https:\/\/drive.google.com\/file\/d\/1P4R3IRuvML02hqBzvCpMgT2hrGlnlzCR\/view?usp=drive_link\"><strong><span style=\"text-decoration: underline;\">BATXILLERAT<\/span><\/strong><\/a> curs 2026-27<\/div>\n<div dir=\"ltr\">\n<div dir=\"auto\">\u00a0<\/div>\n<\/div>\n<h1 dir=\"auto\" style=\"text-align: center;\"><span style=\"color: #ff6600;\">Preinscripci\u00f3 Batxillerat curs 2026-2027<\/span><\/h1>\n<p>Us facilitem tota la informaci\u00f3 del\u00a0<strong>proc\u00e9s de preinscripci\u00f3 a batxillerat<\/strong>.<\/p>\n<p><strong>Dates per fer les sol\u00b7licituds:\u00a0<span style=\"color: #ff6600;\">del 9 al 16 d&#8217;abril<\/span><\/strong><\/p>\n<p><strong>Web de la preinscripci\u00f3<\/strong>\u00a0per fer la sol\u00b7licitud online:\u00a0<a href=\"https:\/\/preinscripcio.gencat.cat\/ca\/estudis\/batxillerat\/inici\/\" target=\"_blank\" rel=\"noopener\" data-saferedirecturl=\"https:\/\/www.google.com\/url?q=https:\/\/preinscripcio.gencat.cat\/ca\/estudis\/batxillerat\/inici\/&amp;source=gmail&amp;ust=1774714644379000&amp;usg=AOvVaw2XZqPK89g5elbrY9nnr_TA\">https:\/\/preinscripcio.<wbr \/>gencat.cat\/ca\/estudis\/<wbr \/>batxillerat\/inici\/<\/a><\/p>\n<p><strong>Horari d\u2019atenci\u00f3 telef\u00f2nica de la Secretaria de l\u2019Institut Ban\u00fas<\/strong>\u00a0per atendre consultes:\u00a0<strong>de dilluns a divendres de 10h a 12h<\/strong><\/p>\n<div>Fent clic a cada document podreu trobar una presentaci\u00f3 amb la\u00a0<a href=\"https:\/\/agora.xtec.cat\/iesbanus\/wp-content\/uploads\/usu838\/2026\/04\/Informacio-Banus-preinscripcio-BATXILLERAT-26-27.pdf\" target=\"_blank\" rel=\"noopener\"><strong>informaci\u00f3 de l\u2019Institut Ban\u00fas<\/strong><strong>\u00a0sobre la preinscripci\u00f3<\/strong><\/a>, la nostra\u00a0<a href=\"https:\/\/agora.xtec.cat\/iesbanus\/wp-content\/uploads\/usu838\/2026\/02\/02-Carta-de-compromis-educatiu-Banus-26-27.pdf\" target=\"_blank\" rel=\"noopener\"><strong>carta de comprom\u00eds educatiu per al curs 26-27<\/strong><\/a>\u00a0i el\u00a0<strong><a href=\"https:\/\/agora.xtec.cat\/iesbanus\/wp-content\/uploads\/usu838\/2026\/04\/NOU-26-27-TRIPTIC-BANUS-BTX-IMPRESSIO-DEFINITIVA.pdf\" target=\"_blank\" rel=\"noopener\">d\u00edptic de batxillerat presentant el Projecte Educatiu de l\u2019Institut Ban\u00fas<\/a>.<\/strong><\/div>\n<div>Tamb\u00e9 podeu consultar l\u2019<a href=\"https:\/\/agora.xtec.cat\/iesbanus\/wp-content\/uploads\/usu838\/2026\/04\/OFERTA_BATX_INICIAL.pdf\" target=\"_blank\" rel=\"noopener\"><strong>oferta inicial places BATX 26-27<\/strong><\/a><\/div>\n<div>\u00a0<\/div>\n<h1 dir=\"auto\" style=\"text-align: center;\"><span style=\"color: #ff6600;\">Preinscripci\u00f3 ESO curs 2026-2027<\/span><\/h1>\n<div dir=\"auto\">\u00a0<\/div>\n\n\n<p>Us facilitem tota la informaci\u00f3 del <strong>proc\u00e9s de preinscripci\u00f3 a l&#8217;ESO<\/strong>.<\/p>\n\n\n\n<p><strong>Dates per fer les sol\u00b7licituds: <span style=\"color: #ff6600;\">del 6 al 18 de mar\u00e7<\/span><\/strong><\/p>\n\n\n\n<p><strong>Web de la preinscripci\u00f3<\/strong> per fer la sol\u00b7licitud online: <strong><a href=\"https:\/\/preinscripcio.gencat.cat\/ca\/estudis\/eso\/inici\/\" target=\"_blank\" rel=\"noreferrer noopener\">https:\/\/preinscripcio.gencat.cat\/ca\/estudis\/eso\/inici\/<\/a><\/strong><\/p>\n\n\n\n<p><strong>Horari d&#8217;atenci\u00f3 telef\u00f2nica de la Secretaria de l&#8217;Institut Ban\u00fas<\/strong> per atendre consultes:&nbsp; &nbsp; &nbsp; &nbsp; &nbsp; &nbsp; &nbsp; &nbsp; &nbsp; <strong>&nbsp;de dilluns a divendres de 10h a 12h<\/strong><\/p>\n\n\n\n<p>Fent clic a cada document podreu trobar una presentaci\u00f3 amb la <a href=\"https:\/\/agora.xtec.cat\/iesbanus\/wp-content\/uploads\/usu838\/2026\/02\/Informacio-Banus-preinscripcio-ESO-26-27.pdf\" target=\"_blank\" rel=\"noreferrer noopener\"><strong>informaci\u00f3 de l&#8217;Institut Ban\u00fas<\/strong><\/a><strong>&nbsp;sobre la preinscripci\u00f3<\/strong>, la nostra&nbsp;<a href=\"https:\/\/agora.xtec.cat\/iesbanus\/wp-content\/uploads\/usu838\/2026\/02\/02-Carta-de-compromis-educatiu-Banus-26-27.pdf\" target=\"_blank\" rel=\"noreferrer noopener\"><strong>carta de comprom\u00eds educatiu per al curs 26-27<\/strong><\/a>&nbsp;i el&nbsp;<a href=\"https:\/\/agora.xtec.cat\/iesbanus\/wp-content\/uploads\/usu838\/2026\/02\/26-27-DIPTIC-PPOO-ESO-1.pdf\" target=\"_blank\" rel=\"noreferrer noopener\"><strong>d\u00edptic de l&#8217;ESO presentant el Projecte Educatiu de l&#8217;Institut Ban\u00fas<\/strong><\/a>.<\/p>\n\n\n\n<p>Tamb\u00e9 podeu consultar l&#8217;<strong><a href=\"https:\/\/drive.google.com\/file\/d\/1IGdoiI3z8IdtuO25PHLbMrHenqBfj4Ws\/view?usp=drivesdk\" target=\"_blank\" rel=\"noreferrer noopener\">oferta inicial places ESO 26-27<\/a><\/strong>.<\/p>\n\n\n\n<p><mark style=\"background-color:#000000\" class=\"has-inline-color has-white-color\"><strong>Informaci\u00f3 a les fam\u00edlies<\/strong><\/mark><\/p>\n\n\n\n<p>&#8211; <a href=\"https:\/\/agora.xtec.cat\/iesbanus\/wp-content\/uploads\/usu838\/2026\/04\/INFORME_PUNTUACIO_PROVISIONAL_-ESO.pdf\" target=\"_blank\" rel=\"noreferrer noopener\"><strong>Llista de sol\u00b7licituds amb puntuaci\u00f3 provisional<\/strong><\/a> (publicaci\u00f3 el 15\/04\/2026)<\/p>\n\n\n\n<p>per\u00edode de reclamacions online per la puntuaci\u00f3 provisional: del 15 al 20 d&#8217;abril.<\/p>\n\n\n\n<p>Podeu fer la consulta i reclamaci\u00f3 utilitzant els seg\u00fcent <a href=\"https:\/\/preinscripcio.gencat.cat\/ca\/estudis\/eso\/preinscriute\/seguiment-sollicitud\/llista-sollicituds-puntuacio\/\" target=\"_blank\" rel=\"noreferrer noopener\">LINK<\/a><\/p>\n\n\n\n<p>&#8211; <a href=\"https:\/\/agora.xtec.cat\/iesbanus\/wp-content\/uploads\/usu838\/2026\/04\/INFORME_PUNTUACIO_RECLAMACIONS_RESOLTES_ESO.pdf\" target=\"_blank\" rel=\"noreferrer noopener\"><strong>Llista de sol\u00b7licituds amb puntuaci\u00f3 despr\u00e9s de reclamacions<\/strong><\/a> (publicaci\u00f3 el 24\/04\/2026)<\/p>\n\n\n<p>\u00a0<\/p>\n<div>\u00a0<\/div>\n\n\n<figure class=\"wp-block-image is-resized\"><img loading=\"lazy\" decoding=\"async\" width=\"572\" height=\"448\" src=\"https:\/\/agora.xtec.cat\/iesbanus\/wp-content\/uploads\/usu838\/2026\/02\/Preinscripcio_baners_Web_educacio__Preinscripcio_web_educacio_555x431_PRIMARIA.jpg\" alt=\"\" class=\"wp-image-5883\" style=\"width:787px;height:auto\" srcset=\"https:\/\/agora.xtec.cat\/iesbanus\/wp-content\/uploads\/usu838\/2026\/02\/Preinscripcio_baners_Web_educacio__Preinscripcio_web_educacio_555x431_PRIMARIA.jpg 572w, https:\/\/agora.xtec.cat\/iesbanus\/wp-content\/uploads\/usu838\/2026\/02\/Preinscripcio_baners_Web_educacio__Preinscripcio_web_educacio_555x431_PRIMARIA-300x235.jpg 300w\" sizes=\"auto, (max-width: 572px) 100vw, 572px\" \/><\/figure>\n\n\n\n<p><\/p>\n","protected":false},"excerpt":{"rendered":"<p>Benvingudes i benvinguts a l&#8217;Institut Ban\u00fas<br \/>\nPodeu consultar la presentaci\u00f3 d&#8217;inici de curs a les fam\u00edlies aqu\u00ed: <a href=\"https:\/\/docs.google.com\/presentation\/d\/1OHyRERfrG0AV1lhsEG-xfWB-K1CKefT-L1kPugCK4Ic\/edit?usp=sharing\">Presentaci\u00f3 fam\u00edlies CURS 25-26<\/a><\/p>\n<p>Podeu consultar el calendari anual, aix\u00ed com tots els festius i les vacances, al seg\u00fcent enlla\u00e7:<a href=\"https:\/\/agora.xtec.cat\/iesbanus\/linstitut\/calendari-del-curs\/\">CALENDARI CURS 25-26<\/a><\/p>\n<p>&lt;&lt;Vine a con\u00e8ixer el que fem al&hellip;  <a href=\"https:\/\/agora.xtec.cat\/iesbanus\/\" title=\"Read Inici- Llista de sol\u00b7licituds amb puntuaci\u00f3 provisional (publicaci\u00f3 el 15\/04\/2026)Inici\">Llegeix m\u00e9s\u00bb<\/a><\/p>\n","protected":false},"author":1,"featured_media":0,"parent":7,"menu_order":0,"comment_status":"closed","ping_status":"closed","template":"page-templates\/front-page.php","meta":{"_bbp_topic_count":0,"_bbp_reply_count":0,"_bbp_total_topic_count":0,"_bbp_total_reply_count":0,"_bbp_voice_count":0,"_bbp_anonymous_reply_count":0,"_bbp_topic_count_hidden":0,"_bbp_reply_count_hidden":0,"_bbp_forum_subforum_count":0,"footnotes":""},"class_list":["post-9","page","type-page","status-publish","hentry"],"post_mailing_queue_ids":[],"_links":{"self":[{"href":"https:\/\/agora.xtec.cat\/iesbanus\/wp-json\/wp\/v2\/pages\/9","targetHints":{"allow":["GET"]}}],"collection":[{"href":"https:\/\/agora.xtec.cat\/iesbanus\/wp-json\/wp\/v2\/pages"}],"about":[{"href":"https:\/\/agora.xtec.cat\/iesbanus\/wp-json\/wp\/v2\/types\/page"}],"author":[{"embeddable":true,"href":"https:\/\/agora.xtec.cat\/iesbanus\/wp-json\/wp\/v2\/users\/1"}],"replies":[{"embeddable":true,"href":"https:\/\/agora.xtec.cat\/iesbanus\/wp-json\/wp\/v2\/comments?post=9"}],"version-history":[{"count":6,"href":"https:\/\/agora.xtec.cat\/iesbanus\/wp-json\/wp\/v2\/pages\/9\/revisions"}],"predecessor-version":[{"id":5938,"href":"https:\/\/agora.xtec.cat\/iesbanus\/wp-json\/wp\/v2\/pages\/9\/revisions\/5938"}],"up":[{"embeddable":true,"href":"https:\/\/agora.xtec.cat\/iesbanus\/wp-json\/wp\/v2\/pages\/7"}],"wp:attachment":[{"href":"https:\/\/agora.xtec.cat\/iesbanus\/wp-json\/wp\/v2\/media?parent=9"}],"curies":[{"name":"wp","href":"https:\/\/api.w.org\/{rel}","templated":true}]}}