{"id":866,"date":"2016-06-20T22:57:43","date_gmt":"2016-06-20T21:57:43","guid":{"rendered":"http:\/\/agora.xtec.cat\/iesbanus\/?page_id=866"},"modified":"2024-06-20T09:32:00","modified_gmt":"2024-06-20T07:32:00","slug":"beques","status":"publish","type":"page","link":"https:\/\/agora.xtec.cat\/iesbanus\/secretaria\/beques\/","title":{"rendered":"Beques"},"content":{"rendered":"<p style=\"text-align: justify;\">Les beques i la seva convocat\u00f2ria no depenen del centre per\u00f2 en general es fan arribar a aquells alumnes que tenen possibilitats de gaudir-ne. Tot i aix\u00ed cal estar atents als enlla\u00e7os per a con\u00e8ixer els calendaris en que es convoquen.<\/p>\n<ul>\n<li><a href=\"https:\/\/agora.xtec.cat\/iesbanus\/wp-content\/uploads\/usu838\/2024\/06\/06-BEQUES-ESCOLARS-info-1.pdf\" target=\"_blank\" rel=\"noopener\">Informaci\u00f3 beques escolars<\/a><\/li>\n<\/ul>\n","protected":false},"excerpt":{"rendered":"<p>Les beques i la seva convocat\u00f2ria no depenen del centre per\u00f2 en general es fan arribar a aquells alumnes que tenen possibilitats de gaudir-ne. Tot i aix\u00ed cal estar atents als enlla\u00e7os per a con\u00e8ixer els calendaris en que es convoquen.<\/p>\n<ul>\n<li><a href=\"https:\/\/agora.xtec.cat\/iesbanus\/wp-content\/uploads\/usu838\/2024\/06\/06-BEQUES-ESCOLARS-info-1.pdf\" target=\"_blank\" rel=\"noopener\">Informaci\u00f3 beques&hellip;  <a href=\"https:\/\/agora.xtec.cat\/iesbanus\/secretaria\/beques\/\" title=\"Read Beques\">Llegeix m\u00e9s\u00bb<\/a><br \/>\n","protected":false},"author":1,"featured_media":0,"parent":81,"menu_order":0,"comment_status":"closed","ping_status":"closed","template":"page-templates\/side-menu.php","meta":{"_bbp_topic_count":0,"_bbp_reply_count":0,"_bbp_total_topic_count":0,"_bbp_total_reply_count":0,"_bbp_voice_count":0,"_bbp_anonymous_reply_count":0,"_bbp_topic_count_hidden":0,"_bbp_reply_count_hidden":0,"_bbp_forum_subforum_count":0,"footnotes":""},"class_list":["post-866","page","type-page","status-publish","hentry"],"post_mailing_queue_ids":[],"_links":{"self":[{"href":"https:\/\/agora.xtec.cat\/iesbanus\/wp-json\/wp\/v2\/pages\/866","targetHints":{"allow":["GET"]}}],"collection":[{"href":"https:\/\/agora.xtec.cat\/iesbanus\/wp-json\/wp\/v2\/pages"}],"about":[{"href":"https:\/\/agora.xtec.cat\/iesbanus\/wp-json\/wp\/v2\/types\/page"}],"author":[{"embeddable":true,"href":"https:\/\/agora.xtec.cat\/iesbanus\/wp-json\/wp\/v2\/users\/1"}],"replies":[{"embeddable":true,"href":"https:\/\/agora.xtec.cat\/iesbanus\/wp-json\/wp\/v2\/comments?post=866"}],"version-history":[{"count":5,"href":"https:\/\/agora.xtec.cat\/iesbanus\/wp-json\/wp\/v2\/pages\/866\/revisions"}],"predecessor-version":[{"id":5446,"href":"https:\/\/agora.xtec.cat\/iesbanus\/wp-json\/wp\/v2\/pages\/866\/revisions\/5446"}],"up":[{"embeddable":true,"href":"https:\/\/agora.xtec.cat\/iesbanus\/wp-json\/wp\/v2\/pages\/81"}],"wp:attachment":[{"href":"https:\/\/agora.xtec.cat\/iesbanus\/wp-json\/wp\/v2\/media?parent=866"}],"curies":[{"name":"wp","href":"https:\/\/api.w.org\/{rel}","templated":true}]}}