{"id":75,"date":"2014-09-18T10:21:02","date_gmt":"2014-09-18T10:21:02","guid":{"rendered":"http:\/\/agora.xtec.cat\/iesbanus\/?page_id=75"},"modified":"2020-07-07T12:15:42","modified_gmt":"2020-07-07T10:15:42","slug":"activitats-extraescolars","status":"publish","type":"page","link":"https:\/\/agora.xtec.cat\/iesbanus\/serveis\/activitats-extraescolars\/","title":{"rendered":"Activitats extraescolars"},"content":{"rendered":"<p>&nbsp;<\/p>\n<h2 style=\"text-align: center;\">Durant el curs<\/h2>\n<p style=\"text-align: justify;\"><span style=\"color: #0000ff;\">En l&#8217;\u00e0mbit acad\u00e8mic<\/span> es permet als alumnes de batxillerat fer classes de rep\u00e0s a alumnes del centre al centre un dia o dos dies\u00a0a la setmana en que el centre roman obert a les tardes.<\/p>\n<p style=\"text-align: justify;\"><span style=\"color: #ff6600;\">En l&#8217;\u00e0mbit esportiu<\/span> les activitats extraescolars de l&#8217;institut Ban\u00fas s\u00f3n principalment les oferides per l&#8217;<a href=\"http:\/\/agora.xtec.cat\/iesbanus\/tag\/associacio-esportiva\/\" target=\"_blank\" rel=\"noopener noreferrer\">Associaci\u00f3 Esportiva Escolar<\/a> del nostre centre i que cada principi de curs s&#8217;obre la inscripci\u00f3 juntament amb la matr\u00edcula amb el seg\u00fcent <a href=\"https:\/\/agora.xtec.cat\/iesbanus\/wp-content\/uploads\/usu838\/2020\/06\/FullInscripcio_2021AEsportiva.pdf\">document<\/a>.<\/p>\n<p>Us presentem les activitats esportives per a mares, pares i alumnes que organitza l\u2019Associaci\u00f3 Esportiva Escolar i que t\u00e9 com objectiu dinamitzar a l\u2019alumnat de l\u2019Institut Ban\u00fas en la pr\u00e0ctica esportiva extraescolar. S\u2019emmarca dins del Pla Catal\u00e0 de l\u2019Esport Escolar.<\/p>\n<p><strong>Activitats per mares i pares, exalumnes i professorat.<\/strong><\/p>\n<ul>\n<li><strong>Workout Ban\u00fas Family<\/strong>:\u00a0una activitat que pret\u00e9n una millora de la vostra condici\u00f3 f\u00edsica a trav\u00e9s d\u2019activitats adaptades al vostre nivell i que es desenvolupin en un entorn natural (pista esportiva, parc, natura\u2026)<\/li>\n<\/ul>\n<p>&nbsp;<\/p>\n<p><strong>Activitats per alumnes<\/strong><\/p>\n<ul>\n<li><strong>Futbol Sala<\/strong><\/li>\n<li><strong>B\u00e0squet<\/strong><\/li>\n<li><strong>Korfball<\/strong><\/li>\n<li><strong>Voleibol<\/strong><\/li>\n<li><strong>Fitness<\/strong><\/li>\n<li><strong style=\"font-family: inherit; font-size: 1em;\">Dance (balls i coreografies)<\/strong><\/li>\n<li><strong style=\"font-family: inherit; font-size: 1em;\">Tennis Taula<\/strong><\/li>\n<li><strong style=\"font-family: inherit; font-size: 1em;\">Slalom en Cadira de Rodes<\/strong><\/li>\n<\/ul>\n<p>&nbsp;<\/p>\n<p><strong style=\"font-family: inherit; font-size: 1em;\">Altres activitats. Consultar les condicions als responsables de l\u2019activitat.<\/strong><\/p>\n<ul>\n<li><strong style=\"font-family: inherit; font-size: 1em;\">Gimn\u00e0stica R\u00edtmica<\/strong><\/li>\n<\/ul>\n<p class=\"m_8179698310437426964gmail-normalCxSpMiddle\">\u00a0 \u00a0 Esther Domingo: <u><a href=\"mailto:esterdombarrios@yahoo.es\" target=\"_blank\" rel=\"noopener noreferrer\">esterdombarrios@yahoo.es<\/a><\/u> tel. 667018667<\/p>\n<ul>\n<li><strong style=\"font-family: inherit; font-size: 1em;\">Tir amb Arc<\/strong><\/li>\n<\/ul>\n<p>Club Arquers de Cerdanyola, Juan Carlos, tel. 619214456<\/p>\n<p>&nbsp;<\/p>\n<p>Les activitats es duran a terme des del mes d&#8217;octubre al mes de maig.<\/p>\n<p><span style=\"font-family: inherit; font-size: 1em;\">Esperem que vulgueu participar en aquestes activitats i que si en teniu altres propostes ens les feu arribar.<\/span><\/p>\n<p>Podeu descarregar-vos el <a href=\"https:\/\/agora.xtec.cat\/iesbanus\/wp-content\/uploads\/usu838\/2020\/06\/FullInscripcio_2021AEsportiva.pdf\" target=\"_blank\" rel=\"noopener noreferrer\">formulari d&#8217;inscripci\u00f3.<\/a><\/p>\n<p>&nbsp;<\/p>\n<h2 style=\"text-align: center;\">Esquiada<\/h2>\n<p>A l&#8217;hivern s&#8217;organitza una jornada d&#8217;esqu\u00ed en un dels festius de lliure disposici\u00f3 per alumnes de 4t i batxillerat que despr\u00e9s de 3 anys ja tenen t\u00e8cnica i habilitat contrastada per esquiar al seu aire, m\u00e9s conegut com el <strong>PujaBaixa,\u00a0<\/strong>habitualment a La Masella el podreu recon\u00e8ixer pel seu m\u00edtic cartell i el seu preu competitiu.<\/p>\n<p><a href=\"http:\/\/agora.xtec.cat\/iesbanus\/wp-content\/uploads\/usu838\/2014\/09\/Esquiada-a-La-Masella-1-dia-2015.redimensionada-2.jpg\" rel=\"attachment wp-att-967\"><img loading=\"lazy\" decoding=\"async\" class=\"size-full wp-image-967 aligncenter\" src=\"http:\/\/agora.xtec.cat\/iesbanus\/wp-content\/uploads\/usu838\/2014\/09\/Esquiada-a-La-Masella-1-dia-2015.redimensionada-2.jpg\" alt=\"Esquiada a La Masella 1 dia 2015.redimensionada\" width=\"340\" height=\"240\" srcset=\"https:\/\/agora.xtec.cat\/iesbanus\/wp-content\/uploads\/usu838\/2014\/09\/Esquiada-a-La-Masella-1-dia-2015.redimensionada-2.jpg 340w, https:\/\/agora.xtec.cat\/iesbanus\/wp-content\/uploads\/usu838\/2014\/09\/Esquiada-a-La-Masella-1-dia-2015.redimensionada-2-300x212.jpg 300w\" sizes=\"auto, (max-width: 340px) 100vw, 340px\" \/><\/a><\/p>\n<h2 style=\"text-align: center;\">Al Juliol<\/h2>\n<p>Habitualment s&#8217;organitzen diversos campus en la darrera setmana de juny i primeres de juliol per alumnes que s&#8217;incorporen al centre en el proper curs.<\/p>\n<ul>\n<li><strong><a href=\"http:\/\/agora.xtec.cat\/iesbanus\/docs\/campus-destiu-2016\/?bp-attachment=Taller-impressi%C3%B3-3D-2016.pdf\" target=\"_blank\" rel=\"noopener noreferrer\">Esportiu<\/a><\/strong>. Portat a terme per antics alumnes del centre de reconeguda capacitat i que habitualment es troben cursant educaci\u00f3 f\u00edsica a la Universitat.<\/li>\n<li><a href=\"http:\/\/agora.xtec.cat\/iesbanus\/docs\/campus-destiu-2016\/?bp-attachment=Scratch-2016-1.pdf\" target=\"_blank\" rel=\"noopener noreferrer\"><strong>Rob\u00f2tica i <em>Scratch<\/em><\/strong><\/a>. Portat a terme a partir de l&#8217;any 2016 per part d&#8217;alumnat de batxillerat, s&#8217;inici\u00e0 al 2014, tracta sobre el conegut entorn de programaci\u00f3 <a href=\"http:\/\/scratch.mit.edu\" target=\"_blank\" rel=\"noopener noreferrer\">Scratch<\/a> desenvolupat pel <a href=\"http:\/\/web.mit.edu\/\" target=\"_blank\" rel=\"noopener noreferrer\">MIT<\/a>.<\/li>\n<li><strong><a href=\"http:\/\/agora.xtec.cat\/iesbanus\/docs\/campus-destiu-2016\/?bp-attachment=Taller-impressi%C3%B3-3D-2016.pdf\" target=\"_blank\" rel=\"noopener noreferrer\">Impressi\u00f3 3D<\/a><\/strong>. Com a novetat aquest any s&#8217;iniciar\u00e0 el taller d&#8217;impressi\u00f3 3D amb <a href=\"https:\/\/www.tinkercad.com\/\" target=\"_blank\" rel=\"noopener noreferrer\">TinkerCad.<\/a><\/li>\n<\/ul>\n","protected":false},"excerpt":{"rendered":"<p>&nbsp;<br \/>\nDurant el curs<br \/>\nEn l&#8217;\u00e0mbit acad\u00e8mic es permet als alumnes de batxillerat fer classes de rep\u00e0s a alumnes del centre al centre un dia o dos dies\u00a0a la setmana en que el centre roman obert a les tardes.<br \/>\nEn l&#8217;\u00e0mbit esportiu les activitats extraescolars de l&#8217;institut Ban\u00fas&hellip;  <a href=\"https:\/\/agora.xtec.cat\/iesbanus\/serveis\/activitats-extraescolars\/\" title=\"Read Activitats extraescolars\">Llegeix m\u00e9s\u00bb<\/a><\/p>\n","protected":false},"author":2,"featured_media":0,"parent":63,"menu_order":40,"comment_status":"closed","ping_status":"closed","template":"page-templates\/side-menu.php","meta":{"_bbp_topic_count":0,"_bbp_reply_count":0,"_bbp_total_topic_count":0,"_bbp_total_reply_count":0,"_bbp_voice_count":0,"_bbp_anonymous_reply_count":0,"_bbp_topic_count_hidden":0,"_bbp_reply_count_hidden":0,"_bbp_forum_subforum_count":0,"footnotes":""},"class_list":["post-75","page","type-page","status-publish","hentry"],"post_mailing_queue_ids":[],"_links":{"self":[{"href":"https:\/\/agora.xtec.cat\/iesbanus\/wp-json\/wp\/v2\/pages\/75","targetHints":{"allow":["GET"]}}],"collection":[{"href":"https:\/\/agora.xtec.cat\/iesbanus\/wp-json\/wp\/v2\/pages"}],"about":[{"href":"https:\/\/agora.xtec.cat\/iesbanus\/wp-json\/wp\/v2\/types\/page"}],"author":[{"embeddable":true,"href":"https:\/\/agora.xtec.cat\/iesbanus\/wp-json\/wp\/v2\/users\/2"}],"replies":[{"embeddable":true,"href":"https:\/\/agora.xtec.cat\/iesbanus\/wp-json\/wp\/v2\/comments?post=75"}],"version-history":[{"count":5,"href":"https:\/\/agora.xtec.cat\/iesbanus\/wp-json\/wp\/v2\/pages\/75\/revisions"}],"predecessor-version":[{"id":3772,"href":"https:\/\/agora.xtec.cat\/iesbanus\/wp-json\/wp\/v2\/pages\/75\/revisions\/3772"}],"up":[{"embeddable":true,"href":"https:\/\/agora.xtec.cat\/iesbanus\/wp-json\/wp\/v2\/pages\/63"}],"wp:attachment":[{"href":"https:\/\/agora.xtec.cat\/iesbanus\/wp-json\/wp\/v2\/media?parent=75"}],"curies":[{"name":"wp","href":"https:\/\/api.w.org\/{rel}","templated":true}]}}