{"id":65,"date":"2014-09-18T10:12:22","date_gmt":"2014-09-18T10:12:22","guid":{"rendered":"http:\/\/agora.xtec.cat\/iesbanus\/?page_id=65"},"modified":"2016-06-20T23:18:34","modified_gmt":"2016-06-20T22:18:34","slug":"serveis-digitals","status":"publish","type":"page","link":"https:\/\/agora.xtec.cat\/iesbanus\/serveis\/serveis-digitals\/","title":{"rendered":"Serveis digitals"},"content":{"rendered":"<p style=\"color: #444444;\">L\u2019oferta de\u00a0<strong>serveis\u00a0digitals<\/strong>\u00a0constitueix un element\u00a0molt important de l\u2019engranatge d\u2019un centre educatiu.<\/p>\n<p style=\"color: #444444;\">Els serveis que estan actualment en marxa s\u00f3n:<\/p>\n<ul>\n<li style=\"color: #444444;\"><strong>Moodle<\/strong>, tots els alumnes i professors en disposen, seguiu l&#8217;enlla\u00e7 a la p\u00e0gina principal.<\/li>\n<li style=\"color: #444444;\"><strong>ENSEBan\u00fas<\/strong> el programa de control de faltes, en breu es convertir\u00e0 en una App que ens permetr\u00e0 comunicar-vos qualsevol incid\u00e8ncia.<\/li>\n<li style=\"color: #444444;\"><strong>Correu del centre<\/strong>, tots els alumnes disposen d&#8217;un compte de correu en el format\u00a0<a href=\"mailto:joan.Smit@ibanus.cat\">joan.Smit@ibanus.cat<\/a>\u00a0amb tota la pot\u00e8ncia de <em>GoogleApps<\/em> pel sector educatiu. Si alguna fam\u00edlia volgu\u00e9s disposar de correu familiar feu la petici\u00f3 a secretaria, el correu tindr\u00e0 el format <a href=\"mailto:familia.Smit.lopez@ibanus.cat\">familia.Smit.lopez@ibanus.cat<\/a>.<\/li>\n<\/ul>\n<p>Mitjan\u00e7ant els calendaris de la p\u00e0gina <a href=\"http:\/\/www.ibanus.cat\">Web<\/a>, el compte de <a href=\"https:\/\/twitter.com\/InstitutBanus\">Twitter<\/a> o la subscripci\u00f3 a les p\u00e0gines del centre, us podreu mantenir informats en tot moment de les nostres activitats.<\/p>\n<p style=\"color: #444444;\">En breu posarem en funcionament la\u00a0<strong>xarxa Nodes<\/strong>, aquest pot ser un bon lloc per referenciar els\u00a0principals grups i activitats que s\u2019hi duen a terme.<\/p>\n","protected":false},"excerpt":{"rendered":"<p>L\u2019oferta de\u00a0serveis\u00a0digitals\u00a0constitueix un element\u00a0molt important de l\u2019engranatge d\u2019un centre educatiu.<br \/>\nEls serveis que estan actualment en marxa s\u00f3n:<\/p>\n<ul>\n<li style=\"color: #444444;\">Moodle, tots els alumnes i professors en disposen, seguiu l&#8217;enlla\u00e7 a la p\u00e0gina principal.<\/li>\n<li style=\"color: #444444;\">ENSEBan\u00fas el programa de control de faltes, en breu es convertir\u00e0 en&hellip;  <a href=\"https:\/\/agora.xtec.cat\/iesbanus\/serveis\/serveis-digitals\/\" title=\"Read Serveis digitals\">Llegeix m\u00e9s\u00bb<\/a><br \/>\n","protected":false},"author":1,"featured_media":0,"parent":63,"menu_order":10,"comment_status":"closed","ping_status":"closed","template":"page-templates\/side-menu.php","meta":{"_bbp_topic_count":0,"_bbp_reply_count":0,"_bbp_total_topic_count":0,"_bbp_total_reply_count":0,"_bbp_voice_count":0,"_bbp_anonymous_reply_count":0,"_bbp_topic_count_hidden":0,"_bbp_reply_count_hidden":0,"_bbp_forum_subforum_count":0,"footnotes":""},"class_list":["post-65","page","type-page","status-publish","hentry"],"post_mailing_queue_ids":[],"_links":{"self":[{"href":"https:\/\/agora.xtec.cat\/iesbanus\/wp-json\/wp\/v2\/pages\/65","targetHints":{"allow":["GET"]}}],"collection":[{"href":"https:\/\/agora.xtec.cat\/iesbanus\/wp-json\/wp\/v2\/pages"}],"about":[{"href":"https:\/\/agora.xtec.cat\/iesbanus\/wp-json\/wp\/v2\/types\/page"}],"author":[{"embeddable":true,"href":"https:\/\/agora.xtec.cat\/iesbanus\/wp-json\/wp\/v2\/users\/1"}],"replies":[{"embeddable":true,"href":"https:\/\/agora.xtec.cat\/iesbanus\/wp-json\/wp\/v2\/comments?post=65"}],"version-history":[{"count":3,"href":"https:\/\/agora.xtec.cat\/iesbanus\/wp-json\/wp\/v2\/pages\/65\/revisions"}],"predecessor-version":[{"id":980,"href":"https:\/\/agora.xtec.cat\/iesbanus\/wp-json\/wp\/v2\/pages\/65\/revisions\/980"}],"up":[{"embeddable":true,"href":"https:\/\/agora.xtec.cat\/iesbanus\/wp-json\/wp\/v2\/pages\/63"}],"wp:attachment":[{"href":"https:\/\/agora.xtec.cat\/iesbanus\/wp-json\/wp\/v2\/media?parent=65"}],"curies":[{"name":"wp","href":"https:\/\/api.w.org\/{rel}","templated":true}]}}