{"id":602,"date":"2016-03-10T12:44:00","date_gmt":"2016-03-10T11:44:00","guid":{"rendered":"http:\/\/agora.xtec.cat\/iesbanus\/?page_id=602"},"modified":"2023-03-06T10:45:10","modified_gmt":"2023-03-06T09:45:10","slug":"linguistic","status":"publish","type":"page","link":"https:\/\/agora.xtec.cat\/iesbanus\/els-ambits\/linguistic\/","title":{"rendered":"Ling\u00fc\u00edstic"},"content":{"rendered":"<p>Departament de castell\u00e0: trobareu tota la informaci\u00f3 referent al departament en el seg\u00fcent enlla\u00e7.\u00a0<a href=\"https:\/\/castellanobanus.wordpress.com\/\">https:\/\/castellanobanus.wordpress.com\/<\/a><\/p>\n<div style=\"width: 640px;\" class=\"wp-video\"><!--[if lt IE 9]><script>document.createElement('video');<\/script><![endif]-->\n<video class=\"wp-video-shortcode\" id=\"video-602-1\" width=\"640\" height=\"320\" preload=\"metadata\" controls=\"controls\"><source type=\"video\/mp4\" src=\"https:\/\/agora.xtec.cat\/iesbanus\/wp-content\/uploads\/usu838\/2023\/03\/Untitled-1-Compressed-with-FlexClip-Compressed-with-FlexClip.mp4?_=1\" \/><a href=\"https:\/\/agora.xtec.cat\/iesbanus\/wp-content\/uploads\/usu838\/2023\/03\/Untitled-1-Compressed-with-FlexClip-Compressed-with-FlexClip.mp4\">https:\/\/agora.xtec.cat\/iesbanus\/wp-content\/uploads\/usu838\/2023\/03\/Untitled-1-Compressed-with-FlexClip-Compressed-with-FlexClip.mp4<\/a><\/video><\/div>\n","protected":false},"excerpt":{"rendered":"<p>Departament de castell\u00e0: trobareu tota la informaci\u00f3 referent al departament en el seg\u00fcent enlla\u00e7.\u00a0<a href=\"https:\/\/castellanobanus.wordpress.com\/\">https:\/\/castellanobanus.wordpress.com\/<\/a><br \/>\n<a href=\"https:\/\/agora.xtec.cat\/iesbanus\/wp-content\/uploads\/usu838\/2023\/03\/Untitled-1-Compressed-with-FlexClip-Compressed-with-FlexClip.mp4\">https:\/\/agora.xtec.cat\/iesbanus\/wp-content\/uploads\/usu838\/2023\/03\/Untitled-1-Compressed-with-FlexClip-Compressed-with-FlexClip.mp4<\/a><\/p>\n","protected":false},"author":4,"featured_media":0,"parent":399,"menu_order":60,"comment_status":"closed","ping_status":"closed","template":"","meta":{"_bbp_topic_count":0,"_bbp_reply_count":0,"_bbp_total_topic_count":0,"_bbp_total_reply_count":0,"_bbp_voice_count":0,"_bbp_anonymous_reply_count":0,"_bbp_topic_count_hidden":0,"_bbp_reply_count_hidden":0,"_bbp_forum_subforum_count":0,"footnotes":""},"class_list":["post-602","page","type-page","status-publish","hentry"],"post_mailing_queue_ids":[],"_links":{"self":[{"href":"https:\/\/agora.xtec.cat\/iesbanus\/wp-json\/wp\/v2\/pages\/602","targetHints":{"allow":["GET"]}}],"collection":[{"href":"https:\/\/agora.xtec.cat\/iesbanus\/wp-json\/wp\/v2\/pages"}],"about":[{"href":"https:\/\/agora.xtec.cat\/iesbanus\/wp-json\/wp\/v2\/types\/page"}],"author":[{"embeddable":true,"href":"https:\/\/agora.xtec.cat\/iesbanus\/wp-json\/wp\/v2\/users\/4"}],"replies":[{"embeddable":true,"href":"https:\/\/agora.xtec.cat\/iesbanus\/wp-json\/wp\/v2\/comments?post=602"}],"version-history":[{"count":3,"href":"https:\/\/agora.xtec.cat\/iesbanus\/wp-json\/wp\/v2\/pages\/602\/revisions"}],"predecessor-version":[{"id":5024,"href":"https:\/\/agora.xtec.cat\/iesbanus\/wp-json\/wp\/v2\/pages\/602\/revisions\/5024"}],"up":[{"embeddable":true,"href":"https:\/\/agora.xtec.cat\/iesbanus\/wp-json\/wp\/v2\/pages\/399"}],"wp:attachment":[{"href":"https:\/\/agora.xtec.cat\/iesbanus\/wp-json\/wp\/v2\/media?parent=602"}],"curies":[{"name":"wp","href":"https:\/\/api.w.org\/{rel}","templated":true}]}}