{"id":598,"date":"2016-03-10T12:43:00","date_gmt":"2016-03-10T11:43:00","guid":{"rendered":"http:\/\/agora.xtec.cat\/iesbanus\/?page_id=598"},"modified":"2018-11-14T22:02:54","modified_gmt":"2018-11-14T21:02:54","slug":"expressio","status":"publish","type":"page","link":"https:\/\/agora.xtec.cat\/iesbanus\/els-ambits\/expressio\/","title":{"rendered":"Expressi\u00f3"},"content":{"rendered":"<p><a href=\"http:\/\/agora.xtec.cat\/iesbanus\/wp-content\/uploads\/usu838\/2016\/10\/imatge-en-construcci\u00f3.png\"><img loading=\"lazy\" decoding=\"async\" class=\"alignnone size-full wp-image-1163\" src=\"http:\/\/agora.xtec.cat\/iesbanus\/wp-content\/uploads\/usu838\/2016\/10\/imatge-en-construcci\u00f3.png\" alt=\"imatge-en-construccio\" width=\"278\" height=\"182\" \/><\/a><\/p>\n<p>Aqu\u00ed podr\u00e0s veure totes les not\u00edcies i sortides d&#8217;<a href=\"https:\/\/agora.xtec.cat\/iesbanus\/projecte-educatiu\/els-ambits\/expressio\/educacio-visual-i-plastica\/\">Educaci\u00f3 Visual i Pl\u00e0stica<\/a><\/p>\n","protected":false},"excerpt":{"rendered":"<p><a href=\"http:\/\/agora.xtec.cat\/iesbanus\/wp-content\/uploads\/usu838\/2016\/10\/imatge-en-construcci\u00f3.png\"><\/a><br \/>\nAqu\u00ed podr\u00e0s veure totes les not\u00edcies i sortides d&#8217;<a href=\"https:\/\/agora.xtec.cat\/iesbanus\/projecte-educatiu\/els-ambits\/expressio\/educacio-visual-i-plastica\/\">Educaci\u00f3 Visual i Pl\u00e0stica<\/a><\/p>\n","protected":false},"author":4,"featured_media":0,"parent":399,"menu_order":40,"comment_status":"closed","ping_status":"closed","template":"","meta":{"_bbp_topic_count":0,"_bbp_reply_count":0,"_bbp_total_topic_count":0,"_bbp_total_reply_count":0,"_bbp_voice_count":0,"_bbp_anonymous_reply_count":0,"_bbp_topic_count_hidden":0,"_bbp_reply_count_hidden":0,"_bbp_forum_subforum_count":0,"footnotes":""},"class_list":["post-598","page","type-page","status-publish","hentry"],"post_mailing_queue_ids":[],"_links":{"self":[{"href":"https:\/\/agora.xtec.cat\/iesbanus\/wp-json\/wp\/v2\/pages\/598","targetHints":{"allow":["GET"]}}],"collection":[{"href":"https:\/\/agora.xtec.cat\/iesbanus\/wp-json\/wp\/v2\/pages"}],"about":[{"href":"https:\/\/agora.xtec.cat\/iesbanus\/wp-json\/wp\/v2\/types\/page"}],"author":[{"embeddable":true,"href":"https:\/\/agora.xtec.cat\/iesbanus\/wp-json\/wp\/v2\/users\/4"}],"replies":[{"embeddable":true,"href":"https:\/\/agora.xtec.cat\/iesbanus\/wp-json\/wp\/v2\/comments?post=598"}],"version-history":[{"count":2,"href":"https:\/\/agora.xtec.cat\/iesbanus\/wp-json\/wp\/v2\/pages\/598\/revisions"}],"predecessor-version":[{"id":2448,"href":"https:\/\/agora.xtec.cat\/iesbanus\/wp-json\/wp\/v2\/pages\/598\/revisions\/2448"}],"up":[{"embeddable":true,"href":"https:\/\/agora.xtec.cat\/iesbanus\/wp-json\/wp\/v2\/pages\/399"}],"wp:attachment":[{"href":"https:\/\/agora.xtec.cat\/iesbanus\/wp-json\/wp\/v2\/media?parent=598"}],"curies":[{"name":"wp","href":"https:\/\/api.w.org\/{rel}","templated":true}]}}