{"id":596,"date":"2016-03-10T12:42:27","date_gmt":"2016-03-10T11:42:27","guid":{"rendered":"http:\/\/agora.xtec.cat\/iesbanus\/?page_id=596"},"modified":"2021-03-17T16:19:20","modified_gmt":"2021-03-17T15:19:20","slug":"educacio-fisica","status":"publish","type":"page","link":"https:\/\/agora.xtec.cat\/iesbanus\/els-ambits\/educacio-fisica\/","title":{"rendered":"Educaci\u00f3 F\u00edsica"},"content":{"rendered":"<p><strong>Benvinguts a l&#8217;\u00e0mbit de l&#8217;Educaci\u00f3 F\u00edsica.<\/strong><\/p>\n<p><strong>\u201cEl principal objectiu \u00e9s <\/strong><strong>que l\u2019estudiant pugui <\/strong><strong>assolir h\u00e0bits saludables <\/strong><strong>per poder gaudir de <\/strong><strong>l\u2019activitat f\u00edsica durant <\/strong><strong>tota la vida\u201d<\/strong><\/p>\n<p>Aqu\u00ed podr\u00e0s veure totes les not\u00edcies i sortides de l&#8217;<a href=\"http:\/\/agora.xtec.cat\/iesbanus\/categoria\/ambits\/educaciofisica\/\">\u00c0mbit de l&#8217;Educaci\u00f3 F\u00edsica<\/a><\/p>\n<p>Aqu\u00ed pots seguir el projecte Erasmus + que liderem <a href=\"https:\/\/agora.xtec.cat\/iesbanus\/projecte-educatiu\/projecte-internacional\/erasmus-non-toxic-lifestyle\/\">&#8220;Non Toxic Lifestyle&#8221;<\/a><\/p>\n<p>Aqu\u00ed podr\u00e0s veure totes les not\u00edcies de l&#8217;<a href=\"http:\/\/agora.xtec.cat\/iesbanus\/tag\/associacio-esportiva\/\">Associaci\u00f3 Esportiva Escolar IES Ban\u00fas<\/a><\/p>\n<p>Aqu\u00ed pots veure les entrevistes als nostres <a href=\"https:\/\/agora.xtec.cat\/iesbanus\/tag\/raco_esportista\/\">alumnes destacats en l&#8217;esport<\/a><\/p>\n<p>Vols saber com treballem&#8230; mira aquest v\u00eddeo<\/p>\n<p><iframe loading=\"lazy\" title=\"PPOO 2122 Departament d EF\" width=\"500\" height=\"281\" src=\"https:\/\/www.youtube.com\/embed\/FOSwUtLd-o0?list=PLRBo8L9fqBe8V3dzF-B5r4vqV89FX07s6\" frameborder=\"0\" allow=\"accelerometer; autoplay; clipboard-write; encrypted-media; gyroscope; picture-in-picture; web-share\" referrerpolicy=\"strict-origin-when-cross-origin\" allowfullscreen><\/iframe><\/p>\n<p>&nbsp;<\/p>\n","protected":false},"excerpt":{"rendered":"<p>Benvinguts a l&#8217;\u00e0mbit de l&#8217;Educaci\u00f3 F\u00edsica.<br \/>\n\u201cEl principal objectiu \u00e9s que l\u2019estudiant pugui assolir h\u00e0bits saludables per poder gaudir de l\u2019activitat f\u00edsica durant tota la vida\u201d<br \/>\nAqu\u00ed podr\u00e0s veure totes les not\u00edcies i sortides de l&#8217;<a href=\"http:\/\/agora.xtec.cat\/iesbanus\/categoria\/ambits\/educaciofisica\/\">\u00c0mbit de l&#8217;Educaci\u00f3 F\u00edsica<\/a><br \/>\nAqu\u00ed pots seguir el projecte Erasmus + que&hellip;  <a href=\"https:\/\/agora.xtec.cat\/iesbanus\/els-ambits\/educacio-fisica\/\" title=\"Read Educaci\u00f3 F\u00edsica\">Llegeix m\u00e9s\u00bb<\/a><\/p>\n","protected":false},"author":4,"featured_media":0,"parent":399,"menu_order":30,"comment_status":"closed","ping_status":"closed","template":"","meta":{"_bbp_topic_count":0,"_bbp_reply_count":0,"_bbp_total_topic_count":0,"_bbp_total_reply_count":0,"_bbp_voice_count":0,"_bbp_anonymous_reply_count":0,"_bbp_topic_count_hidden":0,"_bbp_reply_count_hidden":0,"_bbp_forum_subforum_count":0,"footnotes":""},"class_list":["post-596","page","type-page","status-publish","hentry"],"post_mailing_queue_ids":[],"_links":{"self":[{"href":"https:\/\/agora.xtec.cat\/iesbanus\/wp-json\/wp\/v2\/pages\/596","targetHints":{"allow":["GET"]}}],"collection":[{"href":"https:\/\/agora.xtec.cat\/iesbanus\/wp-json\/wp\/v2\/pages"}],"about":[{"href":"https:\/\/agora.xtec.cat\/iesbanus\/wp-json\/wp\/v2\/types\/page"}],"author":[{"embeddable":true,"href":"https:\/\/agora.xtec.cat\/iesbanus\/wp-json\/wp\/v2\/users\/4"}],"replies":[{"embeddable":true,"href":"https:\/\/agora.xtec.cat\/iesbanus\/wp-json\/wp\/v2\/comments?post=596"}],"version-history":[{"count":4,"href":"https:\/\/agora.xtec.cat\/iesbanus\/wp-json\/wp\/v2\/pages\/596\/revisions"}],"predecessor-version":[{"id":4164,"href":"https:\/\/agora.xtec.cat\/iesbanus\/wp-json\/wp\/v2\/pages\/596\/revisions\/4164"}],"up":[{"embeddable":true,"href":"https:\/\/agora.xtec.cat\/iesbanus\/wp-json\/wp\/v2\/pages\/399"}],"wp:attachment":[{"href":"https:\/\/agora.xtec.cat\/iesbanus\/wp-json\/wp\/v2\/media?parent=596"}],"curies":[{"name":"wp","href":"https:\/\/api.w.org\/{rel}","templated":true}]}}