{"id":583,"date":"2016-03-09T19:04:09","date_gmt":"2016-03-09T18:04:09","guid":{"rendered":"http:\/\/agora.xtec.cat\/iesbanus\/?page_id=583"},"modified":"2024-08-05T08:48:20","modified_gmt":"2024-08-05T06:48:20","slug":"noticies","status":"publish","type":"page","link":"https:\/\/agora.xtec.cat\/iesbanus\/afa\/noticies\/","title":{"rendered":"Compartim?"},"content":{"rendered":"<p><em>En aquest espai compartirem informaci\u00f3 relacionada amb temes educatius que ens arriben a l&#8217;AFA. Si voleu ens podeu fer arribar informaci\u00f3 que considereu interessant per a les fam\u00edlies i alumnes i la publicarem.<\/em><\/p>\n<p>*************************************************************************************************************************************************************************************<\/p>\n<h5><span style=\"color: #800000;\">Casal de joves<\/span><strong><span style=\"color: #800000;\">: <\/span><a href=\"http:\/\/www.cerdanyola.cat\/joventut\">www.cerdanyola.cat\/joventut<\/a><\/strong><\/h5>\n<p>El Casal de Joves \u00e9s un <strong>espai participatiu<\/strong> on:<\/p>\n<ul>\n<li>Realitzen tallers i activitats per joves de 12 a 16 i de +17 anys.<\/li>\n<li>Ofereixen assessorament i orientaci\u00f3 formativa i laboral.<\/li>\n<li>Fan cessi\u00f3 de materials i espais.<\/li>\n<\/ul>\n<p>A m\u00e9s, si tens una iniciativa o una idea que t&#8217;agradaria portar a terme, al Casal et poden ajudar a donar-li una empenta! Ves-hi i explica&#8217;ls qu\u00e8 t&#8217;agradaria fer!<\/p>\n<div class=\"field field-name-field-horari field-type-text-long field-label-above\">\n<div class=\"field-label\">&#8211; Horari: Dilluns a Divendres de 10h a 14:30h i de 16h a 21:30h<\/div>\n<div class=\"field-label\">&#8211; Correu electr\u00f2nic: <a>joventut@cerdanyola.cat<\/a><\/div>\n<div>&#8211; Tel\u00e8fon:\u00a0<span class=\"linkicon__text\">935805869<\/span><\/div>\n<div><\/div>\n<\/div>\n<p>&nbsp;<\/p>\n<h5><strong><span style=\"color: #800000;\">Fam\u00edlia i escola<\/span>:<\/strong><\/h5>\n<p><strong><a href=\"http:\/\/familiaiescola.gencat.cat\/ca\/escolaritat\/participacio-compromis\/participacio-coresponsabilitzacio\/participacio-funcionament-centre\/ampa\/\">http:\/\/familiaiescola.gencat.cat\/ca\/escolaritat\/participacio-compromis\/participacio-coresponsabilitzacio\/participacio-funcionament-centre\/ampa\/<\/a><\/strong><\/p>\n<p>Web del Departament d&#8217;ensenyament que informa de qu\u00e8 \u00e9s un AMPA i els seu funcionament en els centres educatius.<\/p>\n<h5><\/h5>\n<h5><strong><span style=\"color: #993366;\"><span style=\"color: #800000;\">Tel\u00e8fon contra l&#8217;assetjament escolar: 900 018 018<\/span><\/span><\/strong><\/h5>\n<p>\u00c9s gratu\u00eft, no deixa rastre en la factura del tel\u00e8fon. Operatiu des de l&#8217;1 de novembre, les 24 hores del dia i els 365 dies de l\u2019any.<\/p>\n<p>El poden utilitzar els alumnes, pares, mares i tutors legals, professors, equips directius i personal dels centres docents, i en general qualsevol persona que tingui coneixement de casos de maltractaments o assetjament en l\u2019\u00e0mbit escolar, tant dins com fora del centre docent.\u00a0S\u2019inclouen tamb\u00e9 els casos de ciberassetjament, a trav\u00e9s d\u2019Internet, m\u00f2bils i xarxes socials.<\/p>\n","protected":false},"excerpt":{"rendered":"<p>En aquest espai compartirem informaci\u00f3 relacionada amb temes educatius que ens arriben a l&#8217;AFA. Si voleu ens podeu fer arribar informaci\u00f3 que considereu interessant per a les fam\u00edlies i alumnes i la publicarem.<br \/>\n*************************************************************************************************************************************************************************************<br \/>\nCasal de joves: <a href=\"http:\/\/www.cerdanyola.cat\/joventut\">www.cerdanyola.cat\/joventut<\/a><br \/>\nEl Casal de Joves \u00e9s un espai participatiu on:<\/p>\n<ul>\n<li>Realitzen&hellip;  <a href=\"https:\/\/agora.xtec.cat\/iesbanus\/afa\/noticies\/\" title=\"Read Compartim?\">Llegeix m\u00e9s\u00bb<\/a><br \/>\n","protected":false},"author":147,"featured_media":0,"parent":346,"menu_order":5,"comment_status":"closed","ping_status":"closed","template":"page-templates\/side-menu.php","meta":{"_bbp_topic_count":0,"_bbp_reply_count":0,"_bbp_total_topic_count":0,"_bbp_total_reply_count":0,"_bbp_voice_count":0,"_bbp_anonymous_reply_count":0,"_bbp_topic_count_hidden":0,"_bbp_reply_count_hidden":0,"_bbp_forum_subforum_count":0,"footnotes":""},"class_list":["post-583","page","type-page","status-publish","hentry"],"post_mailing_queue_ids":[],"_links":{"self":[{"href":"https:\/\/agora.xtec.cat\/iesbanus\/wp-json\/wp\/v2\/pages\/583","targetHints":{"allow":["GET"]}}],"collection":[{"href":"https:\/\/agora.xtec.cat\/iesbanus\/wp-json\/wp\/v2\/pages"}],"about":[{"href":"https:\/\/agora.xtec.cat\/iesbanus\/wp-json\/wp\/v2\/types\/page"}],"author":[{"embeddable":true,"href":"https:\/\/agora.xtec.cat\/iesbanus\/wp-json\/wp\/v2\/users\/147"}],"replies":[{"embeddable":true,"href":"https:\/\/agora.xtec.cat\/iesbanus\/wp-json\/wp\/v2\/comments?post=583"}],"version-history":[{"count":4,"href":"https:\/\/agora.xtec.cat\/iesbanus\/wp-json\/wp\/v2\/pages\/583\/revisions"}],"predecessor-version":[{"id":5465,"href":"https:\/\/agora.xtec.cat\/iesbanus\/wp-json\/wp\/v2\/pages\/583\/revisions\/5465"}],"up":[{"embeddable":true,"href":"https:\/\/agora.xtec.cat\/iesbanus\/wp-json\/wp\/v2\/pages\/346"}],"wp:attachment":[{"href":"https:\/\/agora.xtec.cat\/iesbanus\/wp-json\/wp\/v2\/media?parent=583"}],"curies":[{"name":"wp","href":"https:\/\/api.w.org\/{rel}","templated":true}]}}