{"id":549,"date":"2016-03-09T12:51:37","date_gmt":"2016-03-09T11:51:37","guid":{"rendered":"http:\/\/agora.xtec.cat\/iesbanus\/?page_id=549"},"modified":"2025-09-16T10:30:51","modified_gmt":"2025-09-16T08:30:51","slug":"4t-eso","status":"publish","type":"page","link":"https:\/\/agora.xtec.cat\/iesbanus\/estudis\/leso\/4t-eso\/","title":{"rendered":"4t ESO"},"content":{"rendered":"<p>A 4t d&#8217;ESO es presumeix que l&#8217;alumne t\u00e9 for\u00e7a definida la seva vocaci\u00f3 o interessos personals amb la qual cosa el nombre d&#8217;hores de les optatives s&#8217;incrementa fins a les 9h\/set. Les optatives venen definides pels curr\u00edculums oficials, malgrat aquestes poden ser adaptades d&#8217;acord amb el projecte educatiu de centre.<\/p>\n<p style=\"text-align: justify;\">Les mat\u00e8ries i la seva assignaci\u00f3 hor\u00e0ria per al proper curs \u00e9s la seg\u00fcent:<\/p>\n<table>\n<tbody>\n<tr>\n<td style=\"text-align: center;\">\n<h3>Mat\u00e8ria<\/h3>\n<\/td>\n<td style=\"text-align: center;\">\n<h3>Hores<\/h3>\n<\/td>\n<\/tr>\n<tr>\n<td>\n<h5>Llengua catalana i literatura<\/h5>\n<h5>Llengua castellana i literatura<\/h5>\n<h5>Angl\u00e8s<\/h5>\n<h5>Ci\u00e8ncies socials: geografia i hist\u00f2ria<\/h5>\n<h5>Matem\u00e0tiques<\/h5>\n<h5>Educaci\u00f3 f\u00edsica<\/h5>\n<h5>Cultura i valors \u00e8tics o Religi\u00f3<\/h5>\n<h5>Tutoria<\/h5>\n<h5>Optatives (en tres franges hor\u00e0ries)*<\/h5>\n<\/td>\n<td>\n<h5 style=\"text-align: right;\">3<\/h5>\n<h5 style=\"text-align: right;\">3<\/h5>\n<h5 style=\"text-align: right;\">4<\/h5>\n<h5 style=\"text-align: right;\">3<\/h5>\n<h5 style=\"text-align: right;\">4<\/h5>\n<h5 style=\"text-align: right;\">2<\/h5>\n<h5 style=\"text-align: right;\">1<\/h5>\n<h5 style=\"text-align: right;\">1<\/h5>\n<h5 style=\"text-align: right;\">9<\/h5>\n<\/td>\n<\/tr>\n<tr>\n<td>\n<h4>TOTAL<\/h4>\n<\/td>\n<td>\n<h4 style=\"text-align: right;\">30<\/h4>\n<\/td>\n<\/tr>\n<\/tbody>\n<\/table>\n<p>Moltes d&#8217;aquestes assignatures de 4t s\u00f3n una bona introducci\u00f3 de les mat\u00e8ries que podran trobar al batxillerat o b\u00e9 a alguns cicles formatius de grau mig.<\/p>\n<p>S&#8217;estableixen en tres franges hor\u00e0ries de manera que l&#8217;alumne haur\u00e0 d&#8217;escollir una optativa en cadascuna de les franges. Donada la distribuci\u00f3 de franges i la demanda habitual es procura distribuir tot l&#8217;alumnat d&#8217;acord amb les seves prefer\u00e8ncies, tot i aix\u00ed en alguns casos l&#8217;alumnat pot ser distribu\u00eft nom\u00e9s en aquelles optatives en les que hi ha vacants.<\/p>\n<p>Podeu consultar tota la informaci\u00f3 de les diferents optatives de 4t d\u2019ESO en aquest<strong> <a href=\"https:\/\/drive.google.com\/file\/d\/1mntnzr1LmBRLU_5uKWwBIi0aHuxmfafv\/view\" target=\"_blank\" rel=\"noopener\">enlla\u00e7<\/a><\/strong><b>.<\/b><\/p>\n","protected":false},"excerpt":{"rendered":"<p>A 4t d&#8217;ESO es presumeix que l&#8217;alumne t\u00e9 for\u00e7a definida la seva vocaci\u00f3 o interessos personals amb la qual cosa el nombre d&#8217;hores de les optatives s&#8217;incrementa fins a les 9h\/set. Les optatives venen definides pels curr\u00edculums oficials, malgrat aquestes poden ser adaptades d&#8217;acord amb&hellip;  <a href=\"https:\/\/agora.xtec.cat\/iesbanus\/estudis\/leso\/4t-eso\/\" title=\"Read 4t ESO\">Llegeix m\u00e9s\u00bb<\/a><\/p>\n","protected":false},"author":4,"featured_media":0,"parent":393,"menu_order":40,"comment_status":"closed","ping_status":"closed","template":"page-templates\/side-menu.php","meta":{"_bbp_topic_count":0,"_bbp_reply_count":0,"_bbp_total_topic_count":0,"_bbp_total_reply_count":0,"_bbp_voice_count":0,"_bbp_anonymous_reply_count":0,"_bbp_topic_count_hidden":0,"_bbp_reply_count_hidden":0,"_bbp_forum_subforum_count":0,"footnotes":""},"class_list":["post-549","page","type-page","status-publish","hentry"],"post_mailing_queue_ids":[],"_links":{"self":[{"href":"https:\/\/agora.xtec.cat\/iesbanus\/wp-json\/wp\/v2\/pages\/549","targetHints":{"allow":["GET"]}}],"collection":[{"href":"https:\/\/agora.xtec.cat\/iesbanus\/wp-json\/wp\/v2\/pages"}],"about":[{"href":"https:\/\/agora.xtec.cat\/iesbanus\/wp-json\/wp\/v2\/types\/page"}],"author":[{"embeddable":true,"href":"https:\/\/agora.xtec.cat\/iesbanus\/wp-json\/wp\/v2\/users\/4"}],"replies":[{"embeddable":true,"href":"https:\/\/agora.xtec.cat\/iesbanus\/wp-json\/wp\/v2\/comments?post=549"}],"version-history":[{"count":7,"href":"https:\/\/agora.xtec.cat\/iesbanus\/wp-json\/wp\/v2\/pages\/549\/revisions"}],"predecessor-version":[{"id":5786,"href":"https:\/\/agora.xtec.cat\/iesbanus\/wp-json\/wp\/v2\/pages\/549\/revisions\/5786"}],"up":[{"embeddable":true,"href":"https:\/\/agora.xtec.cat\/iesbanus\/wp-json\/wp\/v2\/pages\/393"}],"wp:attachment":[{"href":"https:\/\/agora.xtec.cat\/iesbanus\/wp-json\/wp\/v2\/media?parent=549"}],"curies":[{"name":"wp","href":"https:\/\/api.w.org\/{rel}","templated":true}]}}