{"id":547,"date":"2016-03-09T12:51:12","date_gmt":"2016-03-09T11:51:12","guid":{"rendered":"http:\/\/agora.xtec.cat\/iesbanus\/?page_id=547"},"modified":"2025-09-15T12:54:48","modified_gmt":"2025-09-15T10:54:48","slug":"3r-eso","status":"publish","type":"page","link":"https:\/\/agora.xtec.cat\/iesbanus\/estudis\/leso\/3r-eso\/","title":{"rendered":"3r ESO"},"content":{"rendered":"<p style=\"text-align: justify;\">Les mat\u00e8ries i la seva assignaci\u00f3 hor\u00e0ria per al proper curs \u00e9s la seg\u00fcent:<\/p>\n<table>\n<tbody>\n<tr>\n<td style=\"text-align: center;\">\n<h3>Mat\u00e8ria<\/h3>\n<\/td>\n<td style=\"text-align: center;\">\n<h3>Hores<\/h3>\n<\/td>\n<\/tr>\n<tr>\n<td>\n<h5>Llengua catalana i literatura<\/h5>\n<h5>Llengua castellana i literatura<\/h5>\n<h5>Angl\u00e8s<\/h5>\n<h5>Ci\u00e8ncies socials: geografia i hist\u00f2ria<\/h5>\n<h5>Ci\u00e8ncies de la naturalesa: biologia\u00a0i\u00a0geologia<\/h5>\n<h5>Ci\u00e8ncies de la naturalesa: f\u00edsica i qu\u00edmica<\/h5>\n<h5>Matem\u00e0tiques<\/h5>\n<h5>Educaci\u00f3 f\u00edsica<\/h5>\n<h5>Educaci\u00f3 visual i pl\u00e0stica<\/h5>\n<h5>Tecnologia<\/h5>\n<h5>Projecte de Filosofia o Religi\u00f3<\/h5>\n<h5>Tutoria<\/h5>\n<h5>Optatives*<\/h5>\n<\/td>\n<td>\n<h5 style=\"text-align: right;\">3<\/h5>\n<h5 style=\"text-align: right;\">3<\/h5>\n<h5 style=\"text-align: right;\">3<\/h5>\n<h5 style=\"text-align: right;\">3<\/h5>\n<h5 style=\"text-align: right;\">2<\/h5>\n<h5 style=\"text-align: right;\">2<\/h5>\n<h5 style=\"text-align: right;\">4<\/h5>\n<h5 style=\"text-align: right;\">2<\/h5>\n<h5 style=\"text-align: right;\">2<\/h5>\n<h5 style=\"text-align: right;\">2<\/h5>\n<h5 style=\"text-align: right;\">1<\/h5>\n<h5 style=\"text-align: right;\">1<\/h5>\n<h5 style=\"text-align: right;\">2<\/h5>\n<\/td>\n<\/tr>\n<tr>\n<td>\n<h4>TOTAL<\/h4>\n<\/td>\n<td>\n<h4 style=\"text-align: right;\">30<\/h4>\n<\/td>\n<\/tr>\n<\/tbody>\n<\/table>\n<p>*Les optatives s\u00f3n:<\/p>\n<div>&#8211;\u00a0Segona llengua estrangera, el\u00a0<b>Franc\u00e8s<\/b>* (2 hores): L\u2019alumnat apr\u00e8n a comunicar-se utilitzant les eines ling\u00fc\u00edstiques b\u00e0siques per poder descriure les seves activitats, les rutines, oci, gustos i introdu\u00efm el passat, insistint en la comunicaci\u00f3 oral, mitjan\u00e7ant exercicis clars que serveixin per posar les bases, fent el paral\u00b7lelisme amb les altres dues lleng\u00fces rom\u00e0niques que parlen.<\/div>\n<div><\/div>\n<div>&#8211;\u00a0<b>Emprenedoria\u00a0<\/b>(2 hores): Treballarem la introducci\u00f3 a la gesti\u00f3 d&#8217;empreses; l&#8217;estudi anal\u00edtic de les seves funcions i del car\u00e0cter de l&#8217;empresari, la gesti\u00f3 de la creativitat i la seva aplicaci\u00f3 en l&#8217;entorn de l&#8217;empresa. Veurem una breu introducci\u00f3 als conceptes m\u00e9s b\u00e0sics de l&#8217;economia.\u00a0La mat\u00e8ria es desenvolupa mitjan\u00e7ant l&#8217;aplicaci\u00f3 de casos pr\u00e0ctics i la simulaci\u00f3 de jocs.<\/div>\n<div><\/div>\n<div><i>* Aquesta opci\u00f3 nom\u00e9s \u00e9s recomanable si s&#8217;ha cursat l&#8217;idioma franc\u00e8s pr\u00e8viament, a cursos anteriors.<\/i><\/div>\n","protected":false},"excerpt":{"rendered":"<p>Les mat\u00e8ries i la seva assignaci\u00f3 hor\u00e0ria per al proper curs \u00e9s la seg\u00fcent:<\/p>\n<p>Mat\u00e8ria<\/p>\n<p>Hores<\/p>\n<p>Llengua catalana i literatura<br \/>\nLlengua castellana i literatura<br \/>\nAngl\u00e8s<br \/>\nCi\u00e8ncies socials: geografia i hist\u00f2ria<br \/>\nCi\u00e8ncies de la naturalesa: biologia\u00a0i\u00a0geologia<br \/>\nCi\u00e8ncies de la naturalesa: f\u00edsica i qu\u00edmica<br \/>\nMatem\u00e0tiques<br \/>\nEducaci\u00f3 f\u00edsica<br \/>\nEducaci\u00f3 visual i pl\u00e0stica<br \/>\nTecnologia<br \/>\nProjecte de Filosofia o Religi\u00f3<br \/>\nTutoria<br \/>\nOptatives*<\/p>\n<p>3<br \/>\n3<br \/>\n3<br \/>\n3<br \/>\n2<br \/>\n2<br \/>\n4<br \/>\n2<br \/>\n2<br \/>\n2<br \/>\n1<br \/>\n1<br \/>\n2<\/p>\n<p>TOTAL<\/p>\n<p>30<\/p>\n<p>*Les optatives s\u00f3n:<br \/>\n&#8211;\u00a0Segona llengua&hellip;  <a href=\"https:\/\/agora.xtec.cat\/iesbanus\/estudis\/leso\/3r-eso\/\" title=\"Read 3r ESO\">Llegeix m\u00e9s\u00bb<\/a><\/p>\n","protected":false},"author":4,"featured_media":0,"parent":393,"menu_order":30,"comment_status":"closed","ping_status":"closed","template":"page-templates\/side-menu.php","meta":{"_bbp_topic_count":0,"_bbp_reply_count":0,"_bbp_total_topic_count":0,"_bbp_total_reply_count":0,"_bbp_voice_count":0,"_bbp_anonymous_reply_count":0,"_bbp_topic_count_hidden":0,"_bbp_reply_count_hidden":0,"_bbp_forum_subforum_count":0,"footnotes":""},"class_list":["post-547","page","type-page","status-publish","hentry"],"post_mailing_queue_ids":[],"_links":{"self":[{"href":"https:\/\/agora.xtec.cat\/iesbanus\/wp-json\/wp\/v2\/pages\/547","targetHints":{"allow":["GET"]}}],"collection":[{"href":"https:\/\/agora.xtec.cat\/iesbanus\/wp-json\/wp\/v2\/pages"}],"about":[{"href":"https:\/\/agora.xtec.cat\/iesbanus\/wp-json\/wp\/v2\/types\/page"}],"author":[{"embeddable":true,"href":"https:\/\/agora.xtec.cat\/iesbanus\/wp-json\/wp\/v2\/users\/4"}],"replies":[{"embeddable":true,"href":"https:\/\/agora.xtec.cat\/iesbanus\/wp-json\/wp\/v2\/comments?post=547"}],"version-history":[{"count":6,"href":"https:\/\/agora.xtec.cat\/iesbanus\/wp-json\/wp\/v2\/pages\/547\/revisions"}],"predecessor-version":[{"id":5780,"href":"https:\/\/agora.xtec.cat\/iesbanus\/wp-json\/wp\/v2\/pages\/547\/revisions\/5780"}],"up":[{"embeddable":true,"href":"https:\/\/agora.xtec.cat\/iesbanus\/wp-json\/wp\/v2\/pages\/393"}],"wp:attachment":[{"href":"https:\/\/agora.xtec.cat\/iesbanus\/wp-json\/wp\/v2\/media?parent=547"}],"curies":[{"name":"wp","href":"https:\/\/api.w.org\/{rel}","templated":true}]}}