{"id":545,"date":"2016-03-09T12:50:51","date_gmt":"2016-03-09T11:50:51","guid":{"rendered":"http:\/\/agora.xtec.cat\/iesbanus\/?page_id=545"},"modified":"2025-09-15T12:53:36","modified_gmt":"2025-09-15T10:53:36","slug":"2n-eso","status":"publish","type":"page","link":"https:\/\/agora.xtec.cat\/iesbanus\/estudis\/leso\/2n-eso\/","title":{"rendered":"2n ESO"},"content":{"rendered":"<p style=\"text-align: justify;\">Les mat\u00e8ries i la seva assignaci\u00f3 hor\u00e0ria per al proper curs \u00e9s la seg\u00fcent:<\/p>\n<table>\n<tbody>\n<tr>\n<td style=\"text-align: center;\">\n<h3>Mat\u00e8ria<\/h3>\n<\/td>\n<td style=\"text-align: center;\">\n<h3>Hores<\/h3>\n<\/td>\n<\/tr>\n<tr>\n<td>\n<h5>Llengua catalana i literatura<\/h5>\n<h5>Llengua castellana i literatura<\/h5>\n<h5>Angl\u00e8s<\/h5>\n<h5>Ci\u00e8ncies socials: geografia i hist\u00f2ria<\/h5>\n<h5>Ci\u00e8ncies de la naturalesa: f\u00edsica i qu\u00edmica<\/h5>\n<h5>Matem\u00e0tiques<\/h5>\n<h5>Educaci\u00f3 f\u00edsica<\/h5>\n<h5>M\u00fasica<\/h5>\n<h5>Tecnologia<\/h5>\n<h5>Projecte de Filosofia o Religi\u00f3<\/h5>\n<h5>Tutoria<\/h5>\n<h5>Optatives*<\/h5>\n<\/td>\n<td>\n<h5 style=\"text-align: right;\">3<\/h5>\n<h5 style=\"text-align: right;\">3<\/h5>\n<h5 style=\"text-align: right;\">4<\/h5>\n<h5 style=\"text-align: right;\">3<\/h5>\n<h5 style=\"text-align: right;\">3<\/h5>\n<h5 style=\"text-align: right;\">4<\/h5>\n<h5 style=\"text-align: right;\">2<\/h5>\n<h5 style=\"text-align: right;\">2<\/h5>\n<h5 style=\"text-align: right;\">2<\/h5>\n<h5 style=\"text-align: right;\">1<\/h5>\n<h5 style=\"text-align: right;\">1<\/h5>\n<h5 style=\"text-align: right;\">2<\/h5>\n<\/td>\n<\/tr>\n<tr>\n<td>\n<h4>TOTAL<\/h4>\n<\/td>\n<td>\n<h4 style=\"text-align: right;\">30<\/h4>\n<\/td>\n<\/tr>\n<\/tbody>\n<\/table>\n<p>*Les optatives s\u00f3n:<\/p>\n<div>&#8211;\u00a0Segona llengua estrangera, el\u00a0<b>Franc\u00e8s<\/b>* (2 hores): L\u2019alumnat apr\u00e8n a comunicar-se utilitzant les eines ling\u00fc\u00edstiques b\u00e0siques per poder descriure les seves activitats, les rutines, oci, gustos i introdu\u00efm el passat, insistint en la comunicaci\u00f3 oral, mitjan\u00e7ant exercicis clars que serveixin per posar les bases, fent el paral\u00b7lelisme amb les altres dues lleng\u00fces rom\u00e0niques que parlen.<\/div>\n<div><\/div>\n<div>&#8211;\u00a0<b>Rob\u00f2tica<\/b>\u00a0(2 hores):<b>\u00a0<\/b>Treballarem amb la placa\u00a0<i>Micro:bit<\/i><b>,\u00a0<\/b>que\u00a0\u00e9s un petit dispositiu inform\u00e0tic programable, llan\u00e7at per la BBC l\u2019any 2015 amb l\u2019objectiu de facilitar i fer divertit l\u2019aprenentatge de la programaci\u00f3 i el control de dispositius f\u00edsics, com sensors i actuadors.<\/div>\n<div><\/div>\n<div><i>* Aquesta opci\u00f3 nom\u00e9s \u00e9s recomanable si s&#8217;ha cursat l&#8217;idioma franc\u00e8s pr\u00e8viament, a cursos anteriors.<\/i><\/div>\n","protected":false},"excerpt":{"rendered":"<p>Les mat\u00e8ries i la seva assignaci\u00f3 hor\u00e0ria per al proper curs \u00e9s la seg\u00fcent:<\/p>\n<p>Mat\u00e8ria<\/p>\n<p>Hores<\/p>\n<p>Llengua catalana i literatura<br \/>\nLlengua castellana i literatura<br \/>\nAngl\u00e8s<br \/>\nCi\u00e8ncies socials: geografia i hist\u00f2ria<br \/>\nCi\u00e8ncies de la naturalesa: f\u00edsica i qu\u00edmica<br \/>\nMatem\u00e0tiques<br \/>\nEducaci\u00f3 f\u00edsica<br \/>\nM\u00fasica<br \/>\nTecnologia<br \/>\nProjecte de Filosofia o Religi\u00f3<br \/>\nTutoria<br \/>\nOptatives*<\/p>\n<p>3<br \/>\n3<br \/>\n4<br \/>\n3<br \/>\n3<br \/>\n4<br \/>\n2<br \/>\n2<br \/>\n2<br \/>\n1<br \/>\n1<br \/>\n2<\/p>\n<p>TOTAL<\/p>\n<p>30<\/p>\n<p>*Les optatives s\u00f3n:<br \/>\n&#8211;\u00a0Segona llengua estrangera, el\u00a0Franc\u00e8s* (2 hores): L\u2019alumnat apr\u00e8n a&hellip;  <a href=\"https:\/\/agora.xtec.cat\/iesbanus\/estudis\/leso\/2n-eso\/\" title=\"Read 2n ESO\">Llegeix m\u00e9s\u00bb<\/a><\/p>\n","protected":false},"author":4,"featured_media":0,"parent":393,"menu_order":10,"comment_status":"closed","ping_status":"closed","template":"page-templates\/side-menu.php","meta":{"_bbp_topic_count":0,"_bbp_reply_count":0,"_bbp_total_topic_count":0,"_bbp_total_reply_count":0,"_bbp_voice_count":0,"_bbp_anonymous_reply_count":0,"_bbp_topic_count_hidden":0,"_bbp_reply_count_hidden":0,"_bbp_forum_subforum_count":0,"footnotes":""},"class_list":["post-545","page","type-page","status-publish","hentry"],"post_mailing_queue_ids":[],"_links":{"self":[{"href":"https:\/\/agora.xtec.cat\/iesbanus\/wp-json\/wp\/v2\/pages\/545","targetHints":{"allow":["GET"]}}],"collection":[{"href":"https:\/\/agora.xtec.cat\/iesbanus\/wp-json\/wp\/v2\/pages"}],"about":[{"href":"https:\/\/agora.xtec.cat\/iesbanus\/wp-json\/wp\/v2\/types\/page"}],"author":[{"embeddable":true,"href":"https:\/\/agora.xtec.cat\/iesbanus\/wp-json\/wp\/v2\/users\/4"}],"replies":[{"embeddable":true,"href":"https:\/\/agora.xtec.cat\/iesbanus\/wp-json\/wp\/v2\/comments?post=545"}],"version-history":[{"count":7,"href":"https:\/\/agora.xtec.cat\/iesbanus\/wp-json\/wp\/v2\/pages\/545\/revisions"}],"predecessor-version":[{"id":5779,"href":"https:\/\/agora.xtec.cat\/iesbanus\/wp-json\/wp\/v2\/pages\/545\/revisions\/5779"}],"up":[{"embeddable":true,"href":"https:\/\/agora.xtec.cat\/iesbanus\/wp-json\/wp\/v2\/pages\/393"}],"wp:attachment":[{"href":"https:\/\/agora.xtec.cat\/iesbanus\/wp-json\/wp\/v2\/media?parent=545"}],"curies":[{"name":"wp","href":"https:\/\/api.w.org\/{rel}","templated":true}]}}